{"id":1002,"date":"2020-03-30T13:56:31","date_gmt":"2020-03-30T13:56:31","guid":{"rendered":"https:\/\/www.herbertz1925.com\/?page_id=1002"},"modified":"2026-03-05T17:51:59","modified_gmt":"2026-03-05T16:51:59","slug":"schabermesser-schneidgeometrie","status":"publish","type":"page","link":"https:\/\/www.herbertz1925.com\/de\/schabermesser\/schabermesser-schneidgeometrie\/","title":{"rendered":"Schabermesser Schneidgeometrie"},"content":{"rendered":"\t\t<div data-elementor-type=\"wp-page\" data-elementor-id=\"1002\" class=\"elementor elementor-1002\" data-elementor-post-type=\"page\">\n\t\t\t\t\t\t<section class=\"elementor-section elementor-top-section elementor-element elementor-element-6ecb03a elementor-section-boxed elementor-section-height-default elementor-section-height-default\" data-id=\"6ecb03a\" data-element_type=\"section\" data-e-type=\"section\">\n\t\t\t\t\t\t<div class=\"elementor-container elementor-column-gap-default\">\n\t\t\t\t\t<div class=\"elementor-column elementor-col-100 elementor-top-column elementor-element elementor-element-63036ec\" data-id=\"63036ec\" data-element_type=\"column\" data-e-type=\"column\">\n\t\t\t<div class=\"elementor-widget-wrap elementor-element-populated\">\n\t\t\t\t\t\t<div class=\"elementor-element elementor-element-7b5abca elementor-widget elementor-widget-text-editor\" data-id=\"7b5abca\" data-element_type=\"widget\" data-e-type=\"widget\" data-widget_type=\"text-editor.default\">\n\t\t\t\t<div class=\"elementor-widget-container\">\n\t\t\t\t\t\t\t\t\t<h1>Die richtige Schneidgeometrie f\u00fcr Ihre Walzenschaber.<\/h1><p>Die Schneidgeometrie an einem Walzenschaber hat erhebliche Einfl\u00fcsse auf das Schnittverhalten des Messers. So beeinflusst man mit der Geometrie der Schneide nicht nur das Schabergebniss. Auch das Verhalten des abgeschabten Materials beim schaben wird dadurch beeinflusst.<\/p><p>Es gibt die verschiedensten Schneidgeometrien f\u00fcr jegliche Walzen.<\/p><p>Aufgrund unserer langj\u00e4hrigen Erfahrung k\u00f6nnen wir Ihnen helfen, die richtige Schneidgeometrie f\u00fcr Ihren Walzenschaber auszusuchen.<\/p><p>Wir empfehlen Ihnen immer die Geometrie, die Ihren Arbeitsgang optimiert. Gleichzeitig k\u00f6nnen wir mit der richtigen Schneidgeometrie die Standzeit Ihres Walzenschabers erh\u00f6hen.<\/p><p>Bei unseren Walzenschabern profitieren Sie von herausragenden Schabergebnissen bei gleichzeitig hoher Standzeit.<\/p><p>Gerne k\u00f6nnen Sie uns eine Anfrage \u00fcbermitteln. <\/p>\t\t\t\t\t\t\t\t<\/div>\n\t\t\t\t<\/div>\n\t\t\t\t\t<\/div>\n\t\t<\/div>\n\t\t\t\t\t<\/div>\n\t\t<\/section>\n\t\t\t\t<\/div>\n\t\t","protected":false},"excerpt":{"rendered":"<p>Die richtige Schneidgeometrie f\u00fcr Ihre Walzenschaber. Die Schneidgeometrie an einem Walzenschaber hat erhebliche Einfl\u00fcsse auf das Schnittverhalten des Messers. So beeinflusst man mit der Geometrie der Schneide nicht nur das Schabergebniss. Auch das Verhalten des abgeschabten Materials beim schaben wird dadurch beeinflusst. Es gibt die verschiedensten Schneidgeometrien f\u00fcr jegliche Walzen. Aufgrund unserer langj\u00e4hrigen Erfahrung k\u00f6nnen [&hellip;]<\/p>\n","protected":false},"author":1,"featured_media":0,"parent":22,"menu_order":10,"comment_status":"closed","ping_status":"closed","template":"","meta":{"footnotes":""},"class_list":["post-1002","page","type-page","status-publish","hentry"],"yoast_head":"<!-- This site is optimized with the Yoast SEO plugin v27.3 - https:\/\/yoast.com\/product\/yoast-seo-wordpress\/ -->\n<title>Schabermesser - Schneidgeometrien | Herbertz Messer<\/title>\n<meta name=\"description\" content=\"Schabermesser - Schneidgeometrien | Herbertz Walzenschaber k\u00f6nnen in einer Vielzahl an verschiedenen Schneidgeometrien hergestellt werden.\" \/>\n<meta name=\"robots\" content=\"index, follow, max-snippet:-1, max-image-preview:large, max-video-preview:-1\" \/>\n<link rel=\"canonical\" href=\"https:\/\/www.herbertz1925.com\/de\/schabermesser\/schabermesser-schneidgeometrie\/\" \/>\n<meta property=\"og:locale\" content=\"de_DE\" \/>\n<meta property=\"og:type\" content=\"article\" \/>\n<meta property=\"og:title\" content=\"Schabermesser - Schneidgeometrien | Herbertz Messer\" \/>\n<meta property=\"og:description\" content=\"Schabermesser - Schneidgeometrien | Herbertz Walzenschaber k\u00f6nnen in einer Vielzahl an verschiedenen Schneidgeometrien hergestellt werden.\" \/>\n<meta property=\"og:url\" content=\"https:\/\/www.herbertz1925.com\/de\/schabermesser\/schabermesser-schneidgeometrie\/\" \/>\n<meta property=\"og:site_name\" content=\"Herbertz Maschinenmesserfabrik\" \/>\n<meta property=\"article:modified_time\" content=\"2026-03-05T16:51:59+00:00\" \/>\n<meta property=\"og:image\" content=\"https:\/\/www.herbertz1925.com\/wp-content\/uploads\/2019\/02\/Luftbild-2019.jpg\" \/>\n\t<meta property=\"og:image:width\" content=\"1920\" \/>\n\t<meta property=\"og:image:height\" content=\"1440\" \/>\n\t<meta property=\"og:image:type\" content=\"image\/jpeg\" \/>\n<meta name=\"twitter:card\" content=\"summary_large_image\" \/>\n<meta name=\"twitter:label1\" content=\"Gesch\u00e4tzte Lesezeit\" \/>\n\t<meta name=\"twitter:data1\" content=\"1\u00a0Minute\" \/>\n<script type=\"application\/ld+json\" class=\"yoast-schema-graph\">{\"@context\":\"https:\\\/\\\/schema.org\",\"@graph\":[{\"@type\":\"WebPage\",\"@id\":\"https:\\\/\\\/www.herbertz1925.com\\\/de\\\/schabermesser\\\/schabermesser-schneidgeometrie\\\/\",\"url\":\"https:\\\/\\\/www.herbertz1925.com\\\/de\\\/schabermesser\\\/schabermesser-schneidgeometrie\\\/\",\"name\":\"Schabermesser - Schneidgeometrien | Herbertz Messer\",\"isPartOf\":{\"@id\":\"https:\\\/\\\/www.herbertz1925.com\\\/de\\\/#website\"},\"datePublished\":\"2020-03-30T13:56:31+00:00\",\"dateModified\":\"2026-03-05T16:51:59+00:00\",\"description\":\"Schabermesser - Schneidgeometrien | Herbertz Walzenschaber k\u00f6nnen in einer Vielzahl an verschiedenen Schneidgeometrien hergestellt werden.\",\"breadcrumb\":{\"@id\":\"https:\\\/\\\/www.herbertz1925.com\\\/de\\\/schabermesser\\\/schabermesser-schneidgeometrie\\\/#breadcrumb\"},\"inLanguage\":\"de\",\"potentialAction\":[{\"@type\":\"ReadAction\",\"target\":[\"https:\\\/\\\/www.herbertz1925.com\\\/de\\\/schabermesser\\\/schabermesser-schneidgeometrie\\\/\"]}]},{\"@type\":\"BreadcrumbList\",\"@id\":\"https:\\\/\\\/www.herbertz1925.com\\\/de\\\/schabermesser\\\/schabermesser-schneidgeometrie\\\/#breadcrumb\",\"itemListElement\":[{\"@type\":\"ListItem\",\"position\":1,\"name\":\"Home\",\"item\":\"https:\\\/\\\/www.herbertz1925.com\\\/de\\\/\"},{\"@type\":\"ListItem\",\"position\":2,\"name\":\"Schabermesser \\\/ Walzenschaber \\\/ Schaberklingen\",\"item\":\"https:\\\/\\\/www.herbertz1925.com\\\/de\\\/scraper-knives\\\/\"},{\"@type\":\"ListItem\",\"position\":3,\"name\":\"Schabermesser Schneidgeometrie\"}]},{\"@type\":\"WebSite\",\"@id\":\"https:\\\/\\\/www.herbertz1925.com\\\/de\\\/#website\",\"url\":\"https:\\\/\\\/www.herbertz1925.com\\\/de\\\/\",\"name\":\"Herbertz Maschinenmesserfabrik\",\"description\":\"Hochwertige Werkzeugst\u00e4hle f\u00fcr hochwertige Maschinenmesser\",\"publisher\":{\"@id\":\"https:\\\/\\\/www.herbertz1925.com\\\/de\\\/#organization\"},\"potentialAction\":[{\"@type\":\"SearchAction\",\"target\":{\"@type\":\"EntryPoint\",\"urlTemplate\":\"https:\\\/\\\/www.herbertz1925.com\\\/de\\\/?s={search_term_string}\"},\"query-input\":{\"@type\":\"PropertyValueSpecification\",\"valueRequired\":true,\"valueName\":\"search_term_string\"}}],\"inLanguage\":\"de\"},{\"@type\":\"Organization\",\"@id\":\"https:\\\/\\\/www.herbertz1925.com\\\/de\\\/#organization\",\"name\":\"Herbertz GmbH & Co. KG\",\"url\":\"https:\\\/\\\/www.herbertz1925.com\\\/de\\\/\",\"logo\":{\"@type\":\"ImageObject\",\"inLanguage\":\"de\",\"@id\":\"https:\\\/\\\/www.herbertz1925.com\\\/de\\\/#\\\/schema\\\/logo\\\/image\\\/\",\"url\":\"https:\\\/\\\/www.herbertz1925.com\\\/wp-content\\\/uploads\\\/2020\\\/03\\\/Logo-Herbertz-2020-1.png\",\"contentUrl\":\"https:\\\/\\\/www.herbertz1925.com\\\/wp-content\\\/uploads\\\/2020\\\/03\\\/Logo-Herbertz-2020-1.png\",\"width\":362,\"height\":196,\"caption\":\"Herbertz GmbH & Co. KG\"},\"image\":{\"@id\":\"https:\\\/\\\/www.herbertz1925.com\\\/de\\\/#\\\/schema\\\/logo\\\/image\\\/\"}}]}<\/script>\n<!-- \/ Yoast SEO plugin. -->","yoast_head_json":{"title":"Schabermesser - Schneidgeometrien | Herbertz Messer","description":"Schabermesser - Schneidgeometrien | Herbertz Walzenschaber k\u00f6nnen in einer Vielzahl an verschiedenen Schneidgeometrien hergestellt werden.","robots":{"index":"index","follow":"follow","max-snippet":"max-snippet:-1","max-image-preview":"max-image-preview:large","max-video-preview":"max-video-preview:-1"},"canonical":"https:\/\/www.herbertz1925.com\/de\/schabermesser\/schabermesser-schneidgeometrie\/","og_locale":"de_DE","og_type":"article","og_title":"Schabermesser - Schneidgeometrien | Herbertz Messer","og_description":"Schabermesser - Schneidgeometrien | Herbertz Walzenschaber k\u00f6nnen in einer Vielzahl an verschiedenen Schneidgeometrien hergestellt werden.","og_url":"https:\/\/www.herbertz1925.com\/de\/schabermesser\/schabermesser-schneidgeometrie\/","og_site_name":"Herbertz Maschinenmesserfabrik","article_modified_time":"2026-03-05T16:51:59+00:00","og_image":[{"width":1920,"height":1440,"url":"https:\/\/www.herbertz1925.com\/wp-content\/uploads\/2019\/02\/Luftbild-2019.jpg","type":"image\/jpeg"}],"twitter_card":"summary_large_image","twitter_misc":{"Gesch\u00e4tzte Lesezeit":"1\u00a0Minute"},"schema":{"@context":"https:\/\/schema.org","@graph":[{"@type":"WebPage","@id":"https:\/\/www.herbertz1925.com\/de\/schabermesser\/schabermesser-schneidgeometrie\/","url":"https:\/\/www.herbertz1925.com\/de\/schabermesser\/schabermesser-schneidgeometrie\/","name":"Schabermesser - Schneidgeometrien | Herbertz Messer","isPartOf":{"@id":"https:\/\/www.herbertz1925.com\/de\/#website"},"datePublished":"2020-03-30T13:56:31+00:00","dateModified":"2026-03-05T16:51:59+00:00","description":"Schabermesser - Schneidgeometrien | Herbertz Walzenschaber k\u00f6nnen in einer Vielzahl an verschiedenen Schneidgeometrien hergestellt werden.","breadcrumb":{"@id":"https:\/\/www.herbertz1925.com\/de\/schabermesser\/schabermesser-schneidgeometrie\/#breadcrumb"},"inLanguage":"de","potentialAction":[{"@type":"ReadAction","target":["https:\/\/www.herbertz1925.com\/de\/schabermesser\/schabermesser-schneidgeometrie\/"]}]},{"@type":"BreadcrumbList","@id":"https:\/\/www.herbertz1925.com\/de\/schabermesser\/schabermesser-schneidgeometrie\/#breadcrumb","itemListElement":[{"@type":"ListItem","position":1,"name":"Home","item":"https:\/\/www.herbertz1925.com\/de\/"},{"@type":"ListItem","position":2,"name":"Schabermesser \/ Walzenschaber \/ Schaberklingen","item":"https:\/\/www.herbertz1925.com\/de\/scraper-knives\/"},{"@type":"ListItem","position":3,"name":"Schabermesser Schneidgeometrie"}]},{"@type":"WebSite","@id":"https:\/\/www.herbertz1925.com\/de\/#website","url":"https:\/\/www.herbertz1925.com\/de\/","name":"Herbertz Maschinenmesserfabrik","description":"Hochwertige Werkzeugst\u00e4hle f\u00fcr hochwertige Maschinenmesser","publisher":{"@id":"https:\/\/www.herbertz1925.com\/de\/#organization"},"potentialAction":[{"@type":"SearchAction","target":{"@type":"EntryPoint","urlTemplate":"https:\/\/www.herbertz1925.com\/de\/?s={search_term_string}"},"query-input":{"@type":"PropertyValueSpecification","valueRequired":true,"valueName":"search_term_string"}}],"inLanguage":"de"},{"@type":"Organization","@id":"https:\/\/www.herbertz1925.com\/de\/#organization","name":"Herbertz GmbH & Co. KG","url":"https:\/\/www.herbertz1925.com\/de\/","logo":{"@type":"ImageObject","inLanguage":"de","@id":"https:\/\/www.herbertz1925.com\/de\/#\/schema\/logo\/image\/","url":"https:\/\/www.herbertz1925.com\/wp-content\/uploads\/2020\/03\/Logo-Herbertz-2020-1.png","contentUrl":"https:\/\/www.herbertz1925.com\/wp-content\/uploads\/2020\/03\/Logo-Herbertz-2020-1.png","width":362,"height":196,"caption":"Herbertz GmbH & Co. KG"},"image":{"@id":"https:\/\/www.herbertz1925.com\/de\/#\/schema\/logo\/image\/"}}]}},"_links":{"self":[{"href":"https:\/\/www.herbertz1925.com\/de\/wp-json\/wp\/v2\/pages\/1002","targetHints":{"allow":["GET"]}}],"collection":[{"href":"https:\/\/www.herbertz1925.com\/de\/wp-json\/wp\/v2\/pages"}],"about":[{"href":"https:\/\/www.herbertz1925.com\/de\/wp-json\/wp\/v2\/types\/page"}],"author":[{"embeddable":true,"href":"https:\/\/www.herbertz1925.com\/de\/wp-json\/wp\/v2\/users\/1"}],"replies":[{"embeddable":true,"href":"https:\/\/www.herbertz1925.com\/de\/wp-json\/wp\/v2\/comments?post=1002"}],"version-history":[{"count":8,"href":"https:\/\/www.herbertz1925.com\/de\/wp-json\/wp\/v2\/pages\/1002\/revisions"}],"predecessor-version":[{"id":10166,"href":"https:\/\/www.herbertz1925.com\/de\/wp-json\/wp\/v2\/pages\/1002\/revisions\/10166"}],"up":[{"embeddable":true,"href":"https:\/\/www.herbertz1925.com\/de\/wp-json\/wp\/v2\/pages\/22"}],"wp:attachment":[{"href":"https:\/\/www.herbertz1925.com\/de\/wp-json\/wp\/v2\/media?parent=1002"}],"curies":[{"name":"wp","href":"https:\/\/api.w.org\/{rel}","templated":true}]}}