{"id":1542,"date":"2020-04-02T08:49:09","date_gmt":"2020-04-02T08:49:09","guid":{"rendered":"https:\/\/www.herbertz1925.com\/?page_id=1542"},"modified":"2026-03-25T13:24:05","modified_gmt":"2026-03-25T12:24:05","slug":"schneidbuechsen-beispiele","status":"publish","type":"page","link":"https:\/\/www.herbertz1925.com\/de\/schneidbuechsen\/schneidbuechsen-beispiele\/","title":{"rendered":"Schneidb\u00fcchsen Beispiele"},"content":{"rendered":"\t\t<div data-elementor-type=\"wp-page\" data-elementor-id=\"1542\" class=\"elementor elementor-1542\" data-elementor-post-type=\"page\">\n\t\t\t\t<div class=\"elementor-element elementor-element-44242a4 stretch-width e-flex e-con-boxed e-con e-parent\" data-id=\"44242a4\" data-element_type=\"container\" data-e-type=\"container\" data-settings=\"{&quot;background_background&quot;:&quot;classic&quot;}\">\n\t\t\t\t\t<div class=\"e-con-inner\">\n\t\t\t\t<div class=\"elementor-element elementor-element-b292af4 elementor-widget elementor-widget-heading\" data-id=\"b292af4\" data-element_type=\"widget\" data-e-type=\"widget\" data-widget_type=\"heading.default\">\n\t\t\t\t<div class=\"elementor-widget-container\">\n\t\t\t\t\t<h2 class=\"elementor-heading-title elementor-size-default\">Schneidb\u00fcchsen<br>\nRollenschneidsysteme<\/h2>\t\t\t\t<\/div>\n\t\t\t\t<\/div>\n\t\t\t\t<div class=\"elementor-element elementor-element-fefe12d elementor-widget elementor-widget-text-editor\" data-id=\"fefe12d\" data-element_type=\"widget\" data-e-type=\"widget\" data-widget_type=\"text-editor.default\">\n\t\t\t\t<div class=\"elementor-widget-container\">\n\t\t\t\t\t\t\t\t\t<p>Schnelles, sauberes Schneiden von Folien, Kabeln, Papier, Kunststoff, Etiketten und Verpackungen \u2013 mit au\u00dfergew\u00f6hnlicher Langlebigkeit. Wenden Sie sich an unser Team, um die optimale L\u00f6sung f\u00fcr Ihre Maschinen zu finden.<\/p>\t\t\t\t\t\t\t\t<\/div>\n\t\t\t\t<\/div>\n\t\t\t\t\t<\/div>\n\t\t\t\t<\/div>\n\t\t<div class=\"elementor-element elementor-element-7c05dab e-flex e-con-boxed e-con e-parent\" data-id=\"7c05dab\" data-element_type=\"container\" data-e-type=\"container\">\n\t\t\t\t\t<div class=\"e-con-inner\">\n\t\t\t\t<div class=\"elementor-element elementor-element-d5f3d06 elementor-widget elementor-widget-heading\" data-id=\"d5f3d06\" data-element_type=\"widget\" data-e-type=\"widget\" data-widget_type=\"heading.default\">\n\t\t\t\t<div class=\"elementor-widget-container\">\n\t\t\t\t\t<h1 class=\"elementor-heading-title elementor-size-default\">Beispiele f\u00fcr Schneidb\u00fcchsen<\/h1>\t\t\t\t<\/div>\n\t\t\t\t<\/div>\n\t\t\t\t<div class=\"elementor-element elementor-element-e5da809 elementor-widget elementor-widget-gallery\" data-id=\"e5da809\" data-element_type=\"widget\" data-e-type=\"widget\" data-settings=\"{&quot;gallery_layout&quot;:&quot;justified&quot;,&quot;gap&quot;:{&quot;unit&quot;:&quot;px&quot;,&quot;size&quot;:15,&quot;sizes&quot;:[]},&quot;ideal_row_height&quot;:{&quot;unit&quot;:&quot;px&quot;,&quot;size&quot;:230,&quot;sizes&quot;:[]},&quot;lazyload&quot;:&quot;yes&quot;,&quot;ideal_row_height_tablet&quot;:{&quot;unit&quot;:&quot;px&quot;,&quot;size&quot;:150,&quot;sizes&quot;:[]},&quot;ideal_row_height_mobile&quot;:{&quot;unit&quot;:&quot;px&quot;,&quot;size&quot;:150,&quot;sizes&quot;:[]},&quot;gap_tablet&quot;:{&quot;unit&quot;:&quot;px&quot;,&quot;size&quot;:10,&quot;sizes&quot;:[]},&quot;gap_mobile&quot;:{&quot;unit&quot;:&quot;px&quot;,&quot;size&quot;:10,&quot;sizes&quot;:[]},&quot;link_to&quot;:&quot;file&quot;,&quot;overlay_background&quot;:&quot;yes&quot;,&quot;content_hover_animation&quot;:&quot;fade-in&quot;}\" data-widget_type=\"gallery.default\">\n\t\t\t\t<div class=\"elementor-widget-container\">\n\t\t\t\t\t\t\t<div class=\"elementor-gallery__container\">\n\t\t\t\t\t\t\t<a class=\"e-gallery-item elementor-gallery-item elementor-animated-content\" href=\"https:\/\/www.herbertz1925.com\/wp-content\/uploads\/2026\/03\/Grooved_Knife_Brushes_Cutting_bushes_Herbertz_5.jpg\" data-elementor-open-lightbox=\"yes\" data-elementor-lightbox-slideshow=\"e5da809\" data-elementor-lightbox-title=\"Grooved_Knife_Brushes_Cutting_bushes_Herbertz_5.jpg\" data-e-action-hash=\"#elementor-action%3Aaction%3Dlightbox%26settings%3DeyJpZCI6MTIxNTIsInVybCI6Imh0dHBzOlwvXC93d3cuaGVyYmVydHoxOTI1LmNvbVwvd3AtY29udGVudFwvdXBsb2Fkc1wvMjAyNlwvMDNcL0dyb292ZWRfS25pZmVfQnJ1c2hlc19DdXR0aW5nX2J1c2hlc19IZXJiZXJ0el81LmpwZyIsInNsaWRlc2hvdyI6ImU1ZGE4MDkifQ%3D%3D\">\n\t\t\t\t\t<div class=\"e-gallery-image elementor-gallery-item__image\" data-thumbnail=\"https:\/\/www.herbertz1925.com\/wp-content\/uploads\/2026\/03\/Grooved_Knife_Brushes_Cutting_bushes_Herbertz_5.jpg\" data-width=\"768\" data-height=\"1024\" aria-label=\"\" role=\"img\" ><\/div>\n\t\t\t\t\t\t\t\t\t\t\t<div class=\"elementor-gallery-item__overlay\"><\/div>\n\t\t\t\t\t\t\t\t\t\t\t\t\t\t<\/a>\n\t\t\t\t\t\t\t<a class=\"e-gallery-item elementor-gallery-item elementor-animated-content\" href=\"https:\/\/www.herbertz1925.com\/wp-content\/uploads\/2026\/03\/Grooved_Knife_Brushes_Cutting_bushes_Herbertz_6.jpg\" data-elementor-open-lightbox=\"yes\" data-elementor-lightbox-slideshow=\"e5da809\" data-elementor-lightbox-title=\"Grooved_Knife_Brushes_Cutting_bushes_Herbertz_6.jpg\" data-e-action-hash=\"#elementor-action%3Aaction%3Dlightbox%26settings%3DeyJpZCI6MTIxNTQsInVybCI6Imh0dHBzOlwvXC93d3cuaGVyYmVydHoxOTI1LmNvbVwvd3AtY29udGVudFwvdXBsb2Fkc1wvMjAyNlwvMDNcL0dyb292ZWRfS25pZmVfQnJ1c2hlc19DdXR0aW5nX2J1c2hlc19IZXJiZXJ0el82LmpwZyIsInNsaWRlc2hvdyI6ImU1ZGE4MDkifQ%3D%3D\">\n\t\t\t\t\t<div class=\"e-gallery-image elementor-gallery-item__image\" data-thumbnail=\"https:\/\/www.herbertz1925.com\/wp-content\/uploads\/2026\/03\/Grooved_Knife_Brushes_Cutting_bushes_Herbertz_6.jpg\" data-width=\"768\" data-height=\"1024\" aria-label=\"\" role=\"img\" ><\/div>\n\t\t\t\t\t\t\t\t\t\t\t<div class=\"elementor-gallery-item__overlay\"><\/div>\n\t\t\t\t\t\t\t\t\t\t\t\t\t\t<\/a>\n\t\t\t\t\t\t\t<a class=\"e-gallery-item elementor-gallery-item elementor-animated-content\" href=\"https:\/\/www.herbertz1925.com\/wp-content\/uploads\/2026\/03\/Grooved_Knife_Brushes_Cutting_bushes_Herbertz_3.jpg\" data-elementor-open-lightbox=\"yes\" data-elementor-lightbox-slideshow=\"e5da809\" data-elementor-lightbox-title=\"Grooved_Knife_Brushes_Cutting_bushes_Herbertz_3.jpg\" data-e-action-hash=\"#elementor-action%3Aaction%3Dlightbox%26settings%3DeyJpZCI6MTIxNTYsInVybCI6Imh0dHBzOlwvXC93d3cuaGVyYmVydHoxOTI1LmNvbVwvd3AtY29udGVudFwvdXBsb2Fkc1wvMjAyNlwvMDNcL0dyb292ZWRfS25pZmVfQnJ1c2hlc19DdXR0aW5nX2J1c2hlc19IZXJiZXJ0el8zLmpwZyIsInNsaWRlc2hvdyI6ImU1ZGE4MDkifQ%3D%3D\">\n\t\t\t\t\t<div class=\"e-gallery-image elementor-gallery-item__image\" data-thumbnail=\"https:\/\/www.herbertz1925.com\/wp-content\/uploads\/2026\/03\/Grooved_Knife_Brushes_Cutting_bushes_Herbertz_3.jpg\" data-width=\"768\" data-height=\"1024\" aria-label=\"\" role=\"img\" ><\/div>\n\t\t\t\t\t\t\t\t\t\t\t<div class=\"elementor-gallery-item__overlay\"><\/div>\n\t\t\t\t\t\t\t\t\t\t\t\t\t\t<\/a>\n\t\t\t\t\t\t\t<a class=\"e-gallery-item elementor-gallery-item elementor-animated-content\" href=\"https:\/\/www.herbertz1925.com\/wp-content\/uploads\/2026\/03\/Grooved_Knife_Brushes_Cutting_bushes_Herbertz_2.jpg\" data-elementor-open-lightbox=\"yes\" data-elementor-lightbox-slideshow=\"e5da809\" data-elementor-lightbox-title=\"Grooved_Knife_Brushes_Cutting_bushes_Herbertz_2.jpg\" data-e-action-hash=\"#elementor-action%3Aaction%3Dlightbox%26settings%3DeyJpZCI6MTIxNTgsInVybCI6Imh0dHBzOlwvXC93d3cuaGVyYmVydHoxOTI1LmNvbVwvd3AtY29udGVudFwvdXBsb2Fkc1wvMjAyNlwvMDNcL0dyb292ZWRfS25pZmVfQnJ1c2hlc19DdXR0aW5nX2J1c2hlc19IZXJiZXJ0el8yLmpwZyIsInNsaWRlc2hvdyI6ImU1ZGE4MDkifQ%3D%3D\">\n\t\t\t\t\t<div class=\"e-gallery-image elementor-gallery-item__image\" data-thumbnail=\"https:\/\/www.herbertz1925.com\/wp-content\/uploads\/2026\/03\/Grooved_Knife_Brushes_Cutting_bushes_Herbertz_2.jpg\" data-width=\"768\" data-height=\"1024\" aria-label=\"\" role=\"img\" ><\/div>\n\t\t\t\t\t\t\t\t\t\t\t<div class=\"elementor-gallery-item__overlay\"><\/div>\n\t\t\t\t\t\t\t\t\t\t\t\t\t\t<\/a>\n\t\t\t\t\t\t\t<a class=\"e-gallery-item elementor-gallery-item elementor-animated-content\" href=\"https:\/\/www.herbertz1925.com\/wp-content\/uploads\/2026\/03\/Grooved_Knife_Brushes_Cutting_bushes_Herbertz_1.jpg\" data-elementor-open-lightbox=\"yes\" data-elementor-lightbox-slideshow=\"e5da809\" data-elementor-lightbox-title=\"Grooved_Knife_Brushes_Cutting_bushes_Herbertz_1.jpg\" data-e-action-hash=\"#elementor-action%3Aaction%3Dlightbox%26settings%3DeyJpZCI6MTIxNjAsInVybCI6Imh0dHBzOlwvXC93d3cuaGVyYmVydHoxOTI1LmNvbVwvd3AtY29udGVudFwvdXBsb2Fkc1wvMjAyNlwvMDNcL0dyb292ZWRfS25pZmVfQnJ1c2hlc19DdXR0aW5nX2J1c2hlc19IZXJiZXJ0el8xLmpwZyIsInNsaWRlc2hvdyI6ImU1ZGE4MDkifQ%3D%3D\">\n\t\t\t\t\t<div class=\"e-gallery-image elementor-gallery-item__image\" data-thumbnail=\"https:\/\/www.herbertz1925.com\/wp-content\/uploads\/2026\/03\/Grooved_Knife_Brushes_Cutting_bushes_Herbertz_1-768x1012.jpg\" data-width=\"768\" data-height=\"1012\" aria-label=\"\" role=\"img\" ><\/div>\n\t\t\t\t\t\t\t\t\t\t\t<div class=\"elementor-gallery-item__overlay\"><\/div>\n\t\t\t\t\t\t\t\t\t\t\t\t\t\t<\/a>\n\t\t\t\t\t<\/div>\n\t\t\t\t\t<\/div>\n\t\t\t\t<\/div>\n\t\t\t\t\t<\/div>\n\t\t\t\t<\/div>\n\t\t\t\t<\/div>\n\t\t","protected":false},"excerpt":{"rendered":"<p>Schneidb\u00fcchsen Rollenschneidsysteme Schnelles, sauberes Schneiden von Folien, Kabeln, Papier, Kunststoff, Etiketten und Verpackungen \u2013 mit au\u00dfergew\u00f6hnlicher Langlebigkeit. Wenden Sie sich an unser Team, um die optimale L\u00f6sung f\u00fcr Ihre Maschinen zu finden. Beispiele f\u00fcr Schneidb\u00fcchsen<\/p>\n","protected":false},"author":1,"featured_media":0,"parent":542,"menu_order":50,"comment_status":"closed","ping_status":"closed","template":"","meta":{"footnotes":""},"class_list":["post-1542","page","type-page","status-publish","hentry"],"yoast_head":"<!-- This site is optimized with the Yoast SEO plugin v27.3 - https:\/\/yoast.com\/product\/yoast-seo-wordpress\/ -->\n<title>Schneidb\u00fcchsen Beispiele | Herbertz Messer<\/title>\n<meta name=\"description\" content=\"Schneidb\u00fcchsen Beispiele | Eine \u00dcbersicht mit Beispielen zu unseren Schneidb\u00fcchsen. Made in Germany in Top Qualit\u00e4t. Jetzt Online anfordern.\" \/>\n<meta name=\"robots\" content=\"index, follow, max-snippet:-1, max-image-preview:large, max-video-preview:-1\" \/>\n<link rel=\"canonical\" href=\"https:\/\/www.herbertz1925.com\/de\/schneidbuechsen\/schneidbuechsen-beispiele\/\" \/>\n<meta property=\"og:locale\" content=\"de_DE\" \/>\n<meta property=\"og:type\" content=\"article\" \/>\n<meta property=\"og:title\" content=\"Schneidb\u00fcchsen Beispiele | Herbertz Messer\" \/>\n<meta property=\"og:description\" content=\"Schneidb\u00fcchsen Beispiele | Eine \u00dcbersicht mit Beispielen zu unseren Schneidb\u00fcchsen. Made in Germany in Top Qualit\u00e4t. Jetzt Online anfordern.\" \/>\n<meta property=\"og:url\" content=\"https:\/\/www.herbertz1925.com\/de\/schneidbuechsen\/schneidbuechsen-beispiele\/\" \/>\n<meta property=\"og:site_name\" content=\"Herbertz Maschinenmesserfabrik\" \/>\n<meta property=\"article:modified_time\" content=\"2026-03-25T12:24:05+00:00\" \/>\n<meta property=\"og:image\" content=\"https:\/\/www.herbertz1925.com\/wp-content\/uploads\/2019\/02\/Luftbild-2019.jpg\" \/>\n\t<meta property=\"og:image:width\" content=\"1920\" \/>\n\t<meta property=\"og:image:height\" content=\"1440\" \/>\n\t<meta property=\"og:image:type\" content=\"image\/jpeg\" \/>\n<meta name=\"twitter:card\" content=\"summary_large_image\" \/>\n<meta name=\"twitter:label1\" content=\"Gesch\u00e4tzte Lesezeit\" \/>\n\t<meta name=\"twitter:data1\" content=\"1\u00a0Minute\" \/>\n<script type=\"application\/ld+json\" class=\"yoast-schema-graph\">{\"@context\":\"https:\\\/\\\/schema.org\",\"@graph\":[{\"@type\":\"WebPage\",\"@id\":\"https:\\\/\\\/www.herbertz1925.com\\\/de\\\/schneidbuechsen\\\/schneidbuechsen-beispiele\\\/\",\"url\":\"https:\\\/\\\/www.herbertz1925.com\\\/de\\\/schneidbuechsen\\\/schneidbuechsen-beispiele\\\/\",\"name\":\"Schneidb\u00fcchsen Beispiele | Herbertz Messer\",\"isPartOf\":{\"@id\":\"https:\\\/\\\/www.herbertz1925.com\\\/de\\\/#website\"},\"datePublished\":\"2020-04-02T08:49:09+00:00\",\"dateModified\":\"2026-03-25T12:24:05+00:00\",\"description\":\"Schneidb\u00fcchsen Beispiele | Eine \u00dcbersicht mit Beispielen zu unseren Schneidb\u00fcchsen. Made in Germany in Top Qualit\u00e4t. Jetzt Online anfordern.\",\"breadcrumb\":{\"@id\":\"https:\\\/\\\/www.herbertz1925.com\\\/de\\\/schneidbuechsen\\\/schneidbuechsen-beispiele\\\/#breadcrumb\"},\"inLanguage\":\"de\",\"potentialAction\":[{\"@type\":\"ReadAction\",\"target\":[\"https:\\\/\\\/www.herbertz1925.com\\\/de\\\/schneidbuechsen\\\/schneidbuechsen-beispiele\\\/\"]}]},{\"@type\":\"BreadcrumbList\",\"@id\":\"https:\\\/\\\/www.herbertz1925.com\\\/de\\\/schneidbuechsen\\\/schneidbuechsen-beispiele\\\/#breadcrumb\",\"itemListElement\":[{\"@type\":\"ListItem\",\"position\":1,\"name\":\"Home\",\"item\":\"https:\\\/\\\/www.herbertz1925.com\\\/de\\\/\"},{\"@type\":\"ListItem\",\"position\":2,\"name\":\"Schneidb\u00fcchsen\",\"item\":\"https:\\\/\\\/www.herbertz1925.com\\\/de\\\/grooved-knife-bushes\\\/\"},{\"@type\":\"ListItem\",\"position\":3,\"name\":\"Schneidb\u00fcchsen Beispiele\"}]},{\"@type\":\"WebSite\",\"@id\":\"https:\\\/\\\/www.herbertz1925.com\\\/de\\\/#website\",\"url\":\"https:\\\/\\\/www.herbertz1925.com\\\/de\\\/\",\"name\":\"Herbertz Maschinenmesserfabrik\",\"description\":\"Hochwertige Werkzeugst\u00e4hle f\u00fcr hochwertige Maschinenmesser\",\"publisher\":{\"@id\":\"https:\\\/\\\/www.herbertz1925.com\\\/de\\\/#organization\"},\"potentialAction\":[{\"@type\":\"SearchAction\",\"target\":{\"@type\":\"EntryPoint\",\"urlTemplate\":\"https:\\\/\\\/www.herbertz1925.com\\\/de\\\/?s={search_term_string}\"},\"query-input\":{\"@type\":\"PropertyValueSpecification\",\"valueRequired\":true,\"valueName\":\"search_term_string\"}}],\"inLanguage\":\"de\"},{\"@type\":\"Organization\",\"@id\":\"https:\\\/\\\/www.herbertz1925.com\\\/de\\\/#organization\",\"name\":\"Herbertz GmbH & Co. KG\",\"url\":\"https:\\\/\\\/www.herbertz1925.com\\\/de\\\/\",\"logo\":{\"@type\":\"ImageObject\",\"inLanguage\":\"de\",\"@id\":\"https:\\\/\\\/www.herbertz1925.com\\\/de\\\/#\\\/schema\\\/logo\\\/image\\\/\",\"url\":\"https:\\\/\\\/www.herbertz1925.com\\\/wp-content\\\/uploads\\\/2020\\\/03\\\/Logo-Herbertz-2020-1.png\",\"contentUrl\":\"https:\\\/\\\/www.herbertz1925.com\\\/wp-content\\\/uploads\\\/2020\\\/03\\\/Logo-Herbertz-2020-1.png\",\"width\":362,\"height\":196,\"caption\":\"Herbertz GmbH & Co. KG\"},\"image\":{\"@id\":\"https:\\\/\\\/www.herbertz1925.com\\\/de\\\/#\\\/schema\\\/logo\\\/image\\\/\"}}]}<\/script>\n<!-- \/ Yoast SEO plugin. -->","yoast_head_json":{"title":"Schneidb\u00fcchsen Beispiele | Herbertz Messer","description":"Schneidb\u00fcchsen Beispiele | Eine \u00dcbersicht mit Beispielen zu unseren Schneidb\u00fcchsen. Made in Germany in Top Qualit\u00e4t. Jetzt Online anfordern.","robots":{"index":"index","follow":"follow","max-snippet":"max-snippet:-1","max-image-preview":"max-image-preview:large","max-video-preview":"max-video-preview:-1"},"canonical":"https:\/\/www.herbertz1925.com\/de\/schneidbuechsen\/schneidbuechsen-beispiele\/","og_locale":"de_DE","og_type":"article","og_title":"Schneidb\u00fcchsen Beispiele | Herbertz Messer","og_description":"Schneidb\u00fcchsen Beispiele | Eine \u00dcbersicht mit Beispielen zu unseren Schneidb\u00fcchsen. Made in Germany in Top Qualit\u00e4t. Jetzt Online anfordern.","og_url":"https:\/\/www.herbertz1925.com\/de\/schneidbuechsen\/schneidbuechsen-beispiele\/","og_site_name":"Herbertz Maschinenmesserfabrik","article_modified_time":"2026-03-25T12:24:05+00:00","og_image":[{"width":1920,"height":1440,"url":"https:\/\/www.herbertz1925.com\/wp-content\/uploads\/2019\/02\/Luftbild-2019.jpg","type":"image\/jpeg"}],"twitter_card":"summary_large_image","twitter_misc":{"Gesch\u00e4tzte Lesezeit":"1\u00a0Minute"},"schema":{"@context":"https:\/\/schema.org","@graph":[{"@type":"WebPage","@id":"https:\/\/www.herbertz1925.com\/de\/schneidbuechsen\/schneidbuechsen-beispiele\/","url":"https:\/\/www.herbertz1925.com\/de\/schneidbuechsen\/schneidbuechsen-beispiele\/","name":"Schneidb\u00fcchsen Beispiele | Herbertz Messer","isPartOf":{"@id":"https:\/\/www.herbertz1925.com\/de\/#website"},"datePublished":"2020-04-02T08:49:09+00:00","dateModified":"2026-03-25T12:24:05+00:00","description":"Schneidb\u00fcchsen Beispiele | Eine \u00dcbersicht mit Beispielen zu unseren Schneidb\u00fcchsen. Made in Germany in Top Qualit\u00e4t. Jetzt Online anfordern.","breadcrumb":{"@id":"https:\/\/www.herbertz1925.com\/de\/schneidbuechsen\/schneidbuechsen-beispiele\/#breadcrumb"},"inLanguage":"de","potentialAction":[{"@type":"ReadAction","target":["https:\/\/www.herbertz1925.com\/de\/schneidbuechsen\/schneidbuechsen-beispiele\/"]}]},{"@type":"BreadcrumbList","@id":"https:\/\/www.herbertz1925.com\/de\/schneidbuechsen\/schneidbuechsen-beispiele\/#breadcrumb","itemListElement":[{"@type":"ListItem","position":1,"name":"Home","item":"https:\/\/www.herbertz1925.com\/de\/"},{"@type":"ListItem","position":2,"name":"Schneidb\u00fcchsen","item":"https:\/\/www.herbertz1925.com\/de\/grooved-knife-bushes\/"},{"@type":"ListItem","position":3,"name":"Schneidb\u00fcchsen Beispiele"}]},{"@type":"WebSite","@id":"https:\/\/www.herbertz1925.com\/de\/#website","url":"https:\/\/www.herbertz1925.com\/de\/","name":"Herbertz Maschinenmesserfabrik","description":"Hochwertige Werkzeugst\u00e4hle f\u00fcr hochwertige Maschinenmesser","publisher":{"@id":"https:\/\/www.herbertz1925.com\/de\/#organization"},"potentialAction":[{"@type":"SearchAction","target":{"@type":"EntryPoint","urlTemplate":"https:\/\/www.herbertz1925.com\/de\/?s={search_term_string}"},"query-input":{"@type":"PropertyValueSpecification","valueRequired":true,"valueName":"search_term_string"}}],"inLanguage":"de"},{"@type":"Organization","@id":"https:\/\/www.herbertz1925.com\/de\/#organization","name":"Herbertz GmbH & Co. KG","url":"https:\/\/www.herbertz1925.com\/de\/","logo":{"@type":"ImageObject","inLanguage":"de","@id":"https:\/\/www.herbertz1925.com\/de\/#\/schema\/logo\/image\/","url":"https:\/\/www.herbertz1925.com\/wp-content\/uploads\/2020\/03\/Logo-Herbertz-2020-1.png","contentUrl":"https:\/\/www.herbertz1925.com\/wp-content\/uploads\/2020\/03\/Logo-Herbertz-2020-1.png","width":362,"height":196,"caption":"Herbertz GmbH & Co. KG"},"image":{"@id":"https:\/\/www.herbertz1925.com\/de\/#\/schema\/logo\/image\/"}}]}},"_links":{"self":[{"href":"https:\/\/www.herbertz1925.com\/de\/wp-json\/wp\/v2\/pages\/1542","targetHints":{"allow":["GET"]}}],"collection":[{"href":"https:\/\/www.herbertz1925.com\/de\/wp-json\/wp\/v2\/pages"}],"about":[{"href":"https:\/\/www.herbertz1925.com\/de\/wp-json\/wp\/v2\/types\/page"}],"author":[{"embeddable":true,"href":"https:\/\/www.herbertz1925.com\/de\/wp-json\/wp\/v2\/users\/1"}],"replies":[{"embeddable":true,"href":"https:\/\/www.herbertz1925.com\/de\/wp-json\/wp\/v2\/comments?post=1542"}],"version-history":[{"count":18,"href":"https:\/\/www.herbertz1925.com\/de\/wp-json\/wp\/v2\/pages\/1542\/revisions"}],"predecessor-version":[{"id":12164,"href":"https:\/\/www.herbertz1925.com\/de\/wp-json\/wp\/v2\/pages\/1542\/revisions\/12164"}],"up":[{"embeddable":true,"href":"https:\/\/www.herbertz1925.com\/de\/wp-json\/wp\/v2\/pages\/542"}],"wp:attachment":[{"href":"https:\/\/www.herbertz1925.com\/de\/wp-json\/wp\/v2\/media?parent=1542"}],"curies":[{"name":"wp","href":"https:\/\/api.w.org\/{rel}","templated":true}]}}