{"id":4450,"date":"2025-01-23T14:01:38","date_gmt":"2025-01-23T13:01:38","guid":{"rendered":"https:\/\/www.herbertz1925.com\/?page_id=4450"},"modified":"2026-03-25T17:31:22","modified_gmt":"2026-03-25T16:31:22","slug":"rundmesser-fuer-die-textilindustrie","status":"publish","type":"page","link":"https:\/\/www.herbertz1925.com\/de\/rundmesser\/rundmesser-fuer-die-textilindustrie\/","title":{"rendered":"Rundmesser f\u00fcr die Textilindustrie"},"content":{"rendered":"\t\t<div data-elementor-type=\"wp-page\" data-elementor-id=\"4450\" class=\"elementor elementor-4450\" data-elementor-post-type=\"page\">\n\t\t\t\t<div class=\"elementor-element elementor-element-aaf878f stretch-width e-flex e-con-boxed e-con e-parent\" data-id=\"aaf878f\" data-element_type=\"container\" data-e-type=\"container\" data-settings=\"{&quot;background_background&quot;:&quot;classic&quot;}\">\n\t\t\t\t\t<div class=\"e-con-inner\">\n\t\t\t\t<div class=\"elementor-element elementor-element-fd61fad elementor-widget elementor-widget-heading\" data-id=\"fd61fad\" data-element_type=\"widget\" data-e-type=\"widget\" data-widget_type=\"heading.default\">\n\t\t\t\t<div class=\"elementor-widget-container\">\n\t\t\t\t\t<h2 class=\"elementor-heading-title elementor-size-default\">Rundmesser<\/h2>\t\t\t\t<\/div>\n\t\t\t\t<\/div>\n\t\t\t\t<div class=\"elementor-element elementor-element-d916b30 elementor-widget elementor-widget-text-editor\" data-id=\"d916b30\" data-element_type=\"widget\" data-e-type=\"widget\" data-widget_type=\"text-editor.default\">\n\t\t\t\t<div class=\"elementor-widget-container\">\n\t\t\t\t\t\t\t\t\t<p>Unsere auf Langlebigkeit ausgelegten Rundmesser liefern pr\u00e4zise, effiziente Schnitte bei verschiedenen Materialien und optimieren so erheblich die Produktivit\u00e4t Ihrer Fertigungsprozesse.<\/p>\t\t\t\t\t\t\t\t<\/div>\n\t\t\t\t<\/div>\n\t\t\t\t\t<\/div>\n\t\t\t\t<\/div>\n\t\t<div class=\"elementor-element elementor-element-9f47159 e-flex e-con-boxed e-con e-parent\" data-id=\"9f47159\" data-element_type=\"container\" data-e-type=\"container\">\n\t\t\t\t\t<div class=\"e-con-inner\">\n\t\t\t\t<div class=\"elementor-element elementor-element-e6e5e80 elementor-widget elementor-widget-heading\" data-id=\"e6e5e80\" data-element_type=\"widget\" data-e-type=\"widget\" data-widget_type=\"heading.default\">\n\t\t\t\t<div class=\"elementor-widget-container\">\n\t\t\t\t\t<h1 class=\"elementor-heading-title elementor-size-default\">Rundmesser f\u00fcr die Textilindustrie<\/h1>\t\t\t\t<\/div>\n\t\t\t\t<\/div>\n\t\t\t\t<div class=\"elementor-element elementor-element-65b819d elementor-widget elementor-widget-text-editor\" data-id=\"65b819d\" data-element_type=\"widget\" data-e-type=\"widget\" data-widget_type=\"text-editor.default\">\n\t\t\t\t<div class=\"elementor-widget-container\">\n\t\t\t\t\t\t\t\t\t<p>In der Textilindustrie sind die Anforderungen an Rundmesser besonders hoch.<\/p><p>Beim Schneiden und bearbeiten von Textilien ist eine besonders Scharfe Wate bei einer m\u00f6glichst hohen Standzeit gefragt.<\/p><p>Durch stetige Weiterentwicklung und besonders genaue Fertigungsverfahren erreichen wir \u00e4u\u00dferst verschlei\u00dfarme Rundmesser\u00a0mit einer besonders scharfen Schneide.<\/p><p>Aufgrund unserer hohen Fertigungsqualit\u00e4t erreichen wir eine Schneidgeometrie, welche sich durch ein besonders feines Schnittergebnis mit einer langen Standzeit auszeichnet.<\/p>\t\t\t\t\t\t\t\t<\/div>\n\t\t\t\t<\/div>\n\t\t\t\t<div class=\"elementor-element elementor-element-a21020c elementor-widget-divider--view-line elementor-widget elementor-widget-divider\" data-id=\"a21020c\" data-element_type=\"widget\" data-e-type=\"widget\" data-widget_type=\"divider.default\">\n\t\t\t\t<div class=\"elementor-widget-container\">\n\t\t\t\t\t\t\t<div class=\"elementor-divider\">\n\t\t\t<span class=\"elementor-divider-separator\">\n\t\t\t\t\t\t<\/span>\n\t\t<\/div>\n\t\t\t\t\t\t<\/div>\n\t\t\t\t<\/div>\n\t\t\t\t<div class=\"elementor-element elementor-element-055ec6d elementor-widget elementor-widget-text-editor\" data-id=\"055ec6d\" data-element_type=\"widget\" data-e-type=\"widget\" data-widget_type=\"text-editor.default\">\n\t\t\t\t<div class=\"elementor-widget-container\">\n\t\t\t\t\t\t\t\t\t<p>Textilmesser der Herbertz GmbH &amp; Co KG wurden so entwickelt, dass sie verl\u00e4sslich ein Ausfransen des zu verarbeitenden Materials verhindern. Unsere Messer bestechen durch ein besonders feines Schnittergebnis mit m\u00f6glichst wenig Verschnitt. Aufgrund unserer erh\u00f6hten Standzeiten erreichen Sie besonders wenig Ausschuss bei verringerten R\u00fcstzeiten.<\/p><p>Wir stellen Rundmesser\u00a0zum verarbeiten und Trennen von Textilien, Leder oder Glasfasern her.<\/p><p>Aufgrund unserer langj\u00e4hrigen Erfahrung konnten wir unsere Messer in diesen Bereichen immer weiter perfektionieren. Sie erhalten dadurch ein qualitativ hochwertiges Messer mit den f\u00fcr Ihre Firma passenden Eigenschaften. Profitieren Sie von unserer Erfahrung im Bereich der Textilindustrie.<\/p><p>Wir fertigen Ihre Rundmesser\u00a0nach Ihren Vorgaben. Dabei streben wir immer an, das f\u00fcr Sie und Ihren Einsatzzweck passende Rundmesser\u00a0herzustellen.<\/p><p>Wir, die Herbertz GmbH und Co. KG verarbeiten bei unseren Messern nur die besten Stahlsorten. Diese werden immer aufgrund der sp\u00e4ter ausge\u00fcbten Aufgabe ausgesucht. Ebenso werden die Schneidgeometrie und die Form des Messers immer dahingehend perfektioniert ein m\u00f6glichst sauberes Ergebnis zu liefern.<\/p><p>Bei unseren Rundmessern\u00a0profitieren Sie von einem herausragendem Schnittergebnis bei gleichzeitig hoher Standzeit.<\/p><p>Gerne unterst\u00fctzen wir Sie darin das richtige Messer f\u00fcr Ihren Anwendungszweck zu ermitteln.<\/p>\t\t\t\t\t\t\t\t<\/div>\n\t\t\t\t<\/div>\n\t\t\t\t<div class=\"elementor-element elementor-element-8d93d20 elementor-widget elementor-widget-gallery\" data-id=\"8d93d20\" data-element_type=\"widget\" data-e-type=\"widget\" data-settings=\"{&quot;gallery_layout&quot;:&quot;justified&quot;,&quot;gap&quot;:{&quot;unit&quot;:&quot;px&quot;,&quot;size&quot;:15,&quot;sizes&quot;:[]},&quot;ideal_row_height&quot;:{&quot;unit&quot;:&quot;px&quot;,&quot;size&quot;:240,&quot;sizes&quot;:[]},&quot;lazyload&quot;:&quot;yes&quot;,&quot;ideal_row_height_tablet&quot;:{&quot;unit&quot;:&quot;px&quot;,&quot;size&quot;:150,&quot;sizes&quot;:[]},&quot;ideal_row_height_mobile&quot;:{&quot;unit&quot;:&quot;px&quot;,&quot;size&quot;:150,&quot;sizes&quot;:[]},&quot;gap_tablet&quot;:{&quot;unit&quot;:&quot;px&quot;,&quot;size&quot;:10,&quot;sizes&quot;:[]},&quot;gap_mobile&quot;:{&quot;unit&quot;:&quot;px&quot;,&quot;size&quot;:10,&quot;sizes&quot;:[]},&quot;link_to&quot;:&quot;file&quot;,&quot;overlay_background&quot;:&quot;yes&quot;,&quot;content_hover_animation&quot;:&quot;fade-in&quot;}\" data-widget_type=\"gallery.default\">\n\t\t\t\t<div class=\"elementor-widget-container\">\n\t\t\t\t\t\t\t<div class=\"elementor-gallery__container\">\n\t\t\t\t\t\t\t<a class=\"e-gallery-item elementor-gallery-item elementor-animated-content\" href=\"https:\/\/www.herbertz1925.com\/wp-content\/uploads\/2026\/03\/Circular_blade_textile_made_in_Germany_Herbertz_Remscheid.jpg\" data-elementor-open-lightbox=\"yes\" data-elementor-lightbox-slideshow=\"8d93d20\" data-elementor-lightbox-title=\"Circular_blade_textile_made_in_Germany_Herbertz_Remscheid.jpg\" data-e-action-hash=\"#elementor-action%3Aaction%3Dlightbox%26settings%3DeyJpZCI6OTkxMCwidXJsIjoiaHR0cHM6XC9cL3d3dy5oZXJiZXJ0ejE5MjUuY29tXC93cC1jb250ZW50XC91cGxvYWRzXC8yMDI2XC8wM1wvQ2lyY3VsYXJfYmxhZGVfdGV4dGlsZV9tYWRlX2luX0dlcm1hbnlfSGVyYmVydHpfUmVtc2NoZWlkLmpwZyIsInNsaWRlc2hvdyI6IjhkOTNkMjAifQ%3D%3D\">\n\t\t\t\t\t<div class=\"e-gallery-image elementor-gallery-item__image\" data-thumbnail=\"https:\/\/www.herbertz1925.com\/wp-content\/uploads\/2026\/03\/Circular_blade_textile_made_in_Germany_Herbertz_Remscheid-768x967.jpg\" data-width=\"768\" data-height=\"967\" aria-label=\"\" role=\"img\" ><\/div>\n\t\t\t\t\t\t\t\t\t\t\t<div class=\"elementor-gallery-item__overlay\"><\/div>\n\t\t\t\t\t\t\t\t\t\t\t\t\t\t<\/a>\n\t\t\t\t\t\t\t<a class=\"e-gallery-item elementor-gallery-item elementor-animated-content\" href=\"https:\/\/www.herbertz1925.com\/wp-content\/uploads\/2026\/03\/circular_knive_textile_Herbertz_Germany_2.jpg\" data-elementor-open-lightbox=\"yes\" data-elementor-lightbox-slideshow=\"8d93d20\" data-elementor-lightbox-title=\"circular_knive_textile_Herbertz_Germany_2.jpg\" data-e-action-hash=\"#elementor-action%3Aaction%3Dlightbox%26settings%3DeyJpZCI6OTkxMiwidXJsIjoiaHR0cHM6XC9cL3d3dy5oZXJiZXJ0ejE5MjUuY29tXC93cC1jb250ZW50XC91cGxvYWRzXC8yMDI2XC8wM1wvY2lyY3VsYXJfa25pdmVfdGV4dGlsZV9IZXJiZXJ0el9HZXJtYW55XzIuanBnIiwic2xpZGVzaG93IjoiOGQ5M2QyMCJ9\">\n\t\t\t\t\t<div class=\"e-gallery-image elementor-gallery-item__image\" data-thumbnail=\"https:\/\/www.herbertz1925.com\/wp-content\/uploads\/2026\/03\/circular_knive_textile_Herbertz_Germany_2-768x699.jpg\" data-width=\"768\" data-height=\"699\" aria-label=\"\" role=\"img\" ><\/div>\n\t\t\t\t\t\t\t\t\t\t\t<div class=\"elementor-gallery-item__overlay\"><\/div>\n\t\t\t\t\t\t\t\t\t\t\t\t\t\t<\/a>\n\t\t\t\t\t\t\t<a class=\"e-gallery-item elementor-gallery-item elementor-animated-content\" href=\"https:\/\/www.herbertz1925.com\/wp-content\/uploads\/2026\/03\/circular_knive_textile_Herbertz_Germany_6.jpg\" data-elementor-open-lightbox=\"yes\" data-elementor-lightbox-slideshow=\"8d93d20\" data-elementor-lightbox-title=\"circular_knive_textile_Herbertz_Germany_6.jpg\" data-e-action-hash=\"#elementor-action%3Aaction%3Dlightbox%26settings%3DeyJpZCI6OTkxNCwidXJsIjoiaHR0cHM6XC9cL3d3dy5oZXJiZXJ0ejE5MjUuY29tXC93cC1jb250ZW50XC91cGxvYWRzXC8yMDI2XC8wM1wvY2lyY3VsYXJfa25pdmVfdGV4dGlsZV9IZXJiZXJ0el9HZXJtYW55XzYuanBnIiwic2xpZGVzaG93IjoiOGQ5M2QyMCJ9\">\n\t\t\t\t\t<div class=\"e-gallery-image elementor-gallery-item__image\" data-thumbnail=\"https:\/\/www.herbertz1925.com\/wp-content\/uploads\/2026\/03\/circular_knive_textile_Herbertz_Germany_6-768x715.jpg\" data-width=\"768\" data-height=\"715\" aria-label=\"\" role=\"img\" ><\/div>\n\t\t\t\t\t\t\t\t\t\t\t<div class=\"elementor-gallery-item__overlay\"><\/div>\n\t\t\t\t\t\t\t\t\t\t\t\t\t\t<\/a>\n\t\t\t\t\t\t\t<a class=\"e-gallery-item elementor-gallery-item elementor-animated-content\" href=\"https:\/\/www.herbertz1925.com\/wp-content\/uploads\/2026\/03\/circular_knive_textile_Herbertz_Germany_industry_3.jpg\" data-elementor-open-lightbox=\"yes\" data-elementor-lightbox-slideshow=\"8d93d20\" data-elementor-lightbox-title=\"circular_knive_textile_Herbertz_Germany_industry_3.jpg\" data-e-action-hash=\"#elementor-action%3Aaction%3Dlightbox%26settings%3DeyJpZCI6OTkxNiwidXJsIjoiaHR0cHM6XC9cL3d3dy5oZXJiZXJ0ejE5MjUuY29tXC93cC1jb250ZW50XC91cGxvYWRzXC8yMDI2XC8wM1wvY2lyY3VsYXJfa25pdmVfdGV4dGlsZV9IZXJiZXJ0el9HZXJtYW55X2luZHVzdHJ5XzMuanBnIiwic2xpZGVzaG93IjoiOGQ5M2QyMCJ9\">\n\t\t\t\t\t<div class=\"e-gallery-image elementor-gallery-item__image\" data-thumbnail=\"https:\/\/www.herbertz1925.com\/wp-content\/uploads\/2026\/03\/circular_knive_textile_Herbertz_Germany_industry_3-768x617.jpg\" data-width=\"768\" data-height=\"617\" aria-label=\"\" role=\"img\" ><\/div>\n\t\t\t\t\t\t\t\t\t\t\t<div class=\"elementor-gallery-item__overlay\"><\/div>\n\t\t\t\t\t\t\t\t\t\t\t\t\t\t<\/a>\n\t\t\t\t\t\t\t<a class=\"e-gallery-item elementor-gallery-item elementor-animated-content\" href=\"https:\/\/www.herbertz1925.com\/wp-content\/uploads\/2026\/03\/circular_knive_textile_Herbertz_Germany_industry_4.jpg\" data-elementor-open-lightbox=\"yes\" data-elementor-lightbox-slideshow=\"8d93d20\" data-elementor-lightbox-title=\"circular_knive_textile_Herbertz_Germany_industry_4.jpg\" data-e-action-hash=\"#elementor-action%3Aaction%3Dlightbox%26settings%3DeyJpZCI6OTkxOCwidXJsIjoiaHR0cHM6XC9cL3d3dy5oZXJiZXJ0ejE5MjUuY29tXC93cC1jb250ZW50XC91cGxvYWRzXC8yMDI2XC8wM1wvY2lyY3VsYXJfa25pdmVfdGV4dGlsZV9IZXJiZXJ0el9HZXJtYW55X2luZHVzdHJ5XzQuanBnIiwic2xpZGVzaG93IjoiOGQ5M2QyMCJ9\">\n\t\t\t\t\t<div class=\"e-gallery-image elementor-gallery-item__image\" data-thumbnail=\"https:\/\/www.herbertz1925.com\/wp-content\/uploads\/2026\/03\/circular_knive_textile_Herbertz_Germany_industry_4-768x733.jpg\" data-width=\"768\" data-height=\"733\" aria-label=\"\" role=\"img\" ><\/div>\n\t\t\t\t\t\t\t\t\t\t\t<div class=\"elementor-gallery-item__overlay\"><\/div>\n\t\t\t\t\t\t\t\t\t\t\t\t\t\t<\/a>\n\t\t\t\t\t\t\t<a class=\"e-gallery-item elementor-gallery-item elementor-animated-content\" href=\"https:\/\/www.herbertz1925.com\/wp-content\/uploads\/2026\/03\/circular_knive_textile_Herbertz_Germany_industry_8.jpg\" data-elementor-open-lightbox=\"yes\" data-elementor-lightbox-slideshow=\"8d93d20\" data-elementor-lightbox-title=\"circular_knive_textile_Herbertz_Germany_industry_8.jpg\" data-e-action-hash=\"#elementor-action%3Aaction%3Dlightbox%26settings%3DeyJpZCI6OTkyMCwidXJsIjoiaHR0cHM6XC9cL3d3dy5oZXJiZXJ0ejE5MjUuY29tXC93cC1jb250ZW50XC91cGxvYWRzXC8yMDI2XC8wM1wvY2lyY3VsYXJfa25pdmVfdGV4dGlsZV9IZXJiZXJ0el9HZXJtYW55X2luZHVzdHJ5XzguanBnIiwic2xpZGVzaG93IjoiOGQ5M2QyMCJ9\">\n\t\t\t\t\t<div class=\"e-gallery-image elementor-gallery-item__image\" data-thumbnail=\"https:\/\/www.herbertz1925.com\/wp-content\/uploads\/2026\/03\/circular_knive_textile_Herbertz_Germany_industry_8.jpg\" data-width=\"768\" data-height=\"1024\" aria-label=\"\" role=\"img\" ><\/div>\n\t\t\t\t\t\t\t\t\t\t\t<div class=\"elementor-gallery-item__overlay\"><\/div>\n\t\t\t\t\t\t\t\t\t\t\t\t\t\t<\/a>\n\t\t\t\t\t\t\t<a class=\"e-gallery-item elementor-gallery-item elementor-animated-content\" href=\"https:\/\/www.herbertz1925.com\/wp-content\/uploads\/2026\/03\/circular_knive_textile_Herbertz_Germany_industry_9.jpg\" data-elementor-open-lightbox=\"yes\" data-elementor-lightbox-slideshow=\"8d93d20\" data-elementor-lightbox-title=\"circular_knive_textile_Herbertz_Germany_industry_9.jpg\" data-e-action-hash=\"#elementor-action%3Aaction%3Dlightbox%26settings%3DeyJpZCI6OTkyMiwidXJsIjoiaHR0cHM6XC9cL3d3dy5oZXJiZXJ0ejE5MjUuY29tXC93cC1jb250ZW50XC91cGxvYWRzXC8yMDI2XC8wM1wvY2lyY3VsYXJfa25pdmVfdGV4dGlsZV9IZXJiZXJ0el9HZXJtYW55X2luZHVzdHJ5XzkuanBnIiwic2xpZGVzaG93IjoiOGQ5M2QyMCJ9\">\n\t\t\t\t\t<div class=\"e-gallery-image elementor-gallery-item__image\" data-thumbnail=\"https:\/\/www.herbertz1925.com\/wp-content\/uploads\/2026\/03\/circular_knive_textile_Herbertz_Germany_industry_9.jpg\" data-width=\"768\" data-height=\"1024\" aria-label=\"\" role=\"img\" ><\/div>\n\t\t\t\t\t\t\t\t\t\t\t<div class=\"elementor-gallery-item__overlay\"><\/div>\n\t\t\t\t\t\t\t\t\t\t\t\t\t\t<\/a>\n\t\t\t\t\t\t\t<a class=\"e-gallery-item elementor-gallery-item elementor-animated-content\" href=\"https:\/\/www.herbertz1925.com\/wp-content\/uploads\/2026\/03\/circular_knive_textile_Herbertz_Germany_industry.jpg\" data-elementor-open-lightbox=\"yes\" data-elementor-lightbox-slideshow=\"8d93d20\" data-elementor-lightbox-title=\"circular_knive_textile_Herbertz_Germany_industry.jpg\" data-e-action-hash=\"#elementor-action%3Aaction%3Dlightbox%26settings%3DeyJpZCI6OTkyNCwidXJsIjoiaHR0cHM6XC9cL3d3dy5oZXJiZXJ0ejE5MjUuY29tXC93cC1jb250ZW50XC91cGxvYWRzXC8yMDI2XC8wM1wvY2lyY3VsYXJfa25pdmVfdGV4dGlsZV9IZXJiZXJ0el9HZXJtYW55X2luZHVzdHJ5LmpwZyIsInNsaWRlc2hvdyI6IjhkOTNkMjAifQ%3D%3D\">\n\t\t\t\t\t<div class=\"e-gallery-image elementor-gallery-item__image\" data-thumbnail=\"https:\/\/www.herbertz1925.com\/wp-content\/uploads\/2026\/03\/circular_knive_textile_Herbertz_Germany_industry-768x768.jpg\" data-width=\"768\" data-height=\"768\" aria-label=\"\" role=\"img\" ><\/div>\n\t\t\t\t\t\t\t\t\t\t\t<div class=\"elementor-gallery-item__overlay\"><\/div>\n\t\t\t\t\t\t\t\t\t\t\t\t\t\t<\/a>\n\t\t\t\t\t<\/div>\n\t\t\t\t\t<\/div>\n\t\t\t\t<\/div>\n\t\t\t\t\t<\/div>\n\t\t\t\t<\/div>\n\t\t\t\t<\/div>\n\t\t","protected":false},"excerpt":{"rendered":"<p>Rundmesser Unsere auf Langlebigkeit ausgelegten Rundmesser liefern pr\u00e4zise, effiziente Schnitte bei verschiedenen Materialien und optimieren so erheblich die Produktivit\u00e4t Ihrer Fertigungsprozesse. Rundmesser f\u00fcr die Textilindustrie In der Textilindustrie sind die Anforderungen an Rundmesser besonders hoch. Beim Schneiden und bearbeiten von Textilien ist eine besonders Scharfe Wate bei einer m\u00f6glichst hohen Standzeit gefragt. Durch stetige Weiterentwicklung [&hellip;]<\/p>\n","protected":false},"author":1,"featured_media":0,"parent":4405,"menu_order":40,"comment_status":"closed","ping_status":"closed","template":"","meta":{"footnotes":""},"class_list":["post-4450","page","type-page","status-publish","hentry"],"yoast_head":"<!-- This site is optimized with the Yoast SEO plugin v27.3 - https:\/\/yoast.com\/product\/yoast-seo-wordpress\/ -->\n<title>Rundmesser f\u00fcr die Textilindustrie | Herbertz Maschinenmesserfabrik<\/title>\n<meta name=\"description\" content=\"Rundmesser f\u00fcr die Textilindustrie |\" \/>\n<meta name=\"robots\" content=\"index, follow, max-snippet:-1, max-image-preview:large, max-video-preview:-1\" \/>\n<link rel=\"canonical\" href=\"https:\/\/www.herbertz1925.com\/de\/rundmesser\/rundmesser-fuer-die-textilindustrie\/\" \/>\n<meta property=\"og:locale\" content=\"de_DE\" \/>\n<meta property=\"og:type\" content=\"article\" \/>\n<meta property=\"og:title\" content=\"Rundmesser f\u00fcr die Textilindustrie | Herbertz Maschinenmesserfabrik\" \/>\n<meta property=\"og:description\" content=\"Rundmesser f\u00fcr die Textilindustrie |\" \/>\n<meta property=\"og:url\" content=\"https:\/\/www.herbertz1925.com\/de\/rundmesser\/rundmesser-fuer-die-textilindustrie\/\" \/>\n<meta property=\"og:site_name\" content=\"Herbertz Maschinenmesserfabrik\" \/>\n<meta property=\"article:modified_time\" content=\"2026-03-25T16:31:22+00:00\" \/>\n<meta property=\"og:image\" content=\"https:\/\/www.herbertz1925.com\/wp-content\/uploads\/2019\/02\/Luftbild-2019.jpg\" \/>\n\t<meta property=\"og:image:width\" content=\"1920\" \/>\n\t<meta property=\"og:image:height\" content=\"1440\" \/>\n\t<meta property=\"og:image:type\" content=\"image\/jpeg\" \/>\n<meta name=\"twitter:card\" content=\"summary_large_image\" \/>\n<meta name=\"twitter:label1\" content=\"Gesch\u00e4tzte Lesezeit\" \/>\n\t<meta name=\"twitter:data1\" content=\"2\u00a0Minuten\" \/>\n<script type=\"application\/ld+json\" class=\"yoast-schema-graph\">{\"@context\":\"https:\\\/\\\/schema.org\",\"@graph\":[{\"@type\":\"WebPage\",\"@id\":\"https:\\\/\\\/www.herbertz1925.com\\\/de\\\/rundmesser\\\/rundmesser-fuer-die-textilindustrie\\\/\",\"url\":\"https:\\\/\\\/www.herbertz1925.com\\\/de\\\/rundmesser\\\/rundmesser-fuer-die-textilindustrie\\\/\",\"name\":\"Rundmesser f\u00fcr die Textilindustrie | Herbertz Maschinenmesserfabrik\",\"isPartOf\":{\"@id\":\"https:\\\/\\\/www.herbertz1925.com\\\/de\\\/#website\"},\"datePublished\":\"2025-01-23T13:01:38+00:00\",\"dateModified\":\"2026-03-25T16:31:22+00:00\",\"description\":\"Rundmesser f\u00fcr die Textilindustrie |\",\"breadcrumb\":{\"@id\":\"https:\\\/\\\/www.herbertz1925.com\\\/de\\\/rundmesser\\\/rundmesser-fuer-die-textilindustrie\\\/#breadcrumb\"},\"inLanguage\":\"de\",\"potentialAction\":[{\"@type\":\"ReadAction\",\"target\":[\"https:\\\/\\\/www.herbertz1925.com\\\/de\\\/rundmesser\\\/rundmesser-fuer-die-textilindustrie\\\/\"]}]},{\"@type\":\"BreadcrumbList\",\"@id\":\"https:\\\/\\\/www.herbertz1925.com\\\/de\\\/rundmesser\\\/rundmesser-fuer-die-textilindustrie\\\/#breadcrumb\",\"itemListElement\":[{\"@type\":\"ListItem\",\"position\":1,\"name\":\"Home\",\"item\":\"https:\\\/\\\/www.herbertz1925.com\\\/de\\\/\"},{\"@type\":\"ListItem\",\"position\":2,\"name\":\"Rundmesser\",\"item\":\"https:\\\/\\\/www.herbertz1925.com\\\/de\\\/round-knives\\\/\"},{\"@type\":\"ListItem\",\"position\":3,\"name\":\"Rundmesser f\u00fcr die Textilindustrie\"}]},{\"@type\":\"WebSite\",\"@id\":\"https:\\\/\\\/www.herbertz1925.com\\\/de\\\/#website\",\"url\":\"https:\\\/\\\/www.herbertz1925.com\\\/de\\\/\",\"name\":\"Herbertz Maschinenmesserfabrik\",\"description\":\"Hochwertige Werkzeugst\u00e4hle f\u00fcr hochwertige Maschinenmesser\",\"publisher\":{\"@id\":\"https:\\\/\\\/www.herbertz1925.com\\\/de\\\/#organization\"},\"potentialAction\":[{\"@type\":\"SearchAction\",\"target\":{\"@type\":\"EntryPoint\",\"urlTemplate\":\"https:\\\/\\\/www.herbertz1925.com\\\/de\\\/?s={search_term_string}\"},\"query-input\":{\"@type\":\"PropertyValueSpecification\",\"valueRequired\":true,\"valueName\":\"search_term_string\"}}],\"inLanguage\":\"de\"},{\"@type\":\"Organization\",\"@id\":\"https:\\\/\\\/www.herbertz1925.com\\\/de\\\/#organization\",\"name\":\"Herbertz GmbH & Co. KG\",\"url\":\"https:\\\/\\\/www.herbertz1925.com\\\/de\\\/\",\"logo\":{\"@type\":\"ImageObject\",\"inLanguage\":\"de\",\"@id\":\"https:\\\/\\\/www.herbertz1925.com\\\/de\\\/#\\\/schema\\\/logo\\\/image\\\/\",\"url\":\"https:\\\/\\\/www.herbertz1925.com\\\/wp-content\\\/uploads\\\/2020\\\/03\\\/Logo-Herbertz-2020-1.png\",\"contentUrl\":\"https:\\\/\\\/www.herbertz1925.com\\\/wp-content\\\/uploads\\\/2020\\\/03\\\/Logo-Herbertz-2020-1.png\",\"width\":362,\"height\":196,\"caption\":\"Herbertz GmbH & Co. KG\"},\"image\":{\"@id\":\"https:\\\/\\\/www.herbertz1925.com\\\/de\\\/#\\\/schema\\\/logo\\\/image\\\/\"}}]}<\/script>\n<!-- \/ Yoast SEO plugin. -->","yoast_head_json":{"title":"Rundmesser f\u00fcr die Textilindustrie | Herbertz Maschinenmesserfabrik","description":"Rundmesser f\u00fcr die Textilindustrie |","robots":{"index":"index","follow":"follow","max-snippet":"max-snippet:-1","max-image-preview":"max-image-preview:large","max-video-preview":"max-video-preview:-1"},"canonical":"https:\/\/www.herbertz1925.com\/de\/rundmesser\/rundmesser-fuer-die-textilindustrie\/","og_locale":"de_DE","og_type":"article","og_title":"Rundmesser f\u00fcr die Textilindustrie | Herbertz Maschinenmesserfabrik","og_description":"Rundmesser f\u00fcr die Textilindustrie |","og_url":"https:\/\/www.herbertz1925.com\/de\/rundmesser\/rundmesser-fuer-die-textilindustrie\/","og_site_name":"Herbertz Maschinenmesserfabrik","article_modified_time":"2026-03-25T16:31:22+00:00","og_image":[{"width":1920,"height":1440,"url":"https:\/\/www.herbertz1925.com\/wp-content\/uploads\/2019\/02\/Luftbild-2019.jpg","type":"image\/jpeg"}],"twitter_card":"summary_large_image","twitter_misc":{"Gesch\u00e4tzte Lesezeit":"2\u00a0Minuten"},"schema":{"@context":"https:\/\/schema.org","@graph":[{"@type":"WebPage","@id":"https:\/\/www.herbertz1925.com\/de\/rundmesser\/rundmesser-fuer-die-textilindustrie\/","url":"https:\/\/www.herbertz1925.com\/de\/rundmesser\/rundmesser-fuer-die-textilindustrie\/","name":"Rundmesser f\u00fcr die Textilindustrie | Herbertz Maschinenmesserfabrik","isPartOf":{"@id":"https:\/\/www.herbertz1925.com\/de\/#website"},"datePublished":"2025-01-23T13:01:38+00:00","dateModified":"2026-03-25T16:31:22+00:00","description":"Rundmesser f\u00fcr die Textilindustrie |","breadcrumb":{"@id":"https:\/\/www.herbertz1925.com\/de\/rundmesser\/rundmesser-fuer-die-textilindustrie\/#breadcrumb"},"inLanguage":"de","potentialAction":[{"@type":"ReadAction","target":["https:\/\/www.herbertz1925.com\/de\/rundmesser\/rundmesser-fuer-die-textilindustrie\/"]}]},{"@type":"BreadcrumbList","@id":"https:\/\/www.herbertz1925.com\/de\/rundmesser\/rundmesser-fuer-die-textilindustrie\/#breadcrumb","itemListElement":[{"@type":"ListItem","position":1,"name":"Home","item":"https:\/\/www.herbertz1925.com\/de\/"},{"@type":"ListItem","position":2,"name":"Rundmesser","item":"https:\/\/www.herbertz1925.com\/de\/round-knives\/"},{"@type":"ListItem","position":3,"name":"Rundmesser f\u00fcr die Textilindustrie"}]},{"@type":"WebSite","@id":"https:\/\/www.herbertz1925.com\/de\/#website","url":"https:\/\/www.herbertz1925.com\/de\/","name":"Herbertz Maschinenmesserfabrik","description":"Hochwertige Werkzeugst\u00e4hle f\u00fcr hochwertige Maschinenmesser","publisher":{"@id":"https:\/\/www.herbertz1925.com\/de\/#organization"},"potentialAction":[{"@type":"SearchAction","target":{"@type":"EntryPoint","urlTemplate":"https:\/\/www.herbertz1925.com\/de\/?s={search_term_string}"},"query-input":{"@type":"PropertyValueSpecification","valueRequired":true,"valueName":"search_term_string"}}],"inLanguage":"de"},{"@type":"Organization","@id":"https:\/\/www.herbertz1925.com\/de\/#organization","name":"Herbertz GmbH & Co. KG","url":"https:\/\/www.herbertz1925.com\/de\/","logo":{"@type":"ImageObject","inLanguage":"de","@id":"https:\/\/www.herbertz1925.com\/de\/#\/schema\/logo\/image\/","url":"https:\/\/www.herbertz1925.com\/wp-content\/uploads\/2020\/03\/Logo-Herbertz-2020-1.png","contentUrl":"https:\/\/www.herbertz1925.com\/wp-content\/uploads\/2020\/03\/Logo-Herbertz-2020-1.png","width":362,"height":196,"caption":"Herbertz GmbH & Co. KG"},"image":{"@id":"https:\/\/www.herbertz1925.com\/de\/#\/schema\/logo\/image\/"}}]}},"_links":{"self":[{"href":"https:\/\/www.herbertz1925.com\/de\/wp-json\/wp\/v2\/pages\/4450","targetHints":{"allow":["GET"]}}],"collection":[{"href":"https:\/\/www.herbertz1925.com\/de\/wp-json\/wp\/v2\/pages"}],"about":[{"href":"https:\/\/www.herbertz1925.com\/de\/wp-json\/wp\/v2\/types\/page"}],"author":[{"embeddable":true,"href":"https:\/\/www.herbertz1925.com\/de\/wp-json\/wp\/v2\/users\/1"}],"replies":[{"embeddable":true,"href":"https:\/\/www.herbertz1925.com\/de\/wp-json\/wp\/v2\/comments?post=4450"}],"version-history":[{"count":19,"href":"https:\/\/www.herbertz1925.com\/de\/wp-json\/wp\/v2\/pages\/4450\/revisions"}],"predecessor-version":[{"id":12315,"href":"https:\/\/www.herbertz1925.com\/de\/wp-json\/wp\/v2\/pages\/4450\/revisions\/12315"}],"up":[{"embeddable":true,"href":"https:\/\/www.herbertz1925.com\/de\/wp-json\/wp\/v2\/pages\/4405"}],"wp:attachment":[{"href":"https:\/\/www.herbertz1925.com\/de\/wp-json\/wp\/v2\/media?parent=4450"}],"curies":[{"name":"wp","href":"https:\/\/api.w.org\/{rel}","templated":true}]}}