{"id":4472,"date":"2025-01-23T15:04:53","date_gmt":"2025-01-23T14:04:53","guid":{"rendered":"https:\/\/www.herbertz1925.com\/?page_id=4472"},"modified":"2026-03-25T17:18:58","modified_gmt":"2026-03-25T16:18:58","slug":"rundmesser-quetschschnitt-quetschmesser","status":"publish","type":"page","link":"https:\/\/www.herbertz1925.com\/de\/rundmesser\/rundmesser-quetschschnitt-quetschmesser\/","title":{"rendered":"Rundmesser Quetschschnitt\/Quetschmesser"},"content":{"rendered":"\t\t<div data-elementor-type=\"wp-page\" data-elementor-id=\"4472\" class=\"elementor elementor-4472\" data-elementor-post-type=\"page\">\n\t\t\t\t<div class=\"elementor-element elementor-element-58456d0 stretch-width e-flex e-con-boxed e-con e-parent\" data-id=\"58456d0\" data-element_type=\"container\" data-e-type=\"container\" data-settings=\"{&quot;background_background&quot;:&quot;classic&quot;}\">\n\t\t\t\t\t<div class=\"e-con-inner\">\n\t\t\t\t<div class=\"elementor-element elementor-element-f8946f2 elementor-widget elementor-widget-heading\" data-id=\"f8946f2\" data-element_type=\"widget\" data-e-type=\"widget\" data-widget_type=\"heading.default\">\n\t\t\t\t<div class=\"elementor-widget-container\">\n\t\t\t\t\t<h2 class=\"elementor-heading-title elementor-size-default\">Rundmesser<\/h2>\t\t\t\t<\/div>\n\t\t\t\t<\/div>\n\t\t\t\t<div class=\"elementor-element elementor-element-79ec863 elementor-widget elementor-widget-text-editor\" data-id=\"79ec863\" data-element_type=\"widget\" data-e-type=\"widget\" data-widget_type=\"text-editor.default\">\n\t\t\t\t<div class=\"elementor-widget-container\">\n\t\t\t\t\t\t\t\t\t<p>Unsere auf Langlebigkeit ausgelegten Rundmesser liefern pr\u00e4zise, effiziente Schnitte bei verschiedenen Materialien und optimieren so erheblich die Produktivit\u00e4t Ihrer Fertigungsprozesse.<\/p>\t\t\t\t\t\t\t\t<\/div>\n\t\t\t\t<\/div>\n\t\t\t\t\t<\/div>\n\t\t\t\t<\/div>\n\t\t<div class=\"elementor-element elementor-element-321966e e-flex e-con-boxed e-con e-parent\" data-id=\"321966e\" data-element_type=\"container\" data-e-type=\"container\">\n\t\t\t\t\t<div class=\"e-con-inner\">\n\t\t\t\t<div class=\"elementor-element elementor-element-54a1201 elementor-widget elementor-widget-heading\" data-id=\"54a1201\" data-element_type=\"widget\" data-e-type=\"widget\" data-widget_type=\"heading.default\">\n\t\t\t\t<div class=\"elementor-widget-container\">\n\t\t\t\t\t<h1 class=\"elementor-heading-title elementor-size-default\">Rundmesser - Quetschmesser<\/h1>\t\t\t\t<\/div>\n\t\t\t\t<\/div>\n\t\t\t\t<div class=\"elementor-element elementor-element-90af1f7 elementor-widget elementor-widget-text-editor\" data-id=\"90af1f7\" data-element_type=\"widget\" data-e-type=\"widget\" data-widget_type=\"text-editor.default\">\n\t\t\t\t<div class=\"elementor-widget-container\">\n\t\t\t\t\t\t\t\t\t<p>Quetschmesser werden vielfach f\u00fcr die verschiedensten Anwendungen eingesetzt.<\/p><p>Bei dem sogenannten Quetschschnitt werden die Quetschmesser mit einem hohen Druck an das zu schneidende Material und die Gegenwelle angedr\u00fcckt. Im Gegensatz zum Scherenschnitt wird das Material hierbei aufgrund des hohen Druckes auseinander gequetscht.<\/p><p>Wir bieten Quetschmesser f\u00fcr viele Standard Maschinen an.<\/p>\t\t\t\t\t\t\t\t<\/div>\n\t\t\t\t<\/div>\n\t\t\t\t<div class=\"elementor-element elementor-element-4325bbd elementor-widget elementor-widget-gallery\" data-id=\"4325bbd\" data-element_type=\"widget\" data-e-type=\"widget\" data-settings=\"{&quot;gallery_layout&quot;:&quot;justified&quot;,&quot;gap&quot;:{&quot;unit&quot;:&quot;px&quot;,&quot;size&quot;:15,&quot;sizes&quot;:[]},&quot;ideal_row_height&quot;:{&quot;unit&quot;:&quot;px&quot;,&quot;size&quot;:250,&quot;sizes&quot;:[]},&quot;lazyload&quot;:&quot;yes&quot;,&quot;ideal_row_height_tablet&quot;:{&quot;unit&quot;:&quot;px&quot;,&quot;size&quot;:150,&quot;sizes&quot;:[]},&quot;ideal_row_height_mobile&quot;:{&quot;unit&quot;:&quot;px&quot;,&quot;size&quot;:150,&quot;sizes&quot;:[]},&quot;gap_tablet&quot;:{&quot;unit&quot;:&quot;px&quot;,&quot;size&quot;:10,&quot;sizes&quot;:[]},&quot;gap_mobile&quot;:{&quot;unit&quot;:&quot;px&quot;,&quot;size&quot;:10,&quot;sizes&quot;:[]},&quot;link_to&quot;:&quot;file&quot;,&quot;overlay_background&quot;:&quot;yes&quot;,&quot;content_hover_animation&quot;:&quot;fade-in&quot;}\" data-widget_type=\"gallery.default\">\n\t\t\t\t<div class=\"elementor-widget-container\">\n\t\t\t\t\t\t\t<div class=\"elementor-gallery__container\">\n\t\t\t\t\t\t\t<a class=\"e-gallery-item elementor-gallery-item elementor-animated-content\" href=\"https:\/\/www.herbertz1925.com\/wp-content\/uploads\/2026\/02\/Crush_cut_knife_Herbertz_Germany_1.jpg\" data-elementor-open-lightbox=\"yes\" data-elementor-lightbox-slideshow=\"4325bbd\" data-elementor-lightbox-title=\"Crush_cut_knife_Herbertz_Germany_1\" data-e-action-hash=\"#elementor-action%3Aaction%3Dlightbox%26settings%3DeyJpZCI6ODA2NiwidXJsIjoiaHR0cHM6XC9cL3d3dy5oZXJiZXJ0ejE5MjUuY29tXC93cC1jb250ZW50XC91cGxvYWRzXC8yMDI2XC8wMlwvQ3J1c2hfY3V0X2tuaWZlX0hlcmJlcnR6X0dlcm1hbnlfMS5qcGciLCJzbGlkZXNob3ciOiI0MzI1YmJkIn0%3D\">\n\t\t\t\t\t<div class=\"e-gallery-image elementor-gallery-item__image\" data-thumbnail=\"https:\/\/www.herbertz1925.com\/wp-content\/uploads\/2026\/02\/Crush_cut_knife_Herbertz_Germany_1-768x733.jpg\" data-width=\"768\" data-height=\"733\" aria-label=\"\" role=\"img\" ><\/div>\n\t\t\t\t\t\t\t\t\t\t\t<div class=\"elementor-gallery-item__overlay\"><\/div>\n\t\t\t\t\t\t\t\t\t\t\t\t\t\t<\/a>\n\t\t\t\t\t\t\t<a class=\"e-gallery-item elementor-gallery-item elementor-animated-content\" href=\"https:\/\/www.herbertz1925.com\/wp-content\/uploads\/2026\/02\/Crush_cut_knife_Herbertz_Germany_2.jpg\" data-elementor-open-lightbox=\"yes\" data-elementor-lightbox-slideshow=\"4325bbd\" data-elementor-lightbox-title=\"Crush_cut_knife_Herbertz_Germany_2\" data-e-action-hash=\"#elementor-action%3Aaction%3Dlightbox%26settings%3DeyJpZCI6ODA2OCwidXJsIjoiaHR0cHM6XC9cL3d3dy5oZXJiZXJ0ejE5MjUuY29tXC93cC1jb250ZW50XC91cGxvYWRzXC8yMDI2XC8wMlwvQ3J1c2hfY3V0X2tuaWZlX0hlcmJlcnR6X0dlcm1hbnlfMi5qcGciLCJzbGlkZXNob3ciOiI0MzI1YmJkIn0%3D\">\n\t\t\t\t\t<div class=\"e-gallery-image elementor-gallery-item__image\" data-thumbnail=\"https:\/\/www.herbertz1925.com\/wp-content\/uploads\/2026\/02\/Crush_cut_knife_Herbertz_Germany_2-768x710.jpg\" data-width=\"768\" data-height=\"710\" aria-label=\"\" role=\"img\" ><\/div>\n\t\t\t\t\t\t\t\t\t\t\t<div class=\"elementor-gallery-item__overlay\"><\/div>\n\t\t\t\t\t\t\t\t\t\t\t\t\t\t<\/a>\n\t\t\t\t\t\t\t<a class=\"e-gallery-item elementor-gallery-item elementor-animated-content\" href=\"https:\/\/www.herbertz1925.com\/wp-content\/uploads\/2026\/02\/Crush_cut_knife_Herbertz_Germany_3.jpg\" data-elementor-open-lightbox=\"yes\" data-elementor-lightbox-slideshow=\"4325bbd\" data-elementor-lightbox-title=\"Crush_cut_knife_Herbertz_Germany_3\" data-e-action-hash=\"#elementor-action%3Aaction%3Dlightbox%26settings%3DeyJpZCI6ODA3MCwidXJsIjoiaHR0cHM6XC9cL3d3dy5oZXJiZXJ0ejE5MjUuY29tXC93cC1jb250ZW50XC91cGxvYWRzXC8yMDI2XC8wMlwvQ3J1c2hfY3V0X2tuaWZlX0hlcmJlcnR6X0dlcm1hbnlfMy5qcGciLCJzbGlkZXNob3ciOiI0MzI1YmJkIn0%3D\">\n\t\t\t\t\t<div class=\"e-gallery-image elementor-gallery-item__image\" data-thumbnail=\"https:\/\/www.herbertz1925.com\/wp-content\/uploads\/2026\/02\/Crush_cut_knife_Herbertz_Germany_3.jpg\" data-width=\"700\" data-height=\"614\" aria-label=\"\" role=\"img\" ><\/div>\n\t\t\t\t\t\t\t\t\t\t\t<div class=\"elementor-gallery-item__overlay\"><\/div>\n\t\t\t\t\t\t\t\t\t\t\t\t\t\t<\/a>\n\t\t\t\t\t<\/div>\n\t\t\t\t\t<\/div>\n\t\t\t\t<\/div>\n\t\t\t\t<div class=\"elementor-element elementor-element-00573b6 elementor-widget elementor-widget-text-editor\" data-id=\"00573b6\" data-element_type=\"widget\" data-e-type=\"widget\" data-widget_type=\"text-editor.default\">\n\t\t\t\t<div class=\"elementor-widget-container\">\n\t\t\t\t\t\t\t\t\t<p>Quetschmesser gibt es in verschiedenen Ausf\u00fchrungen. In der Regel ist die Wate Stumpf. Je nach Anwendung gibt es einseitige und doppelseitige Waten. Auch verzahnte Ausf\u00fchrungen eines Quetschmessers geh\u00f6ren zu unserem Repertoire.<\/p><p>Aufgrund unserer langj\u00e4hrigen Erfahrung konnten wir unsere Messer in diesem Bereich immer weiter perfektionieren. Sie erhalten dadurch ein qualitativ hochwertiges Messer mit den f\u00fcr Ihre Firma passenden Eigenschaften. Profitieren Sie von unserer Erfahrung im Bereich der Quetschmesser.<\/p><p>Wir fertigen Ihre Rundmesser nach Ihren Vorgaben. Dabei streben wir immer an, das f\u00fcr Sie und Ihren Einsatzzweck passende Rundmesser herzustellen.<\/p><p>Wir, die Herbertz GmbH und Co. KG verarbeiten bei unseren Messern nur die besten Stahlsorten. Diese werden immer aufgrund der sp\u00e4ter ausge\u00fcbten Aufgabe ausgesucht. Ebenso werden die Schneidgeometrie und die Form des Messers immer dahingehend perfektioniert ein m\u00f6glichst sauberes Ergebnis zu liefern.<\/p><p>Bei unseren Rundmessern profitieren Sie von einem herausragendem Schnittergebnis bei gleichzeitig hoher Standzeit.<\/p><p>Gerne unterst\u00fctzen wir Sie darin das richtige Messer f\u00fcr Ihren Anwendungszweck zu ermitteln.<\/p>\t\t\t\t\t\t\t\t<\/div>\n\t\t\t\t<\/div>\n\t\t\t\t\t<\/div>\n\t\t\t\t<\/div>\n\t\t\t\t<\/div>\n\t\t","protected":false},"excerpt":{"rendered":"<p>Rundmesser Unsere auf Langlebigkeit ausgelegten Rundmesser liefern pr\u00e4zise, effiziente Schnitte bei verschiedenen Materialien und optimieren so erheblich die Produktivit\u00e4t Ihrer Fertigungsprozesse. Rundmesser &#8211; Quetschmesser Quetschmesser werden vielfach f\u00fcr die verschiedensten Anwendungen eingesetzt. Bei dem sogenannten Quetschschnitt werden die Quetschmesser mit einem hohen Druck an das zu schneidende Material und die Gegenwelle angedr\u00fcckt. Im Gegensatz zum [&hellip;]<\/p>\n","protected":false},"author":1,"featured_media":0,"parent":4405,"menu_order":60,"comment_status":"closed","ping_status":"closed","template":"","meta":{"footnotes":""},"class_list":["post-4472","page","type-page","status-publish","hentry"],"yoast_head":"<!-- This site is optimized with the Yoast SEO plugin v27.3 - https:\/\/yoast.com\/product\/yoast-seo-wordpress\/ -->\n<title>Rundmesser Quetschschnitt\/Quetschmesser | Herbertz Maschinenmesserfabrik<\/title>\n<meta name=\"description\" content=\"Rundmesser Quetschschnitt\/Quetschmesser |\" \/>\n<meta name=\"robots\" content=\"index, follow, max-snippet:-1, max-image-preview:large, max-video-preview:-1\" \/>\n<link rel=\"canonical\" href=\"https:\/\/www.herbertz1925.com\/de\/rundmesser\/rundmesser-quetschschnitt-quetschmesser\/\" \/>\n<meta property=\"og:locale\" content=\"de_DE\" \/>\n<meta property=\"og:type\" content=\"article\" \/>\n<meta property=\"og:title\" content=\"Rundmesser Quetschschnitt\/Quetschmesser | Herbertz Maschinenmesserfabrik\" \/>\n<meta property=\"og:description\" content=\"Rundmesser Quetschschnitt\/Quetschmesser |\" \/>\n<meta property=\"og:url\" content=\"https:\/\/www.herbertz1925.com\/de\/rundmesser\/rundmesser-quetschschnitt-quetschmesser\/\" \/>\n<meta property=\"og:site_name\" content=\"Herbertz Maschinenmesserfabrik\" \/>\n<meta property=\"article:modified_time\" content=\"2026-03-25T16:18:58+00:00\" \/>\n<meta property=\"og:image\" content=\"https:\/\/www.herbertz1925.com\/wp-content\/uploads\/2019\/02\/Luftbild-2019.jpg\" \/>\n\t<meta property=\"og:image:width\" content=\"1920\" \/>\n\t<meta property=\"og:image:height\" content=\"1440\" \/>\n\t<meta property=\"og:image:type\" content=\"image\/jpeg\" \/>\n<meta name=\"twitter:card\" content=\"summary_large_image\" \/>\n<meta name=\"twitter:label1\" content=\"Gesch\u00e4tzte Lesezeit\" \/>\n\t<meta name=\"twitter:data1\" content=\"2\u00a0Minuten\" \/>\n<script type=\"application\/ld+json\" class=\"yoast-schema-graph\">{\"@context\":\"https:\\\/\\\/schema.org\",\"@graph\":[{\"@type\":\"WebPage\",\"@id\":\"https:\\\/\\\/www.herbertz1925.com\\\/de\\\/rundmesser\\\/rundmesser-quetschschnitt-quetschmesser\\\/\",\"url\":\"https:\\\/\\\/www.herbertz1925.com\\\/de\\\/rundmesser\\\/rundmesser-quetschschnitt-quetschmesser\\\/\",\"name\":\"Rundmesser Quetschschnitt\\\/Quetschmesser | Herbertz Maschinenmesserfabrik\",\"isPartOf\":{\"@id\":\"https:\\\/\\\/www.herbertz1925.com\\\/de\\\/#website\"},\"datePublished\":\"2025-01-23T14:04:53+00:00\",\"dateModified\":\"2026-03-25T16:18:58+00:00\",\"description\":\"Rundmesser Quetschschnitt\\\/Quetschmesser |\",\"breadcrumb\":{\"@id\":\"https:\\\/\\\/www.herbertz1925.com\\\/de\\\/rundmesser\\\/rundmesser-quetschschnitt-quetschmesser\\\/#breadcrumb\"},\"inLanguage\":\"de\",\"potentialAction\":[{\"@type\":\"ReadAction\",\"target\":[\"https:\\\/\\\/www.herbertz1925.com\\\/de\\\/rundmesser\\\/rundmesser-quetschschnitt-quetschmesser\\\/\"]}]},{\"@type\":\"BreadcrumbList\",\"@id\":\"https:\\\/\\\/www.herbertz1925.com\\\/de\\\/rundmesser\\\/rundmesser-quetschschnitt-quetschmesser\\\/#breadcrumb\",\"itemListElement\":[{\"@type\":\"ListItem\",\"position\":1,\"name\":\"Home\",\"item\":\"https:\\\/\\\/www.herbertz1925.com\\\/de\\\/\"},{\"@type\":\"ListItem\",\"position\":2,\"name\":\"Rundmesser\",\"item\":\"https:\\\/\\\/www.herbertz1925.com\\\/de\\\/round-knives\\\/\"},{\"@type\":\"ListItem\",\"position\":3,\"name\":\"Rundmesser Quetschschnitt\\\/Quetschmesser\"}]},{\"@type\":\"WebSite\",\"@id\":\"https:\\\/\\\/www.herbertz1925.com\\\/de\\\/#website\",\"url\":\"https:\\\/\\\/www.herbertz1925.com\\\/de\\\/\",\"name\":\"Herbertz Maschinenmesserfabrik\",\"description\":\"Hochwertige Werkzeugst\u00e4hle f\u00fcr hochwertige Maschinenmesser\",\"publisher\":{\"@id\":\"https:\\\/\\\/www.herbertz1925.com\\\/de\\\/#organization\"},\"potentialAction\":[{\"@type\":\"SearchAction\",\"target\":{\"@type\":\"EntryPoint\",\"urlTemplate\":\"https:\\\/\\\/www.herbertz1925.com\\\/de\\\/?s={search_term_string}\"},\"query-input\":{\"@type\":\"PropertyValueSpecification\",\"valueRequired\":true,\"valueName\":\"search_term_string\"}}],\"inLanguage\":\"de\"},{\"@type\":\"Organization\",\"@id\":\"https:\\\/\\\/www.herbertz1925.com\\\/de\\\/#organization\",\"name\":\"Herbertz GmbH & Co. KG\",\"url\":\"https:\\\/\\\/www.herbertz1925.com\\\/de\\\/\",\"logo\":{\"@type\":\"ImageObject\",\"inLanguage\":\"de\",\"@id\":\"https:\\\/\\\/www.herbertz1925.com\\\/de\\\/#\\\/schema\\\/logo\\\/image\\\/\",\"url\":\"https:\\\/\\\/www.herbertz1925.com\\\/wp-content\\\/uploads\\\/2020\\\/03\\\/Logo-Herbertz-2020-1.png\",\"contentUrl\":\"https:\\\/\\\/www.herbertz1925.com\\\/wp-content\\\/uploads\\\/2020\\\/03\\\/Logo-Herbertz-2020-1.png\",\"width\":362,\"height\":196,\"caption\":\"Herbertz GmbH & Co. KG\"},\"image\":{\"@id\":\"https:\\\/\\\/www.herbertz1925.com\\\/de\\\/#\\\/schema\\\/logo\\\/image\\\/\"}}]}<\/script>\n<!-- \/ Yoast SEO plugin. -->","yoast_head_json":{"title":"Rundmesser Quetschschnitt\/Quetschmesser | Herbertz Maschinenmesserfabrik","description":"Rundmesser Quetschschnitt\/Quetschmesser |","robots":{"index":"index","follow":"follow","max-snippet":"max-snippet:-1","max-image-preview":"max-image-preview:large","max-video-preview":"max-video-preview:-1"},"canonical":"https:\/\/www.herbertz1925.com\/de\/rundmesser\/rundmesser-quetschschnitt-quetschmesser\/","og_locale":"de_DE","og_type":"article","og_title":"Rundmesser Quetschschnitt\/Quetschmesser | Herbertz Maschinenmesserfabrik","og_description":"Rundmesser Quetschschnitt\/Quetschmesser |","og_url":"https:\/\/www.herbertz1925.com\/de\/rundmesser\/rundmesser-quetschschnitt-quetschmesser\/","og_site_name":"Herbertz Maschinenmesserfabrik","article_modified_time":"2026-03-25T16:18:58+00:00","og_image":[{"width":1920,"height":1440,"url":"https:\/\/www.herbertz1925.com\/wp-content\/uploads\/2019\/02\/Luftbild-2019.jpg","type":"image\/jpeg"}],"twitter_card":"summary_large_image","twitter_misc":{"Gesch\u00e4tzte Lesezeit":"2\u00a0Minuten"},"schema":{"@context":"https:\/\/schema.org","@graph":[{"@type":"WebPage","@id":"https:\/\/www.herbertz1925.com\/de\/rundmesser\/rundmesser-quetschschnitt-quetschmesser\/","url":"https:\/\/www.herbertz1925.com\/de\/rundmesser\/rundmesser-quetschschnitt-quetschmesser\/","name":"Rundmesser Quetschschnitt\/Quetschmesser | Herbertz Maschinenmesserfabrik","isPartOf":{"@id":"https:\/\/www.herbertz1925.com\/de\/#website"},"datePublished":"2025-01-23T14:04:53+00:00","dateModified":"2026-03-25T16:18:58+00:00","description":"Rundmesser Quetschschnitt\/Quetschmesser |","breadcrumb":{"@id":"https:\/\/www.herbertz1925.com\/de\/rundmesser\/rundmesser-quetschschnitt-quetschmesser\/#breadcrumb"},"inLanguage":"de","potentialAction":[{"@type":"ReadAction","target":["https:\/\/www.herbertz1925.com\/de\/rundmesser\/rundmesser-quetschschnitt-quetschmesser\/"]}]},{"@type":"BreadcrumbList","@id":"https:\/\/www.herbertz1925.com\/de\/rundmesser\/rundmesser-quetschschnitt-quetschmesser\/#breadcrumb","itemListElement":[{"@type":"ListItem","position":1,"name":"Home","item":"https:\/\/www.herbertz1925.com\/de\/"},{"@type":"ListItem","position":2,"name":"Rundmesser","item":"https:\/\/www.herbertz1925.com\/de\/round-knives\/"},{"@type":"ListItem","position":3,"name":"Rundmesser Quetschschnitt\/Quetschmesser"}]},{"@type":"WebSite","@id":"https:\/\/www.herbertz1925.com\/de\/#website","url":"https:\/\/www.herbertz1925.com\/de\/","name":"Herbertz Maschinenmesserfabrik","description":"Hochwertige Werkzeugst\u00e4hle f\u00fcr hochwertige Maschinenmesser","publisher":{"@id":"https:\/\/www.herbertz1925.com\/de\/#organization"},"potentialAction":[{"@type":"SearchAction","target":{"@type":"EntryPoint","urlTemplate":"https:\/\/www.herbertz1925.com\/de\/?s={search_term_string}"},"query-input":{"@type":"PropertyValueSpecification","valueRequired":true,"valueName":"search_term_string"}}],"inLanguage":"de"},{"@type":"Organization","@id":"https:\/\/www.herbertz1925.com\/de\/#organization","name":"Herbertz GmbH & Co. KG","url":"https:\/\/www.herbertz1925.com\/de\/","logo":{"@type":"ImageObject","inLanguage":"de","@id":"https:\/\/www.herbertz1925.com\/de\/#\/schema\/logo\/image\/","url":"https:\/\/www.herbertz1925.com\/wp-content\/uploads\/2020\/03\/Logo-Herbertz-2020-1.png","contentUrl":"https:\/\/www.herbertz1925.com\/wp-content\/uploads\/2020\/03\/Logo-Herbertz-2020-1.png","width":362,"height":196,"caption":"Herbertz GmbH & Co. KG"},"image":{"@id":"https:\/\/www.herbertz1925.com\/de\/#\/schema\/logo\/image\/"}}]}},"_links":{"self":[{"href":"https:\/\/www.herbertz1925.com\/de\/wp-json\/wp\/v2\/pages\/4472","targetHints":{"allow":["GET"]}}],"collection":[{"href":"https:\/\/www.herbertz1925.com\/de\/wp-json\/wp\/v2\/pages"}],"about":[{"href":"https:\/\/www.herbertz1925.com\/de\/wp-json\/wp\/v2\/types\/page"}],"author":[{"embeddable":true,"href":"https:\/\/www.herbertz1925.com\/de\/wp-json\/wp\/v2\/users\/1"}],"replies":[{"embeddable":true,"href":"https:\/\/www.herbertz1925.com\/de\/wp-json\/wp\/v2\/comments?post=4472"}],"version-history":[{"count":20,"href":"https:\/\/www.herbertz1925.com\/de\/wp-json\/wp\/v2\/pages\/4472\/revisions"}],"predecessor-version":[{"id":12269,"href":"https:\/\/www.herbertz1925.com\/de\/wp-json\/wp\/v2\/pages\/4472\/revisions\/12269"}],"up":[{"embeddable":true,"href":"https:\/\/www.herbertz1925.com\/de\/wp-json\/wp\/v2\/pages\/4405"}],"wp:attachment":[{"href":"https:\/\/www.herbertz1925.com\/de\/wp-json\/wp\/v2\/media?parent=4472"}],"curies":[{"name":"wp","href":"https:\/\/api.w.org\/{rel}","templated":true}]}}