{"id":4558,"date":"2025-01-23T15:45:40","date_gmt":"2025-01-23T14:45:40","guid":{"rendered":"https:\/\/www.herbertz1925.com\/?page_id=4558"},"modified":"2026-03-25T17:28:34","modified_gmt":"2026-03-25T16:28:34","slug":"rundmesser-schneidfluessigkeit","status":"publish","type":"page","link":"https:\/\/www.herbertz1925.com\/de\/rundmesser\/rundmesser-schneidfluessigkeit\/","title":{"rendered":"Rundmesser Schneidfl\u00fcssigkeit"},"content":{"rendered":"\t\t<div data-elementor-type=\"wp-page\" data-elementor-id=\"4558\" class=\"elementor elementor-4558\" data-elementor-post-type=\"page\">\n\t\t\t\t<div class=\"elementor-element elementor-element-2de6e8e stretch-width e-flex e-con-boxed e-con e-parent\" data-id=\"2de6e8e\" data-element_type=\"container\" data-e-type=\"container\" data-settings=\"{&quot;background_background&quot;:&quot;classic&quot;}\">\n\t\t\t\t\t<div class=\"e-con-inner\">\n\t\t\t\t<div class=\"elementor-element elementor-element-1b0b320 elementor-widget elementor-widget-heading\" data-id=\"1b0b320\" data-element_type=\"widget\" data-e-type=\"widget\" data-widget_type=\"heading.default\">\n\t\t\t\t<div class=\"elementor-widget-container\">\n\t\t\t\t\t<h2 class=\"elementor-heading-title elementor-size-default\">Rundmesser<\/h2>\t\t\t\t<\/div>\n\t\t\t\t<\/div>\n\t\t\t\t<div class=\"elementor-element elementor-element-f679cbf elementor-widget elementor-widget-text-editor\" data-id=\"f679cbf\" data-element_type=\"widget\" data-e-type=\"widget\" data-widget_type=\"text-editor.default\">\n\t\t\t\t<div class=\"elementor-widget-container\">\n\t\t\t\t\t\t\t\t\t<p>Unsere auf Langlebigkeit ausgelegten Rundmesser liefern pr\u00e4zise, effiziente Schnitte bei verschiedenen Materialien und optimieren so erheblich die Produktivit\u00e4t Ihrer Fertigungsprozesse.<\/p>\t\t\t\t\t\t\t\t<\/div>\n\t\t\t\t<\/div>\n\t\t\t\t\t<\/div>\n\t\t\t\t<\/div>\n\t\t\t\t<section class=\"elementor-section elementor-top-section elementor-element elementor-element-fab9cc5 elementor-section-boxed elementor-section-height-default elementor-section-height-default\" data-id=\"fab9cc5\" data-element_type=\"section\" data-e-type=\"section\">\n\t\t\t\t\t\t<div class=\"elementor-container elementor-column-gap-default\">\n\t\t\t\t\t<div class=\"elementor-column elementor-col-100 elementor-top-column elementor-element elementor-element-b5388d5\" data-id=\"b5388d5\" data-element_type=\"column\" data-e-type=\"column\">\n\t\t\t<div class=\"elementor-widget-wrap elementor-element-populated\">\n\t\t\t\t\t\t<div class=\"elementor-element elementor-element-b778a1f elementor-widget elementor-widget-text-editor\" data-id=\"b778a1f\" data-element_type=\"widget\" data-e-type=\"widget\" data-widget_type=\"text-editor.default\">\n\t\t\t\t<div class=\"elementor-widget-container\">\n\t\t\t\t\t\t\t\t\t<h1>Hochwertige Schneidfl\u00fcssigkeiten f\u00fcr ein sauberes Schnittergebnis mit Rundmessern<\/h1>\t\t\t\t\t\t\t\t<\/div>\n\t\t\t\t<\/div>\n\t\t\t\t<section class=\"elementor-section elementor-inner-section elementor-element elementor-element-557bc8d elementor-section-boxed elementor-section-height-default elementor-section-height-default\" data-id=\"557bc8d\" data-element_type=\"section\" data-e-type=\"section\">\n\t\t\t\t\t\t<div class=\"elementor-container elementor-column-gap-default\">\n\t\t\t\t\t<div class=\"elementor-column elementor-col-50 elementor-inner-column elementor-element elementor-element-0e77aba\" data-id=\"0e77aba\" data-element_type=\"column\" data-e-type=\"column\">\n\t\t\t<div class=\"elementor-widget-wrap elementor-element-populated\">\n\t\t\t\t\t\t<div class=\"elementor-element elementor-element-dc89bd0 elementor-widget elementor-widget-text-editor\" data-id=\"dc89bd0\" data-element_type=\"widget\" data-e-type=\"widget\" data-widget_type=\"text-editor.default\">\n\t\t\t\t<div class=\"elementor-widget-container\">\n\t\t\t\t\t\t\t\t\t<p>Mit unseren Schneidfl\u00fcssigkeiten (Herbertz Cutting Liquid) k\u00f6nnen Sie die Schneidleistung erh\u00f6hen bei gleichzeitiger Reduktion des Verschlei\u00dfes an Ihrem Rundmesser.<\/p>\n<p>Unsere Schneidfl\u00fcssigkeit hilft dabei, das Messer w\u00e4hrend des Schneidvorganges zu K\u00fchlen und verringert die entstehende Reibung. Dadurch l\u00e4sst sich der Verschlei\u00df an Ihrem Rundmesser erheblich reduzieren. Dies wirkt sich auf eine bessere Oberfl\u00e4cheng\u00fcte, Ma\u00dfhaltigkeit und h\u00f6here Standzeit Ihres Messers aus.<\/p>\n<p>Gerne k\u00f6nnen Sie uns bei Ihrer Bestellung auf die Schneidfl\u00fcssigkeit von Herbertz ansprechen, damit wir Ihnen ein passendes Angebot machen k\u00f6nnen.<\/p>\t\t\t\t\t\t\t\t<\/div>\n\t\t\t\t<\/div>\n\t\t\t\t\t<\/div>\n\t\t<\/div>\n\t\t\t\t<div class=\"elementor-column elementor-col-50 elementor-inner-column elementor-element elementor-element-481bbf3\" data-id=\"481bbf3\" data-element_type=\"column\" data-e-type=\"column\">\n\t\t\t<div class=\"elementor-widget-wrap elementor-element-populated\">\n\t\t\t\t\t\t<div class=\"elementor-element elementor-element-39dcb49 elementor-widget elementor-widget-image\" data-id=\"39dcb49\" data-element_type=\"widget\" data-e-type=\"widget\" data-widget_type=\"image.default\">\n\t\t\t\t<div class=\"elementor-widget-container\">\n\t\t\t\t\t\t\t\t\t\t\t\t\t\t\t\t<a href=\"https:\/\/www.herbertz1925.com\/wp-content\/uploads\/2026\/02\/Cutting-Liquid_Industrial_Herbertz_Germany.jpg\" data-elementor-open-lightbox=\"yes\" data-elementor-lightbox-title=\"Cutting-Liquid_Industrial_Herbertz_Germany\" data-e-action-hash=\"#elementor-action%3Aaction%3Dlightbox%26settings%3DeyJpZCI6NzgyOCwidXJsIjoiaHR0cHM6XC9cL3d3dy5oZXJiZXJ0ejE5MjUuY29tXC93cC1jb250ZW50XC91cGxvYWRzXC8yMDI2XC8wMlwvQ3V0dGluZy1MaXF1aWRfSW5kdXN0cmlhbF9IZXJiZXJ0el9HZXJtYW55LmpwZyJ9\">\n\t\t\t\t\t\t\t<img fetchpriority=\"high\" decoding=\"async\" width=\"768\" height=\"579\" src=\"https:\/\/www.herbertz1925.com\/wp-content\/uploads\/2026\/02\/Cutting-Liquid_Industrial_Herbertz_Germany-768x579.jpg\" class=\"attachment-medium_large size-medium_large wp-image-7828\" alt=\"\" srcset=\"https:\/\/www.herbertz1925.com\/wp-content\/uploads\/2026\/02\/Cutting-Liquid_Industrial_Herbertz_Germany-768x579.jpg 768w, https:\/\/www.herbertz1925.com\/wp-content\/uploads\/2026\/02\/Cutting-Liquid_Industrial_Herbertz_Germany-300x226.jpg 300w, https:\/\/www.herbertz1925.com\/wp-content\/uploads\/2026\/02\/Cutting-Liquid_Industrial_Herbertz_Germany-600x452.jpg 600w, https:\/\/www.herbertz1925.com\/wp-content\/uploads\/2026\/02\/Cutting-Liquid_Industrial_Herbertz_Germany.jpg 1019w\" sizes=\"(max-width: 768px) 100vw, 768px\" \/>\t\t\t\t\t\t\t\t<\/a>\n\t\t\t\t\t\t\t\t\t\t\t\t\t\t\t<\/div>\n\t\t\t\t<\/div>\n\t\t\t\t\t<\/div>\n\t\t<\/div>\n\t\t\t\t\t<\/div>\n\t\t<\/section>\n\t\t\t\t\t<\/div>\n\t\t<\/div>\n\t\t\t\t\t<\/div>\n\t\t<\/section>\n\t\t\t\t<\/div>\n\t\t","protected":false},"excerpt":{"rendered":"<p>Rundmesser Unsere auf Langlebigkeit ausgelegten Rundmesser liefern pr\u00e4zise, effiziente Schnitte bei verschiedenen Materialien und optimieren so erheblich die Produktivit\u00e4t Ihrer Fertigungsprozesse. Hochwertige Schneidfl\u00fcssigkeiten f\u00fcr ein sauberes Schnittergebnis mit Rundmessern Mit unseren Schneidfl\u00fcssigkeiten (Herbertz Cutting Liquid) k\u00f6nnen Sie die Schneidleistung erh\u00f6hen bei gleichzeitiger Reduktion des Verschlei\u00dfes an Ihrem Rundmesser. Unsere Schneidfl\u00fcssigkeit hilft dabei, das Messer w\u00e4hrend [&hellip;]<\/p>\n","protected":false},"author":1,"featured_media":0,"parent":4405,"menu_order":130,"comment_status":"closed","ping_status":"closed","template":"","meta":{"footnotes":""},"class_list":["post-4558","page","type-page","status-publish","hentry"],"yoast_head":"<!-- This site is optimized with the Yoast SEO plugin v27.3 - https:\/\/yoast.com\/product\/yoast-seo-wordpress\/ -->\n<title>Rundmesser Schneidfl\u00fcssigkeit | Herbertz Maschinenmesserfabrik<\/title>\n<meta name=\"description\" content=\"Rundmesser Schneidfl\u00fcssigkeit |\" \/>\n<meta name=\"robots\" content=\"index, follow, max-snippet:-1, max-image-preview:large, max-video-preview:-1\" \/>\n<link rel=\"canonical\" href=\"https:\/\/www.herbertz1925.com\/de\/rundmesser\/rundmesser-schneidfluessigkeit\/\" \/>\n<meta property=\"og:locale\" content=\"de_DE\" \/>\n<meta property=\"og:type\" content=\"article\" \/>\n<meta property=\"og:title\" content=\"Rundmesser Schneidfl\u00fcssigkeit | Herbertz Maschinenmesserfabrik\" \/>\n<meta property=\"og:description\" content=\"Rundmesser Schneidfl\u00fcssigkeit |\" \/>\n<meta property=\"og:url\" content=\"https:\/\/www.herbertz1925.com\/de\/rundmesser\/rundmesser-schneidfluessigkeit\/\" \/>\n<meta property=\"og:site_name\" content=\"Herbertz Maschinenmesserfabrik\" \/>\n<meta property=\"article:modified_time\" content=\"2026-03-25T16:28:34+00:00\" \/>\n<meta property=\"og:image\" content=\"https:\/\/www.herbertz1925.com\/wp-content\/uploads\/2026\/02\/Cutting-Liquid_Industrial_Herbertz_Germany-768x579.jpg\" \/>\n<meta name=\"twitter:card\" content=\"summary_large_image\" \/>\n<meta name=\"twitter:label1\" content=\"Gesch\u00e4tzte Lesezeit\" \/>\n\t<meta name=\"twitter:data1\" content=\"1\u00a0Minute\" \/>\n<script type=\"application\/ld+json\" class=\"yoast-schema-graph\">{\"@context\":\"https:\\\/\\\/schema.org\",\"@graph\":[{\"@type\":\"WebPage\",\"@id\":\"https:\\\/\\\/www.herbertz1925.com\\\/de\\\/rundmesser\\\/rundmesser-schneidfluessigkeit\\\/\",\"url\":\"https:\\\/\\\/www.herbertz1925.com\\\/de\\\/rundmesser\\\/rundmesser-schneidfluessigkeit\\\/\",\"name\":\"Rundmesser Schneidfl\u00fcssigkeit | Herbertz Maschinenmesserfabrik\",\"isPartOf\":{\"@id\":\"https:\\\/\\\/www.herbertz1925.com\\\/de\\\/#website\"},\"primaryImageOfPage\":{\"@id\":\"https:\\\/\\\/www.herbertz1925.com\\\/de\\\/rundmesser\\\/rundmesser-schneidfluessigkeit\\\/#primaryimage\"},\"image\":{\"@id\":\"https:\\\/\\\/www.herbertz1925.com\\\/de\\\/rundmesser\\\/rundmesser-schneidfluessigkeit\\\/#primaryimage\"},\"thumbnailUrl\":\"https:\\\/\\\/www.herbertz1925.com\\\/wp-content\\\/uploads\\\/2026\\\/02\\\/Cutting-Liquid_Industrial_Herbertz_Germany-768x579.jpg\",\"datePublished\":\"2025-01-23T14:45:40+00:00\",\"dateModified\":\"2026-03-25T16:28:34+00:00\",\"description\":\"Rundmesser Schneidfl\u00fcssigkeit |\",\"breadcrumb\":{\"@id\":\"https:\\\/\\\/www.herbertz1925.com\\\/de\\\/rundmesser\\\/rundmesser-schneidfluessigkeit\\\/#breadcrumb\"},\"inLanguage\":\"de\",\"potentialAction\":[{\"@type\":\"ReadAction\",\"target\":[\"https:\\\/\\\/www.herbertz1925.com\\\/de\\\/rundmesser\\\/rundmesser-schneidfluessigkeit\\\/\"]}]},{\"@type\":\"ImageObject\",\"inLanguage\":\"de\",\"@id\":\"https:\\\/\\\/www.herbertz1925.com\\\/de\\\/rundmesser\\\/rundmesser-schneidfluessigkeit\\\/#primaryimage\",\"url\":\"https:\\\/\\\/www.herbertz1925.com\\\/wp-content\\\/uploads\\\/2026\\\/02\\\/Cutting-Liquid_Industrial_Herbertz_Germany-768x579.jpg\",\"contentUrl\":\"https:\\\/\\\/www.herbertz1925.com\\\/wp-content\\\/uploads\\\/2026\\\/02\\\/Cutting-Liquid_Industrial_Herbertz_Germany-768x579.jpg\"},{\"@type\":\"BreadcrumbList\",\"@id\":\"https:\\\/\\\/www.herbertz1925.com\\\/de\\\/rundmesser\\\/rundmesser-schneidfluessigkeit\\\/#breadcrumb\",\"itemListElement\":[{\"@type\":\"ListItem\",\"position\":1,\"name\":\"Home\",\"item\":\"https:\\\/\\\/www.herbertz1925.com\\\/de\\\/\"},{\"@type\":\"ListItem\",\"position\":2,\"name\":\"Rundmesser\",\"item\":\"https:\\\/\\\/www.herbertz1925.com\\\/de\\\/round-knives\\\/\"},{\"@type\":\"ListItem\",\"position\":3,\"name\":\"Rundmesser Schneidfl\u00fcssigkeit\"}]},{\"@type\":\"WebSite\",\"@id\":\"https:\\\/\\\/www.herbertz1925.com\\\/de\\\/#website\",\"url\":\"https:\\\/\\\/www.herbertz1925.com\\\/de\\\/\",\"name\":\"Herbertz Maschinenmesserfabrik\",\"description\":\"Hochwertige Werkzeugst\u00e4hle f\u00fcr hochwertige Maschinenmesser\",\"publisher\":{\"@id\":\"https:\\\/\\\/www.herbertz1925.com\\\/de\\\/#organization\"},\"potentialAction\":[{\"@type\":\"SearchAction\",\"target\":{\"@type\":\"EntryPoint\",\"urlTemplate\":\"https:\\\/\\\/www.herbertz1925.com\\\/de\\\/?s={search_term_string}\"},\"query-input\":{\"@type\":\"PropertyValueSpecification\",\"valueRequired\":true,\"valueName\":\"search_term_string\"}}],\"inLanguage\":\"de\"},{\"@type\":\"Organization\",\"@id\":\"https:\\\/\\\/www.herbertz1925.com\\\/de\\\/#organization\",\"name\":\"Herbertz GmbH & Co. KG\",\"url\":\"https:\\\/\\\/www.herbertz1925.com\\\/de\\\/\",\"logo\":{\"@type\":\"ImageObject\",\"inLanguage\":\"de\",\"@id\":\"https:\\\/\\\/www.herbertz1925.com\\\/de\\\/#\\\/schema\\\/logo\\\/image\\\/\",\"url\":\"https:\\\/\\\/www.herbertz1925.com\\\/wp-content\\\/uploads\\\/2020\\\/03\\\/Logo-Herbertz-2020-1.png\",\"contentUrl\":\"https:\\\/\\\/www.herbertz1925.com\\\/wp-content\\\/uploads\\\/2020\\\/03\\\/Logo-Herbertz-2020-1.png\",\"width\":362,\"height\":196,\"caption\":\"Herbertz GmbH & Co. KG\"},\"image\":{\"@id\":\"https:\\\/\\\/www.herbertz1925.com\\\/de\\\/#\\\/schema\\\/logo\\\/image\\\/\"}}]}<\/script>\n<!-- \/ Yoast SEO plugin. -->","yoast_head_json":{"title":"Rundmesser Schneidfl\u00fcssigkeit | Herbertz Maschinenmesserfabrik","description":"Rundmesser Schneidfl\u00fcssigkeit |","robots":{"index":"index","follow":"follow","max-snippet":"max-snippet:-1","max-image-preview":"max-image-preview:large","max-video-preview":"max-video-preview:-1"},"canonical":"https:\/\/www.herbertz1925.com\/de\/rundmesser\/rundmesser-schneidfluessigkeit\/","og_locale":"de_DE","og_type":"article","og_title":"Rundmesser Schneidfl\u00fcssigkeit | Herbertz Maschinenmesserfabrik","og_description":"Rundmesser Schneidfl\u00fcssigkeit |","og_url":"https:\/\/www.herbertz1925.com\/de\/rundmesser\/rundmesser-schneidfluessigkeit\/","og_site_name":"Herbertz Maschinenmesserfabrik","article_modified_time":"2026-03-25T16:28:34+00:00","og_image":[{"url":"https:\/\/www.herbertz1925.com\/wp-content\/uploads\/2026\/02\/Cutting-Liquid_Industrial_Herbertz_Germany-768x579.jpg","type":"","width":"","height":""}],"twitter_card":"summary_large_image","twitter_misc":{"Gesch\u00e4tzte Lesezeit":"1\u00a0Minute"},"schema":{"@context":"https:\/\/schema.org","@graph":[{"@type":"WebPage","@id":"https:\/\/www.herbertz1925.com\/de\/rundmesser\/rundmesser-schneidfluessigkeit\/","url":"https:\/\/www.herbertz1925.com\/de\/rundmesser\/rundmesser-schneidfluessigkeit\/","name":"Rundmesser Schneidfl\u00fcssigkeit | Herbertz Maschinenmesserfabrik","isPartOf":{"@id":"https:\/\/www.herbertz1925.com\/de\/#website"},"primaryImageOfPage":{"@id":"https:\/\/www.herbertz1925.com\/de\/rundmesser\/rundmesser-schneidfluessigkeit\/#primaryimage"},"image":{"@id":"https:\/\/www.herbertz1925.com\/de\/rundmesser\/rundmesser-schneidfluessigkeit\/#primaryimage"},"thumbnailUrl":"https:\/\/www.herbertz1925.com\/wp-content\/uploads\/2026\/02\/Cutting-Liquid_Industrial_Herbertz_Germany-768x579.jpg","datePublished":"2025-01-23T14:45:40+00:00","dateModified":"2026-03-25T16:28:34+00:00","description":"Rundmesser Schneidfl\u00fcssigkeit |","breadcrumb":{"@id":"https:\/\/www.herbertz1925.com\/de\/rundmesser\/rundmesser-schneidfluessigkeit\/#breadcrumb"},"inLanguage":"de","potentialAction":[{"@type":"ReadAction","target":["https:\/\/www.herbertz1925.com\/de\/rundmesser\/rundmesser-schneidfluessigkeit\/"]}]},{"@type":"ImageObject","inLanguage":"de","@id":"https:\/\/www.herbertz1925.com\/de\/rundmesser\/rundmesser-schneidfluessigkeit\/#primaryimage","url":"https:\/\/www.herbertz1925.com\/wp-content\/uploads\/2026\/02\/Cutting-Liquid_Industrial_Herbertz_Germany-768x579.jpg","contentUrl":"https:\/\/www.herbertz1925.com\/wp-content\/uploads\/2026\/02\/Cutting-Liquid_Industrial_Herbertz_Germany-768x579.jpg"},{"@type":"BreadcrumbList","@id":"https:\/\/www.herbertz1925.com\/de\/rundmesser\/rundmesser-schneidfluessigkeit\/#breadcrumb","itemListElement":[{"@type":"ListItem","position":1,"name":"Home","item":"https:\/\/www.herbertz1925.com\/de\/"},{"@type":"ListItem","position":2,"name":"Rundmesser","item":"https:\/\/www.herbertz1925.com\/de\/round-knives\/"},{"@type":"ListItem","position":3,"name":"Rundmesser Schneidfl\u00fcssigkeit"}]},{"@type":"WebSite","@id":"https:\/\/www.herbertz1925.com\/de\/#website","url":"https:\/\/www.herbertz1925.com\/de\/","name":"Herbertz Maschinenmesserfabrik","description":"Hochwertige Werkzeugst\u00e4hle f\u00fcr hochwertige Maschinenmesser","publisher":{"@id":"https:\/\/www.herbertz1925.com\/de\/#organization"},"potentialAction":[{"@type":"SearchAction","target":{"@type":"EntryPoint","urlTemplate":"https:\/\/www.herbertz1925.com\/de\/?s={search_term_string}"},"query-input":{"@type":"PropertyValueSpecification","valueRequired":true,"valueName":"search_term_string"}}],"inLanguage":"de"},{"@type":"Organization","@id":"https:\/\/www.herbertz1925.com\/de\/#organization","name":"Herbertz GmbH & Co. KG","url":"https:\/\/www.herbertz1925.com\/de\/","logo":{"@type":"ImageObject","inLanguage":"de","@id":"https:\/\/www.herbertz1925.com\/de\/#\/schema\/logo\/image\/","url":"https:\/\/www.herbertz1925.com\/wp-content\/uploads\/2020\/03\/Logo-Herbertz-2020-1.png","contentUrl":"https:\/\/www.herbertz1925.com\/wp-content\/uploads\/2020\/03\/Logo-Herbertz-2020-1.png","width":362,"height":196,"caption":"Herbertz GmbH & Co. KG"},"image":{"@id":"https:\/\/www.herbertz1925.com\/de\/#\/schema\/logo\/image\/"}}]}},"_links":{"self":[{"href":"https:\/\/www.herbertz1925.com\/de\/wp-json\/wp\/v2\/pages\/4558","targetHints":{"allow":["GET"]}}],"collection":[{"href":"https:\/\/www.herbertz1925.com\/de\/wp-json\/wp\/v2\/pages"}],"about":[{"href":"https:\/\/www.herbertz1925.com\/de\/wp-json\/wp\/v2\/types\/page"}],"author":[{"embeddable":true,"href":"https:\/\/www.herbertz1925.com\/de\/wp-json\/wp\/v2\/users\/1"}],"replies":[{"embeddable":true,"href":"https:\/\/www.herbertz1925.com\/de\/wp-json\/wp\/v2\/comments?post=4558"}],"version-history":[{"count":13,"href":"https:\/\/www.herbertz1925.com\/de\/wp-json\/wp\/v2\/pages\/4558\/revisions"}],"predecessor-version":[{"id":12294,"href":"https:\/\/www.herbertz1925.com\/de\/wp-json\/wp\/v2\/pages\/4558\/revisions\/12294"}],"up":[{"embeddable":true,"href":"https:\/\/www.herbertz1925.com\/de\/wp-json\/wp\/v2\/pages\/4405"}],"wp:attachment":[{"href":"https:\/\/www.herbertz1925.com\/de\/wp-json\/wp\/v2\/media?parent=4558"}],"curies":[{"name":"wp","href":"https:\/\/api.w.org\/{rel}","templated":true}]}}