{"id":4614,"date":"2025-01-30T11:52:05","date_gmt":"2025-01-30T10:52:05","guid":{"rendered":"https:\/\/www.herbertz1925.com\/?page_id=4614"},"modified":"2026-03-24T16:33:01","modified_gmt":"2026-03-24T15:33:01","slug":"bandmesser-konvex","status":"publish","type":"page","link":"https:\/\/www.herbertz1925.com\/de\/bandmesser\/bandmesser-konvex\/","title":{"rendered":"Bandmesser konvex"},"content":{"rendered":"\t\t<div data-elementor-type=\"wp-page\" data-elementor-id=\"4614\" class=\"elementor elementor-4614\" data-elementor-post-type=\"page\">\n\t\t\t\t<div class=\"elementor-element elementor-element-8f186f9 stretch-width e-flex e-con-boxed e-con e-parent\" data-id=\"8f186f9\" data-element_type=\"container\" data-e-type=\"container\" data-settings=\"{&quot;background_background&quot;:&quot;classic&quot;}\">\n\t\t\t\t\t<div class=\"e-con-inner\">\n\t\t\t\t<div class=\"elementor-element elementor-element-15b27c8 elementor-widget elementor-widget-heading\" data-id=\"15b27c8\" data-element_type=\"widget\" data-e-type=\"widget\" data-widget_type=\"heading.default\">\n\t\t\t\t<div class=\"elementor-widget-container\">\n\t\t\t\t\t<h2 class=\"elementor-heading-title elementor-size-default\">Bandmesser<\/h2>\t\t\t\t<\/div>\n\t\t\t\t<\/div>\n\t\t\t\t<div class=\"elementor-element elementor-element-11abc31 elementor-widget elementor-widget-text-editor\" data-id=\"11abc31\" data-element_type=\"widget\" data-e-type=\"widget\" data-widget_type=\"text-editor.default\">\n\t\t\t\t<div class=\"elementor-widget-container\">\n\t\t\t\t\t\t\t\t\t<p>Pr\u00e4zisionsbandmesser sorgen f\u00fcr effizientes, gleichm\u00e4\u00dfiges Schneiden mit minimalem Verschnitt bei Schaumstoff, Lebensmittelverarbeitung, Holz und speziellen industriellen Anwendungen.<\/p>\t\t\t\t\t\t\t\t<\/div>\n\t\t\t\t<\/div>\n\t\t\t\t\t<\/div>\n\t\t\t\t<\/div>\n\t\t\t\t<section class=\"elementor-section elementor-top-section elementor-element elementor-element-3fa8617 elementor-section-boxed elementor-section-height-default elementor-section-height-default\" data-id=\"3fa8617\" data-element_type=\"section\" data-e-type=\"section\">\n\t\t\t\t\t\t<div class=\"elementor-container elementor-column-gap-default\">\n\t\t\t\t\t<div class=\"elementor-column elementor-col-100 elementor-top-column elementor-element elementor-element-97f1d83\" data-id=\"97f1d83\" data-element_type=\"column\" data-e-type=\"column\">\n\t\t\t<div class=\"elementor-widget-wrap elementor-element-populated\">\n\t\t\t\t\t\t<div class=\"elementor-element elementor-element-8da4889 elementor-widget elementor-widget-text-editor\" data-id=\"8da4889\" data-element_type=\"widget\" data-e-type=\"widget\" data-widget_type=\"text-editor.default\">\n\t\t\t\t<div class=\"elementor-widget-container\">\n\t\t\t\t\t\t\t\t\t<h1>Bandmesser konvex \u2013<br>Pr\u00e4zision und Effizienz f\u00fcr anspruchsvolle Materialien<\/h1>\n<p>Das Bandmesser konvex vereint die Vorteile eines S\u00e4geblatts mit der Pr\u00e4zision eines Bandmessers. Anstelle klassischer Z\u00e4hne verf\u00fcgt es \u00fcber einen angefasten Wellenschliff, der f\u00fcr besonders saubere und exakte Schnitte sorgt. Durch das vollst\u00e4ndige Abfahren der Materialkonturen wird eine optimale Schnittqualit\u00e4t erzielt, selbst bei schwierigen Werkstoffen.<\/p>\n<h2>Merkmale und Vorteile<\/h2>\n<ul>\n<li>Beidseitiger Anschliff f\u00fcr maximale Sch\u00e4rfe und Pr\u00e4zision<\/li>\n<li>Konvexe \u201eZahnung\u201c erleichtert das Schneiden von gewobenen und feinfaserigen Materialien<\/li>\n<li>Gleichm\u00e4\u00dfige, pr\u00e4zise Schnittf\u00fchrung dank optimaler Messergeometrie<\/li>\n<\/ul>\n<h2>Einsatzbereich<\/h2>\n<h3>Welche Bandmesser f\u00fcr Schaumstoff, Papier, Textil und Nahrungsmittel?<\/h3>\n<p>Das Bandmesser konvex ist ideal f\u00fcr:<\/p>\n<ul>\n<li>Weich- und Hartsch\u00e4ume<\/li>\n<li>D\u00e4mmstoffe<\/li>\n<li>Filtermaterialien<\/li>\n<li>Harte Textilien und<\/li>\n<li>Futterstoffe<\/li>\n<\/ul>\n<p>Dank seiner speziellen Geometrie und hochwertigen Verarbeitung ist dieses Bandmesser die perfekte Wahl f\u00fcr pr\u00e4zise und effiziente Schneidprozesse in unterschiedlichsten Industriebereichen.<\/p>\n<h3>Maximale Schnittqualit\u00e4t mit dem Bandmesser konvex \u2013 erh\u00e4ltlich bei Herbertz<\/h3>\n<p>Dieses Bandmesser bietet durch seine spezielle Geometrie und hochwertige Verarbeitung zahlreiche Vorteile f\u00fcr Unternehmen in verschiedenen Industriebereichen. Die pr\u00e4zise Schneidleistung gew\u00e4hrleistet exakte Schnitte, w\u00e4hrend die Effizienz der Prozesse durch die robuste und langlebige Konstruktion gesteigert wird. Ideal f\u00fcr Anwendungen, bei denen Genauigkeit und Zuverl\u00e4ssigkeit entscheidend sind, stellt dieses Bandmesser eine lohnende Investition f\u00fcr Betriebe dar, die ihre Produktionsqualit\u00e4t optimieren m\u00f6chten.<\/p>\n<h3>Speziell ausgelegt f\u00fcr harte und dichte Stoffe &#8211; Bandmesser Textil<\/h3>\n<p>Dieses Bandmesser wurde entwickelt, um in einer Vielzahl von Industriebereichen pr\u00e4zise und effiziente Schneidprozesse zu erm\u00f6glichen. Die spezielle Geometrie sorgt f\u00fcr optimale Schneideigenschaften, w\u00e4hrend die hochwertige Verarbeitung Langlebigkeit und Zuverl\u00e4ssigkeit gew\u00e4hrleistet. Ideal f\u00fcr Anwendungen, bei denen Genauigkeit und Effizienz entscheidend sind, bietet dieses Bandmesser eine \u00fcberlegene Leistung und Qualit\u00e4t.<\/p>\t\t\t\t\t\t\t\t<\/div>\n\t\t\t\t<\/div>\n\t\t\t\t\t<\/div>\n\t\t<\/div>\n\t\t\t\t\t<\/div>\n\t\t<\/section>\n\t\t\t\t<\/div>\n\t\t","protected":false},"excerpt":{"rendered":"<p>Bandmesser Pr\u00e4zisionsbandmesser sorgen f\u00fcr effizientes, gleichm\u00e4\u00dfiges Schneiden mit minimalem Verschnitt bei Schaumstoff, Lebensmittelverarbeitung, Holz und speziellen industriellen Anwendungen. Bandmesser konvex \u2013Pr\u00e4zision und Effizienz f\u00fcr anspruchsvolle Materialien Das Bandmesser konvex vereint die Vorteile eines S\u00e4geblatts mit der Pr\u00e4zision eines Bandmessers. Anstelle klassischer Z\u00e4hne verf\u00fcgt es \u00fcber einen angefasten Wellenschliff, der f\u00fcr besonders saubere und exakte Schnitte [&hellip;]<\/p>\n","protected":false},"author":1,"featured_media":0,"parent":18,"menu_order":0,"comment_status":"closed","ping_status":"closed","template":"","meta":{"footnotes":""},"class_list":["post-4614","page","type-page","status-publish","hentry"],"yoast_head":"<!-- This site is optimized with the Yoast SEO plugin v27.3 - https:\/\/yoast.com\/product\/yoast-seo-wordpress\/ -->\n<title>Bandmesser konvex | Herbertz Maschinenmesserfabrik<\/title>\n<meta name=\"description\" content=\"Bandmesser konvex | Das Bandmesser konvex vereint die Vorteile eines S\u00e4geblatts mit der Pr\u00e4zision eines Bandmessers.\" \/>\n<meta name=\"robots\" content=\"index, follow, max-snippet:-1, max-image-preview:large, max-video-preview:-1\" \/>\n<link rel=\"canonical\" href=\"https:\/\/www.herbertz1925.com\/de\/bandmesser\/bandmesser-konvex\/\" \/>\n<meta property=\"og:locale\" content=\"de_DE\" \/>\n<meta property=\"og:type\" content=\"article\" \/>\n<meta property=\"og:title\" content=\"Bandmesser konvex | Herbertz Maschinenmesserfabrik\" \/>\n<meta property=\"og:description\" content=\"Bandmesser konvex | Das Bandmesser konvex vereint die Vorteile eines S\u00e4geblatts mit der Pr\u00e4zision eines Bandmessers.\" \/>\n<meta property=\"og:url\" content=\"https:\/\/www.herbertz1925.com\/de\/bandmesser\/bandmesser-konvex\/\" \/>\n<meta property=\"og:site_name\" content=\"Herbertz Maschinenmesserfabrik\" \/>\n<meta property=\"article:modified_time\" content=\"2026-03-24T15:33:01+00:00\" \/>\n<meta property=\"og:image\" content=\"https:\/\/www.herbertz1925.com\/wp-content\/uploads\/2019\/02\/Luftbild-2019.jpg\" \/>\n\t<meta property=\"og:image:width\" content=\"1920\" \/>\n\t<meta property=\"og:image:height\" content=\"1440\" \/>\n\t<meta property=\"og:image:type\" content=\"image\/jpeg\" \/>\n<meta name=\"twitter:card\" content=\"summary_large_image\" \/>\n<meta name=\"twitter:label1\" content=\"Gesch\u00e4tzte Lesezeit\" \/>\n\t<meta name=\"twitter:data1\" content=\"2\u00a0Minuten\" \/>\n<script type=\"application\/ld+json\" class=\"yoast-schema-graph\">{\"@context\":\"https:\\\/\\\/schema.org\",\"@graph\":[{\"@type\":\"WebPage\",\"@id\":\"https:\\\/\\\/www.herbertz1925.com\\\/de\\\/bandmesser\\\/bandmesser-konvex\\\/\",\"url\":\"https:\\\/\\\/www.herbertz1925.com\\\/de\\\/bandmesser\\\/bandmesser-konvex\\\/\",\"name\":\"Bandmesser konvex | Herbertz Maschinenmesserfabrik\",\"isPartOf\":{\"@id\":\"https:\\\/\\\/www.herbertz1925.com\\\/de\\\/#website\"},\"datePublished\":\"2025-01-30T10:52:05+00:00\",\"dateModified\":\"2026-03-24T15:33:01+00:00\",\"description\":\"Bandmesser konvex | Das Bandmesser konvex vereint die Vorteile eines S\u00e4geblatts mit der Pr\u00e4zision eines Bandmessers.\",\"breadcrumb\":{\"@id\":\"https:\\\/\\\/www.herbertz1925.com\\\/de\\\/bandmesser\\\/bandmesser-konvex\\\/#breadcrumb\"},\"inLanguage\":\"de\",\"potentialAction\":[{\"@type\":\"ReadAction\",\"target\":[\"https:\\\/\\\/www.herbertz1925.com\\\/de\\\/bandmesser\\\/bandmesser-konvex\\\/\"]}]},{\"@type\":\"BreadcrumbList\",\"@id\":\"https:\\\/\\\/www.herbertz1925.com\\\/de\\\/bandmesser\\\/bandmesser-konvex\\\/#breadcrumb\",\"itemListElement\":[{\"@type\":\"ListItem\",\"position\":1,\"name\":\"Home\",\"item\":\"https:\\\/\\\/www.herbertz1925.com\\\/de\\\/\"},{\"@type\":\"ListItem\",\"position\":2,\"name\":\"Bandmesser\",\"item\":\"https:\\\/\\\/www.herbertz1925.com\\\/de\\\/band-knives\\\/\"},{\"@type\":\"ListItem\",\"position\":3,\"name\":\"Bandmesser konvex\"}]},{\"@type\":\"WebSite\",\"@id\":\"https:\\\/\\\/www.herbertz1925.com\\\/de\\\/#website\",\"url\":\"https:\\\/\\\/www.herbertz1925.com\\\/de\\\/\",\"name\":\"Herbertz Maschinenmesserfabrik\",\"description\":\"Hochwertige Werkzeugst\u00e4hle f\u00fcr hochwertige Maschinenmesser\",\"publisher\":{\"@id\":\"https:\\\/\\\/www.herbertz1925.com\\\/de\\\/#organization\"},\"potentialAction\":[{\"@type\":\"SearchAction\",\"target\":{\"@type\":\"EntryPoint\",\"urlTemplate\":\"https:\\\/\\\/www.herbertz1925.com\\\/de\\\/?s={search_term_string}\"},\"query-input\":{\"@type\":\"PropertyValueSpecification\",\"valueRequired\":true,\"valueName\":\"search_term_string\"}}],\"inLanguage\":\"de\"},{\"@type\":\"Organization\",\"@id\":\"https:\\\/\\\/www.herbertz1925.com\\\/de\\\/#organization\",\"name\":\"Herbertz GmbH & Co. KG\",\"url\":\"https:\\\/\\\/www.herbertz1925.com\\\/de\\\/\",\"logo\":{\"@type\":\"ImageObject\",\"inLanguage\":\"de\",\"@id\":\"https:\\\/\\\/www.herbertz1925.com\\\/de\\\/#\\\/schema\\\/logo\\\/image\\\/\",\"url\":\"https:\\\/\\\/www.herbertz1925.com\\\/wp-content\\\/uploads\\\/2020\\\/03\\\/Logo-Herbertz-2020-1.png\",\"contentUrl\":\"https:\\\/\\\/www.herbertz1925.com\\\/wp-content\\\/uploads\\\/2020\\\/03\\\/Logo-Herbertz-2020-1.png\",\"width\":362,\"height\":196,\"caption\":\"Herbertz GmbH & Co. KG\"},\"image\":{\"@id\":\"https:\\\/\\\/www.herbertz1925.com\\\/de\\\/#\\\/schema\\\/logo\\\/image\\\/\"}}]}<\/script>\n<!-- \/ Yoast SEO plugin. -->","yoast_head_json":{"title":"Bandmesser konvex | Herbertz Maschinenmesserfabrik","description":"Bandmesser konvex | Das Bandmesser konvex vereint die Vorteile eines S\u00e4geblatts mit der Pr\u00e4zision eines Bandmessers.","robots":{"index":"index","follow":"follow","max-snippet":"max-snippet:-1","max-image-preview":"max-image-preview:large","max-video-preview":"max-video-preview:-1"},"canonical":"https:\/\/www.herbertz1925.com\/de\/bandmesser\/bandmesser-konvex\/","og_locale":"de_DE","og_type":"article","og_title":"Bandmesser konvex | Herbertz Maschinenmesserfabrik","og_description":"Bandmesser konvex | Das Bandmesser konvex vereint die Vorteile eines S\u00e4geblatts mit der Pr\u00e4zision eines Bandmessers.","og_url":"https:\/\/www.herbertz1925.com\/de\/bandmesser\/bandmesser-konvex\/","og_site_name":"Herbertz Maschinenmesserfabrik","article_modified_time":"2026-03-24T15:33:01+00:00","og_image":[{"width":1920,"height":1440,"url":"https:\/\/www.herbertz1925.com\/wp-content\/uploads\/2019\/02\/Luftbild-2019.jpg","type":"image\/jpeg"}],"twitter_card":"summary_large_image","twitter_misc":{"Gesch\u00e4tzte Lesezeit":"2\u00a0Minuten"},"schema":{"@context":"https:\/\/schema.org","@graph":[{"@type":"WebPage","@id":"https:\/\/www.herbertz1925.com\/de\/bandmesser\/bandmesser-konvex\/","url":"https:\/\/www.herbertz1925.com\/de\/bandmesser\/bandmesser-konvex\/","name":"Bandmesser konvex | Herbertz Maschinenmesserfabrik","isPartOf":{"@id":"https:\/\/www.herbertz1925.com\/de\/#website"},"datePublished":"2025-01-30T10:52:05+00:00","dateModified":"2026-03-24T15:33:01+00:00","description":"Bandmesser konvex | Das Bandmesser konvex vereint die Vorteile eines S\u00e4geblatts mit der Pr\u00e4zision eines Bandmessers.","breadcrumb":{"@id":"https:\/\/www.herbertz1925.com\/de\/bandmesser\/bandmesser-konvex\/#breadcrumb"},"inLanguage":"de","potentialAction":[{"@type":"ReadAction","target":["https:\/\/www.herbertz1925.com\/de\/bandmesser\/bandmesser-konvex\/"]}]},{"@type":"BreadcrumbList","@id":"https:\/\/www.herbertz1925.com\/de\/bandmesser\/bandmesser-konvex\/#breadcrumb","itemListElement":[{"@type":"ListItem","position":1,"name":"Home","item":"https:\/\/www.herbertz1925.com\/de\/"},{"@type":"ListItem","position":2,"name":"Bandmesser","item":"https:\/\/www.herbertz1925.com\/de\/band-knives\/"},{"@type":"ListItem","position":3,"name":"Bandmesser konvex"}]},{"@type":"WebSite","@id":"https:\/\/www.herbertz1925.com\/de\/#website","url":"https:\/\/www.herbertz1925.com\/de\/","name":"Herbertz Maschinenmesserfabrik","description":"Hochwertige Werkzeugst\u00e4hle f\u00fcr hochwertige Maschinenmesser","publisher":{"@id":"https:\/\/www.herbertz1925.com\/de\/#organization"},"potentialAction":[{"@type":"SearchAction","target":{"@type":"EntryPoint","urlTemplate":"https:\/\/www.herbertz1925.com\/de\/?s={search_term_string}"},"query-input":{"@type":"PropertyValueSpecification","valueRequired":true,"valueName":"search_term_string"}}],"inLanguage":"de"},{"@type":"Organization","@id":"https:\/\/www.herbertz1925.com\/de\/#organization","name":"Herbertz GmbH & Co. KG","url":"https:\/\/www.herbertz1925.com\/de\/","logo":{"@type":"ImageObject","inLanguage":"de","@id":"https:\/\/www.herbertz1925.com\/de\/#\/schema\/logo\/image\/","url":"https:\/\/www.herbertz1925.com\/wp-content\/uploads\/2020\/03\/Logo-Herbertz-2020-1.png","contentUrl":"https:\/\/www.herbertz1925.com\/wp-content\/uploads\/2020\/03\/Logo-Herbertz-2020-1.png","width":362,"height":196,"caption":"Herbertz GmbH & Co. KG"},"image":{"@id":"https:\/\/www.herbertz1925.com\/de\/#\/schema\/logo\/image\/"}}]}},"_links":{"self":[{"href":"https:\/\/www.herbertz1925.com\/de\/wp-json\/wp\/v2\/pages\/4614","targetHints":{"allow":["GET"]}}],"collection":[{"href":"https:\/\/www.herbertz1925.com\/de\/wp-json\/wp\/v2\/pages"}],"about":[{"href":"https:\/\/www.herbertz1925.com\/de\/wp-json\/wp\/v2\/types\/page"}],"author":[{"embeddable":true,"href":"https:\/\/www.herbertz1925.com\/de\/wp-json\/wp\/v2\/users\/1"}],"replies":[{"embeddable":true,"href":"https:\/\/www.herbertz1925.com\/de\/wp-json\/wp\/v2\/comments?post=4614"}],"version-history":[{"count":28,"href":"https:\/\/www.herbertz1925.com\/de\/wp-json\/wp\/v2\/pages\/4614\/revisions"}],"predecessor-version":[{"id":11612,"href":"https:\/\/www.herbertz1925.com\/de\/wp-json\/wp\/v2\/pages\/4614\/revisions\/11612"}],"up":[{"embeddable":true,"href":"https:\/\/www.herbertz1925.com\/de\/wp-json\/wp\/v2\/pages\/18"}],"wp:attachment":[{"href":"https:\/\/www.herbertz1925.com\/de\/wp-json\/wp\/v2\/media?parent=4614"}],"curies":[{"name":"wp","href":"https:\/\/api.w.org\/{rel}","templated":true}]}}