{"id":4622,"date":"2025-01-30T11:54:04","date_gmt":"2025-01-30T10:54:04","guid":{"rendered":"https:\/\/www.herbertz1925.com\/?page_id=4622"},"modified":"2026-03-24T15:55:17","modified_gmt":"2026-03-24T14:55:17","slug":"hartmetallmesser","status":"publish","type":"page","link":"https:\/\/www.herbertz1925.com\/de\/maschinenmesser\/hartmetallmesser\/","title":{"rendered":"Hartmetallmesser"},"content":{"rendered":"\t\t<div data-elementor-type=\"wp-page\" data-elementor-id=\"4622\" class=\"elementor elementor-4622\" data-elementor-post-type=\"page\">\n\t\t\t\t\t\t<section class=\"elementor-section elementor-top-section elementor-element elementor-element-3efdd14 elementor-section-boxed elementor-section-height-default elementor-section-height-default\" data-id=\"3efdd14\" data-element_type=\"section\" data-e-type=\"section\">\n\t\t\t\t\t\t<div class=\"elementor-container elementor-column-gap-default\">\n\t\t\t\t\t<div class=\"elementor-column elementor-col-100 elementor-top-column elementor-element elementor-element-d394fd3\" data-id=\"d394fd3\" data-element_type=\"column\" data-e-type=\"column\">\n\t\t\t<div class=\"elementor-widget-wrap elementor-element-populated\">\n\t\t\t\t\t\t<div class=\"elementor-element elementor-element-9590a24 elementor-widget__width-initial elementor-widget elementor-widget-text-editor\" data-id=\"9590a24\" data-element_type=\"widget\" data-e-type=\"widget\" data-widget_type=\"text-editor.default\">\n\t\t\t\t<div class=\"elementor-widget-container\">\n\t\t\t\t\t\t\t\t\t<h1>Hartmetallmesser \u2013 <br \/>H\u00f6chste Pr\u00e4zision und Standzeit<\/h1><p>Maschinenmesser aus Hartmetall bieten eine au\u00dfergew\u00f6hnliche Schneidleistung und eine \u00fcberdurchschnittliche Standzeit, selbst unter extremen Bedingungen.\u00a0Herbertz GmbH &amp; Co. KG\u00a0fertigt hochpr\u00e4zise\u00a0Kreismesser, Langmesser und Spezialanfertigungen aus Hartmetall, die speziell auf die Anforderungen unserer Kunden zugeschnitten sind<\/p><p>Durch die Kombination hochwertiger Werkstoffe mit modernster Fertigungstechnologie gew\u00e4hrleisten unsere Hartmetallmesser eine herausragende Schnittleistung, hohe Widerstandsf\u00e4higkeit gegen Abrieb und eine lange Lebensdauer.<\/p><h2>Produktportfolio \u2013 Hartmetallmesser von Herbertz<\/h2><p>Unsere Maschinenmesser aus Hartmetall sind in verschiedenen Ausf\u00fchrungen erh\u00e4ltlich:<\/p><ul><li>Kreismesser \u2013 Perfekt f\u00fcr pr\u00e4zise Schneidvorg\u00e4nge in Hochgeschwindigkeitsanwendungen<\/li><li>Langmesser \u2013 Ideal f\u00fcr kontinuierliche Schnittprozesse mit hoher Materialbeanspruchung<\/li><li>Spezialanfertigungen \u2013 Individuell gefertigte L\u00f6sungen f\u00fcr spezifische Anwendungen<\/li><\/ul><h2>Vollhartmetallmesser \u2013 Maximale H\u00e4rte &amp; Standzeit<\/h2><h3>Wie bekomme ich mehr Standzeit in meine Kreismesser?<\/h3><p>Vollhartmetallmesser bestehen vollst\u00e4ndig aus Hartmetall und bieten die h\u00f6chste Widerstandsf\u00e4higkeit gegen\u00fcber Verschlei\u00df. Sie sind ideal f\u00fcr Anwendungen, bei denen extrem abrasive Materialien geschnitten werden.<\/p><ul><li>Herausragende H\u00e4rte f\u00fcr h\u00f6chste Pr\u00e4zision und lange Standzeiten<\/li><li>Geringe Verformung durch au\u00dfergew\u00f6hnliche Formstabilit\u00e4t<\/li><li>Minimaler Wartungsaufwand durch reduzierten Nachschliffbedarf<\/li><li>Besonders geeignet f\u00fcr die Verarbeitung von Papier, Kunststoffen, Folien und Metallen<\/li><\/ul>\t\t\t\t\t\t\t\t<\/div>\n\t\t\t\t<\/div>\n\t\t\t\t<div class=\"elementor-element elementor-element-9a7f2f2 elementor-widget elementor-widget-gallery\" data-id=\"9a7f2f2\" data-element_type=\"widget\" data-e-type=\"widget\" data-settings=\"{&quot;columns&quot;:2,&quot;gap&quot;:{&quot;unit&quot;:&quot;px&quot;,&quot;size&quot;:30,&quot;sizes&quot;:[]},&quot;gallery_layout&quot;:&quot;grid&quot;,&quot;columns_tablet&quot;:2,&quot;columns_mobile&quot;:1,&quot;gap_tablet&quot;:{&quot;unit&quot;:&quot;px&quot;,&quot;size&quot;:10,&quot;sizes&quot;:[]},&quot;gap_mobile&quot;:{&quot;unit&quot;:&quot;px&quot;,&quot;size&quot;:10,&quot;sizes&quot;:[]},&quot;link_to&quot;:&quot;file&quot;,&quot;aspect_ratio&quot;:&quot;3:2&quot;,&quot;overlay_background&quot;:&quot;yes&quot;,&quot;content_hover_animation&quot;:&quot;fade-in&quot;}\" data-widget_type=\"gallery.default\">\n\t\t\t\t<div class=\"elementor-widget-container\">\n\t\t\t\t\t\t\t<div class=\"elementor-gallery__container\">\n\t\t\t\t\t\t\t<a class=\"e-gallery-item elementor-gallery-item elementor-animated-content\" href=\"https:\/\/www.herbertz1925.com\/wp-content\/uploads\/2025\/01\/Vollhartmetall-1.jpg\" data-elementor-open-lightbox=\"yes\" data-elementor-lightbox-slideshow=\"9a7f2f2\" data-elementor-lightbox-title=\"Vollhartmetall-1\" data-e-action-hash=\"#elementor-action%3Aaction%3Dlightbox%26settings%3DeyJpZCI6NDcyOCwidXJsIjoiaHR0cHM6XC9cL3d3dy5oZXJiZXJ0ejE5MjUuY29tXC93cC1jb250ZW50XC91cGxvYWRzXC8yMDI1XC8wMVwvVm9sbGhhcnRtZXRhbGwtMS5qcGciLCJzbGlkZXNob3ciOiI5YTdmMmYyIn0%3D\">\n\t\t\t\t\t<div class=\"e-gallery-image elementor-gallery-item__image\" data-thumbnail=\"https:\/\/www.herbertz1925.com\/wp-content\/uploads\/2025\/01\/Vollhartmetall-1.jpg\" data-width=\"700\" data-height=\"558\" aria-label=\"Kreismesser aus Vollhartmetall\" role=\"img\" ><\/div>\n\t\t\t\t\t\t\t\t\t\t\t<div class=\"elementor-gallery-item__overlay\"><\/div>\n\t\t\t\t\t\t\t\t\t\t\t\t\t\t<\/a>\n\t\t\t\t\t\t\t<a class=\"e-gallery-item elementor-gallery-item elementor-animated-content\" href=\"https:\/\/www.herbertz1925.com\/wp-content\/uploads\/2025\/01\/Vollhartmetall-2.jpg\" data-elementor-open-lightbox=\"yes\" data-elementor-lightbox-slideshow=\"9a7f2f2\" data-elementor-lightbox-title=\"Vollhartmetall-2\" data-e-action-hash=\"#elementor-action%3Aaction%3Dlightbox%26settings%3DeyJpZCI6NDczMCwidXJsIjoiaHR0cHM6XC9cL3d3dy5oZXJiZXJ0ejE5MjUuY29tXC93cC1jb250ZW50XC91cGxvYWRzXC8yMDI1XC8wMVwvVm9sbGhhcnRtZXRhbGwtMi5qcGciLCJzbGlkZXNob3ciOiI5YTdmMmYyIn0%3D\">\n\t\t\t\t\t<div class=\"e-gallery-image elementor-gallery-item__image\" data-thumbnail=\"https:\/\/www.herbertz1925.com\/wp-content\/uploads\/2025\/01\/Vollhartmetall-2.jpg\" data-width=\"700\" data-height=\"518\" aria-label=\"Kreismesser aus Vollhartmetall\" role=\"img\" ><\/div>\n\t\t\t\t\t\t\t\t\t\t\t<div class=\"elementor-gallery-item__overlay\"><\/div>\n\t\t\t\t\t\t\t\t\t\t\t\t\t\t<\/a>\n\t\t\t\t\t<\/div>\n\t\t\t\t\t<\/div>\n\t\t\t\t<\/div>\n\t\t\t\t<div class=\"elementor-element elementor-element-91bf665 elementor-widget__width-initial elementor-widget elementor-widget-text-editor\" data-id=\"91bf665\" data-element_type=\"widget\" data-e-type=\"widget\" data-widget_type=\"text-editor.default\">\n\t\t\t\t<div class=\"elementor-widget-container\">\n\t\t\t\t\t\t\t\t\t<h2>Hartmetallbest\u00fcckte Messer \u2013 Effizienz &amp; Stabilit\u00e4t<\/h2><h3>Welche Vorteile haben Hartmetallmesser?<\/h3><p>Bei hartmetallbest\u00fcckten Messern besteht der Grundk\u00f6rper aus hochwertigem Werkzeugstahl oder HSS (Hochleistungsschnellstahl), w\u00e4hrend die Schneidkante mit Hartmetall versehen ist. Diese Bauweise vereint die Vorteile von H\u00e4rte und Bruchfestigkeit.<\/p><ul><li>Hohe Schnittleistung mit optimierter Standzeit<\/li><li>Robuster Grundk\u00f6rper f\u00fcr verbesserte Bruchsicherheit<\/li><li>Kosteneffiziente L\u00f6sung mit hoher Schneidqualit\u00e4t<\/li><li>Besonders geeignet f\u00fcr Metall-, Papier- und Recyclingindustrie<\/li><\/ul><h2>Einsatzbereiche unserer Hartmetallmesser<\/h2><ul><li>Papier-, Karton- und Folienverarbeitung<\/li><li>Metall-, Kunststoff- und Gummiindustrie<\/li><li>Holz-, Textil- und Lebensmittelverarbeitung<\/li><li>Recycling- und Zerkleinerungstechnik<\/li><\/ul><h3>Wer stellt Hartmetallmesser her?<\/h3><p>Hartmetallmesser werden von verschiedenen Unternehmen hergestellt, die sich auf Schneidwerkzeuge und Industriemesser spezialisiert haben.<\/p><p>Diese Unternehmen bieten eine Vielzahl von Hartmetallmessern und -werkzeugen f\u00fcr unterschiedliche Anwendungen in der Industrie an.<\/p>\t\t\t\t\t\t\t\t<\/div>\n\t\t\t\t<\/div>\n\t\t\t\t<div class=\"elementor-element elementor-element-92cfb29 elementor-widget elementor-widget-image\" data-id=\"92cfb29\" data-element_type=\"widget\" data-e-type=\"widget\" data-widget_type=\"image.default\">\n\t\t\t\t<div class=\"elementor-widget-container\">\n\t\t\t\t\t\t\t\t\t\t\t\t\t\t\t<img decoding=\"async\" src=\"https:\/\/www.herbertz1925.com\/wp-content\/uploads\/elementor\/thumbs\/Langmessermetall-r0roqfky5x2g5ucn77u8iny34hinb5khj38w8xkmbk.jpg\" title=\"Langmessermetall\" alt=\"Langmesser aus Metall\" loading=\"lazy\" \/>\t\t\t\t\t\t\t\t\t\t\t\t\t\t\t<\/div>\n\t\t\t\t<\/div>\n\t\t\t\t<div class=\"elementor-element elementor-element-f36cbe9 elementor-widget__width-initial elementor-widget elementor-widget-text-editor\" data-id=\"f36cbe9\" data-element_type=\"widget\" data-e-type=\"widget\" data-widget_type=\"text-editor.default\">\n\t\t\t\t<div class=\"elementor-widget-container\">\n\t\t\t\t\t\t\t\t\t<h3>Warum Hartmetallmesser von Herbertz?<\/h3><ul><li>Pr\u00e4zisionsgeschliffene Schneidkanten f\u00fcr saubere und exakte Schnitte<\/li><li>Individuelle Fertigung nach Kundenanforderungen<\/li><li>Optimale Materialkombinationen f\u00fcr jede Anwendung<\/li><li>Lange Standzeiten f\u00fcr wirtschaftlichen Einsatz<\/li><\/ul><p>Mit unserem Know-how in der Fertigung von\u00a0<strong>Kreismessern, Langmessern und Spezialanfertigungen aus Hartmetall<\/strong>\u00a0bieten wir langlebige, pr\u00e4zise und wirtschaftliche Schneidl\u00f6sungen f\u00fcr unterschiedlichste industrielle Anwendungen.<\/p><h4>Setzen Sie auf h\u00f6chste Qualit\u00e4t und Effizienz \u2013 mit Hartmetallmessern von Herbertz!<\/h4>\t\t\t\t\t\t\t\t<\/div>\n\t\t\t\t<\/div>\n\t\t\t\t\t<\/div>\n\t\t<\/div>\n\t\t\t\t\t<\/div>\n\t\t<\/section>\n\t\t\t\t<\/div>\n\t\t","protected":false},"excerpt":{"rendered":"<p>Hartmetallmesser \u2013 H\u00f6chste Pr\u00e4zision und Standzeit Maschinenmesser aus Hartmetall bieten eine au\u00dfergew\u00f6hnliche Schneidleistung und eine \u00fcberdurchschnittliche Standzeit, selbst unter extremen Bedingungen.\u00a0Herbertz GmbH &amp; Co. KG\u00a0fertigt hochpr\u00e4zise\u00a0Kreismesser, Langmesser und Spezialanfertigungen aus Hartmetall, die speziell auf die Anforderungen unserer Kunden zugeschnitten sind Durch die Kombination hochwertiger Werkstoffe mit modernster Fertigungstechnologie gew\u00e4hrleisten unsere Hartmetallmesser eine herausragende Schnittleistung, hohe [&hellip;]<\/p>\n","protected":false},"author":1,"featured_media":0,"parent":4084,"menu_order":0,"comment_status":"closed","ping_status":"closed","template":"","meta":{"footnotes":""},"class_list":["post-4622","page","type-page","status-publish","hentry"],"yoast_head":"<!-- This site is optimized with the Yoast SEO plugin v27.3 - https:\/\/yoast.com\/product\/yoast-seo-wordpress\/ -->\n<title>Hartmetallmesser | Herbertz Maschinenmesserfabrik<\/title>\n<meta name=\"description\" content=\"Hartmetallmesser |\" \/>\n<meta name=\"robots\" content=\"index, follow, max-snippet:-1, max-image-preview:large, max-video-preview:-1\" \/>\n<link rel=\"canonical\" href=\"https:\/\/www.herbertz1925.com\/de\/maschinenmesser\/hartmetallmesser\/\" \/>\n<meta property=\"og:locale\" content=\"de_DE\" \/>\n<meta property=\"og:type\" content=\"article\" \/>\n<meta property=\"og:title\" content=\"Hartmetallmesser | Herbertz Maschinenmesserfabrik\" \/>\n<meta property=\"og:description\" content=\"Hartmetallmesser |\" \/>\n<meta property=\"og:url\" content=\"https:\/\/www.herbertz1925.com\/de\/maschinenmesser\/hartmetallmesser\/\" \/>\n<meta property=\"og:site_name\" content=\"Herbertz Maschinenmesserfabrik\" \/>\n<meta property=\"article:modified_time\" content=\"2026-03-24T14:55:17+00:00\" \/>\n<meta property=\"og:image\" content=\"https:\/\/www.herbertz1925.com\/wp-content\/uploads\/elementor\/thumbs\/Langmessermetall-r0roqfky5x2g5ucn77u8iny34hinb5khj38w8xkmbk.jpg\" \/>\n<meta name=\"twitter:card\" content=\"summary_large_image\" \/>\n<meta name=\"twitter:label1\" content=\"Gesch\u00e4tzte Lesezeit\" \/>\n\t<meta name=\"twitter:data1\" content=\"3\u00a0Minuten\" \/>\n<script type=\"application\/ld+json\" class=\"yoast-schema-graph\">{\"@context\":\"https:\\\/\\\/schema.org\",\"@graph\":[{\"@type\":\"WebPage\",\"@id\":\"https:\\\/\\\/www.herbertz1925.com\\\/de\\\/maschinenmesser\\\/hartmetallmesser\\\/\",\"url\":\"https:\\\/\\\/www.herbertz1925.com\\\/de\\\/maschinenmesser\\\/hartmetallmesser\\\/\",\"name\":\"Hartmetallmesser | Herbertz Maschinenmesserfabrik\",\"isPartOf\":{\"@id\":\"https:\\\/\\\/www.herbertz1925.com\\\/de\\\/#website\"},\"primaryImageOfPage\":{\"@id\":\"https:\\\/\\\/www.herbertz1925.com\\\/de\\\/maschinenmesser\\\/hartmetallmesser\\\/#primaryimage\"},\"image\":{\"@id\":\"https:\\\/\\\/www.herbertz1925.com\\\/de\\\/maschinenmesser\\\/hartmetallmesser\\\/#primaryimage\"},\"thumbnailUrl\":\"https:\\\/\\\/www.herbertz1925.com\\\/wp-content\\\/uploads\\\/elementor\\\/thumbs\\\/Langmessermetall-r0roqfky5x2g5ucn77u8iny34hinb5khj38w8xkmbk.jpg\",\"datePublished\":\"2025-01-30T10:54:04+00:00\",\"dateModified\":\"2026-03-24T14:55:17+00:00\",\"description\":\"Hartmetallmesser |\",\"breadcrumb\":{\"@id\":\"https:\\\/\\\/www.herbertz1925.com\\\/de\\\/maschinenmesser\\\/hartmetallmesser\\\/#breadcrumb\"},\"inLanguage\":\"de\",\"potentialAction\":[{\"@type\":\"ReadAction\",\"target\":[\"https:\\\/\\\/www.herbertz1925.com\\\/de\\\/maschinenmesser\\\/hartmetallmesser\\\/\"]}]},{\"@type\":\"ImageObject\",\"inLanguage\":\"de\",\"@id\":\"https:\\\/\\\/www.herbertz1925.com\\\/de\\\/maschinenmesser\\\/hartmetallmesser\\\/#primaryimage\",\"url\":\"https:\\\/\\\/www.herbertz1925.com\\\/wp-content\\\/uploads\\\/elementor\\\/thumbs\\\/Langmessermetall-r0roqfky5x2g5ucn77u8iny34hinb5khj38w8xkmbk.jpg\",\"contentUrl\":\"https:\\\/\\\/www.herbertz1925.com\\\/wp-content\\\/uploads\\\/elementor\\\/thumbs\\\/Langmessermetall-r0roqfky5x2g5ucn77u8iny34hinb5khj38w8xkmbk.jpg\"},{\"@type\":\"BreadcrumbList\",\"@id\":\"https:\\\/\\\/www.herbertz1925.com\\\/de\\\/maschinenmesser\\\/hartmetallmesser\\\/#breadcrumb\",\"itemListElement\":[{\"@type\":\"ListItem\",\"position\":1,\"name\":\"Home\",\"item\":\"https:\\\/\\\/www.herbertz1925.com\\\/de\\\/\"},{\"@type\":\"ListItem\",\"position\":2,\"name\":\"Maschinenmesser\",\"item\":\"https:\\\/\\\/www.herbertz1925.com\\\/de\\\/machine-knives\\\/\"},{\"@type\":\"ListItem\",\"position\":3,\"name\":\"Hartmetallmesser\"}]},{\"@type\":\"WebSite\",\"@id\":\"https:\\\/\\\/www.herbertz1925.com\\\/de\\\/#website\",\"url\":\"https:\\\/\\\/www.herbertz1925.com\\\/de\\\/\",\"name\":\"Herbertz Maschinenmesserfabrik\",\"description\":\"Hochwertige Werkzeugst\u00e4hle f\u00fcr hochwertige Maschinenmesser\",\"publisher\":{\"@id\":\"https:\\\/\\\/www.herbertz1925.com\\\/de\\\/#organization\"},\"potentialAction\":[{\"@type\":\"SearchAction\",\"target\":{\"@type\":\"EntryPoint\",\"urlTemplate\":\"https:\\\/\\\/www.herbertz1925.com\\\/de\\\/?s={search_term_string}\"},\"query-input\":{\"@type\":\"PropertyValueSpecification\",\"valueRequired\":true,\"valueName\":\"search_term_string\"}}],\"inLanguage\":\"de\"},{\"@type\":\"Organization\",\"@id\":\"https:\\\/\\\/www.herbertz1925.com\\\/de\\\/#organization\",\"name\":\"Herbertz GmbH & Co. KG\",\"url\":\"https:\\\/\\\/www.herbertz1925.com\\\/de\\\/\",\"logo\":{\"@type\":\"ImageObject\",\"inLanguage\":\"de\",\"@id\":\"https:\\\/\\\/www.herbertz1925.com\\\/de\\\/#\\\/schema\\\/logo\\\/image\\\/\",\"url\":\"https:\\\/\\\/www.herbertz1925.com\\\/wp-content\\\/uploads\\\/2020\\\/03\\\/Logo-Herbertz-2020-1.png\",\"contentUrl\":\"https:\\\/\\\/www.herbertz1925.com\\\/wp-content\\\/uploads\\\/2020\\\/03\\\/Logo-Herbertz-2020-1.png\",\"width\":362,\"height\":196,\"caption\":\"Herbertz GmbH & Co. KG\"},\"image\":{\"@id\":\"https:\\\/\\\/www.herbertz1925.com\\\/de\\\/#\\\/schema\\\/logo\\\/image\\\/\"}}]}<\/script>\n<!-- \/ Yoast SEO plugin. -->","yoast_head_json":{"title":"Hartmetallmesser | Herbertz Maschinenmesserfabrik","description":"Hartmetallmesser |","robots":{"index":"index","follow":"follow","max-snippet":"max-snippet:-1","max-image-preview":"max-image-preview:large","max-video-preview":"max-video-preview:-1"},"canonical":"https:\/\/www.herbertz1925.com\/de\/maschinenmesser\/hartmetallmesser\/","og_locale":"de_DE","og_type":"article","og_title":"Hartmetallmesser | Herbertz Maschinenmesserfabrik","og_description":"Hartmetallmesser |","og_url":"https:\/\/www.herbertz1925.com\/de\/maschinenmesser\/hartmetallmesser\/","og_site_name":"Herbertz Maschinenmesserfabrik","article_modified_time":"2026-03-24T14:55:17+00:00","og_image":[{"url":"https:\/\/www.herbertz1925.com\/wp-content\/uploads\/elementor\/thumbs\/Langmessermetall-r0roqfky5x2g5ucn77u8iny34hinb5khj38w8xkmbk.jpg","type":"","width":"","height":""}],"twitter_card":"summary_large_image","twitter_misc":{"Gesch\u00e4tzte Lesezeit":"3\u00a0Minuten"},"schema":{"@context":"https:\/\/schema.org","@graph":[{"@type":"WebPage","@id":"https:\/\/www.herbertz1925.com\/de\/maschinenmesser\/hartmetallmesser\/","url":"https:\/\/www.herbertz1925.com\/de\/maschinenmesser\/hartmetallmesser\/","name":"Hartmetallmesser | Herbertz Maschinenmesserfabrik","isPartOf":{"@id":"https:\/\/www.herbertz1925.com\/de\/#website"},"primaryImageOfPage":{"@id":"https:\/\/www.herbertz1925.com\/de\/maschinenmesser\/hartmetallmesser\/#primaryimage"},"image":{"@id":"https:\/\/www.herbertz1925.com\/de\/maschinenmesser\/hartmetallmesser\/#primaryimage"},"thumbnailUrl":"https:\/\/www.herbertz1925.com\/wp-content\/uploads\/elementor\/thumbs\/Langmessermetall-r0roqfky5x2g5ucn77u8iny34hinb5khj38w8xkmbk.jpg","datePublished":"2025-01-30T10:54:04+00:00","dateModified":"2026-03-24T14:55:17+00:00","description":"Hartmetallmesser |","breadcrumb":{"@id":"https:\/\/www.herbertz1925.com\/de\/maschinenmesser\/hartmetallmesser\/#breadcrumb"},"inLanguage":"de","potentialAction":[{"@type":"ReadAction","target":["https:\/\/www.herbertz1925.com\/de\/maschinenmesser\/hartmetallmesser\/"]}]},{"@type":"ImageObject","inLanguage":"de","@id":"https:\/\/www.herbertz1925.com\/de\/maschinenmesser\/hartmetallmesser\/#primaryimage","url":"https:\/\/www.herbertz1925.com\/wp-content\/uploads\/elementor\/thumbs\/Langmessermetall-r0roqfky5x2g5ucn77u8iny34hinb5khj38w8xkmbk.jpg","contentUrl":"https:\/\/www.herbertz1925.com\/wp-content\/uploads\/elementor\/thumbs\/Langmessermetall-r0roqfky5x2g5ucn77u8iny34hinb5khj38w8xkmbk.jpg"},{"@type":"BreadcrumbList","@id":"https:\/\/www.herbertz1925.com\/de\/maschinenmesser\/hartmetallmesser\/#breadcrumb","itemListElement":[{"@type":"ListItem","position":1,"name":"Home","item":"https:\/\/www.herbertz1925.com\/de\/"},{"@type":"ListItem","position":2,"name":"Maschinenmesser","item":"https:\/\/www.herbertz1925.com\/de\/machine-knives\/"},{"@type":"ListItem","position":3,"name":"Hartmetallmesser"}]},{"@type":"WebSite","@id":"https:\/\/www.herbertz1925.com\/de\/#website","url":"https:\/\/www.herbertz1925.com\/de\/","name":"Herbertz Maschinenmesserfabrik","description":"Hochwertige Werkzeugst\u00e4hle f\u00fcr hochwertige Maschinenmesser","publisher":{"@id":"https:\/\/www.herbertz1925.com\/de\/#organization"},"potentialAction":[{"@type":"SearchAction","target":{"@type":"EntryPoint","urlTemplate":"https:\/\/www.herbertz1925.com\/de\/?s={search_term_string}"},"query-input":{"@type":"PropertyValueSpecification","valueRequired":true,"valueName":"search_term_string"}}],"inLanguage":"de"},{"@type":"Organization","@id":"https:\/\/www.herbertz1925.com\/de\/#organization","name":"Herbertz GmbH & Co. KG","url":"https:\/\/www.herbertz1925.com\/de\/","logo":{"@type":"ImageObject","inLanguage":"de","@id":"https:\/\/www.herbertz1925.com\/de\/#\/schema\/logo\/image\/","url":"https:\/\/www.herbertz1925.com\/wp-content\/uploads\/2020\/03\/Logo-Herbertz-2020-1.png","contentUrl":"https:\/\/www.herbertz1925.com\/wp-content\/uploads\/2020\/03\/Logo-Herbertz-2020-1.png","width":362,"height":196,"caption":"Herbertz GmbH & Co. KG"},"image":{"@id":"https:\/\/www.herbertz1925.com\/de\/#\/schema\/logo\/image\/"}}]}},"_links":{"self":[{"href":"https:\/\/www.herbertz1925.com\/de\/wp-json\/wp\/v2\/pages\/4622","targetHints":{"allow":["GET"]}}],"collection":[{"href":"https:\/\/www.herbertz1925.com\/de\/wp-json\/wp\/v2\/pages"}],"about":[{"href":"https:\/\/www.herbertz1925.com\/de\/wp-json\/wp\/v2\/types\/page"}],"author":[{"embeddable":true,"href":"https:\/\/www.herbertz1925.com\/de\/wp-json\/wp\/v2\/users\/1"}],"replies":[{"embeddable":true,"href":"https:\/\/www.herbertz1925.com\/de\/wp-json\/wp\/v2\/comments?post=4622"}],"version-history":[{"count":37,"href":"https:\/\/www.herbertz1925.com\/de\/wp-json\/wp\/v2\/pages\/4622\/revisions"}],"predecessor-version":[{"id":11493,"href":"https:\/\/www.herbertz1925.com\/de\/wp-json\/wp\/v2\/pages\/4622\/revisions\/11493"}],"up":[{"embeddable":true,"href":"https:\/\/www.herbertz1925.com\/de\/wp-json\/wp\/v2\/pages\/4084"}],"wp:attachment":[{"href":"https:\/\/www.herbertz1925.com\/de\/wp-json\/wp\/v2\/media?parent=4622"}],"curies":[{"name":"wp","href":"https:\/\/api.w.org\/{rel}","templated":true}]}}