{"id":4631,"date":"2025-01-30T11:55:46","date_gmt":"2025-01-30T10:55:46","guid":{"rendered":"https:\/\/www.herbertz1925.com\/?page_id=4631"},"modified":"2026-03-24T16:26:09","modified_gmt":"2026-03-24T15:26:09","slug":"papierkreismesser","status":"publish","type":"page","link":"https:\/\/www.herbertz1925.com\/de\/kreismesser\/papierkreismesser\/","title":{"rendered":"Papierkreismesser"},"content":{"rendered":"\t\t<div data-elementor-type=\"wp-page\" data-elementor-id=\"4631\" class=\"elementor elementor-4631\" data-elementor-post-type=\"page\">\n\t\t\t\t<div class=\"elementor-element elementor-element-135544c stretch-width e-flex e-con-boxed e-con e-parent\" data-id=\"135544c\" data-element_type=\"container\" data-e-type=\"container\" data-settings=\"{&quot;background_background&quot;:&quot;classic&quot;}\">\n\t\t\t\t\t<div class=\"e-con-inner\">\n\t\t\t\t<div class=\"elementor-element elementor-element-dbff825 elementor-widget elementor-widget-heading\" data-id=\"dbff825\" data-element_type=\"widget\" data-e-type=\"widget\" data-widget_type=\"heading.default\">\n\t\t\t\t<div class=\"elementor-widget-container\">\n\t\t\t\t\t<h2 class=\"elementor-heading-title elementor-size-default\">Kreismesser<\/h2>\t\t\t\t<\/div>\n\t\t\t\t<\/div>\n\t\t\t\t<div class=\"elementor-element elementor-element-eb2fbca elementor-widget elementor-widget-text-editor\" data-id=\"eb2fbca\" data-element_type=\"widget\" data-e-type=\"widget\" data-widget_type=\"text-editor.default\">\n\t\t\t\t<div class=\"elementor-widget-container\">\n\t\t\t\t\t\t\t\t\t<p>Unsere auf Langlebigkeit ausgelegten Kreismesser liefern pr\u00e4zise, effiziente Schnitte bei verschiedenen Materialien und optimieren so erheblich die Produktivit\u00e4t Ihrer Fertigungsprozesse.<\/p>\t\t\t\t\t\t\t\t<\/div>\n\t\t\t\t<\/div>\n\t\t\t\t\t<\/div>\n\t\t\t\t<\/div>\n\t\t\t\t<section class=\"elementor-section elementor-top-section elementor-element elementor-element-6758110 elementor-section-boxed elementor-section-height-default elementor-section-height-default\" data-id=\"6758110\" data-element_type=\"section\" data-e-type=\"section\">\n\t\t\t\t\t\t<div class=\"elementor-container elementor-column-gap-default\">\n\t\t\t\t\t<div class=\"elementor-column elementor-col-100 elementor-top-column elementor-element elementor-element-cd942a0\" data-id=\"cd942a0\" data-element_type=\"column\" data-e-type=\"column\">\n\t\t\t<div class=\"elementor-widget-wrap elementor-element-populated\">\n\t\t\t\t\t\t<div class=\"elementor-element elementor-element-2c253ae elementor-widget elementor-widget-text-editor\" data-id=\"2c253ae\" data-element_type=\"widget\" data-e-type=\"widget\" data-widget_type=\"text-editor.default\">\n\t\t\t\t<div class=\"elementor-widget-container\">\n\t\t\t\t\t\t\t\t\t<h1>Papierkreismesser \u2013 Pr\u00e4zise <br \/>Schnitte f\u00fcr die Papierverarbeitung<\/h1><p>Kreismesser Papier sind essenzielle Werkzeuge in der Papier- und Hygienepapierindustrie. Sie erm\u00f6glichen saubere, pr\u00e4zise Schnitte bei hohen Geschwindigkeiten und sind entscheidend f\u00fcr die Qualit\u00e4t und Effizienz in der Weiterverarbeitung. Herbertz GmbH &amp;amp; Co. KG bietet hochwertige Papierkreismesser, die f\u00fcr verschiedene Maschinen und Anwendungen optimiert sind.<\/p><h3>Welche Kreismesser f\u00fcr Papier?<\/h3><h2>Eigenschaften und Vorteile unserer Papierkreismesser<\/h2><ul><li>Hohe Schnittpr\u00e4zision f\u00fcr saubere Kanten und minimale Staubbildung\u2028<\/li><li>Beidseitige Wate und Vorwate f\u00fcr optimale Schneidleistung&amp;nbsp;<\/li><li>Individuell angepasste Geometrien f\u00fcr maximale Effizienz\u2028<\/li><li>Polierte Schneiden zur Reduzierung des Reibungswiderstands\u2028ohe Standzeit durch verschlei\u00dffeste Spezialst\u00e4hle<\/li><\/ul>\t\t\t\t\t\t\t\t<\/div>\n\t\t\t\t<\/div>\n\t\t\t\t<div class=\"elementor-element elementor-element-8eb620e elementor-widget elementor-widget-image\" data-id=\"8eb620e\" data-element_type=\"widget\" data-e-type=\"widget\" data-widget_type=\"image.default\">\n\t\t\t\t<div class=\"elementor-widget-container\">\n\t\t\t\t\t\t\t\t\t\t\t\t\t\t\t<img fetchpriority=\"high\" decoding=\"async\" width=\"768\" height=\"512\" src=\"https:\/\/www.herbertz1925.com\/wp-content\/uploads\/2025\/01\/Papierkreismesser-1-768x512.jpg\" class=\"attachment-medium_large size-medium_large wp-image-4672\" alt=\"Papierkreismesser\" srcset=\"https:\/\/www.herbertz1925.com\/wp-content\/uploads\/2025\/01\/Papierkreismesser-1-768x512.jpg 768w, https:\/\/www.herbertz1925.com\/wp-content\/uploads\/2025\/01\/Papierkreismesser-1-300x200.jpg 300w, https:\/\/www.herbertz1925.com\/wp-content\/uploads\/2025\/01\/Papierkreismesser-1-1024x683.jpg 1024w, https:\/\/www.herbertz1925.com\/wp-content\/uploads\/2025\/01\/Papierkreismesser-1-600x400.jpg 600w, https:\/\/www.herbertz1925.com\/wp-content\/uploads\/2025\/01\/Papierkreismesser-1.jpg 1152w\" sizes=\"(max-width: 768px) 100vw, 768px\" \/>\t\t\t\t\t\t\t\t\t\t\t\t\t\t\t<\/div>\n\t\t\t\t<\/div>\n\t\t\t\t<section class=\"elementor-section elementor-inner-section elementor-element elementor-element-9c450ed elementor-section-boxed elementor-section-height-default elementor-section-height-default\" data-id=\"9c450ed\" data-element_type=\"section\" data-e-type=\"section\">\n\t\t\t\t\t\t<div class=\"elementor-container elementor-column-gap-default\">\n\t\t\t\t\t<div class=\"elementor-column elementor-col-50 elementor-inner-column elementor-element elementor-element-e2a0c6f\" data-id=\"e2a0c6f\" data-element_type=\"column\" data-e-type=\"column\">\n\t\t\t<div class=\"elementor-widget-wrap elementor-element-populated\">\n\t\t\t\t\t\t<div class=\"elementor-element elementor-element-0020a6f elementor-widget elementor-widget-text-editor\" data-id=\"0020a6f\" data-element_type=\"widget\" data-e-type=\"widget\" data-widget_type=\"text-editor.default\">\n\t\t\t\t<div class=\"elementor-widget-container\">\n\t\t\t\t\t\t\t\t\t<h2 style=\"text-align: center;\">Einsatzbereiche und Maschineneignung<\/h2><p>Unsere Papierkreismesser sind kompatibel mit Maschinen f\u00fcr die Verarbeitung von:<\/p><ul><li>Hygienepapieren (Toilettenpapier, K\u00fcchenrollen, Papierhandt\u00fccher)<\/li><li>Industriellen Papierprodukten<\/li><\/ul>\t\t\t\t\t\t\t\t<\/div>\n\t\t\t\t<\/div>\n\t\t\t\t\t<\/div>\n\t\t<\/div>\n\t\t\t\t<div class=\"elementor-column elementor-col-50 elementor-inner-column elementor-element elementor-element-42acd4d\" data-id=\"42acd4d\" data-element_type=\"column\" data-e-type=\"column\">\n\t\t\t<div class=\"elementor-widget-wrap elementor-element-populated\">\n\t\t\t\t\t\t<div class=\"elementor-element elementor-element-783169e elementor-widget elementor-widget-text-editor\" data-id=\"783169e\" data-element_type=\"widget\" data-e-type=\"widget\" data-widget_type=\"text-editor.default\">\n\t\t\t\t<div class=\"elementor-widget-container\">\n\t\t\t\t\t\t\t\t\t<h2 style=\"text-align: center;\">Materialien f\u00fcr<br \/>h\u00f6chste Qualit\u00e4t<\/h2><p>Unsere Papierkreismesser bestehen aus hochwertigen Spezialst\u00e4hlen, darunter:<\/p><ul><li>Werkzeugst\u00e4hle wie 75Cr1, 80CrV2, X155CrVMo12-1\u2028<\/li><li>Hochleistungslegierungen f\u00fcr maximale H\u00e4rte und Verschlei\u00dffestigkeit<\/li><\/ul>\t\t\t\t\t\t\t\t<\/div>\n\t\t\t\t<\/div>\n\t\t\t\t\t<\/div>\n\t\t<\/div>\n\t\t\t\t\t<\/div>\n\t\t<\/section>\n\t\t\t\t<div class=\"elementor-element elementor-element-a70d428 elementor-widget elementor-widget-text-editor\" data-id=\"a70d428\" data-element_type=\"widget\" data-e-type=\"widget\" data-widget_type=\"text-editor.default\">\n\t\t\t\t<div class=\"elementor-widget-container\">\n\t\t\t\t\t\t\t\t\t<p style=\"text-align: center;\">Wir fertigen Messer f\u00fcr verschiedene Maschinenkonfigurationen.<\/p>\t\t\t\t\t\t\t\t<\/div>\n\t\t\t\t<\/div>\n\t\t\t\t<div class=\"elementor-element elementor-element-3e727f9 elementor-widget elementor-widget-gallery\" data-id=\"3e727f9\" data-element_type=\"widget\" data-e-type=\"widget\" data-settings=\"{&quot;columns&quot;:2,&quot;gap&quot;:{&quot;unit&quot;:&quot;px&quot;,&quot;size&quot;:20,&quot;sizes&quot;:[]},&quot;gallery_layout&quot;:&quot;grid&quot;,&quot;columns_tablet&quot;:2,&quot;columns_mobile&quot;:1,&quot;gap_tablet&quot;:{&quot;unit&quot;:&quot;px&quot;,&quot;size&quot;:10,&quot;sizes&quot;:[]},&quot;gap_mobile&quot;:{&quot;unit&quot;:&quot;px&quot;,&quot;size&quot;:10,&quot;sizes&quot;:[]},&quot;link_to&quot;:&quot;file&quot;,&quot;aspect_ratio&quot;:&quot;3:2&quot;,&quot;overlay_background&quot;:&quot;yes&quot;,&quot;content_hover_animation&quot;:&quot;fade-in&quot;}\" data-widget_type=\"gallery.default\">\n\t\t\t\t<div class=\"elementor-widget-container\">\n\t\t\t\t\t\t\t<div class=\"elementor-gallery__container\">\n\t\t\t\t\t\t\t<a class=\"e-gallery-item elementor-gallery-item elementor-animated-content\" href=\"https:\/\/www.herbertz1925.com\/wp-content\/uploads\/2025\/01\/Papierkreismesser-2.jpg\" data-elementor-open-lightbox=\"yes\" data-elementor-lightbox-slideshow=\"3e727f9\" data-elementor-lightbox-title=\"Papierkreismesser-2\" data-e-action-hash=\"#elementor-action%3Aaction%3Dlightbox%26settings%3DeyJpZCI6NDY3NCwidXJsIjoiaHR0cHM6XC9cL3d3dy5oZXJiZXJ0ejE5MjUuY29tXC93cC1jb250ZW50XC91cGxvYWRzXC8yMDI1XC8wMVwvUGFwaWVya3JlaXNtZXNzZXItMi5qcGciLCJzbGlkZXNob3ciOiIzZTcyN2Y5In0%3D\">\n\t\t\t\t\t<div class=\"e-gallery-image elementor-gallery-item__image\" data-thumbnail=\"https:\/\/www.herbertz1925.com\/wp-content\/uploads\/2025\/01\/Papierkreismesser-2.jpg\" data-width=\"700\" data-height=\"608\" aria-label=\"Papierkreismesser\" role=\"img\" ><\/div>\n\t\t\t\t\t\t\t\t\t\t\t<div class=\"elementor-gallery-item__overlay\"><\/div>\n\t\t\t\t\t\t\t\t\t\t\t\t\t\t<\/a>\n\t\t\t\t\t\t\t<a class=\"e-gallery-item elementor-gallery-item elementor-animated-content\" href=\"https:\/\/www.herbertz1925.com\/wp-content\/uploads\/2025\/01\/Papierkreismesser-3.jpg\" data-elementor-open-lightbox=\"yes\" data-elementor-lightbox-slideshow=\"3e727f9\" data-elementor-lightbox-title=\"Papierkreismesser-3\" data-e-action-hash=\"#elementor-action%3Aaction%3Dlightbox%26settings%3DeyJpZCI6NDY3NiwidXJsIjoiaHR0cHM6XC9cL3d3dy5oZXJiZXJ0ejE5MjUuY29tXC93cC1jb250ZW50XC91cGxvYWRzXC8yMDI1XC8wMVwvUGFwaWVya3JlaXNtZXNzZXItMy5qcGciLCJzbGlkZXNob3ciOiIzZTcyN2Y5In0%3D\">\n\t\t\t\t\t<div class=\"e-gallery-image elementor-gallery-item__image\" data-thumbnail=\"https:\/\/www.herbertz1925.com\/wp-content\/uploads\/2025\/01\/Papierkreismesser-3.jpg\" data-width=\"654\" data-height=\"1024\" aria-label=\"Papierkreismesser\" role=\"img\" ><\/div>\n\t\t\t\t\t\t\t\t\t\t\t<div class=\"elementor-gallery-item__overlay\"><\/div>\n\t\t\t\t\t\t\t\t\t\t\t\t\t\t<\/a>\n\t\t\t\t\t<\/div>\n\t\t\t\t\t<\/div>\n\t\t\t\t<\/div>\n\t\t\t\t<div class=\"elementor-element elementor-element-dc14983 elementor-widget elementor-widget-text-editor\" data-id=\"dc14983\" data-element_type=\"widget\" data-e-type=\"widget\" data-widget_type=\"text-editor.default\">\n\t\t\t\t<div class=\"elementor-widget-container\">\n\t\t\t\t\t\t\t\t\t<h2 style=\"text-align: center;\">Zubeh\u00f6r &amp; Wartung<\/h2><p>F\u00fcr eine lange Lebensdauer bieten wir passende CBN-Schleifscheiben zur optimalen Pflege und Nachsch\u00e4rfung der Messer.<\/p><p>Mit modernster Fertigungstechnologie und h\u00f6chsten Qualit\u00e4tsstandards liefert Herbertz Papierkreismesser, die f\u00fcr maximale Pr\u00e4zision, Langlebigkeit und Effizienz in der Papierverarbeitung sorgen.<\/p><h4>Setzen Sie auf Qualit\u00e4t \u2013 Papierkreismesser von Herbertz!<\/h4>\t\t\t\t\t\t\t\t<\/div>\n\t\t\t\t<\/div>\n\t\t\t\t\t<\/div>\n\t\t<\/div>\n\t\t\t\t\t<\/div>\n\t\t<\/section>\n\t\t\t\t<\/div>\n\t\t","protected":false},"excerpt":{"rendered":"<p>Kreismesser Unsere auf Langlebigkeit ausgelegten Kreismesser liefern pr\u00e4zise, effiziente Schnitte bei verschiedenen Materialien und optimieren so erheblich die Produktivit\u00e4t Ihrer Fertigungsprozesse. Papierkreismesser \u2013 Pr\u00e4zise Schnitte f\u00fcr die Papierverarbeitung Kreismesser Papier sind essenzielle Werkzeuge in der Papier- und Hygienepapierindustrie. Sie erm\u00f6glichen saubere, pr\u00e4zise Schnitte bei hohen Geschwindigkeiten und sind entscheidend f\u00fcr die Qualit\u00e4t und Effizienz in [&hellip;]<\/p>\n","protected":false},"author":1,"featured_media":0,"parent":530,"menu_order":0,"comment_status":"closed","ping_status":"closed","template":"","meta":{"footnotes":""},"class_list":["post-4631","page","type-page","status-publish","hentry"],"yoast_head":"<!-- This site is optimized with the Yoast SEO plugin v27.3 - https:\/\/yoast.com\/product\/yoast-seo-wordpress\/ -->\n<title>Papierkreismesser | Herbertz Maschinenmesserfabrik<\/title>\n<meta name=\"description\" content=\"Papierkreismesser | Kreismesser Papier sind Werkzeuge in der Papierindustrie f\u00fcr saubere, pr\u00e4zise Schnitte bei hohen Geschwindigkeiten.\" \/>\n<meta name=\"robots\" content=\"index, follow, max-snippet:-1, max-image-preview:large, max-video-preview:-1\" \/>\n<link rel=\"canonical\" href=\"https:\/\/www.herbertz1925.com\/de\/kreismesser\/papierkreismesser\/\" \/>\n<meta property=\"og:locale\" content=\"de_DE\" \/>\n<meta property=\"og:type\" content=\"article\" \/>\n<meta property=\"og:title\" content=\"Papierkreismesser | Herbertz Maschinenmesserfabrik\" \/>\n<meta property=\"og:description\" content=\"Papierkreismesser | Kreismesser Papier sind Werkzeuge in der Papierindustrie f\u00fcr saubere, pr\u00e4zise Schnitte bei hohen Geschwindigkeiten.\" \/>\n<meta property=\"og:url\" content=\"https:\/\/www.herbertz1925.com\/de\/kreismesser\/papierkreismesser\/\" \/>\n<meta property=\"og:site_name\" content=\"Herbertz Maschinenmesserfabrik\" \/>\n<meta property=\"article:modified_time\" content=\"2026-03-24T15:26:09+00:00\" \/>\n<meta property=\"og:image\" content=\"https:\/\/www.herbertz1925.com\/wp-content\/uploads\/2025\/01\/Papierkreismesser-1-768x512.jpg\" \/>\n<meta name=\"twitter:card\" content=\"summary_large_image\" \/>\n<meta name=\"twitter:label1\" content=\"Gesch\u00e4tzte Lesezeit\" \/>\n\t<meta name=\"twitter:data1\" content=\"2\u00a0Minuten\" \/>\n<script type=\"application\/ld+json\" class=\"yoast-schema-graph\">{\"@context\":\"https:\\\/\\\/schema.org\",\"@graph\":[{\"@type\":\"WebPage\",\"@id\":\"https:\\\/\\\/www.herbertz1925.com\\\/de\\\/kreismesser\\\/papierkreismesser\\\/\",\"url\":\"https:\\\/\\\/www.herbertz1925.com\\\/de\\\/kreismesser\\\/papierkreismesser\\\/\",\"name\":\"Papierkreismesser | Herbertz Maschinenmesserfabrik\",\"isPartOf\":{\"@id\":\"https:\\\/\\\/www.herbertz1925.com\\\/de\\\/#website\"},\"primaryImageOfPage\":{\"@id\":\"https:\\\/\\\/www.herbertz1925.com\\\/de\\\/kreismesser\\\/papierkreismesser\\\/#primaryimage\"},\"image\":{\"@id\":\"https:\\\/\\\/www.herbertz1925.com\\\/de\\\/kreismesser\\\/papierkreismesser\\\/#primaryimage\"},\"thumbnailUrl\":\"https:\\\/\\\/www.herbertz1925.com\\\/wp-content\\\/uploads\\\/2025\\\/01\\\/Papierkreismesser-1-768x512.jpg\",\"datePublished\":\"2025-01-30T10:55:46+00:00\",\"dateModified\":\"2026-03-24T15:26:09+00:00\",\"description\":\"Papierkreismesser | Kreismesser Papier sind Werkzeuge in der Papierindustrie f\u00fcr saubere, pr\u00e4zise Schnitte bei hohen Geschwindigkeiten.\",\"breadcrumb\":{\"@id\":\"https:\\\/\\\/www.herbertz1925.com\\\/de\\\/kreismesser\\\/papierkreismesser\\\/#breadcrumb\"},\"inLanguage\":\"de\",\"potentialAction\":[{\"@type\":\"ReadAction\",\"target\":[\"https:\\\/\\\/www.herbertz1925.com\\\/de\\\/kreismesser\\\/papierkreismesser\\\/\"]}]},{\"@type\":\"ImageObject\",\"inLanguage\":\"de\",\"@id\":\"https:\\\/\\\/www.herbertz1925.com\\\/de\\\/kreismesser\\\/papierkreismesser\\\/#primaryimage\",\"url\":\"https:\\\/\\\/www.herbertz1925.com\\\/wp-content\\\/uploads\\\/2025\\\/01\\\/Papierkreismesser-1-768x512.jpg\",\"contentUrl\":\"https:\\\/\\\/www.herbertz1925.com\\\/wp-content\\\/uploads\\\/2025\\\/01\\\/Papierkreismesser-1-768x512.jpg\"},{\"@type\":\"BreadcrumbList\",\"@id\":\"https:\\\/\\\/www.herbertz1925.com\\\/de\\\/kreismesser\\\/papierkreismesser\\\/#breadcrumb\",\"itemListElement\":[{\"@type\":\"ListItem\",\"position\":1,\"name\":\"Home\",\"item\":\"https:\\\/\\\/www.herbertz1925.com\\\/de\\\/\"},{\"@type\":\"ListItem\",\"position\":2,\"name\":\"Kreismesser\",\"item\":\"https:\\\/\\\/www.herbertz1925.com\\\/de\\\/kreismesser\\\/\"},{\"@type\":\"ListItem\",\"position\":3,\"name\":\"Papierkreismesser\"}]},{\"@type\":\"WebSite\",\"@id\":\"https:\\\/\\\/www.herbertz1925.com\\\/de\\\/#website\",\"url\":\"https:\\\/\\\/www.herbertz1925.com\\\/de\\\/\",\"name\":\"Herbertz Maschinenmesserfabrik\",\"description\":\"Hochwertige Werkzeugst\u00e4hle f\u00fcr hochwertige Maschinenmesser\",\"publisher\":{\"@id\":\"https:\\\/\\\/www.herbertz1925.com\\\/de\\\/#organization\"},\"potentialAction\":[{\"@type\":\"SearchAction\",\"target\":{\"@type\":\"EntryPoint\",\"urlTemplate\":\"https:\\\/\\\/www.herbertz1925.com\\\/de\\\/?s={search_term_string}\"},\"query-input\":{\"@type\":\"PropertyValueSpecification\",\"valueRequired\":true,\"valueName\":\"search_term_string\"}}],\"inLanguage\":\"de\"},{\"@type\":\"Organization\",\"@id\":\"https:\\\/\\\/www.herbertz1925.com\\\/de\\\/#organization\",\"name\":\"Herbertz GmbH & Co. KG\",\"url\":\"https:\\\/\\\/www.herbertz1925.com\\\/de\\\/\",\"logo\":{\"@type\":\"ImageObject\",\"inLanguage\":\"de\",\"@id\":\"https:\\\/\\\/www.herbertz1925.com\\\/de\\\/#\\\/schema\\\/logo\\\/image\\\/\",\"url\":\"https:\\\/\\\/www.herbertz1925.com\\\/wp-content\\\/uploads\\\/2020\\\/03\\\/Logo-Herbertz-2020-1.png\",\"contentUrl\":\"https:\\\/\\\/www.herbertz1925.com\\\/wp-content\\\/uploads\\\/2020\\\/03\\\/Logo-Herbertz-2020-1.png\",\"width\":362,\"height\":196,\"caption\":\"Herbertz GmbH & Co. KG\"},\"image\":{\"@id\":\"https:\\\/\\\/www.herbertz1925.com\\\/de\\\/#\\\/schema\\\/logo\\\/image\\\/\"}}]}<\/script>\n<!-- \/ Yoast SEO plugin. -->","yoast_head_json":{"title":"Papierkreismesser | Herbertz Maschinenmesserfabrik","description":"Papierkreismesser | Kreismesser Papier sind Werkzeuge in der Papierindustrie f\u00fcr saubere, pr\u00e4zise Schnitte bei hohen Geschwindigkeiten.","robots":{"index":"index","follow":"follow","max-snippet":"max-snippet:-1","max-image-preview":"max-image-preview:large","max-video-preview":"max-video-preview:-1"},"canonical":"https:\/\/www.herbertz1925.com\/de\/kreismesser\/papierkreismesser\/","og_locale":"de_DE","og_type":"article","og_title":"Papierkreismesser | Herbertz Maschinenmesserfabrik","og_description":"Papierkreismesser | Kreismesser Papier sind Werkzeuge in der Papierindustrie f\u00fcr saubere, pr\u00e4zise Schnitte bei hohen Geschwindigkeiten.","og_url":"https:\/\/www.herbertz1925.com\/de\/kreismesser\/papierkreismesser\/","og_site_name":"Herbertz Maschinenmesserfabrik","article_modified_time":"2026-03-24T15:26:09+00:00","og_image":[{"url":"https:\/\/www.herbertz1925.com\/wp-content\/uploads\/2025\/01\/Papierkreismesser-1-768x512.jpg","type":"","width":"","height":""}],"twitter_card":"summary_large_image","twitter_misc":{"Gesch\u00e4tzte Lesezeit":"2\u00a0Minuten"},"schema":{"@context":"https:\/\/schema.org","@graph":[{"@type":"WebPage","@id":"https:\/\/www.herbertz1925.com\/de\/kreismesser\/papierkreismesser\/","url":"https:\/\/www.herbertz1925.com\/de\/kreismesser\/papierkreismesser\/","name":"Papierkreismesser | Herbertz Maschinenmesserfabrik","isPartOf":{"@id":"https:\/\/www.herbertz1925.com\/de\/#website"},"primaryImageOfPage":{"@id":"https:\/\/www.herbertz1925.com\/de\/kreismesser\/papierkreismesser\/#primaryimage"},"image":{"@id":"https:\/\/www.herbertz1925.com\/de\/kreismesser\/papierkreismesser\/#primaryimage"},"thumbnailUrl":"https:\/\/www.herbertz1925.com\/wp-content\/uploads\/2025\/01\/Papierkreismesser-1-768x512.jpg","datePublished":"2025-01-30T10:55:46+00:00","dateModified":"2026-03-24T15:26:09+00:00","description":"Papierkreismesser | Kreismesser Papier sind Werkzeuge in der Papierindustrie f\u00fcr saubere, pr\u00e4zise Schnitte bei hohen Geschwindigkeiten.","breadcrumb":{"@id":"https:\/\/www.herbertz1925.com\/de\/kreismesser\/papierkreismesser\/#breadcrumb"},"inLanguage":"de","potentialAction":[{"@type":"ReadAction","target":["https:\/\/www.herbertz1925.com\/de\/kreismesser\/papierkreismesser\/"]}]},{"@type":"ImageObject","inLanguage":"de","@id":"https:\/\/www.herbertz1925.com\/de\/kreismesser\/papierkreismesser\/#primaryimage","url":"https:\/\/www.herbertz1925.com\/wp-content\/uploads\/2025\/01\/Papierkreismesser-1-768x512.jpg","contentUrl":"https:\/\/www.herbertz1925.com\/wp-content\/uploads\/2025\/01\/Papierkreismesser-1-768x512.jpg"},{"@type":"BreadcrumbList","@id":"https:\/\/www.herbertz1925.com\/de\/kreismesser\/papierkreismesser\/#breadcrumb","itemListElement":[{"@type":"ListItem","position":1,"name":"Home","item":"https:\/\/www.herbertz1925.com\/de\/"},{"@type":"ListItem","position":2,"name":"Kreismesser","item":"https:\/\/www.herbertz1925.com\/de\/kreismesser\/"},{"@type":"ListItem","position":3,"name":"Papierkreismesser"}]},{"@type":"WebSite","@id":"https:\/\/www.herbertz1925.com\/de\/#website","url":"https:\/\/www.herbertz1925.com\/de\/","name":"Herbertz Maschinenmesserfabrik","description":"Hochwertige Werkzeugst\u00e4hle f\u00fcr hochwertige Maschinenmesser","publisher":{"@id":"https:\/\/www.herbertz1925.com\/de\/#organization"},"potentialAction":[{"@type":"SearchAction","target":{"@type":"EntryPoint","urlTemplate":"https:\/\/www.herbertz1925.com\/de\/?s={search_term_string}"},"query-input":{"@type":"PropertyValueSpecification","valueRequired":true,"valueName":"search_term_string"}}],"inLanguage":"de"},{"@type":"Organization","@id":"https:\/\/www.herbertz1925.com\/de\/#organization","name":"Herbertz GmbH & Co. KG","url":"https:\/\/www.herbertz1925.com\/de\/","logo":{"@type":"ImageObject","inLanguage":"de","@id":"https:\/\/www.herbertz1925.com\/de\/#\/schema\/logo\/image\/","url":"https:\/\/www.herbertz1925.com\/wp-content\/uploads\/2020\/03\/Logo-Herbertz-2020-1.png","contentUrl":"https:\/\/www.herbertz1925.com\/wp-content\/uploads\/2020\/03\/Logo-Herbertz-2020-1.png","width":362,"height":196,"caption":"Herbertz GmbH & Co. KG"},"image":{"@id":"https:\/\/www.herbertz1925.com\/de\/#\/schema\/logo\/image\/"}}]}},"_links":{"self":[{"href":"https:\/\/www.herbertz1925.com\/de\/wp-json\/wp\/v2\/pages\/4631","targetHints":{"allow":["GET"]}}],"collection":[{"href":"https:\/\/www.herbertz1925.com\/de\/wp-json\/wp\/v2\/pages"}],"about":[{"href":"https:\/\/www.herbertz1925.com\/de\/wp-json\/wp\/v2\/types\/page"}],"author":[{"embeddable":true,"href":"https:\/\/www.herbertz1925.com\/de\/wp-json\/wp\/v2\/users\/1"}],"replies":[{"embeddable":true,"href":"https:\/\/www.herbertz1925.com\/de\/wp-json\/wp\/v2\/comments?post=4631"}],"version-history":[{"count":46,"href":"https:\/\/www.herbertz1925.com\/de\/wp-json\/wp\/v2\/pages\/4631\/revisions"}],"predecessor-version":[{"id":11561,"href":"https:\/\/www.herbertz1925.com\/de\/wp-json\/wp\/v2\/pages\/4631\/revisions\/11561"}],"up":[{"embeddable":true,"href":"https:\/\/www.herbertz1925.com\/de\/wp-json\/wp\/v2\/pages\/530"}],"wp:attachment":[{"href":"https:\/\/www.herbertz1925.com\/de\/wp-json\/wp\/v2\/media?parent=4631"}],"curies":[{"name":"wp","href":"https:\/\/api.w.org\/{rel}","templated":true}]}}