{"id":4637,"date":"2025-01-30T11:58:40","date_gmt":"2025-01-30T10:58:40","guid":{"rendered":"https:\/\/www.herbertz1925.com\/?page_id=4637"},"modified":"2026-03-24T16:35:10","modified_gmt":"2026-03-24T15:35:10","slug":"rotor-und-statormesser","status":"publish","type":"page","link":"https:\/\/www.herbertz1925.com\/de\/langmesser\/rotor-und-statormesser\/","title":{"rendered":"Rotor- und Statormesser"},"content":{"rendered":"\t\t<div data-elementor-type=\"wp-page\" data-elementor-id=\"4637\" class=\"elementor elementor-4637\" data-elementor-post-type=\"page\">\n\t\t\t\t<div class=\"elementor-element elementor-element-60507fd5 stretch-width e-flex e-con-boxed e-con e-parent\" data-id=\"60507fd5\" data-element_type=\"container\" data-e-type=\"container\" data-settings=\"{&quot;background_background&quot;:&quot;classic&quot;}\">\n\t\t\t\t\t<div class=\"e-con-inner\">\n\t\t\t\t<div class=\"elementor-element elementor-element-5782654b elementor-widget elementor-widget-heading\" data-id=\"5782654b\" data-element_type=\"widget\" data-e-type=\"widget\" data-widget_type=\"heading.default\">\n\t\t\t\t<div class=\"elementor-widget-container\">\n\t\t\t\t\t<h2 class=\"elementor-heading-title elementor-size-default\">Langmesser<\/h2>\t\t\t\t<\/div>\n\t\t\t\t<\/div>\n\t\t\t\t<div class=\"elementor-element elementor-element-41c7731e elementor-widget elementor-widget-text-editor\" data-id=\"41c7731e\" data-element_type=\"widget\" data-e-type=\"widget\" data-widget_type=\"text-editor.default\">\n\t\t\t\t<div class=\"elementor-widget-container\">\n\t\t\t\t\t\t\t\t\t<p>Unsere Langmesser werden speziell f\u00fcr Ihre Maschinen entwickelt und hergestellt und gew\u00e4hrleisten saubere, pr\u00e4zise Schnitte mit hoher Haltbarkeit f\u00fcr die Lebensmittelverarbeitung, Textil-, Papier-, Druck-, Recycling-, Verpackungs-, Holz- und Metallindustrie.<\/p>\t\t\t\t\t\t\t\t<\/div>\n\t\t\t\t<\/div>\n\t\t\t\t\t<\/div>\n\t\t\t\t<\/div>\n\t\t\t\t<section class=\"elementor-section elementor-top-section elementor-element elementor-element-f0f248a elementor-section-boxed elementor-section-height-default elementor-section-height-default\" data-id=\"f0f248a\" data-element_type=\"section\" data-e-type=\"section\">\n\t\t\t\t\t\t<div class=\"elementor-container elementor-column-gap-default\">\n\t\t\t\t\t<div class=\"elementor-column elementor-col-100 elementor-top-column elementor-element elementor-element-cfb0a0f\" data-id=\"cfb0a0f\" data-element_type=\"column\" data-e-type=\"column\">\n\t\t\t<div class=\"elementor-widget-wrap elementor-element-populated\">\n\t\t\t\t\t\t<div class=\"elementor-element elementor-element-ce49b9f elementor-widget elementor-widget-text-editor\" data-id=\"ce49b9f\" data-element_type=\"widget\" data-e-type=\"widget\" data-widget_type=\"text-editor.default\">\n\t\t\t\t<div class=\"elementor-widget-container\">\n\t\t\t\t\t\t\t\t\t<h1>Rotor- und Statormesser <br \/>f\u00fcr h\u00f6chste Schneidleistung \u2013 <br \/>Qualit\u00e4t von Herbertz<\/h1><p>Rotor- und Statormesser sind essenzielle Bauteile in industriellen Zerkleinerungsanlagen und gew\u00e4hrleisten eine pr\u00e4zise, effiziente Zerkleinerung verschiedenster Materialien. Als renommierter Anbieter von hochwertigen Industriemessern bietet Herbertz leistungsstarke Rotor- und Statormesser, die durch Langlebigkeit, Pr\u00e4zision und hohe Schneidleistung \u00fcberzeugen.<\/p><h2>Rotor- und Statormesser \u2013 Das Schneidsystem im Detail<\/h2><ul><li>Rotor- oder Rotormesser: Diese beweglichen Messer sind auf dem Rotor einer Zerkleinerungsmaschine montiert und rotieren mit hoher Geschwindigkeit. Sie sorgen f\u00fcr eine dynamische Zerkleinerung durch eine kontinuierliche Schnittbewegung.&amp;nbsp;<\/li><li>Statormesser: Diese feststehenden Gegenmesser sind strategisch positioniert, um den Materialfluss gezielt zu f\u00fchren und die Rotormesser bei der Zerkleinerung zu unterst\u00fctzen.<\/li><\/ul><p>Das Zusammenspiel von Rotor- und Statormessern erzeugt einen pr\u00e4zisen Scher- oder Schnittvorgang, der eine gleichm\u00e4\u00dfige Granulatgr\u00f6\u00dfe erm\u00f6glicht und den Verschlei\u00df der Maschine minimiert.<\/p>\t\t\t\t\t\t\t\t<\/div>\n\t\t\t\t<\/div>\n\t\t\t\t<div class=\"elementor-element elementor-element-72e7119 elementor-widget elementor-widget-gallery\" data-id=\"72e7119\" data-element_type=\"widget\" data-e-type=\"widget\" data-settings=\"{&quot;columns&quot;:2,&quot;gap&quot;:{&quot;unit&quot;:&quot;px&quot;,&quot;size&quot;:50,&quot;sizes&quot;:[]},&quot;aspect_ratio&quot;:&quot;16:9&quot;,&quot;gallery_layout&quot;:&quot;grid&quot;,&quot;columns_tablet&quot;:2,&quot;columns_mobile&quot;:1,&quot;gap_tablet&quot;:{&quot;unit&quot;:&quot;px&quot;,&quot;size&quot;:10,&quot;sizes&quot;:[]},&quot;gap_mobile&quot;:{&quot;unit&quot;:&quot;px&quot;,&quot;size&quot;:10,&quot;sizes&quot;:[]},&quot;link_to&quot;:&quot;file&quot;,&quot;overlay_background&quot;:&quot;yes&quot;,&quot;content_hover_animation&quot;:&quot;fade-in&quot;}\" data-widget_type=\"gallery.default\">\n\t\t\t\t<div class=\"elementor-widget-container\">\n\t\t\t\t\t\t\t<div class=\"elementor-gallery__container\">\n\t\t\t\t\t\t\t<a class=\"e-gallery-item elementor-gallery-item elementor-animated-content\" href=\"https:\/\/www.herbertz1925.com\/wp-content\/uploads\/2025\/01\/Rotor-stator-2.jpg\" data-elementor-open-lightbox=\"yes\" data-elementor-lightbox-slideshow=\"72e7119\" data-elementor-lightbox-title=\"Rotor-stator-2\" data-e-action-hash=\"#elementor-action%3Aaction%3Dlightbox%26settings%3DeyJpZCI6NDY5OSwidXJsIjoiaHR0cHM6XC9cL3d3dy5oZXJiZXJ0ejE5MjUuY29tXC93cC1jb250ZW50XC91cGxvYWRzXC8yMDI1XC8wMVwvUm90b3Itc3RhdG9yLTIuanBnIiwic2xpZGVzaG93IjoiNzJlNzExOSJ9\">\n\t\t\t\t\t<div class=\"e-gallery-image elementor-gallery-item__image\" data-thumbnail=\"https:\/\/www.herbertz1925.com\/wp-content\/uploads\/2025\/01\/Rotor-stator-2-768x344.jpg\" data-width=\"768\" data-height=\"344\" aria-label=\"Rotor-\/Statormesser\" role=\"img\" ><\/div>\n\t\t\t\t\t\t\t\t\t\t\t<div class=\"elementor-gallery-item__overlay\"><\/div>\n\t\t\t\t\t\t\t\t\t\t\t\t\t\t<\/a>\n\t\t\t\t\t\t\t<a class=\"e-gallery-item elementor-gallery-item elementor-animated-content\" href=\"https:\/\/www.herbertz1925.com\/wp-content\/uploads\/2025\/01\/Rotor-stator-3.jpg\" data-elementor-open-lightbox=\"yes\" data-elementor-lightbox-slideshow=\"72e7119\" data-elementor-lightbox-title=\"Rotor-stator-3\" data-e-action-hash=\"#elementor-action%3Aaction%3Dlightbox%26settings%3DeyJpZCI6NDcwMSwidXJsIjoiaHR0cHM6XC9cL3d3dy5oZXJiZXJ0ejE5MjUuY29tXC93cC1jb250ZW50XC91cGxvYWRzXC8yMDI1XC8wMVwvUm90b3Itc3RhdG9yLTMuanBnIiwic2xpZGVzaG93IjoiNzJlNzExOSJ9\">\n\t\t\t\t\t<div class=\"e-gallery-image elementor-gallery-item__image\" data-thumbnail=\"https:\/\/www.herbertz1925.com\/wp-content\/uploads\/2025\/01\/Rotor-stator-3-768x344.jpg\" data-width=\"768\" data-height=\"344\" aria-label=\"Rotor-\/Statormesser\" role=\"img\" ><\/div>\n\t\t\t\t\t\t\t\t\t\t\t<div class=\"elementor-gallery-item__overlay\"><\/div>\n\t\t\t\t\t\t\t\t\t\t\t\t\t\t<\/a>\n\t\t\t\t\t<\/div>\n\t\t\t\t\t<\/div>\n\t\t\t\t<\/div>\n\t\t\t\t<div class=\"elementor-element elementor-element-aa5e00f elementor-widget elementor-widget-text-editor\" data-id=\"aa5e00f\" data-element_type=\"widget\" data-e-type=\"widget\" data-widget_type=\"text-editor.default\">\n\t\t\t\t<div class=\"elementor-widget-container\">\n\t\t\t\t\t\t\t\t\t<h2>Hochwertige Materialien f\u00fcr maximale Standzeit<\/h2><p>Unsere Rotor- und Statormesser bestehen aus verschlei\u00dffesten St\u00e4hlen und speziellen Hartlegierungen, die f\u00fcr eine besonders lange Lebensdauer sorgen. Sie sind pr\u00e4zisionsgeschliffen, um selbst bei intensiven Schneidprozessen eine gleichbleibend hohe Schnittleistung zu gew\u00e4hrleisten.<\/p><h2>Anwendungsbereich<\/h2><p>Unsere Rotor- und Statormesser eignen sich f\u00fcr:<\/p><ul><li>Kunststoff- und Recyclingindustrie<\/li><li>Lebensmittelverarbeitung<\/li><li>Papier- und Zellstoffindustrie<\/li><li>Metall- und Holzverarbeitung<\/li><\/ul><h2>Ihre Vorteile mit Herbertz Rotormesser und Statormesser<\/h2><ul><li>Pr\u00e4zise Fertigung f\u00fcr h\u00f6chste Schneidqualit\u00e4t<\/li><li>Lange Standzeiten durch geh\u00e4rtete Spezialst\u00e4hle<\/li><li>Ma\u00dfgeschneiderte L\u00f6sungen f\u00fcr individuelle Anforderungen<\/li><li>Hohe Wirtschaftlichkeit durch reduzierte Stillstandszeiten<\/li><li>Rotormesser Deutschland &#8211; Top Qualit\u00e4t und Pr\u00e4zision<\/li><li>Statormesser Deutschland &#8211; Top Qualit\u00e4t und Pr\u00e4zision<\/li><\/ul><h4>Setzen Sie auf Qualit\u00e4t und Pr\u00e4zision \u2013 mit Rotor- und Statormessern von Herbertz!<\/h4>\t\t\t\t\t\t\t\t<\/div>\n\t\t\t\t<\/div>\n\t\t\t\t\t<\/div>\n\t\t<\/div>\n\t\t\t\t\t<\/div>\n\t\t<\/section>\n\t\t\t\t<\/div>\n\t\t","protected":false},"excerpt":{"rendered":"<p>Langmesser Unsere Langmesser werden speziell f\u00fcr Ihre Maschinen entwickelt und hergestellt und gew\u00e4hrleisten saubere, pr\u00e4zise Schnitte mit hoher Haltbarkeit f\u00fcr die Lebensmittelverarbeitung, Textil-, Papier-, Druck-, Recycling-, Verpackungs-, Holz- und Metallindustrie. Rotor- und Statormesser f\u00fcr h\u00f6chste Schneidleistung \u2013 Qualit\u00e4t von Herbertz Rotor- und Statormesser sind essenzielle Bauteile in industriellen Zerkleinerungsanlagen und gew\u00e4hrleisten eine pr\u00e4zise, effiziente Zerkleinerung [&hellip;]<\/p>\n","protected":false},"author":1,"featured_media":0,"parent":536,"menu_order":0,"comment_status":"closed","ping_status":"closed","template":"","meta":{"footnotes":""},"class_list":["post-4637","page","type-page","status-publish","hentry"],"yoast_head":"<!-- This site is optimized with the Yoast SEO plugin v27.3 - https:\/\/yoast.com\/product\/yoast-seo-wordpress\/ -->\n<title>Rotor- und Statormesser | Herbertz Maschinenmesserfabrik<\/title>\n<meta name=\"description\" content=\"Rotor- und Statormesser | Rotor- und Statormesser dienen in Zerkleinerungsanlagen f\u00fcr eine Zerkleinerung verschiedenster Materialien.\" \/>\n<meta name=\"robots\" content=\"index, follow, max-snippet:-1, max-image-preview:large, max-video-preview:-1\" \/>\n<link rel=\"canonical\" href=\"https:\/\/www.herbertz1925.com\/de\/langmesser\/rotor-und-statormesser\/\" \/>\n<meta property=\"og:locale\" content=\"de_DE\" \/>\n<meta property=\"og:type\" content=\"article\" \/>\n<meta property=\"og:title\" content=\"Rotor- und Statormesser | Herbertz Maschinenmesserfabrik\" \/>\n<meta property=\"og:description\" content=\"Rotor- und Statormesser | Rotor- und Statormesser dienen in Zerkleinerungsanlagen f\u00fcr eine Zerkleinerung verschiedenster Materialien.\" \/>\n<meta property=\"og:url\" content=\"https:\/\/www.herbertz1925.com\/de\/langmesser\/rotor-und-statormesser\/\" \/>\n<meta property=\"og:site_name\" content=\"Herbertz Maschinenmesserfabrik\" \/>\n<meta property=\"article:modified_time\" content=\"2026-03-24T15:35:10+00:00\" \/>\n<meta property=\"og:image\" content=\"https:\/\/www.herbertz1925.com\/wp-content\/uploads\/2019\/02\/Luftbild-2019.jpg\" \/>\n\t<meta property=\"og:image:width\" content=\"1920\" \/>\n\t<meta property=\"og:image:height\" content=\"1440\" \/>\n\t<meta property=\"og:image:type\" content=\"image\/jpeg\" \/>\n<meta name=\"twitter:card\" content=\"summary_large_image\" \/>\n<meta name=\"twitter:label1\" content=\"Gesch\u00e4tzte Lesezeit\" \/>\n\t<meta name=\"twitter:data1\" content=\"2\u00a0Minuten\" \/>\n<script type=\"application\/ld+json\" class=\"yoast-schema-graph\">{\"@context\":\"https:\\\/\\\/schema.org\",\"@graph\":[{\"@type\":\"WebPage\",\"@id\":\"https:\\\/\\\/www.herbertz1925.com\\\/de\\\/langmesser\\\/rotor-und-statormesser\\\/\",\"url\":\"https:\\\/\\\/www.herbertz1925.com\\\/de\\\/langmesser\\\/rotor-und-statormesser\\\/\",\"name\":\"Rotor- und Statormesser | Herbertz Maschinenmesserfabrik\",\"isPartOf\":{\"@id\":\"https:\\\/\\\/www.herbertz1925.com\\\/de\\\/#website\"},\"datePublished\":\"2025-01-30T10:58:40+00:00\",\"dateModified\":\"2026-03-24T15:35:10+00:00\",\"description\":\"Rotor- und Statormesser | Rotor- und Statormesser dienen in Zerkleinerungsanlagen f\u00fcr eine Zerkleinerung verschiedenster Materialien.\",\"breadcrumb\":{\"@id\":\"https:\\\/\\\/www.herbertz1925.com\\\/de\\\/langmesser\\\/rotor-und-statormesser\\\/#breadcrumb\"},\"inLanguage\":\"de\",\"potentialAction\":[{\"@type\":\"ReadAction\",\"target\":[\"https:\\\/\\\/www.herbertz1925.com\\\/de\\\/langmesser\\\/rotor-und-statormesser\\\/\"]}]},{\"@type\":\"BreadcrumbList\",\"@id\":\"https:\\\/\\\/www.herbertz1925.com\\\/de\\\/langmesser\\\/rotor-und-statormesser\\\/#breadcrumb\",\"itemListElement\":[{\"@type\":\"ListItem\",\"position\":1,\"name\":\"Home\",\"item\":\"https:\\\/\\\/www.herbertz1925.com\\\/de\\\/\"},{\"@type\":\"ListItem\",\"position\":2,\"name\":\"Langmesser\",\"item\":\"https:\\\/\\\/www.herbertz1925.com\\\/de\\\/straight-knives\\\/\"},{\"@type\":\"ListItem\",\"position\":3,\"name\":\"Rotor- und Statormesser\"}]},{\"@type\":\"WebSite\",\"@id\":\"https:\\\/\\\/www.herbertz1925.com\\\/de\\\/#website\",\"url\":\"https:\\\/\\\/www.herbertz1925.com\\\/de\\\/\",\"name\":\"Herbertz Maschinenmesserfabrik\",\"description\":\"Hochwertige Werkzeugst\u00e4hle f\u00fcr hochwertige Maschinenmesser\",\"publisher\":{\"@id\":\"https:\\\/\\\/www.herbertz1925.com\\\/de\\\/#organization\"},\"potentialAction\":[{\"@type\":\"SearchAction\",\"target\":{\"@type\":\"EntryPoint\",\"urlTemplate\":\"https:\\\/\\\/www.herbertz1925.com\\\/de\\\/?s={search_term_string}\"},\"query-input\":{\"@type\":\"PropertyValueSpecification\",\"valueRequired\":true,\"valueName\":\"search_term_string\"}}],\"inLanguage\":\"de\"},{\"@type\":\"Organization\",\"@id\":\"https:\\\/\\\/www.herbertz1925.com\\\/de\\\/#organization\",\"name\":\"Herbertz GmbH & Co. KG\",\"url\":\"https:\\\/\\\/www.herbertz1925.com\\\/de\\\/\",\"logo\":{\"@type\":\"ImageObject\",\"inLanguage\":\"de\",\"@id\":\"https:\\\/\\\/www.herbertz1925.com\\\/de\\\/#\\\/schema\\\/logo\\\/image\\\/\",\"url\":\"https:\\\/\\\/www.herbertz1925.com\\\/wp-content\\\/uploads\\\/2020\\\/03\\\/Logo-Herbertz-2020-1.png\",\"contentUrl\":\"https:\\\/\\\/www.herbertz1925.com\\\/wp-content\\\/uploads\\\/2020\\\/03\\\/Logo-Herbertz-2020-1.png\",\"width\":362,\"height\":196,\"caption\":\"Herbertz GmbH & Co. KG\"},\"image\":{\"@id\":\"https:\\\/\\\/www.herbertz1925.com\\\/de\\\/#\\\/schema\\\/logo\\\/image\\\/\"}}]}<\/script>\n<!-- \/ Yoast SEO plugin. -->","yoast_head_json":{"title":"Rotor- und Statormesser | Herbertz Maschinenmesserfabrik","description":"Rotor- und Statormesser | Rotor- und Statormesser dienen in Zerkleinerungsanlagen f\u00fcr eine Zerkleinerung verschiedenster Materialien.","robots":{"index":"index","follow":"follow","max-snippet":"max-snippet:-1","max-image-preview":"max-image-preview:large","max-video-preview":"max-video-preview:-1"},"canonical":"https:\/\/www.herbertz1925.com\/de\/langmesser\/rotor-und-statormesser\/","og_locale":"de_DE","og_type":"article","og_title":"Rotor- und Statormesser | Herbertz Maschinenmesserfabrik","og_description":"Rotor- und Statormesser | Rotor- und Statormesser dienen in Zerkleinerungsanlagen f\u00fcr eine Zerkleinerung verschiedenster Materialien.","og_url":"https:\/\/www.herbertz1925.com\/de\/langmesser\/rotor-und-statormesser\/","og_site_name":"Herbertz Maschinenmesserfabrik","article_modified_time":"2026-03-24T15:35:10+00:00","og_image":[{"width":1920,"height":1440,"url":"https:\/\/www.herbertz1925.com\/wp-content\/uploads\/2019\/02\/Luftbild-2019.jpg","type":"image\/jpeg"}],"twitter_card":"summary_large_image","twitter_misc":{"Gesch\u00e4tzte Lesezeit":"2\u00a0Minuten"},"schema":{"@context":"https:\/\/schema.org","@graph":[{"@type":"WebPage","@id":"https:\/\/www.herbertz1925.com\/de\/langmesser\/rotor-und-statormesser\/","url":"https:\/\/www.herbertz1925.com\/de\/langmesser\/rotor-und-statormesser\/","name":"Rotor- und Statormesser | Herbertz Maschinenmesserfabrik","isPartOf":{"@id":"https:\/\/www.herbertz1925.com\/de\/#website"},"datePublished":"2025-01-30T10:58:40+00:00","dateModified":"2026-03-24T15:35:10+00:00","description":"Rotor- und Statormesser | Rotor- und Statormesser dienen in Zerkleinerungsanlagen f\u00fcr eine Zerkleinerung verschiedenster Materialien.","breadcrumb":{"@id":"https:\/\/www.herbertz1925.com\/de\/langmesser\/rotor-und-statormesser\/#breadcrumb"},"inLanguage":"de","potentialAction":[{"@type":"ReadAction","target":["https:\/\/www.herbertz1925.com\/de\/langmesser\/rotor-und-statormesser\/"]}]},{"@type":"BreadcrumbList","@id":"https:\/\/www.herbertz1925.com\/de\/langmesser\/rotor-und-statormesser\/#breadcrumb","itemListElement":[{"@type":"ListItem","position":1,"name":"Home","item":"https:\/\/www.herbertz1925.com\/de\/"},{"@type":"ListItem","position":2,"name":"Langmesser","item":"https:\/\/www.herbertz1925.com\/de\/straight-knives\/"},{"@type":"ListItem","position":3,"name":"Rotor- und Statormesser"}]},{"@type":"WebSite","@id":"https:\/\/www.herbertz1925.com\/de\/#website","url":"https:\/\/www.herbertz1925.com\/de\/","name":"Herbertz Maschinenmesserfabrik","description":"Hochwertige Werkzeugst\u00e4hle f\u00fcr hochwertige Maschinenmesser","publisher":{"@id":"https:\/\/www.herbertz1925.com\/de\/#organization"},"potentialAction":[{"@type":"SearchAction","target":{"@type":"EntryPoint","urlTemplate":"https:\/\/www.herbertz1925.com\/de\/?s={search_term_string}"},"query-input":{"@type":"PropertyValueSpecification","valueRequired":true,"valueName":"search_term_string"}}],"inLanguage":"de"},{"@type":"Organization","@id":"https:\/\/www.herbertz1925.com\/de\/#organization","name":"Herbertz GmbH & Co. KG","url":"https:\/\/www.herbertz1925.com\/de\/","logo":{"@type":"ImageObject","inLanguage":"de","@id":"https:\/\/www.herbertz1925.com\/de\/#\/schema\/logo\/image\/","url":"https:\/\/www.herbertz1925.com\/wp-content\/uploads\/2020\/03\/Logo-Herbertz-2020-1.png","contentUrl":"https:\/\/www.herbertz1925.com\/wp-content\/uploads\/2020\/03\/Logo-Herbertz-2020-1.png","width":362,"height":196,"caption":"Herbertz GmbH & Co. KG"},"image":{"@id":"https:\/\/www.herbertz1925.com\/de\/#\/schema\/logo\/image\/"}}]}},"_links":{"self":[{"href":"https:\/\/www.herbertz1925.com\/de\/wp-json\/wp\/v2\/pages\/4637","targetHints":{"allow":["GET"]}}],"collection":[{"href":"https:\/\/www.herbertz1925.com\/de\/wp-json\/wp\/v2\/pages"}],"about":[{"href":"https:\/\/www.herbertz1925.com\/de\/wp-json\/wp\/v2\/types\/page"}],"author":[{"embeddable":true,"href":"https:\/\/www.herbertz1925.com\/de\/wp-json\/wp\/v2\/users\/1"}],"replies":[{"embeddable":true,"href":"https:\/\/www.herbertz1925.com\/de\/wp-json\/wp\/v2\/comments?post=4637"}],"version-history":[{"count":46,"href":"https:\/\/www.herbertz1925.com\/de\/wp-json\/wp\/v2\/pages\/4637\/revisions"}],"predecessor-version":[{"id":11645,"href":"https:\/\/www.herbertz1925.com\/de\/wp-json\/wp\/v2\/pages\/4637\/revisions\/11645"}],"up":[{"embeddable":true,"href":"https:\/\/www.herbertz1925.com\/de\/wp-json\/wp\/v2\/pages\/536"}],"wp:attachment":[{"href":"https:\/\/www.herbertz1925.com\/de\/wp-json\/wp\/v2\/media?parent=4637"}],"curies":[{"name":"wp","href":"https:\/\/api.w.org\/{rel}","templated":true}]}}