{"id":4646,"date":"2025-01-30T12:01:24","date_gmt":"2025-01-30T11:01:24","guid":{"rendered":"https:\/\/www.herbertz1925.com\/?page_id=4646"},"modified":"2026-03-24T16:35:21","modified_gmt":"2026-03-24T15:35:21","slug":"scherenmesser-fuer-tafelscheren","status":"publish","type":"page","link":"https:\/\/www.herbertz1925.com\/de\/langmesser\/scherenmesser-fuer-tafelscheren\/","title":{"rendered":"Scherenmesser f\u00fcr Tafelscheren"},"content":{"rendered":"\t\t<div data-elementor-type=\"wp-page\" data-elementor-id=\"4646\" class=\"elementor elementor-4646\" data-elementor-post-type=\"page\">\n\t\t\t\t<div class=\"elementor-element elementor-element-daa6356 stretch-width e-flex e-con-boxed e-con e-parent\" data-id=\"daa6356\" data-element_type=\"container\" data-e-type=\"container\" data-settings=\"{&quot;background_background&quot;:&quot;classic&quot;}\">\n\t\t\t\t\t<div class=\"e-con-inner\">\n\t\t\t\t<div class=\"elementor-element elementor-element-e59630d elementor-widget elementor-widget-heading\" data-id=\"e59630d\" data-element_type=\"widget\" data-e-type=\"widget\" data-widget_type=\"heading.default\">\n\t\t\t\t<div class=\"elementor-widget-container\">\n\t\t\t\t\t<h2 class=\"elementor-heading-title elementor-size-default\">Langmesser<\/h2>\t\t\t\t<\/div>\n\t\t\t\t<\/div>\n\t\t\t\t<div class=\"elementor-element elementor-element-bfbbfca elementor-widget elementor-widget-text-editor\" data-id=\"bfbbfca\" data-element_type=\"widget\" data-e-type=\"widget\" data-widget_type=\"text-editor.default\">\n\t\t\t\t<div class=\"elementor-widget-container\">\n\t\t\t\t\t\t\t\t\t<p>Unsere Langmesser werden speziell f\u00fcr Ihre Maschinen entwickelt und hergestellt und gew\u00e4hrleisten saubere, pr\u00e4zise Schnitte mit hoher Haltbarkeit f\u00fcr die Lebensmittelverarbeitung, Textil-, Papier-, Druck-, Recycling-, Verpackungs-, Holz- und Metallindustrie.<\/p>\t\t\t\t\t\t\t\t<\/div>\n\t\t\t\t<\/div>\n\t\t\t\t\t<\/div>\n\t\t\t\t<\/div>\n\t\t\t\t<section class=\"elementor-section elementor-top-section elementor-element elementor-element-bc98ba9 elementor-section-boxed elementor-section-height-default elementor-section-height-default\" data-id=\"bc98ba9\" data-element_type=\"section\" data-e-type=\"section\">\n\t\t\t\t\t\t<div class=\"elementor-container elementor-column-gap-default\">\n\t\t\t\t\t<div class=\"elementor-column elementor-col-100 elementor-top-column elementor-element elementor-element-d92ec1b\" data-id=\"d92ec1b\" data-element_type=\"column\" data-e-type=\"column\">\n\t\t\t<div class=\"elementor-widget-wrap elementor-element-populated\">\n\t\t\t\t\t\t<div class=\"elementor-element elementor-element-417b406 elementor-widget elementor-widget-text-editor\" data-id=\"417b406\" data-element_type=\"widget\" data-e-type=\"widget\" data-widget_type=\"text-editor.default\">\n\t\t\t\t<div class=\"elementor-widget-container\">\n\t\t\t\t\t\t\t\t\t<h1>Scherenmesser f\u00fcr Tafelscheren \u2013<br>Pr\u00e4zision und Langlebigkeit f\u00fcr <br>industrielle Schneidprozess<\/h1>\n<p>Scherenmesser sind essenzielle Werkzeuge in der industriellen Blechbearbeitung und kommen in Tafelscheren zum Einsatz. Diese Maschinen erm\u00f6glichen das exakte Schneiden von Blechen unterschiedlicher Dicken. Die Herbertz GmbH &amp;amp; Co. KG bietet hochpr\u00e4zise Scherenmesser f\u00fcr Tafelscheren, die durch ihre Langlebigkeit, Standzeit und ma\u00dfgeschneiderte Fertigung \u00fcberzeugen.<\/p>\n<h2>Eigenschaften und Vorteile<\/h2>\n<ul>\n<li>Exakte Schneidkanten f\u00fcr saubere und gratfreie Schnitte<\/li>\n<li>L\u00e4ngen bis zu 4.100 mm und verschiedene Querschnitte erh\u00e4ltlich<\/li>\n<li>Beidseitiger oder einseitiger Anschliff, abgestimmt auf Tafelscheren und Anwendungen<\/li>\n<li>Verschlei\u00dffeste Materialien wie Werkzeugst\u00e4hle (1.2842, 1.2379, 1.3343), eingelassene<\/li>\n<li>HSS Leisten oder pulvermetallurgische Hochleistungslegierungen.<\/li>\n<li>Optimierte W\u00e4rmebehandlung f\u00fcr maximale Standzeit und geringe Wartungskosten<\/li>\n<\/ul>\t\t\t\t\t\t\t\t<\/div>\n\t\t\t\t<\/div>\n\t\t\t\t<div class=\"elementor-element elementor-element-105f86a elementor-widget elementor-widget-image\" data-id=\"105f86a\" data-element_type=\"widget\" data-e-type=\"widget\" data-widget_type=\"image.default\">\n\t\t\t\t<div class=\"elementor-widget-container\">\n\t\t\t\t\t\t\t\t\t\t\t\t\t\t\t<img fetchpriority=\"high\" decoding=\"async\" width=\"800\" height=\"242\" src=\"https:\/\/www.herbertz1925.com\/wp-content\/uploads\/2025\/01\/Tafelscheren.jpg\" class=\"attachment-large size-large wp-image-4721\" alt=\"Tafelscheren\" srcset=\"https:\/\/www.herbertz1925.com\/wp-content\/uploads\/2025\/01\/Tafelscheren.jpg 800w, https:\/\/www.herbertz1925.com\/wp-content\/uploads\/2025\/01\/Tafelscheren-300x91.jpg 300w, https:\/\/www.herbertz1925.com\/wp-content\/uploads\/2025\/01\/Tafelscheren-768x232.jpg 768w, https:\/\/www.herbertz1925.com\/wp-content\/uploads\/2025\/01\/Tafelscheren-600x182.jpg 600w\" sizes=\"(max-width: 800px) 100vw, 800px\" \/>\t\t\t\t\t\t\t\t\t\t\t\t\t\t\t<\/div>\n\t\t\t\t<\/div>\n\t\t\t\t<div class=\"elementor-element elementor-element-a5ddcc9 elementor-widget elementor-widget-text-editor\" data-id=\"a5ddcc9\" data-element_type=\"widget\" data-e-type=\"widget\" data-widget_type=\"text-editor.default\">\n\t\t\t\t<div class=\"elementor-widget-container\">\n\t\t\t\t\t\t\t\t\t<h2>Einsatzbereiche in Tafelschere<\/h2><p>Unsere Scherenmesser sind ideal f\u00fcr den Einsatz in Tafelscheren, um eine pr\u00e4zise und effiziente Blechbearbeitung sicherzustellen. Sie eignen sich f\u00fcr:<\/p><ul><li>D\u00fcnnbleche (0,3 \u2013 5 mm)<\/li><li>Dickbleche bis 20 mm (abh\u00e4ngig von Tafelschere und Material)<\/li><\/ul><h2>Schneidverfahren mit Tafelschere<\/h2><p>Trennschnitt: Effizientes Zuschneiden von Blechen auf Ma\u00df f\u00fcr hohe Produktivit\u00e4t<br \/>Ma\u00dfschnitt: Pr\u00e4zise Zuschnitte mit minimalen Toleranzen f\u00fcr h\u00f6chste Passgenauigkeit<br \/>Durch modernste Fertigungstechnologien und pr\u00e4zise Verarbeitung gew\u00e4hrleisten Herbertz Scherenmesser f\u00fcr Tafelscheren eine lange Standzeit, geringe Stillstandszeiten und pr\u00e4zise Schnittergebnisse \u2013 selbst bei anspruchsvollsten Materialien.<br \/>Setzen Sie auf bew\u00e4hrte Qualit\u00e4t und Pr\u00e4zision mit Scherenmessern f\u00fcr Tafelscheren von Herbertz! Dem f\u00fchrenden Scherenmesser Hersteller f\u00fcr Industriemesser.<\/p><h2>Ihre Vorteile mit Herbertz Scherenmesser<\/h2><ul><li>Pr\u00e4zise Fertigung<\/li><li>Ma\u00dfgeschneiderte L\u00f6sungen<\/li><li>Hohe Wirtschaftlichkeit<\/li><li>Scherenmesser Deutschland &#8211; Top Qualit\u00e4t und Pr\u00e4zision<\/li><\/ul>\t\t\t\t\t\t\t\t<\/div>\n\t\t\t\t<\/div>\n\t\t\t\t\t<\/div>\n\t\t<\/div>\n\t\t\t\t\t<\/div>\n\t\t<\/section>\n\t\t\t\t<\/div>\n\t\t","protected":false},"excerpt":{"rendered":"<p>Langmesser Unsere Langmesser werden speziell f\u00fcr Ihre Maschinen entwickelt und hergestellt und gew\u00e4hrleisten saubere, pr\u00e4zise Schnitte mit hoher Haltbarkeit f\u00fcr die Lebensmittelverarbeitung, Textil-, Papier-, Druck-, Recycling-, Verpackungs-, Holz- und Metallindustrie. Scherenmesser f\u00fcr Tafelscheren \u2013Pr\u00e4zision und Langlebigkeit f\u00fcr industrielle Schneidprozess Scherenmesser sind essenzielle Werkzeuge in der industriellen Blechbearbeitung und kommen in Tafelscheren zum Einsatz. Diese Maschinen [&hellip;]<\/p>\n","protected":false},"author":1,"featured_media":0,"parent":536,"menu_order":0,"comment_status":"closed","ping_status":"closed","template":"","meta":{"footnotes":""},"class_list":["post-4646","page","type-page","status-publish","hentry"],"yoast_head":"<!-- This site is optimized with the Yoast SEO plugin v27.3 - https:\/\/yoast.com\/product\/yoast-seo-wordpress\/ -->\n<title>Scherenmesser f\u00fcr Tafelscheren | Herbertz Maschinenmesserfabrik<\/title>\n<meta name=\"description\" content=\"Scherenmesser f\u00fcr Tafelscheren | Scherenmesser sind Werkzeuge in der industriellen Blechbearbeitung und kommen in Tafelscheren zum Einsatz.\" \/>\n<meta name=\"robots\" content=\"index, follow, max-snippet:-1, max-image-preview:large, max-video-preview:-1\" \/>\n<link rel=\"canonical\" href=\"https:\/\/www.herbertz1925.com\/de\/langmesser\/scherenmesser-fuer-tafelscheren\/\" \/>\n<meta property=\"og:locale\" content=\"de_DE\" \/>\n<meta property=\"og:type\" content=\"article\" \/>\n<meta property=\"og:title\" content=\"Scherenmesser f\u00fcr Tafelscheren | Herbertz Maschinenmesserfabrik\" \/>\n<meta property=\"og:description\" content=\"Scherenmesser f\u00fcr Tafelscheren | Scherenmesser sind Werkzeuge in der industriellen Blechbearbeitung und kommen in Tafelscheren zum Einsatz.\" \/>\n<meta property=\"og:url\" content=\"https:\/\/www.herbertz1925.com\/de\/langmesser\/scherenmesser-fuer-tafelscheren\/\" \/>\n<meta property=\"og:site_name\" content=\"Herbertz Maschinenmesserfabrik\" \/>\n<meta property=\"article:modified_time\" content=\"2026-03-24T15:35:21+00:00\" \/>\n<meta property=\"og:image\" content=\"https:\/\/www.herbertz1925.com\/wp-content\/uploads\/2025\/01\/Tafelscheren.jpg\" \/>\n<meta name=\"twitter:card\" content=\"summary_large_image\" \/>\n<meta name=\"twitter:label1\" content=\"Gesch\u00e4tzte Lesezeit\" \/>\n\t<meta name=\"twitter:data1\" content=\"2\u00a0Minuten\" \/>\n<script type=\"application\/ld+json\" class=\"yoast-schema-graph\">{\"@context\":\"https:\\\/\\\/schema.org\",\"@graph\":[{\"@type\":\"WebPage\",\"@id\":\"https:\\\/\\\/www.herbertz1925.com\\\/de\\\/langmesser\\\/scherenmesser-fuer-tafelscheren\\\/\",\"url\":\"https:\\\/\\\/www.herbertz1925.com\\\/de\\\/langmesser\\\/scherenmesser-fuer-tafelscheren\\\/\",\"name\":\"Scherenmesser f\u00fcr Tafelscheren | Herbertz Maschinenmesserfabrik\",\"isPartOf\":{\"@id\":\"https:\\\/\\\/www.herbertz1925.com\\\/de\\\/#website\"},\"primaryImageOfPage\":{\"@id\":\"https:\\\/\\\/www.herbertz1925.com\\\/de\\\/langmesser\\\/scherenmesser-fuer-tafelscheren\\\/#primaryimage\"},\"image\":{\"@id\":\"https:\\\/\\\/www.herbertz1925.com\\\/de\\\/langmesser\\\/scherenmesser-fuer-tafelscheren\\\/#primaryimage\"},\"thumbnailUrl\":\"https:\\\/\\\/www.herbertz1925.com\\\/wp-content\\\/uploads\\\/2025\\\/01\\\/Tafelscheren.jpg\",\"datePublished\":\"2025-01-30T11:01:24+00:00\",\"dateModified\":\"2026-03-24T15:35:21+00:00\",\"description\":\"Scherenmesser f\u00fcr Tafelscheren | Scherenmesser sind Werkzeuge in der industriellen Blechbearbeitung und kommen in Tafelscheren zum Einsatz.\",\"breadcrumb\":{\"@id\":\"https:\\\/\\\/www.herbertz1925.com\\\/de\\\/langmesser\\\/scherenmesser-fuer-tafelscheren\\\/#breadcrumb\"},\"inLanguage\":\"de\",\"potentialAction\":[{\"@type\":\"ReadAction\",\"target\":[\"https:\\\/\\\/www.herbertz1925.com\\\/de\\\/langmesser\\\/scherenmesser-fuer-tafelscheren\\\/\"]}]},{\"@type\":\"ImageObject\",\"inLanguage\":\"de\",\"@id\":\"https:\\\/\\\/www.herbertz1925.com\\\/de\\\/langmesser\\\/scherenmesser-fuer-tafelscheren\\\/#primaryimage\",\"url\":\"https:\\\/\\\/www.herbertz1925.com\\\/wp-content\\\/uploads\\\/2025\\\/01\\\/Tafelscheren.jpg\",\"contentUrl\":\"https:\\\/\\\/www.herbertz1925.com\\\/wp-content\\\/uploads\\\/2025\\\/01\\\/Tafelscheren.jpg\"},{\"@type\":\"BreadcrumbList\",\"@id\":\"https:\\\/\\\/www.herbertz1925.com\\\/de\\\/langmesser\\\/scherenmesser-fuer-tafelscheren\\\/#breadcrumb\",\"itemListElement\":[{\"@type\":\"ListItem\",\"position\":1,\"name\":\"Home\",\"item\":\"https:\\\/\\\/www.herbertz1925.com\\\/de\\\/\"},{\"@type\":\"ListItem\",\"position\":2,\"name\":\"Langmesser\",\"item\":\"https:\\\/\\\/www.herbertz1925.com\\\/de\\\/straight-knives\\\/\"},{\"@type\":\"ListItem\",\"position\":3,\"name\":\"Scherenmesser f\u00fcr Tafelscheren\"}]},{\"@type\":\"WebSite\",\"@id\":\"https:\\\/\\\/www.herbertz1925.com\\\/de\\\/#website\",\"url\":\"https:\\\/\\\/www.herbertz1925.com\\\/de\\\/\",\"name\":\"Herbertz Maschinenmesserfabrik\",\"description\":\"Hochwertige Werkzeugst\u00e4hle f\u00fcr hochwertige Maschinenmesser\",\"publisher\":{\"@id\":\"https:\\\/\\\/www.herbertz1925.com\\\/de\\\/#organization\"},\"potentialAction\":[{\"@type\":\"SearchAction\",\"target\":{\"@type\":\"EntryPoint\",\"urlTemplate\":\"https:\\\/\\\/www.herbertz1925.com\\\/de\\\/?s={search_term_string}\"},\"query-input\":{\"@type\":\"PropertyValueSpecification\",\"valueRequired\":true,\"valueName\":\"search_term_string\"}}],\"inLanguage\":\"de\"},{\"@type\":\"Organization\",\"@id\":\"https:\\\/\\\/www.herbertz1925.com\\\/de\\\/#organization\",\"name\":\"Herbertz GmbH & Co. KG\",\"url\":\"https:\\\/\\\/www.herbertz1925.com\\\/de\\\/\",\"logo\":{\"@type\":\"ImageObject\",\"inLanguage\":\"de\",\"@id\":\"https:\\\/\\\/www.herbertz1925.com\\\/de\\\/#\\\/schema\\\/logo\\\/image\\\/\",\"url\":\"https:\\\/\\\/www.herbertz1925.com\\\/wp-content\\\/uploads\\\/2020\\\/03\\\/Logo-Herbertz-2020-1.png\",\"contentUrl\":\"https:\\\/\\\/www.herbertz1925.com\\\/wp-content\\\/uploads\\\/2020\\\/03\\\/Logo-Herbertz-2020-1.png\",\"width\":362,\"height\":196,\"caption\":\"Herbertz GmbH & Co. KG\"},\"image\":{\"@id\":\"https:\\\/\\\/www.herbertz1925.com\\\/de\\\/#\\\/schema\\\/logo\\\/image\\\/\"}}]}<\/script>\n<!-- \/ Yoast SEO plugin. -->","yoast_head_json":{"title":"Scherenmesser f\u00fcr Tafelscheren | Herbertz Maschinenmesserfabrik","description":"Scherenmesser f\u00fcr Tafelscheren | Scherenmesser sind Werkzeuge in der industriellen Blechbearbeitung und kommen in Tafelscheren zum Einsatz.","robots":{"index":"index","follow":"follow","max-snippet":"max-snippet:-1","max-image-preview":"max-image-preview:large","max-video-preview":"max-video-preview:-1"},"canonical":"https:\/\/www.herbertz1925.com\/de\/langmesser\/scherenmesser-fuer-tafelscheren\/","og_locale":"de_DE","og_type":"article","og_title":"Scherenmesser f\u00fcr Tafelscheren | Herbertz Maschinenmesserfabrik","og_description":"Scherenmesser f\u00fcr Tafelscheren | Scherenmesser sind Werkzeuge in der industriellen Blechbearbeitung und kommen in Tafelscheren zum Einsatz.","og_url":"https:\/\/www.herbertz1925.com\/de\/langmesser\/scherenmesser-fuer-tafelscheren\/","og_site_name":"Herbertz Maschinenmesserfabrik","article_modified_time":"2026-03-24T15:35:21+00:00","og_image":[{"url":"https:\/\/www.herbertz1925.com\/wp-content\/uploads\/2025\/01\/Tafelscheren.jpg","type":"","width":"","height":""}],"twitter_card":"summary_large_image","twitter_misc":{"Gesch\u00e4tzte Lesezeit":"2\u00a0Minuten"},"schema":{"@context":"https:\/\/schema.org","@graph":[{"@type":"WebPage","@id":"https:\/\/www.herbertz1925.com\/de\/langmesser\/scherenmesser-fuer-tafelscheren\/","url":"https:\/\/www.herbertz1925.com\/de\/langmesser\/scherenmesser-fuer-tafelscheren\/","name":"Scherenmesser f\u00fcr Tafelscheren | Herbertz Maschinenmesserfabrik","isPartOf":{"@id":"https:\/\/www.herbertz1925.com\/de\/#website"},"primaryImageOfPage":{"@id":"https:\/\/www.herbertz1925.com\/de\/langmesser\/scherenmesser-fuer-tafelscheren\/#primaryimage"},"image":{"@id":"https:\/\/www.herbertz1925.com\/de\/langmesser\/scherenmesser-fuer-tafelscheren\/#primaryimage"},"thumbnailUrl":"https:\/\/www.herbertz1925.com\/wp-content\/uploads\/2025\/01\/Tafelscheren.jpg","datePublished":"2025-01-30T11:01:24+00:00","dateModified":"2026-03-24T15:35:21+00:00","description":"Scherenmesser f\u00fcr Tafelscheren | Scherenmesser sind Werkzeuge in der industriellen Blechbearbeitung und kommen in Tafelscheren zum Einsatz.","breadcrumb":{"@id":"https:\/\/www.herbertz1925.com\/de\/langmesser\/scherenmesser-fuer-tafelscheren\/#breadcrumb"},"inLanguage":"de","potentialAction":[{"@type":"ReadAction","target":["https:\/\/www.herbertz1925.com\/de\/langmesser\/scherenmesser-fuer-tafelscheren\/"]}]},{"@type":"ImageObject","inLanguage":"de","@id":"https:\/\/www.herbertz1925.com\/de\/langmesser\/scherenmesser-fuer-tafelscheren\/#primaryimage","url":"https:\/\/www.herbertz1925.com\/wp-content\/uploads\/2025\/01\/Tafelscheren.jpg","contentUrl":"https:\/\/www.herbertz1925.com\/wp-content\/uploads\/2025\/01\/Tafelscheren.jpg"},{"@type":"BreadcrumbList","@id":"https:\/\/www.herbertz1925.com\/de\/langmesser\/scherenmesser-fuer-tafelscheren\/#breadcrumb","itemListElement":[{"@type":"ListItem","position":1,"name":"Home","item":"https:\/\/www.herbertz1925.com\/de\/"},{"@type":"ListItem","position":2,"name":"Langmesser","item":"https:\/\/www.herbertz1925.com\/de\/straight-knives\/"},{"@type":"ListItem","position":3,"name":"Scherenmesser f\u00fcr Tafelscheren"}]},{"@type":"WebSite","@id":"https:\/\/www.herbertz1925.com\/de\/#website","url":"https:\/\/www.herbertz1925.com\/de\/","name":"Herbertz Maschinenmesserfabrik","description":"Hochwertige Werkzeugst\u00e4hle f\u00fcr hochwertige Maschinenmesser","publisher":{"@id":"https:\/\/www.herbertz1925.com\/de\/#organization"},"potentialAction":[{"@type":"SearchAction","target":{"@type":"EntryPoint","urlTemplate":"https:\/\/www.herbertz1925.com\/de\/?s={search_term_string}"},"query-input":{"@type":"PropertyValueSpecification","valueRequired":true,"valueName":"search_term_string"}}],"inLanguage":"de"},{"@type":"Organization","@id":"https:\/\/www.herbertz1925.com\/de\/#organization","name":"Herbertz GmbH & Co. KG","url":"https:\/\/www.herbertz1925.com\/de\/","logo":{"@type":"ImageObject","inLanguage":"de","@id":"https:\/\/www.herbertz1925.com\/de\/#\/schema\/logo\/image\/","url":"https:\/\/www.herbertz1925.com\/wp-content\/uploads\/2020\/03\/Logo-Herbertz-2020-1.png","contentUrl":"https:\/\/www.herbertz1925.com\/wp-content\/uploads\/2020\/03\/Logo-Herbertz-2020-1.png","width":362,"height":196,"caption":"Herbertz GmbH & Co. KG"},"image":{"@id":"https:\/\/www.herbertz1925.com\/de\/#\/schema\/logo\/image\/"}}]}},"_links":{"self":[{"href":"https:\/\/www.herbertz1925.com\/de\/wp-json\/wp\/v2\/pages\/4646","targetHints":{"allow":["GET"]}}],"collection":[{"href":"https:\/\/www.herbertz1925.com\/de\/wp-json\/wp\/v2\/pages"}],"about":[{"href":"https:\/\/www.herbertz1925.com\/de\/wp-json\/wp\/v2\/types\/page"}],"author":[{"embeddable":true,"href":"https:\/\/www.herbertz1925.com\/de\/wp-json\/wp\/v2\/users\/1"}],"replies":[{"embeddable":true,"href":"https:\/\/www.herbertz1925.com\/de\/wp-json\/wp\/v2\/comments?post=4646"}],"version-history":[{"count":28,"href":"https:\/\/www.herbertz1925.com\/de\/wp-json\/wp\/v2\/pages\/4646\/revisions"}],"predecessor-version":[{"id":11648,"href":"https:\/\/www.herbertz1925.com\/de\/wp-json\/wp\/v2\/pages\/4646\/revisions\/11648"}],"up":[{"embeddable":true,"href":"https:\/\/www.herbertz1925.com\/de\/wp-json\/wp\/v2\/pages\/536"}],"wp:attachment":[{"href":"https:\/\/www.herbertz1925.com\/de\/wp-json\/wp\/v2\/media?parent=4646"}],"curies":[{"name":"wp","href":"https:\/\/api.w.org\/{rel}","templated":true}]}}