{"id":539,"date":"2019-02-21T12:16:33","date_gmt":"2019-02-21T12:16:33","guid":{"rendered":"https:\/\/www.herbertz1925.com\/?page_id=539"},"modified":"2026-03-30T16:04:28","modified_gmt":"2026-03-30T14:04:28","slug":"kreissaegeblaetter","status":"publish","type":"page","link":"https:\/\/www.herbertz1925.com\/de\/kreissaegeblaetter\/","title":{"rendered":"Kreiss\u00e4gebl\u00e4tter"},"content":{"rendered":"\t\t<div data-elementor-type=\"wp-page\" data-elementor-id=\"539\" class=\"elementor elementor-539\" data-elementor-post-type=\"page\">\n\t\t\t\t<div class=\"elementor-element elementor-element-8ae8f1a stretch-width e-flex e-con-boxed e-con e-parent\" data-id=\"8ae8f1a\" data-element_type=\"container\" data-e-type=\"container\" data-settings=\"{&quot;background_background&quot;:&quot;classic&quot;}\">\n\t\t\t\t\t<div class=\"e-con-inner\">\n\t\t\t\t<div class=\"elementor-element elementor-element-0c391d0 elementor-widget elementor-widget-heading\" data-id=\"0c391d0\" data-element_type=\"widget\" data-e-type=\"widget\" data-widget_type=\"heading.default\">\n\t\t\t\t<div class=\"elementor-widget-container\">\n\t\t\t\t\t<h2 class=\"elementor-heading-title elementor-size-default\">Kreiss\u00e4gebl\u00e4tter\/Zerleges\u00e4gen<\/h2>\t\t\t\t<\/div>\n\t\t\t\t<\/div>\n\t\t\t\t<div class=\"elementor-element elementor-element-b1dc85d elementor-widget elementor-widget-text-editor\" data-id=\"b1dc85d\" data-element_type=\"widget\" data-e-type=\"widget\" data-widget_type=\"text-editor.default\">\n\t\t\t\t<div class=\"elementor-widget-container\">\n\t\t\t\t\t\t\t\t\t<p>Pr\u00e4zise Kreiss\u00e4gebl\u00e4tter sorgen f\u00fcr saubere, effiziente Schnitte in harten und weichen Materialien in der industriellen Verarbeitung. Sie zeichnen sich durch eine langlebige Konstruktion aus Hartmetall oder geh\u00e4rtetem Stahl aus, die maximale Leistung und Langlebigkeit gew\u00e4hrleistet.<\/p>\t\t\t\t\t\t\t\t<\/div>\n\t\t\t\t<\/div>\n\t\t\t\t\t<\/div>\n\t\t\t\t<\/div>\n\t\t\t\t<section class=\"elementor-section elementor-top-section elementor-element elementor-element-e1ae067 elementor-section-boxed elementor-section-height-default elementor-section-height-default\" data-id=\"e1ae067\" data-element_type=\"section\" data-e-type=\"section\">\n\t\t\t\t\t\t<div class=\"elementor-container elementor-column-gap-default\">\n\t\t\t\t\t<div class=\"elementor-column elementor-col-100 elementor-top-column elementor-element elementor-element-7f60a26\" data-id=\"7f60a26\" data-element_type=\"column\" data-e-type=\"column\">\n\t\t\t<div class=\"elementor-widget-wrap elementor-element-populated\">\n\t\t\t\t\t\t<div class=\"elementor-element elementor-element-080275e elementor-widget elementor-widget-text-editor\" data-id=\"080275e\" data-element_type=\"widget\" data-e-type=\"widget\" data-widget_type=\"text-editor.default\">\n\t\t\t\t<div class=\"elementor-widget-container\">\n\t\t\t\t\t\t\t\t\t<h1>Kreiss\u00e4gebl\u00e4tter \/ Zerleges\u00e4gen<\/h1>\t\t\t\t\t\t\t\t<\/div>\n\t\t\t\t<\/div>\n\t\t\t\t\t<\/div>\n\t\t<\/div>\n\t\t\t\t\t<\/div>\n\t\t<\/section>\n\t\t\t\t<section class=\"elementor-section elementor-top-section elementor-element elementor-element-941cd36 elementor-section-boxed elementor-section-height-default elementor-section-height-default\" data-id=\"941cd36\" data-element_type=\"section\" data-e-type=\"section\">\n\t\t\t\t\t\t<div class=\"elementor-container elementor-column-gap-default\">\n\t\t\t\t\t<div class=\"elementor-column elementor-col-100 elementor-top-column elementor-element elementor-element-ab2227a\" data-id=\"ab2227a\" data-element_type=\"column\" data-e-type=\"column\">\n\t\t\t<div class=\"elementor-widget-wrap elementor-element-populated\">\n\t\t\t\t\t\t<div class=\"elementor-element elementor-element-36c77e3 elementor-widget elementor-widget-text-editor\" data-id=\"36c77e3\" data-element_type=\"widget\" data-e-type=\"widget\" data-widget_type=\"text-editor.default\">\n\t\t\t\t<div class=\"elementor-widget-container\">\n\t\t\t\t\t\t\t\t\t<p>Herbertz liefert Hartmetall best\u00fcckte Kreiss\u00e4gebl\u00e4tter vom Zuschnitt bis hin zum Fertigschnitt f\u00fcr S\u00e4ge- und Hobelwerke, Massivholzverarbeiter, Parkett- bzw. Laminathersteller, Verarbeiter von Holz- und Verbundwerkstoffen sowie Kunststoff- und NE (Nicht Eisen) -Verarbeiter.<\/p>\t\t\t\t\t\t\t\t<\/div>\n\t\t\t\t<\/div>\n\t\t\t\t\t<\/div>\n\t\t<\/div>\n\t\t\t\t\t<\/div>\n\t\t<\/section>\n\t\t\t\t<section class=\"elementor-section elementor-top-section elementor-element elementor-element-6a34533 elementor-section-boxed elementor-section-height-default elementor-section-height-default\" data-id=\"6a34533\" data-element_type=\"section\" data-e-type=\"section\">\n\t\t\t\t\t\t<div class=\"elementor-container elementor-column-gap-default\">\n\t\t\t\t\t<div class=\"elementor-column elementor-col-50 elementor-top-column elementor-element elementor-element-314c9af\" data-id=\"314c9af\" data-element_type=\"column\" data-e-type=\"column\">\n\t\t\t<div class=\"elementor-widget-wrap elementor-element-populated\">\n\t\t\t\t\t\t<div class=\"elementor-element elementor-element-d0693e5 elementor-widget elementor-widget-text-editor\" data-id=\"d0693e5\" data-element_type=\"widget\" data-e-type=\"widget\" data-widget_type=\"text-editor.default\">\n\t\t\t\t<div class=\"elementor-widget-container\">\n\t\t\t\t\t\t\t\t\t<p>Bei Kreiss\u00e4gen spielt die Schnittbreite und die Zahnform eine wichtige Rolle.<br \/>Auch die Anzahl der Hartmetallz\u00e4hne und die Hartmetallg\u00fcte sind f\u00fcr die Schnittqualit\u00e4t <br \/>und Standzeit entscheidend. Besonders bei Kreiss\u00e4gen f\u00fcr die Fleischindustrie w\u00fcnschen<br \/>die Kunden eine m\u00f6glichst geringe Schnittbreite, damit der Schnittverlust so<br \/>gering wie m\u00f6glich ist.<\/p>\t\t\t\t\t\t\t\t<\/div>\n\t\t\t\t<\/div>\n\t\t\t\t<section class=\"elementor-section elementor-inner-section elementor-element elementor-element-a3b30cb elementor-section-boxed elementor-section-height-default elementor-section-height-default\" data-id=\"a3b30cb\" data-element_type=\"section\" data-e-type=\"section\">\n\t\t\t\t\t\t<div class=\"elementor-container elementor-column-gap-default\">\n\t\t\t\t\t<div class=\"elementor-column elementor-col-33 elementor-inner-column elementor-element elementor-element-dd95e87\" data-id=\"dd95e87\" data-element_type=\"column\" data-e-type=\"column\">\n\t\t\t<div class=\"elementor-widget-wrap elementor-element-populated\">\n\t\t\t\t\t\t<div class=\"elementor-element elementor-element-21b8a45 elementor-widget elementor-widget-text-editor\" data-id=\"21b8a45\" data-element_type=\"widget\" data-e-type=\"widget\" data-widget_type=\"text-editor.default\">\n\t\t\t\t<div class=\"elementor-widget-container\">\n\t\t\t\t\t\t\t\t\t<h3 style=\"text-align: center;\">Qualit\u00e4t der Hartmetallz\u00e4hne<\/h3><ul><li>korrosionsbest\u00e4ndiger<\/li><li>oxidationsbest\u00e4ndiger<\/li><li>abrasionsbest\u00e4ndiger<\/li><li>optimierte Bruchz\u00e4higkeit<\/li><li>verschlei\u00dfbest\u00e4ndiger<\/li><\/ul>\t\t\t\t\t\t\t\t<\/div>\n\t\t\t\t<\/div>\n\t\t\t\t\t<\/div>\n\t\t<\/div>\n\t\t\t\t<div class=\"elementor-column elementor-col-33 elementor-inner-column elementor-element elementor-element-439e0ba\" data-id=\"439e0ba\" data-element_type=\"column\" data-e-type=\"column\">\n\t\t\t<div class=\"elementor-widget-wrap elementor-element-populated\">\n\t\t\t\t\t\t<div class=\"elementor-element elementor-element-a26cc8d elementor-widget elementor-widget-text-editor\" data-id=\"a26cc8d\" data-element_type=\"widget\" data-e-type=\"widget\" data-widget_type=\"text-editor.default\">\n\t\t\t\t<div class=\"elementor-widget-container\">\n\t\t\t\t\t\t\t\t\t<h3 style=\"text-align: center;\">Vorteile des<br \/>Stammk\u00f6rpers<\/h3><ul><li>verbesserte Lasertechnologie<\/li><li>Rund- und Planlaufoptimiert<\/li><li>vibrationsarmer Stammk\u00f6rper<\/li><li>ger\u00e4uscharmes Arbeiten<\/li><li>perfekte Zahngeometrie leistungsoptimiert<\/li><\/ul>\t\t\t\t\t\t\t\t<\/div>\n\t\t\t\t<\/div>\n\t\t\t\t\t<\/div>\n\t\t<\/div>\n\t\t\t\t<div class=\"elementor-column elementor-col-33 elementor-inner-column elementor-element elementor-element-02ec518\" data-id=\"02ec518\" data-element_type=\"column\" data-e-type=\"column\">\n\t\t\t<div class=\"elementor-widget-wrap elementor-element-populated\">\n\t\t\t\t\t\t<div class=\"elementor-element elementor-element-04c4637 elementor-widget elementor-widget-text-editor\" data-id=\"04c4637\" data-element_type=\"widget\" data-e-type=\"widget\" data-widget_type=\"text-editor.default\">\n\t\t\t\t<div class=\"elementor-widget-container\">\n\t\t\t\t\t\t\t\t\t<h3 style=\"text-align: center;\">Vorteile in<br \/>der Anwendung<\/h3><ul><li>Prozess-Sicherheit<\/li><li>ausrissfreies Schneiden<\/li><li>hervorragende Schnittqualit\u00e4t<\/li><li>beste Wirtschaftlichkeit durch deutlich h\u00f6here<\/li><\/ul>\t\t\t\t\t\t\t\t<\/div>\n\t\t\t\t<\/div>\n\t\t\t\t\t<\/div>\n\t\t<\/div>\n\t\t\t\t\t<\/div>\n\t\t<\/section>\n\t\t\t\t\t<\/div>\n\t\t<\/div>\n\t\t\t\t<div class=\"elementor-column elementor-col-50 elementor-top-column elementor-element elementor-element-2629aef\" data-id=\"2629aef\" data-element_type=\"column\" data-e-type=\"column\">\n\t\t\t<div class=\"elementor-widget-wrap elementor-element-populated\">\n\t\t\t\t\t\t<div class=\"elementor-element elementor-element-d3a705e elementor-widget elementor-widget-text-editor\" data-id=\"d3a705e\" data-element_type=\"widget\" data-e-type=\"widget\" data-widget_type=\"text-editor.default\">\n\t\t\t\t<div class=\"elementor-widget-container\">\n\t\t\t\t\t\t\t\t\t<h3>Unser Lieferprogramm umfasst:<\/h3><ul><li>NE-Kreiss\u00e4gebl\u00e4tter<\/li><li>Tischkreiss\u00e4gebl\u00e4tter<\/li><li>Akkus\u00e4gen<\/li><li>Format-Kreiss\u00e4gebl\u00e4tter<\/li><li>Dry Cutter<\/li><li>Multicut<\/li><li>Handkreiss\u00e4gen<\/li><li>Nahrungsmittels\u00e4gen<\/li><li>Freischneider<\/li><li>Ritzs\u00e4gen<\/li><li>R\u00e4umers\u00e4gen<\/li><li>Brennholzkreiss\u00e4gebl\u00e4tter<\/li><li>Baukreiss\u00e4gebl\u00e4tter<\/li><li>Zerleges\u00e4gen<\/li><li>usw.<\/li><\/ul>\t\t\t\t\t\t\t\t<\/div>\n\t\t\t\t<\/div>\n\t\t\t\t\t<\/div>\n\t\t<\/div>\n\t\t\t\t\t<\/div>\n\t\t<\/section>\n\t\t<div class=\"elementor-element elementor-element-e04a90f stretch-width e-flex e-con-boxed e-con e-parent\" data-id=\"e04a90f\" data-element_type=\"container\" data-e-type=\"container\" data-settings=\"{&quot;background_background&quot;:&quot;classic&quot;}\">\n\t\t\t\t\t<div class=\"e-con-inner\">\n\t\t<div class=\"elementor-element elementor-element-b27fc45 e-con-full e-flex e-con e-child\" data-id=\"b27fc45\" data-element_type=\"container\" data-e-type=\"container\">\n\t\t\t\t<div class=\"elementor-element elementor-element-0ca1a15 menue-liste elementor-icon-list--layout-traditional elementor-list-item-link-full_width elementor-widget elementor-widget-icon-list\" data-id=\"0ca1a15\" data-element_type=\"widget\" data-e-type=\"widget\" data-widget_type=\"icon-list.default\">\n\t\t\t\t<div class=\"elementor-widget-container\">\n\t\t\t\t\t\t\t<ul class=\"elementor-icon-list-items\">\n\t\t\t\t\t\t\t<li class=\"elementor-icon-list-item\">\n\t\t\t\t\t\t\t\t\t\t\t<a href=\"https:\/\/www.herbertz1925.com\/de\/zerlegesaegen\/zerlegesaegen-fuer-die-nahrungsmittelindustrie\/\">\n\n\t\t\t\t\t\t\t\t\t\t\t\t<span class=\"elementor-icon-list-icon\">\n\t\t\t\t\t\t\t<i aria-hidden=\"true\" class=\"fas fa-dot-circle\"><\/i>\t\t\t\t\t\t<\/span>\n\t\t\t\t\t\t\t\t\t\t<span class=\"elementor-icon-list-text\">Zerleges\u00e4gen f\u00fcr die Nahrungsmittelindustrie<br><small>Messer f\u00fcr Gem\u00fcse-, Fisch- oder Fleischindustrie<\/small><\/span>\n\t\t\t\t\t\t\t\t\t\t\t<\/a>\n\t\t\t\t\t\t\t\t\t<\/li>\n\t\t\t\t\t\t\t\t<li class=\"elementor-icon-list-item\">\n\t\t\t\t\t\t\t\t\t\t\t<a href=\"https:\/\/www.herbertz1925.com\/de\/zerlegesaegen\/zerlegesaegen-fuer-die-holzindustrie\/\">\n\n\t\t\t\t\t\t\t\t\t\t\t\t<span class=\"elementor-icon-list-icon\">\n\t\t\t\t\t\t\t<i aria-hidden=\"true\" class=\"fas fa-dot-circle\"><\/i>\t\t\t\t\t\t<\/span>\n\t\t\t\t\t\t\t\t\t\t<span class=\"elementor-icon-list-text\">Zerleges\u00e4gen f\u00fcr die Holzindustrie<br><small>S\u00e4gebl\u00e4tter f\u00fcr Holzverarbeitungsbetriebe<\/small><\/span>\n\t\t\t\t\t\t\t\t\t\t\t<\/a>\n\t\t\t\t\t\t\t\t\t<\/li>\n\t\t\t\t\t\t\t\t<li class=\"elementor-icon-list-item\">\n\t\t\t\t\t\t\t\t\t\t\t<a href=\"https:\/\/www.herbertz1925.com\/de\/zerlegesaegen\/zerlegesaegen-fuer-die-metallindustrie\/\">\n\n\t\t\t\t\t\t\t\t\t\t\t\t<span class=\"elementor-icon-list-icon\">\n\t\t\t\t\t\t\t<i aria-hidden=\"true\" class=\"fas fa-dot-circle\"><\/i>\t\t\t\t\t\t<\/span>\n\t\t\t\t\t\t\t\t\t\t<span class=\"elementor-icon-list-text\">Zerleges\u00e4gen f\u00fcr die Metallindustrie<br><small>S\u00e4gebl\u00e4tter f\u00fcr Trennschnitte im Trockenschnitt<\/small><\/span>\n\t\t\t\t\t\t\t\t\t\t\t<\/a>\n\t\t\t\t\t\t\t\t\t<\/li>\n\t\t\t\t\t\t<\/ul>\n\t\t\t\t\t\t<\/div>\n\t\t\t\t<\/div>\n\t\t\t\t<\/div>\n\t\t<div class=\"elementor-element elementor-element-4d168e7 e-con-full e-flex e-con e-child\" data-id=\"4d168e7\" data-element_type=\"container\" data-e-type=\"container\">\n\t\t\t\t<div class=\"elementor-element elementor-element-e9e2fca menue-liste elementor-icon-list--layout-traditional elementor-list-item-link-full_width elementor-widget elementor-widget-icon-list\" data-id=\"e9e2fca\" data-element_type=\"widget\" data-e-type=\"widget\" data-widget_type=\"icon-list.default\">\n\t\t\t\t<div class=\"elementor-widget-container\">\n\t\t\t\t\t\t\t<ul class=\"elementor-icon-list-items\">\n\t\t\t\t\t\t\t<li class=\"elementor-icon-list-item\">\n\t\t\t\t\t\t\t\t\t\t\t<a href=\"https:\/\/www.herbertz1925.com\/de\/kreissaegeblaetter\/bestueckung-mit-hartmetallzaehnen\">\n\n\t\t\t\t\t\t\t\t\t\t\t\t<span class=\"elementor-icon-list-icon\">\n\t\t\t\t\t\t\t<i aria-hidden=\"true\" class=\"fas fa-dot-circle\"><\/i>\t\t\t\t\t\t<\/span>\n\t\t\t\t\t\t\t\t\t\t<span class=\"elementor-icon-list-text\">Zerleges\u00e4gen Zahnbest\u00fcckung<br><small>Best\u00fcckung mit Hartmetallz\u00e4hnen<\/small><\/span>\n\t\t\t\t\t\t\t\t\t\t\t<\/a>\n\t\t\t\t\t\t\t\t\t<\/li>\n\t\t\t\t\t\t\t\t<li class=\"elementor-icon-list-item\">\n\t\t\t\t\t\t\t\t\t\t\t<a href=\"https:\/\/www.herbertz1925.com\/de\/kreissaegeblaetter\/bestueckung-mit-hartmetallzaehnen-zahngeometrie\">\n\n\t\t\t\t\t\t\t\t\t\t\t\t<span class=\"elementor-icon-list-icon\">\n\t\t\t\t\t\t\t<i aria-hidden=\"true\" class=\"fas fa-dot-circle\"><\/i>\t\t\t\t\t\t<\/span>\n\t\t\t\t\t\t\t\t\t\t<span class=\"elementor-icon-list-text\">Zerleges\u00e4gen Zahngeometrien<br><small>Best\u00fcckung mit Hartmetallz\u00e4hnen<\/small><\/span>\n\t\t\t\t\t\t\t\t\t\t\t<\/a>\n\t\t\t\t\t\t\t\t\t<\/li>\n\t\t\t\t\t\t\t\t<li class=\"elementor-icon-list-item\">\n\t\t\t\t\t\t\t\t\t\t\t<a href=\"https:\/\/www.herbertz1925.com\/de\/zerlegesaegen\/zerlegesaegen-werkstoffe\/\">\n\n\t\t\t\t\t\t\t\t\t\t\t\t<span class=\"elementor-icon-list-icon\">\n\t\t\t\t\t\t\t<i aria-hidden=\"true\" class=\"fas fa-dot-circle\"><\/i>\t\t\t\t\t\t<\/span>\n\t\t\t\t\t\t\t\t\t\t<span class=\"elementor-icon-list-text\">Zerleges\u00e4gen Werkstoffe<br><small>Kreiss\u00e4gebl\u00e4tter aus hochwertigen Werkstoffen<\/small><\/span>\n\t\t\t\t\t\t\t\t\t\t\t<\/a>\n\t\t\t\t\t\t\t\t\t<\/li>\n\t\t\t\t\t\t<\/ul>\n\t\t\t\t\t\t<\/div>\n\t\t\t\t<\/div>\n\t\t\t\t<\/div>\n\t\t<div class=\"elementor-element elementor-element-0d429a4 e-con-full e-flex e-con e-child\" data-id=\"0d429a4\" data-element_type=\"container\" data-e-type=\"container\">\n\t\t\t\t<div class=\"elementor-element elementor-element-f418b92 menue-liste elementor-icon-list--layout-traditional elementor-list-item-link-full_width elementor-widget elementor-widget-icon-list\" data-id=\"f418b92\" data-element_type=\"widget\" data-e-type=\"widget\" data-widget_type=\"icon-list.default\">\n\t\t\t\t<div class=\"elementor-widget-container\">\n\t\t\t\t\t\t\t<ul class=\"elementor-icon-list-items\">\n\t\t\t\t\t\t\t<li class=\"elementor-icon-list-item\">\n\t\t\t\t\t\t\t\t\t\t\t<a href=\"https:\/\/www.herbertz1925.com\/de\/zerlegesaegen\/zerlegesaegen-mit-hochwertigen-beschichtungen\/\">\n\n\t\t\t\t\t\t\t\t\t\t\t\t<span class=\"elementor-icon-list-icon\">\n\t\t\t\t\t\t\t<i aria-hidden=\"true\" class=\"fas fa-dot-circle\"><\/i>\t\t\t\t\t\t<\/span>\n\t\t\t\t\t\t\t\t\t\t<span class=\"elementor-icon-list-text\">Zerleges\u00e4gen Beschichtungen<br><small>Kreiss\u00e4gebl\u00e4tter mit hochwertigen Beschichtungen<\/small><\/span>\n\t\t\t\t\t\t\t\t\t\t\t<\/a>\n\t\t\t\t\t\t\t\t\t<\/li>\n\t\t\t\t\t\t\t\t<li class=\"elementor-icon-list-item\">\n\t\t\t\t\t\t\t\t\t\t\t<a href=\"https:\/\/www.herbertz1925.com\/de\/zerlegesaegen\/zerlegesaegen-schneidfluessigkeiten-fuer-ein-sauberes-schnittergebnis\/\">\n\n\t\t\t\t\t\t\t\t\t\t\t\t<span class=\"elementor-icon-list-icon\">\n\t\t\t\t\t\t\t<i aria-hidden=\"true\" class=\"fas fa-dot-circle\"><\/i>\t\t\t\t\t\t<\/span>\n\t\t\t\t\t\t\t\t\t\t<span class=\"elementor-icon-list-text\">Zerleges\u00e4gen Schneidfl\u00fcssigkeiten<br><small>Schneidfl\u00fcssigkeiten f\u00fcr ein sauberes Schnittergebnis<\/small><\/span>\n\t\t\t\t\t\t\t\t\t\t\t<\/a>\n\t\t\t\t\t\t\t\t\t<\/li>\n\t\t\t\t\t\t\t\t<li class=\"elementor-icon-list-item\">\n\t\t\t\t\t\t\t\t\t\t\t<a href=\"https:\/\/www.herbertz1925.com\/de\/zerlegesaegen\/zerlegesaegen-beispiele\/\">\n\n\t\t\t\t\t\t\t\t\t\t\t\t<span class=\"elementor-icon-list-icon\">\n\t\t\t\t\t\t\t<i aria-hidden=\"true\" class=\"fas fa-dot-circle\"><\/i>\t\t\t\t\t\t<\/span>\n\t\t\t\t\t\t\t\t\t\t<span class=\"elementor-icon-list-text\">Zerleges\u00e4gen Beispiele<br><small>Beispiele von Kreiss\u00e4gebl\u00e4ttern<\/small><\/span>\n\t\t\t\t\t\t\t\t\t\t\t<\/a>\n\t\t\t\t\t\t\t\t\t<\/li>\n\t\t\t\t\t\t<\/ul>\n\t\t\t\t\t\t<\/div>\n\t\t\t\t<\/div>\n\t\t\t\t<\/div>\n\t\t\t\t\t<\/div>\n\t\t\t\t<\/div>\n\t\t\t\t<\/div>\n\t\t","protected":false},"excerpt":{"rendered":"<p>Kreiss\u00e4gebl\u00e4tter\/Zerleges\u00e4gen Pr\u00e4zise Kreiss\u00e4gebl\u00e4tter sorgen f\u00fcr saubere, effiziente Schnitte in harten und weichen Materialien in der industriellen Verarbeitung. Sie zeichnen sich durch eine langlebige Konstruktion aus Hartmetall oder geh\u00e4rtetem Stahl aus, die maximale Leistung und Langlebigkeit gew\u00e4hrleistet. Kreiss\u00e4gebl\u00e4tter \/ Zerleges\u00e4gen Herbertz liefert Hartmetall best\u00fcckte Kreiss\u00e4gebl\u00e4tter vom Zuschnitt bis hin zum Fertigschnitt f\u00fcr S\u00e4ge- und Hobelwerke, Massivholzverarbeiter, [&hellip;]<\/p>\n","protected":false},"author":2,"featured_media":0,"parent":0,"menu_order":50,"comment_status":"closed","ping_status":"closed","template":"","meta":{"footnotes":""},"class_list":["post-539","page","type-page","status-publish","hentry"],"yoast_head":"<!-- This site is optimized with the Yoast SEO plugin v27.3 - https:\/\/yoast.com\/product\/yoast-seo-wordpress\/ -->\n<title>Kreiss\u00e4gen und Kreiss\u00e4gebl\u00e4tter aus Hartmetall<\/title>\n<meta name=\"description\" content=\"Kreiss\u00e4gen und Kreiss\u00e4gebl\u00e4tter | Hartmetall best\u00fcckte Kreiss\u00e4gen f\u00fcr Holz und NE-Metalle, Nahrungsmittel, Gummi, Fleisch, Kunststoff.\" \/>\n<meta name=\"robots\" content=\"index, follow, max-snippet:-1, max-image-preview:large, max-video-preview:-1\" \/>\n<link rel=\"canonical\" href=\"https:\/\/www.herbertz1925.com\/de\/kreissaegeblaetter\/\" \/>\n<meta property=\"og:locale\" content=\"de_DE\" \/>\n<meta property=\"og:type\" content=\"article\" \/>\n<meta property=\"og:title\" content=\"Kreiss\u00e4gen und Kreiss\u00e4gebl\u00e4tter aus Hartmetall\" \/>\n<meta property=\"og:description\" content=\"Kreiss\u00e4gen und Kreiss\u00e4gebl\u00e4tter | Hartmetall best\u00fcckte Kreiss\u00e4gen f\u00fcr Holz und NE-Metalle, Nahrungsmittel, Gummi, Fleisch, Kunststoff.\" \/>\n<meta property=\"og:url\" content=\"https:\/\/www.herbertz1925.com\/de\/kreissaegeblaetter\/\" \/>\n<meta property=\"og:site_name\" content=\"Herbertz Maschinenmesserfabrik\" \/>\n<meta property=\"article:modified_time\" content=\"2026-03-30T14:04:28+00:00\" \/>\n<meta property=\"og:image\" content=\"https:\/\/www.herbertz1925.com\/wp-content\/uploads\/2019\/02\/Luftbild-2019.jpg\" \/>\n\t<meta property=\"og:image:width\" content=\"1920\" \/>\n\t<meta property=\"og:image:height\" content=\"1440\" \/>\n\t<meta property=\"og:image:type\" content=\"image\/jpeg\" \/>\n<meta name=\"twitter:card\" content=\"summary_large_image\" \/>\n<meta name=\"twitter:label1\" content=\"Gesch\u00e4tzte Lesezeit\" \/>\n\t<meta name=\"twitter:data1\" content=\"2\u00a0Minuten\" \/>\n<script type=\"application\/ld+json\" class=\"yoast-schema-graph\">{\"@context\":\"https:\\\/\\\/schema.org\",\"@graph\":[{\"@type\":\"WebPage\",\"@id\":\"https:\\\/\\\/www.herbertz1925.com\\\/de\\\/kreissaegeblaetter\\\/\",\"url\":\"https:\\\/\\\/www.herbertz1925.com\\\/de\\\/kreissaegeblaetter\\\/\",\"name\":\"Kreiss\u00e4gen und Kreiss\u00e4gebl\u00e4tter aus Hartmetall\",\"isPartOf\":{\"@id\":\"https:\\\/\\\/www.herbertz1925.com\\\/de\\\/#website\"},\"datePublished\":\"2019-02-21T12:16:33+00:00\",\"dateModified\":\"2026-03-30T14:04:28+00:00\",\"description\":\"Kreiss\u00e4gen und Kreiss\u00e4gebl\u00e4tter | Hartmetall best\u00fcckte Kreiss\u00e4gen f\u00fcr Holz und NE-Metalle, Nahrungsmittel, Gummi, Fleisch, Kunststoff.\",\"breadcrumb\":{\"@id\":\"https:\\\/\\\/www.herbertz1925.com\\\/de\\\/kreissaegeblaetter\\\/#breadcrumb\"},\"inLanguage\":\"de\",\"potentialAction\":[{\"@type\":\"ReadAction\",\"target\":[\"https:\\\/\\\/www.herbertz1925.com\\\/de\\\/kreissaegeblaetter\\\/\"]}]},{\"@type\":\"BreadcrumbList\",\"@id\":\"https:\\\/\\\/www.herbertz1925.com\\\/de\\\/kreissaegeblaetter\\\/#breadcrumb\",\"itemListElement\":[{\"@type\":\"ListItem\",\"position\":1,\"name\":\"Home\",\"item\":\"https:\\\/\\\/www.herbertz1925.com\\\/de\\\/\"},{\"@type\":\"ListItem\",\"position\":2,\"name\":\"Kreiss\u00e4gebl\u00e4tter\"}]},{\"@type\":\"WebSite\",\"@id\":\"https:\\\/\\\/www.herbertz1925.com\\\/de\\\/#website\",\"url\":\"https:\\\/\\\/www.herbertz1925.com\\\/de\\\/\",\"name\":\"Herbertz Maschinenmesserfabrik\",\"description\":\"Hochwertige Werkzeugst\u00e4hle f\u00fcr hochwertige Maschinenmesser\",\"publisher\":{\"@id\":\"https:\\\/\\\/www.herbertz1925.com\\\/de\\\/#organization\"},\"potentialAction\":[{\"@type\":\"SearchAction\",\"target\":{\"@type\":\"EntryPoint\",\"urlTemplate\":\"https:\\\/\\\/www.herbertz1925.com\\\/de\\\/?s={search_term_string}\"},\"query-input\":{\"@type\":\"PropertyValueSpecification\",\"valueRequired\":true,\"valueName\":\"search_term_string\"}}],\"inLanguage\":\"de\"},{\"@type\":\"Organization\",\"@id\":\"https:\\\/\\\/www.herbertz1925.com\\\/de\\\/#organization\",\"name\":\"Herbertz GmbH & Co. KG\",\"url\":\"https:\\\/\\\/www.herbertz1925.com\\\/de\\\/\",\"logo\":{\"@type\":\"ImageObject\",\"inLanguage\":\"de\",\"@id\":\"https:\\\/\\\/www.herbertz1925.com\\\/de\\\/#\\\/schema\\\/logo\\\/image\\\/\",\"url\":\"https:\\\/\\\/www.herbertz1925.com\\\/wp-content\\\/uploads\\\/2020\\\/03\\\/Logo-Herbertz-2020-1.png\",\"contentUrl\":\"https:\\\/\\\/www.herbertz1925.com\\\/wp-content\\\/uploads\\\/2020\\\/03\\\/Logo-Herbertz-2020-1.png\",\"width\":362,\"height\":196,\"caption\":\"Herbertz GmbH & Co. KG\"},\"image\":{\"@id\":\"https:\\\/\\\/www.herbertz1925.com\\\/de\\\/#\\\/schema\\\/logo\\\/image\\\/\"}}]}<\/script>\n<!-- \/ Yoast SEO plugin. -->","yoast_head_json":{"title":"Kreiss\u00e4gen und Kreiss\u00e4gebl\u00e4tter aus Hartmetall","description":"Kreiss\u00e4gen und Kreiss\u00e4gebl\u00e4tter | Hartmetall best\u00fcckte Kreiss\u00e4gen f\u00fcr Holz und NE-Metalle, Nahrungsmittel, Gummi, Fleisch, Kunststoff.","robots":{"index":"index","follow":"follow","max-snippet":"max-snippet:-1","max-image-preview":"max-image-preview:large","max-video-preview":"max-video-preview:-1"},"canonical":"https:\/\/www.herbertz1925.com\/de\/kreissaegeblaetter\/","og_locale":"de_DE","og_type":"article","og_title":"Kreiss\u00e4gen und Kreiss\u00e4gebl\u00e4tter aus Hartmetall","og_description":"Kreiss\u00e4gen und Kreiss\u00e4gebl\u00e4tter | Hartmetall best\u00fcckte Kreiss\u00e4gen f\u00fcr Holz und NE-Metalle, Nahrungsmittel, Gummi, Fleisch, Kunststoff.","og_url":"https:\/\/www.herbertz1925.com\/de\/kreissaegeblaetter\/","og_site_name":"Herbertz Maschinenmesserfabrik","article_modified_time":"2026-03-30T14:04:28+00:00","og_image":[{"width":1920,"height":1440,"url":"https:\/\/www.herbertz1925.com\/wp-content\/uploads\/2019\/02\/Luftbild-2019.jpg","type":"image\/jpeg"}],"twitter_card":"summary_large_image","twitter_misc":{"Gesch\u00e4tzte Lesezeit":"2\u00a0Minuten"},"schema":{"@context":"https:\/\/schema.org","@graph":[{"@type":"WebPage","@id":"https:\/\/www.herbertz1925.com\/de\/kreissaegeblaetter\/","url":"https:\/\/www.herbertz1925.com\/de\/kreissaegeblaetter\/","name":"Kreiss\u00e4gen und Kreiss\u00e4gebl\u00e4tter aus Hartmetall","isPartOf":{"@id":"https:\/\/www.herbertz1925.com\/de\/#website"},"datePublished":"2019-02-21T12:16:33+00:00","dateModified":"2026-03-30T14:04:28+00:00","description":"Kreiss\u00e4gen und Kreiss\u00e4gebl\u00e4tter | Hartmetall best\u00fcckte Kreiss\u00e4gen f\u00fcr Holz und NE-Metalle, Nahrungsmittel, Gummi, Fleisch, Kunststoff.","breadcrumb":{"@id":"https:\/\/www.herbertz1925.com\/de\/kreissaegeblaetter\/#breadcrumb"},"inLanguage":"de","potentialAction":[{"@type":"ReadAction","target":["https:\/\/www.herbertz1925.com\/de\/kreissaegeblaetter\/"]}]},{"@type":"BreadcrumbList","@id":"https:\/\/www.herbertz1925.com\/de\/kreissaegeblaetter\/#breadcrumb","itemListElement":[{"@type":"ListItem","position":1,"name":"Home","item":"https:\/\/www.herbertz1925.com\/de\/"},{"@type":"ListItem","position":2,"name":"Kreiss\u00e4gebl\u00e4tter"}]},{"@type":"WebSite","@id":"https:\/\/www.herbertz1925.com\/de\/#website","url":"https:\/\/www.herbertz1925.com\/de\/","name":"Herbertz Maschinenmesserfabrik","description":"Hochwertige Werkzeugst\u00e4hle f\u00fcr hochwertige Maschinenmesser","publisher":{"@id":"https:\/\/www.herbertz1925.com\/de\/#organization"},"potentialAction":[{"@type":"SearchAction","target":{"@type":"EntryPoint","urlTemplate":"https:\/\/www.herbertz1925.com\/de\/?s={search_term_string}"},"query-input":{"@type":"PropertyValueSpecification","valueRequired":true,"valueName":"search_term_string"}}],"inLanguage":"de"},{"@type":"Organization","@id":"https:\/\/www.herbertz1925.com\/de\/#organization","name":"Herbertz GmbH & Co. KG","url":"https:\/\/www.herbertz1925.com\/de\/","logo":{"@type":"ImageObject","inLanguage":"de","@id":"https:\/\/www.herbertz1925.com\/de\/#\/schema\/logo\/image\/","url":"https:\/\/www.herbertz1925.com\/wp-content\/uploads\/2020\/03\/Logo-Herbertz-2020-1.png","contentUrl":"https:\/\/www.herbertz1925.com\/wp-content\/uploads\/2020\/03\/Logo-Herbertz-2020-1.png","width":362,"height":196,"caption":"Herbertz GmbH & Co. KG"},"image":{"@id":"https:\/\/www.herbertz1925.com\/de\/#\/schema\/logo\/image\/"}}]}},"_links":{"self":[{"href":"https:\/\/www.herbertz1925.com\/de\/wp-json\/wp\/v2\/pages\/539","targetHints":{"allow":["GET"]}}],"collection":[{"href":"https:\/\/www.herbertz1925.com\/de\/wp-json\/wp\/v2\/pages"}],"about":[{"href":"https:\/\/www.herbertz1925.com\/de\/wp-json\/wp\/v2\/types\/page"}],"author":[{"embeddable":true,"href":"https:\/\/www.herbertz1925.com\/de\/wp-json\/wp\/v2\/users\/2"}],"replies":[{"embeddable":true,"href":"https:\/\/www.herbertz1925.com\/de\/wp-json\/wp\/v2\/comments?post=539"}],"version-history":[{"count":71,"href":"https:\/\/www.herbertz1925.com\/de\/wp-json\/wp\/v2\/pages\/539\/revisions"}],"predecessor-version":[{"id":12401,"href":"https:\/\/www.herbertz1925.com\/de\/wp-json\/wp\/v2\/pages\/539\/revisions\/12401"}],"wp:attachment":[{"href":"https:\/\/www.herbertz1925.com\/de\/wp-json\/wp\/v2\/media?parent=539"}],"curies":[{"name":"wp","href":"https:\/\/api.w.org\/{rel}","templated":true}]}}