{"id":796,"date":"2019-08-22T08:05:06","date_gmt":"2019-08-22T08:05:06","guid":{"rendered":"https:\/\/www.herbertz1925.com\/?page_id=796"},"modified":"2026-03-24T16:26:50","modified_gmt":"2026-03-24T15:26:50","slug":"kreismesser-fuer-baustoffe","status":"publish","type":"page","link":"https:\/\/www.herbertz1925.com\/de\/kreismesser\/kreismesser-fuer-baustoffe\/","title":{"rendered":"Kreismesser f\u00fcr Baustoffe"},"content":{"rendered":"\t\t<div data-elementor-type=\"wp-post\" data-elementor-id=\"796\" class=\"elementor elementor-796\" data-elementor-post-type=\"page\">\n\t\t\t\t<div class=\"elementor-element elementor-element-469cbac stretch-width e-flex e-con-boxed e-con e-parent\" data-id=\"469cbac\" data-element_type=\"container\" data-e-type=\"container\" data-settings=\"{&quot;background_background&quot;:&quot;classic&quot;}\">\n\t\t\t\t\t<div class=\"e-con-inner\">\n\t\t\t\t<div class=\"elementor-element elementor-element-f4de6b3 elementor-widget elementor-widget-heading\" data-id=\"f4de6b3\" data-element_type=\"widget\" data-e-type=\"widget\" data-widget_type=\"heading.default\">\n\t\t\t\t<div class=\"elementor-widget-container\">\n\t\t\t\t\t<h2 class=\"elementor-heading-title elementor-size-default\">Kreismesser<\/h2>\t\t\t\t<\/div>\n\t\t\t\t<\/div>\n\t\t\t\t<div class=\"elementor-element elementor-element-adc2140 elementor-widget elementor-widget-text-editor\" data-id=\"adc2140\" data-element_type=\"widget\" data-e-type=\"widget\" data-widget_type=\"text-editor.default\">\n\t\t\t\t<div class=\"elementor-widget-container\">\n\t\t\t\t\t\t\t\t\t<p>Unsere auf Langlebigkeit ausgelegten Kreismesser liefern pr\u00e4zise, effiziente Schnitte bei verschiedenen Materialien und optimieren so erheblich die Produktivit\u00e4t Ihrer Fertigungsprozesse.<\/p>\t\t\t\t\t\t\t\t<\/div>\n\t\t\t\t<\/div>\n\t\t\t\t\t<\/div>\n\t\t\t\t<\/div>\n\t\t\t\t<section class=\"elementor-section elementor-top-section elementor-element elementor-element-2aa28ec elementor-section-boxed elementor-section-height-default elementor-section-height-default\" data-id=\"2aa28ec\" data-element_type=\"section\" data-e-type=\"section\">\n\t\t\t\t\t\t<div class=\"elementor-container elementor-column-gap-default\">\n\t\t\t\t\t<div class=\"elementor-column elementor-col-100 elementor-top-column elementor-element elementor-element-2bbc9e5\" data-id=\"2bbc9e5\" data-element_type=\"column\" data-e-type=\"column\">\n\t\t\t<div class=\"elementor-widget-wrap elementor-element-populated\">\n\t\t\t\t\t\t<div class=\"elementor-element elementor-element-09f0d3c elementor-widget elementor-widget-text-editor\" data-id=\"09f0d3c\" data-element_type=\"widget\" data-e-type=\"widget\" data-widget_type=\"text-editor.default\">\n\t\t\t\t<div class=\"elementor-widget-container\">\n\t\t\t\t\t\t\t\t\t<h1>Kreismesser f\u00fcr Baustoffe<\/h1><p>Besonders anspruchsvoll ist die Bearbeitung und das Trennen von Baustoffen mittels einem Kreismesser.<br \/>In diesem Bereich sind Kreismesser gefordert, welche \u00e4u\u00dferst robust sind. Nicht weniger wichtig ist dabei ein besonders glattes Schnittergebnis bei m\u00f6glichst wenig Verschnitt und geringer Staubentwicklung.<\/p>\t\t\t\t\t\t\t\t<\/div>\n\t\t\t\t<\/div>\n\t\t\t\t<div class=\"elementor-element elementor-element-134b842 elementor-widget-divider--view-line elementor-widget elementor-widget-divider\" data-id=\"134b842\" data-element_type=\"widget\" data-e-type=\"widget\" data-widget_type=\"divider.default\">\n\t\t\t\t<div class=\"elementor-widget-container\">\n\t\t\t\t\t\t\t<div class=\"elementor-divider\">\n\t\t\t<span class=\"elementor-divider-separator\">\n\t\t\t\t\t\t<\/span>\n\t\t<\/div>\n\t\t\t\t\t\t<\/div>\n\t\t\t\t<\/div>\n\t\t\t\t<div class=\"elementor-element elementor-element-e49a301 elementor-widget elementor-widget-text-editor\" data-id=\"e49a301\" data-element_type=\"widget\" data-e-type=\"widget\" data-widget_type=\"text-editor.default\">\n\t\t\t\t<div class=\"elementor-widget-container\">\n\t\t\t\t\t\t\t\t\t<p>Unsere Namhaften Kunden in diesem Bereich vertrauen seit Jahren der Herbertz GmbH &amp; Co. KG.<\/p><p>Unsere Messer erreichen beim Schneiden von Baustoffen wie Gipskarton oder D\u00e4mmstoffen ein sehr sauberes Ergebnis. Unsere Kunden erfreuen sich an \u00e4u\u00dferst d\u00fcnnen Schnitten bei einer besonders langen Standzeit unserer Messer.<\/p><p>Die von uns entwickelten Kreismesser f\u00fcr Baustoffe sind aufgrund unserer speziellen Schneidgeometrie und verschiedenen f\u00fcr den Einsatzzweck abgestimmten Beschichtungen \u00e4u\u00dferst verschlei\u00dffrei. Somit erreichen sie eine besonders genaue Produktion bei verringerten R\u00fcstzeiten.<\/p><p>Aufgrund unserer langj\u00e4hrigen Erfahrung konnten wir unsere Messer in diesem Bereich immer weiter perfektionieren. Sie erhalten dadurch ein qualitativ hochwertiges Messer mit den f\u00fcr Ihre Firma passenden Eigenschaften. Profitieren Sie von unserer Erfahrung im Bereich der Baustoffe.<\/p><p>Wir fertigen Ihre Kreismesser nach Ihren Vorgaben. Dabei streben wir immer an, das f\u00fcr Sie und Ihren Einsatzzweck passende Kreismesser herzustellen.<\/p><p>Wir, die Herbertz GmbH und Co. KG verarbeiten bei unseren Messern nur die besten Stahlsorten. Diese werden immer aufgrund der sp\u00e4ter ausge\u00fcbten Aufgabe ausgesucht. Ebenso werden die Schneidgeometrie und die Form des Messers immer dahingehend perfektioniert ein m\u00f6glichst sauberes Ergebnis zu liefern.<\/p><p>Bei unseren Kreismessern profitieren Sie von einem herausragendem Schnittergebnis bei gleichzeitig hoher Standzeit.<\/p><p>Gerne unterst\u00fctzen wir Sie darin das richtige Messer f\u00fcr Ihren Anwendungszweck zu ermitteln.<\/p>\t\t\t\t\t\t\t\t<\/div>\n\t\t\t\t<\/div>\n\t\t\t\t<div class=\"elementor-element elementor-element-e77f77c elementor-widget elementor-widget-gallery\" data-id=\"e77f77c\" data-element_type=\"widget\" data-e-type=\"widget\" data-settings=\"{&quot;gallery_layout&quot;:&quot;justified&quot;,&quot;gap&quot;:{&quot;unit&quot;:&quot;px&quot;,&quot;size&quot;:15,&quot;sizes&quot;:[]},&quot;ideal_row_height&quot;:{&quot;unit&quot;:&quot;px&quot;,&quot;size&quot;:230,&quot;sizes&quot;:[]},&quot;lazyload&quot;:&quot;yes&quot;,&quot;ideal_row_height_tablet&quot;:{&quot;unit&quot;:&quot;px&quot;,&quot;size&quot;:150,&quot;sizes&quot;:[]},&quot;ideal_row_height_mobile&quot;:{&quot;unit&quot;:&quot;px&quot;,&quot;size&quot;:150,&quot;sizes&quot;:[]},&quot;gap_tablet&quot;:{&quot;unit&quot;:&quot;px&quot;,&quot;size&quot;:10,&quot;sizes&quot;:[]},&quot;gap_mobile&quot;:{&quot;unit&quot;:&quot;px&quot;,&quot;size&quot;:10,&quot;sizes&quot;:[]},&quot;link_to&quot;:&quot;file&quot;,&quot;overlay_background&quot;:&quot;yes&quot;,&quot;content_hover_animation&quot;:&quot;fade-in&quot;}\" data-widget_type=\"gallery.default\">\n\t\t\t\t<div class=\"elementor-widget-container\">\n\t\t\t\t\t\t\t<div class=\"elementor-gallery__container\">\n\t\t\t\t\t\t\t<a class=\"e-gallery-item elementor-gallery-item elementor-animated-content\" href=\"https:\/\/www.herbertz1925.com\/wp-content\/uploads\/2026\/02\/Circular_cutting_construction_material_Herbertz_Germany_2.jpg\" data-elementor-open-lightbox=\"yes\" data-elementor-lightbox-slideshow=\"e77f77c\" data-elementor-lightbox-title=\"Circular_cutting_construction_material_Herbertz_Germany_2\" data-e-action-hash=\"#elementor-action%3Aaction%3Dlightbox%26settings%3DeyJpZCI6ODAwNSwidXJsIjoiaHR0cHM6XC9cL3d3dy5oZXJiZXJ0ejE5MjUuY29tXC93cC1jb250ZW50XC91cGxvYWRzXC8yMDI2XC8wMlwvQ2lyY3VsYXJfY3V0dGluZ19jb25zdHJ1Y3Rpb25fbWF0ZXJpYWxfSGVyYmVydHpfR2VybWFueV8yLmpwZyIsInNsaWRlc2hvdyI6ImU3N2Y3N2MifQ%3D%3D\">\n\t\t\t\t\t<div class=\"e-gallery-image elementor-gallery-item__image\" data-thumbnail=\"https:\/\/www.herbertz1925.com\/wp-content\/uploads\/2026\/02\/Circular_cutting_construction_material_Herbertz_Germany_2-768x636.jpg\" data-width=\"768\" data-height=\"636\" aria-label=\"Circular cutting construction\" role=\"img\" ><\/div>\n\t\t\t\t\t\t\t\t\t\t\t<div class=\"elementor-gallery-item__overlay\"><\/div>\n\t\t\t\t\t\t\t\t\t\t\t\t\t\t<\/a>\n\t\t\t\t\t\t\t<a class=\"e-gallery-item elementor-gallery-item elementor-animated-content\" href=\"https:\/\/www.herbertz1925.com\/wp-content\/uploads\/2026\/02\/Circular_cutting_construction_material_Herbertz_Germany_3_construction_Kreismesser.jpg\" data-elementor-open-lightbox=\"yes\" data-elementor-lightbox-slideshow=\"e77f77c\" data-elementor-lightbox-title=\"Circular_cutting_construction_material_Herbertz_Germany_3_construction_Kreismesser\" data-e-action-hash=\"#elementor-action%3Aaction%3Dlightbox%26settings%3DeyJpZCI6ODAwNywidXJsIjoiaHR0cHM6XC9cL3d3dy5oZXJiZXJ0ejE5MjUuY29tXC93cC1jb250ZW50XC91cGxvYWRzXC8yMDI2XC8wMlwvQ2lyY3VsYXJfY3V0dGluZ19jb25zdHJ1Y3Rpb25fbWF0ZXJpYWxfSGVyYmVydHpfR2VybWFueV8zX2NvbnN0cnVjdGlvbl9LcmVpc21lc3Nlci5qcGciLCJzbGlkZXNob3ciOiJlNzdmNzdjIn0%3D\">\n\t\t\t\t\t<div class=\"e-gallery-image elementor-gallery-item__image\" data-thumbnail=\"https:\/\/www.herbertz1925.com\/wp-content\/uploads\/2026\/02\/Circular_cutting_construction_material_Herbertz_Germany_3_construction_Kreismesser-768x602.jpg\" data-width=\"768\" data-height=\"602\" aria-label=\"Circular cutting construction\" role=\"img\" ><\/div>\n\t\t\t\t\t\t\t\t\t\t\t<div class=\"elementor-gallery-item__overlay\"><\/div>\n\t\t\t\t\t\t\t\t\t\t\t\t\t\t<\/a>\n\t\t\t\t\t\t\t<a class=\"e-gallery-item elementor-gallery-item elementor-animated-content\" href=\"https:\/\/www.herbertz1925.com\/wp-content\/uploads\/2026\/02\/Circular_cutting_construction_material_Herbertz_Germany_3_metal.jpg\" data-elementor-open-lightbox=\"yes\" data-elementor-lightbox-slideshow=\"e77f77c\" data-elementor-lightbox-title=\"Circular_cutting_construction_material_Herbertz_Germany_3_metal\" data-e-action-hash=\"#elementor-action%3Aaction%3Dlightbox%26settings%3DeyJpZCI6ODAwOSwidXJsIjoiaHR0cHM6XC9cL3d3dy5oZXJiZXJ0ejE5MjUuY29tXC93cC1jb250ZW50XC91cGxvYWRzXC8yMDI2XC8wMlwvQ2lyY3VsYXJfY3V0dGluZ19jb25zdHJ1Y3Rpb25fbWF0ZXJpYWxfSGVyYmVydHpfR2VybWFueV8zX21ldGFsLmpwZyIsInNsaWRlc2hvdyI6ImU3N2Y3N2MifQ%3D%3D\">\n\t\t\t\t\t<div class=\"e-gallery-image elementor-gallery-item__image\" data-thumbnail=\"https:\/\/www.herbertz1925.com\/wp-content\/uploads\/2026\/02\/Circular_cutting_construction_material_Herbertz_Germany_3_metal-768x989.jpg\" data-width=\"768\" data-height=\"989\" aria-label=\"Circular cutting construction\" role=\"img\" ><\/div>\n\t\t\t\t\t\t\t\t\t\t\t<div class=\"elementor-gallery-item__overlay\"><\/div>\n\t\t\t\t\t\t\t\t\t\t\t\t\t\t<\/a>\n\t\t\t\t\t\t\t<a class=\"e-gallery-item elementor-gallery-item elementor-animated-content\" href=\"https:\/\/www.herbertz1925.com\/wp-content\/uploads\/2026\/02\/Circular_cutting_construction_material_Herbertz_Germany_3_wood.jpg\" data-elementor-open-lightbox=\"yes\" data-elementor-lightbox-slideshow=\"e77f77c\" data-elementor-lightbox-title=\"Circular_cutting_construction_material_Herbertz_Germany_3_wood\" data-e-action-hash=\"#elementor-action%3Aaction%3Dlightbox%26settings%3DeyJpZCI6ODAxMSwidXJsIjoiaHR0cHM6XC9cL3d3dy5oZXJiZXJ0ejE5MjUuY29tXC93cC1jb250ZW50XC91cGxvYWRzXC8yMDI2XC8wMlwvQ2lyY3VsYXJfY3V0dGluZ19jb25zdHJ1Y3Rpb25fbWF0ZXJpYWxfSGVyYmVydHpfR2VybWFueV8zX3dvb2QuanBnIiwic2xpZGVzaG93IjoiZTc3Zjc3YyJ9\">\n\t\t\t\t\t<div class=\"e-gallery-image elementor-gallery-item__image\" data-thumbnail=\"https:\/\/www.herbertz1925.com\/wp-content\/uploads\/2026\/02\/Circular_cutting_construction_material_Herbertz_Germany_3_wood-768x768.jpg\" data-width=\"768\" data-height=\"768\" aria-label=\"Circular cutting construction\" role=\"img\" ><\/div>\n\t\t\t\t\t\t\t\t\t\t\t<div class=\"elementor-gallery-item__overlay\"><\/div>\n\t\t\t\t\t\t\t\t\t\t\t\t\t\t<\/a>\n\t\t\t\t\t\t\t<a class=\"e-gallery-item elementor-gallery-item elementor-animated-content\" href=\"https:\/\/www.herbertz1925.com\/wp-content\/uploads\/2026\/02\/Circular_cutting_construction_material_Herbertz_Germany_4.jpg\" data-elementor-open-lightbox=\"yes\" data-elementor-lightbox-slideshow=\"e77f77c\" data-elementor-lightbox-title=\"Circular_cutting_construction_material_Herbertz_Germany_4\" data-e-action-hash=\"#elementor-action%3Aaction%3Dlightbox%26settings%3DeyJpZCI6ODAxMywidXJsIjoiaHR0cHM6XC9cL3d3dy5oZXJiZXJ0ejE5MjUuY29tXC93cC1jb250ZW50XC91cGxvYWRzXC8yMDI2XC8wMlwvQ2lyY3VsYXJfY3V0dGluZ19jb25zdHJ1Y3Rpb25fbWF0ZXJpYWxfSGVyYmVydHpfR2VybWFueV80LmpwZyIsInNsaWRlc2hvdyI6ImU3N2Y3N2MifQ%3D%3D\">\n\t\t\t\t\t<div class=\"e-gallery-image elementor-gallery-item__image\" data-thumbnail=\"https:\/\/www.herbertz1925.com\/wp-content\/uploads\/2026\/02\/Circular_cutting_construction_material_Herbertz_Germany_4-768x579.jpg\" data-width=\"768\" data-height=\"579\" aria-label=\"Circular cutting construction\" role=\"img\" ><\/div>\n\t\t\t\t\t\t\t\t\t\t\t<div class=\"elementor-gallery-item__overlay\"><\/div>\n\t\t\t\t\t\t\t\t\t\t\t\t\t\t<\/a>\n\t\t\t\t\t\t\t<a class=\"e-gallery-item elementor-gallery-item elementor-animated-content\" href=\"https:\/\/www.herbertz1925.com\/wp-content\/uploads\/2026\/02\/Circular_cutting_construction_material_Herbertz_Germany_5.jpg\" data-elementor-open-lightbox=\"yes\" data-elementor-lightbox-slideshow=\"e77f77c\" data-elementor-lightbox-title=\"Circular_cutting_construction_material_Herbertz_Germany_5\" data-e-action-hash=\"#elementor-action%3Aaction%3Dlightbox%26settings%3DeyJpZCI6ODAxNSwidXJsIjoiaHR0cHM6XC9cL3d3dy5oZXJiZXJ0ejE5MjUuY29tXC93cC1jb250ZW50XC91cGxvYWRzXC8yMDI2XC8wMlwvQ2lyY3VsYXJfY3V0dGluZ19jb25zdHJ1Y3Rpb25fbWF0ZXJpYWxfSGVyYmVydHpfR2VybWFueV81LmpwZyIsInNsaWRlc2hvdyI6ImU3N2Y3N2MifQ%3D%3D\">\n\t\t\t\t\t<div class=\"e-gallery-image elementor-gallery-item__image\" data-thumbnail=\"https:\/\/www.herbertz1925.com\/wp-content\/uploads\/2026\/02\/Circular_cutting_construction_material_Herbertz_Germany_5-768x579.jpg\" data-width=\"768\" data-height=\"579\" aria-label=\"Circular cutting construction\" role=\"img\" ><\/div>\n\t\t\t\t\t\t\t\t\t\t\t<div class=\"elementor-gallery-item__overlay\"><\/div>\n\t\t\t\t\t\t\t\t\t\t\t\t\t\t<\/a>\n\t\t\t\t\t\t\t<a class=\"e-gallery-item elementor-gallery-item elementor-animated-content\" href=\"https:\/\/www.herbertz1925.com\/wp-content\/uploads\/2026\/02\/Circular_cutting_construction_material_Herbertz_Germany_Kreismesser.jpg\" data-elementor-open-lightbox=\"yes\" data-elementor-lightbox-slideshow=\"e77f77c\" data-elementor-lightbox-title=\"Circular_cutting_construction_material_Herbertz_Germany_Kreismesser\" data-e-action-hash=\"#elementor-action%3Aaction%3Dlightbox%26settings%3DeyJpZCI6ODAxNywidXJsIjoiaHR0cHM6XC9cL3d3dy5oZXJiZXJ0ejE5MjUuY29tXC93cC1jb250ZW50XC91cGxvYWRzXC8yMDI2XC8wMlwvQ2lyY3VsYXJfY3V0dGluZ19jb25zdHJ1Y3Rpb25fbWF0ZXJpYWxfSGVyYmVydHpfR2VybWFueV9LcmVpc21lc3Nlci5qcGciLCJzbGlkZXNob3ciOiJlNzdmNzdjIn0%3D\">\n\t\t\t\t\t<div class=\"e-gallery-image elementor-gallery-item__image\" data-thumbnail=\"https:\/\/www.herbertz1925.com\/wp-content\/uploads\/2026\/02\/Circular_cutting_construction_material_Herbertz_Germany_Kreismesser-768x959.jpg\" data-width=\"768\" data-height=\"959\" aria-label=\"Circular cutting construction\" role=\"img\" ><\/div>\n\t\t\t\t\t\t\t\t\t\t\t<div class=\"elementor-gallery-item__overlay\"><\/div>\n\t\t\t\t\t\t\t\t\t\t\t\t\t\t<\/a>\n\t\t\t\t\t\t\t<a class=\"e-gallery-item elementor-gallery-item elementor-animated-content\" href=\"https:\/\/www.herbertz1925.com\/wp-content\/uploads\/2026\/02\/Kreismesser-Baustoffe-02.jpg\" data-elementor-open-lightbox=\"yes\" data-elementor-lightbox-slideshow=\"e77f77c\" data-elementor-lightbox-title=\"Kreismesser-Baustoffe-02\" data-e-action-hash=\"#elementor-action%3Aaction%3Dlightbox%26settings%3DeyJpZCI6ODAxOSwidXJsIjoiaHR0cHM6XC9cL3d3dy5oZXJiZXJ0ejE5MjUuY29tXC93cC1jb250ZW50XC91cGxvYWRzXC8yMDI2XC8wMlwvS3JlaXNtZXNzZXItQmF1c3RvZmZlLTAyLmpwZyIsInNsaWRlc2hvdyI6ImU3N2Y3N2MifQ%3D%3D\">\n\t\t\t\t\t<div class=\"e-gallery-image elementor-gallery-item__image\" data-thumbnail=\"https:\/\/www.herbertz1925.com\/wp-content\/uploads\/2026\/02\/Kreismesser-Baustoffe-02.jpg\" data-width=\"700\" data-height=\"525\" aria-label=\"\" role=\"img\" ><\/div>\n\t\t\t\t\t\t\t\t\t\t\t<div class=\"elementor-gallery-item__overlay\"><\/div>\n\t\t\t\t\t\t\t\t\t\t\t\t\t\t<\/a>\n\t\t\t\t\t<\/div>\n\t\t\t\t\t<\/div>\n\t\t\t\t<\/div>\n\t\t\t\t\t<\/div>\n\t\t<\/div>\n\t\t\t\t\t<\/div>\n\t\t<\/section>\n\t\t\t\t<\/div>\n\t\t","protected":false},"excerpt":{"rendered":"<p>Kreismesser Unsere auf Langlebigkeit ausgelegten Kreismesser liefern pr\u00e4zise, effiziente Schnitte bei verschiedenen Materialien und optimieren so erheblich die Produktivit\u00e4t Ihrer Fertigungsprozesse. Kreismesser f\u00fcr Baustoffe Besonders anspruchsvoll ist die Bearbeitung und das Trennen von Baustoffen mittels einem Kreismesser.In diesem Bereich sind Kreismesser gefordert, welche \u00e4u\u00dferst robust sind. Nicht weniger wichtig ist dabei ein besonders glattes Schnittergebnis [&hellip;]<\/p>\n","protected":false},"author":1,"featured_media":0,"parent":530,"menu_order":50,"comment_status":"closed","ping_status":"closed","template":"","meta":{"footnotes":""},"class_list":["post-796","page","type-page","status-publish","hentry"],"yoast_head":"<!-- This site is optimized with the Yoast SEO plugin v27.3 - https:\/\/yoast.com\/product\/yoast-seo-wordpress\/ -->\n<title>Kreismesser f\u00fcr Baustoffe | Herbertz GmbH &amp; Co KG<\/title>\n<meta name=\"description\" content=\"Kreismesser f\u00fcr Baustoffe | Hohe Qualit\u00e4t, Standzeit und ein herausragendes Ergebnis. Kundenorientierte L\u00f6sungen stehen f\u00fcr uns im Mittelpunkt.\" \/>\n<meta name=\"robots\" content=\"index, follow, max-snippet:-1, max-image-preview:large, max-video-preview:-1\" \/>\n<link rel=\"canonical\" href=\"https:\/\/www.herbertz1925.com\/de\/kreismesser\/kreismesser-fuer-baustoffe\/\" \/>\n<meta property=\"og:locale\" content=\"de_DE\" \/>\n<meta property=\"og:type\" content=\"article\" \/>\n<meta property=\"og:title\" content=\"Kreismesser f\u00fcr Baustoffe | Herbertz GmbH &amp; Co KG\" \/>\n<meta property=\"og:description\" content=\"Kreismesser f\u00fcr Baustoffe | Hohe Qualit\u00e4t, Standzeit und ein herausragendes Ergebnis. Kundenorientierte L\u00f6sungen stehen f\u00fcr uns im Mittelpunkt.\" \/>\n<meta property=\"og:url\" content=\"https:\/\/www.herbertz1925.com\/de\/kreismesser\/kreismesser-fuer-baustoffe\/\" \/>\n<meta property=\"og:site_name\" content=\"Herbertz Maschinenmesserfabrik\" \/>\n<meta property=\"article:modified_time\" content=\"2026-03-24T15:26:50+00:00\" \/>\n<meta property=\"og:image\" content=\"https:\/\/www.herbertz1925.com\/wp-content\/uploads\/2019\/02\/Luftbild-2019.jpg\" \/>\n\t<meta property=\"og:image:width\" content=\"1920\" \/>\n\t<meta property=\"og:image:height\" content=\"1440\" \/>\n\t<meta property=\"og:image:type\" content=\"image\/jpeg\" \/>\n<meta name=\"twitter:card\" content=\"summary_large_image\" \/>\n<meta name=\"twitter:label1\" content=\"Gesch\u00e4tzte Lesezeit\" \/>\n\t<meta name=\"twitter:data1\" content=\"2\u00a0Minuten\" \/>\n<script type=\"application\/ld+json\" class=\"yoast-schema-graph\">{\"@context\":\"https:\\\/\\\/schema.org\",\"@graph\":[{\"@type\":\"WebPage\",\"@id\":\"https:\\\/\\\/www.herbertz1925.com\\\/de\\\/kreismesser\\\/kreismesser-fuer-baustoffe\\\/\",\"url\":\"https:\\\/\\\/www.herbertz1925.com\\\/de\\\/kreismesser\\\/kreismesser-fuer-baustoffe\\\/\",\"name\":\"Kreismesser f\u00fcr Baustoffe | Herbertz GmbH & Co KG\",\"isPartOf\":{\"@id\":\"https:\\\/\\\/www.herbertz1925.com\\\/de\\\/#website\"},\"datePublished\":\"2019-08-22T08:05:06+00:00\",\"dateModified\":\"2026-03-24T15:26:50+00:00\",\"description\":\"Kreismesser f\u00fcr Baustoffe | Hohe Qualit\u00e4t, Standzeit und ein herausragendes Ergebnis. Kundenorientierte L\u00f6sungen stehen f\u00fcr uns im Mittelpunkt.\",\"breadcrumb\":{\"@id\":\"https:\\\/\\\/www.herbertz1925.com\\\/de\\\/kreismesser\\\/kreismesser-fuer-baustoffe\\\/#breadcrumb\"},\"inLanguage\":\"de\",\"potentialAction\":[{\"@type\":\"ReadAction\",\"target\":[\"https:\\\/\\\/www.herbertz1925.com\\\/de\\\/kreismesser\\\/kreismesser-fuer-baustoffe\\\/\"]}]},{\"@type\":\"BreadcrumbList\",\"@id\":\"https:\\\/\\\/www.herbertz1925.com\\\/de\\\/kreismesser\\\/kreismesser-fuer-baustoffe\\\/#breadcrumb\",\"itemListElement\":[{\"@type\":\"ListItem\",\"position\":1,\"name\":\"Home\",\"item\":\"https:\\\/\\\/www.herbertz1925.com\\\/de\\\/\"},{\"@type\":\"ListItem\",\"position\":2,\"name\":\"Kreismesser\",\"item\":\"https:\\\/\\\/www.herbertz1925.com\\\/de\\\/kreismesser\\\/\"},{\"@type\":\"ListItem\",\"position\":3,\"name\":\"Kreismesser f\u00fcr Baustoffe\"}]},{\"@type\":\"WebSite\",\"@id\":\"https:\\\/\\\/www.herbertz1925.com\\\/de\\\/#website\",\"url\":\"https:\\\/\\\/www.herbertz1925.com\\\/de\\\/\",\"name\":\"Herbertz Maschinenmesserfabrik\",\"description\":\"Hochwertige Werkzeugst\u00e4hle f\u00fcr hochwertige Maschinenmesser\",\"publisher\":{\"@id\":\"https:\\\/\\\/www.herbertz1925.com\\\/de\\\/#organization\"},\"potentialAction\":[{\"@type\":\"SearchAction\",\"target\":{\"@type\":\"EntryPoint\",\"urlTemplate\":\"https:\\\/\\\/www.herbertz1925.com\\\/de\\\/?s={search_term_string}\"},\"query-input\":{\"@type\":\"PropertyValueSpecification\",\"valueRequired\":true,\"valueName\":\"search_term_string\"}}],\"inLanguage\":\"de\"},{\"@type\":\"Organization\",\"@id\":\"https:\\\/\\\/www.herbertz1925.com\\\/de\\\/#organization\",\"name\":\"Herbertz GmbH & Co. KG\",\"url\":\"https:\\\/\\\/www.herbertz1925.com\\\/de\\\/\",\"logo\":{\"@type\":\"ImageObject\",\"inLanguage\":\"de\",\"@id\":\"https:\\\/\\\/www.herbertz1925.com\\\/de\\\/#\\\/schema\\\/logo\\\/image\\\/\",\"url\":\"https:\\\/\\\/www.herbertz1925.com\\\/wp-content\\\/uploads\\\/2020\\\/03\\\/Logo-Herbertz-2020-1.png\",\"contentUrl\":\"https:\\\/\\\/www.herbertz1925.com\\\/wp-content\\\/uploads\\\/2020\\\/03\\\/Logo-Herbertz-2020-1.png\",\"width\":362,\"height\":196,\"caption\":\"Herbertz GmbH & Co. KG\"},\"image\":{\"@id\":\"https:\\\/\\\/www.herbertz1925.com\\\/de\\\/#\\\/schema\\\/logo\\\/image\\\/\"}}]}<\/script>\n<!-- \/ Yoast SEO plugin. -->","yoast_head_json":{"title":"Kreismesser f\u00fcr Baustoffe | Herbertz GmbH & Co KG","description":"Kreismesser f\u00fcr Baustoffe | Hohe Qualit\u00e4t, Standzeit und ein herausragendes Ergebnis. Kundenorientierte L\u00f6sungen stehen f\u00fcr uns im Mittelpunkt.","robots":{"index":"index","follow":"follow","max-snippet":"max-snippet:-1","max-image-preview":"max-image-preview:large","max-video-preview":"max-video-preview:-1"},"canonical":"https:\/\/www.herbertz1925.com\/de\/kreismesser\/kreismesser-fuer-baustoffe\/","og_locale":"de_DE","og_type":"article","og_title":"Kreismesser f\u00fcr Baustoffe | Herbertz GmbH & Co KG","og_description":"Kreismesser f\u00fcr Baustoffe | Hohe Qualit\u00e4t, Standzeit und ein herausragendes Ergebnis. Kundenorientierte L\u00f6sungen stehen f\u00fcr uns im Mittelpunkt.","og_url":"https:\/\/www.herbertz1925.com\/de\/kreismesser\/kreismesser-fuer-baustoffe\/","og_site_name":"Herbertz Maschinenmesserfabrik","article_modified_time":"2026-03-24T15:26:50+00:00","og_image":[{"width":1920,"height":1440,"url":"https:\/\/www.herbertz1925.com\/wp-content\/uploads\/2019\/02\/Luftbild-2019.jpg","type":"image\/jpeg"}],"twitter_card":"summary_large_image","twitter_misc":{"Gesch\u00e4tzte Lesezeit":"2\u00a0Minuten"},"schema":{"@context":"https:\/\/schema.org","@graph":[{"@type":"WebPage","@id":"https:\/\/www.herbertz1925.com\/de\/kreismesser\/kreismesser-fuer-baustoffe\/","url":"https:\/\/www.herbertz1925.com\/de\/kreismesser\/kreismesser-fuer-baustoffe\/","name":"Kreismesser f\u00fcr Baustoffe | Herbertz GmbH & Co KG","isPartOf":{"@id":"https:\/\/www.herbertz1925.com\/de\/#website"},"datePublished":"2019-08-22T08:05:06+00:00","dateModified":"2026-03-24T15:26:50+00:00","description":"Kreismesser f\u00fcr Baustoffe | Hohe Qualit\u00e4t, Standzeit und ein herausragendes Ergebnis. Kundenorientierte L\u00f6sungen stehen f\u00fcr uns im Mittelpunkt.","breadcrumb":{"@id":"https:\/\/www.herbertz1925.com\/de\/kreismesser\/kreismesser-fuer-baustoffe\/#breadcrumb"},"inLanguage":"de","potentialAction":[{"@type":"ReadAction","target":["https:\/\/www.herbertz1925.com\/de\/kreismesser\/kreismesser-fuer-baustoffe\/"]}]},{"@type":"BreadcrumbList","@id":"https:\/\/www.herbertz1925.com\/de\/kreismesser\/kreismesser-fuer-baustoffe\/#breadcrumb","itemListElement":[{"@type":"ListItem","position":1,"name":"Home","item":"https:\/\/www.herbertz1925.com\/de\/"},{"@type":"ListItem","position":2,"name":"Kreismesser","item":"https:\/\/www.herbertz1925.com\/de\/kreismesser\/"},{"@type":"ListItem","position":3,"name":"Kreismesser f\u00fcr Baustoffe"}]},{"@type":"WebSite","@id":"https:\/\/www.herbertz1925.com\/de\/#website","url":"https:\/\/www.herbertz1925.com\/de\/","name":"Herbertz Maschinenmesserfabrik","description":"Hochwertige Werkzeugst\u00e4hle f\u00fcr hochwertige Maschinenmesser","publisher":{"@id":"https:\/\/www.herbertz1925.com\/de\/#organization"},"potentialAction":[{"@type":"SearchAction","target":{"@type":"EntryPoint","urlTemplate":"https:\/\/www.herbertz1925.com\/de\/?s={search_term_string}"},"query-input":{"@type":"PropertyValueSpecification","valueRequired":true,"valueName":"search_term_string"}}],"inLanguage":"de"},{"@type":"Organization","@id":"https:\/\/www.herbertz1925.com\/de\/#organization","name":"Herbertz GmbH & Co. KG","url":"https:\/\/www.herbertz1925.com\/de\/","logo":{"@type":"ImageObject","inLanguage":"de","@id":"https:\/\/www.herbertz1925.com\/de\/#\/schema\/logo\/image\/","url":"https:\/\/www.herbertz1925.com\/wp-content\/uploads\/2020\/03\/Logo-Herbertz-2020-1.png","contentUrl":"https:\/\/www.herbertz1925.com\/wp-content\/uploads\/2020\/03\/Logo-Herbertz-2020-1.png","width":362,"height":196,"caption":"Herbertz GmbH & Co. KG"},"image":{"@id":"https:\/\/www.herbertz1925.com\/de\/#\/schema\/logo\/image\/"}}]}},"_links":{"self":[{"href":"https:\/\/www.herbertz1925.com\/de\/wp-json\/wp\/v2\/pages\/796","targetHints":{"allow":["GET"]}}],"collection":[{"href":"https:\/\/www.herbertz1925.com\/de\/wp-json\/wp\/v2\/pages"}],"about":[{"href":"https:\/\/www.herbertz1925.com\/de\/wp-json\/wp\/v2\/types\/page"}],"author":[{"embeddable":true,"href":"https:\/\/www.herbertz1925.com\/de\/wp-json\/wp\/v2\/users\/1"}],"replies":[{"embeddable":true,"href":"https:\/\/www.herbertz1925.com\/de\/wp-json\/wp\/v2\/comments?post=796"}],"version-history":[{"count":32,"href":"https:\/\/www.herbertz1925.com\/de\/wp-json\/wp\/v2\/pages\/796\/revisions"}],"predecessor-version":[{"id":11576,"href":"https:\/\/www.herbertz1925.com\/de\/wp-json\/wp\/v2\/pages\/796\/revisions\/11576"}],"up":[{"embeddable":true,"href":"https:\/\/www.herbertz1925.com\/de\/wp-json\/wp\/v2\/pages\/530"}],"wp:attachment":[{"href":"https:\/\/www.herbertz1925.com\/de\/wp-json\/wp\/v2\/media?parent=796"}],"curies":[{"name":"wp","href":"https:\/\/api.w.org\/{rel}","templated":true}]}}