{"id":856,"date":"2020-03-30T09:07:20","date_gmt":"2020-03-30T09:07:20","guid":{"rendered":"https:\/\/www.herbertz1925.com\/?page_id=856"},"modified":"2026-03-24T16:47:57","modified_gmt":"2026-03-24T15:47:57","slug":"zwischenringe","status":"publish","type":"page","link":"https:\/\/www.herbertz1925.com\/de\/rollscheren\/zwischenringe\/","title":{"rendered":"Zwischenringe"},"content":{"rendered":"\t\t<div data-elementor-type=\"wp-page\" data-elementor-id=\"856\" class=\"elementor elementor-856\" data-elementor-post-type=\"page\">\n\t\t\t\t<div class=\"elementor-element elementor-element-017c2b8 stretch-width e-flex e-con-boxed e-con e-parent\" data-id=\"017c2b8\" data-element_type=\"container\" data-e-type=\"container\" data-settings=\"{&quot;background_background&quot;:&quot;classic&quot;}\">\n\t\t\t\t\t<div class=\"e-con-inner\">\n\t\t\t\t<div class=\"elementor-element elementor-element-e719b0a elementor-widget elementor-widget-heading\" data-id=\"e719b0a\" data-element_type=\"widget\" data-e-type=\"widget\" data-widget_type=\"heading.default\">\n\t\t\t\t<div class=\"elementor-widget-container\">\n\t\t\t\t\t<h2 class=\"elementor-heading-title elementor-size-default\">Rollscherenmesser<\/h2>\t\t\t\t<\/div>\n\t\t\t\t<\/div>\n\t\t\t\t<div class=\"elementor-element elementor-element-1de5d97 elementor-widget elementor-widget-text-editor\" data-id=\"1de5d97\" data-element_type=\"widget\" data-e-type=\"widget\" data-widget_type=\"text-editor.default\">\n\t\t\t\t<div class=\"elementor-widget-container\">\n\t\t\t\t\t\t\t\t\t<p>Vielseitige Schneidmesser sorgen f\u00fcr pr\u00e4zises, schnelles Schneiden in der Verpackungs-, Textil-, Papier- und Fertigungsindustrie und liefern saubere Kanten, minimalen Abfall und gesteigerte Produktivit\u00e4t.<\/p>\t\t\t\t\t\t\t\t<\/div>\n\t\t\t\t<\/div>\n\t\t\t\t\t<\/div>\n\t\t\t\t<\/div>\n\t\t\t\t<section class=\"elementor-section elementor-top-section elementor-element elementor-element-b6a1818 elementor-section-boxed elementor-section-height-default elementor-section-height-default\" data-id=\"b6a1818\" data-element_type=\"section\" data-e-type=\"section\">\n\t\t\t\t\t\t<div class=\"elementor-container elementor-column-gap-default\">\n\t\t\t\t\t<div class=\"elementor-column elementor-col-100 elementor-top-column elementor-element elementor-element-4fc33dd\" data-id=\"4fc33dd\" data-element_type=\"column\" data-e-type=\"column\">\n\t\t\t<div class=\"elementor-widget-wrap elementor-element-populated\">\n\t\t\t\t\t\t<div class=\"elementor-element elementor-element-910ddbf elementor-widget elementor-widget-text-editor\" data-id=\"910ddbf\" data-element_type=\"widget\" data-e-type=\"widget\" data-widget_type=\"text-editor.default\">\n\t\t\t\t<div class=\"elementor-widget-container\">\n\t\t\t\t\t\t\t\t\t<h1>Zwischenringe<\/h1><p>Wenn in Schneidprozessen Zwischenringe eingesetzt werden, kommt diesen meistens eine entscheidende Bedeutung zu. Bei der Best\u00fcckung der Welle wird durch die Auswahl der Zwischenringe der Schnittspalt ( Schnittluft ) eingestellt, weil dadurch die Rollscheren exakt positioniert werden.<\/p><p>Aus diesem Grund sollten Zwischenringe unter Ber\u00fccksichtigung engster Toleranzen gefertigt werden, da der Erfolg des Schneidprozesses davon abh\u00e4ngt. Auch die Auswahl eines geeigneten Werkzeugstahles, evtl. auch in rostfreier Ausf\u00fchrung ist genauso wie die W\u00e4rmebehandlung ein entscheidender Faktor. Zwischenringe von Herbertz werden hochpr\u00e4zise gefertigt.<\/p><p>Nur so k\u00f6nnen engste Dickentoleranzen, polierte Oberfl\u00e4chen und Kantengeometrien dargestellt werden.<\/p><p>Wir, die Herbertz GmbH und Co. KG verarbeiten bei unseren Zwischenringen nur die besten Stahlsorten. Diese werden immer aufgrund der sp\u00e4ter ausge\u00fcbten Aufgabe ausgesucht.<\/p><p>Gerne unterst\u00fctzen wir Sie darin die richtigen Zwischenringe f\u00fcr Ihren Anwendungszweck zu ermitteln.<\/p>\t\t\t\t\t\t\t\t<\/div>\n\t\t\t\t<\/div>\n\t\t\t\t\t<\/div>\n\t\t<\/div>\n\t\t\t\t\t<\/div>\n\t\t<\/section>\n\t\t\t\t<\/div>\n\t\t","protected":false},"excerpt":{"rendered":"<p>Rollscherenmesser Vielseitige Schneidmesser sorgen f\u00fcr pr\u00e4zises, schnelles Schneiden in der Verpackungs-, Textil-, Papier- und Fertigungsindustrie und liefern saubere Kanten, minimalen Abfall und gesteigerte Produktivit\u00e4t. Zwischenringe Wenn in Schneidprozessen Zwischenringe eingesetzt werden, kommt diesen meistens eine entscheidende Bedeutung zu. Bei der Best\u00fcckung der Welle wird durch die Auswahl der Zwischenringe der Schnittspalt ( Schnittluft ) eingestellt, [&hellip;]<\/p>\n","protected":false},"author":1,"featured_media":0,"parent":24,"menu_order":20,"comment_status":"closed","ping_status":"closed","template":"","meta":{"footnotes":""},"class_list":["post-856","page","type-page","status-publish","hentry"],"yoast_head":"<!-- This site is optimized with the Yoast SEO plugin v27.3 - https:\/\/yoast.com\/product\/yoast-seo-wordpress\/ -->\n<title>Zwischenringe in Top Qualit\u00e4t | Herbertz GmbH &amp; Co KG<\/title>\n<meta name=\"description\" content=\"Zwischenringe | Herbertz Zwischenringe bestechen mit hoher Qualit\u00e4t, Standzeit und einem herausragenden Ergebnis. Wir beraten Sie gerne.\" \/>\n<meta name=\"robots\" content=\"index, follow, max-snippet:-1, max-image-preview:large, max-video-preview:-1\" \/>\n<link rel=\"canonical\" href=\"https:\/\/www.herbertz1925.com\/de\/rollscheren\/zwischenringe\/\" \/>\n<meta property=\"og:locale\" content=\"de_DE\" \/>\n<meta property=\"og:type\" content=\"article\" \/>\n<meta property=\"og:title\" content=\"Zwischenringe in Top Qualit\u00e4t | Herbertz GmbH &amp; Co KG\" \/>\n<meta property=\"og:description\" content=\"Zwischenringe | Herbertz Zwischenringe bestechen mit hoher Qualit\u00e4t, Standzeit und einem herausragenden Ergebnis. Wir beraten Sie gerne.\" \/>\n<meta property=\"og:url\" content=\"https:\/\/www.herbertz1925.com\/de\/rollscheren\/zwischenringe\/\" \/>\n<meta property=\"og:site_name\" content=\"Herbertz Maschinenmesserfabrik\" \/>\n<meta property=\"article:modified_time\" content=\"2026-03-24T15:47:57+00:00\" \/>\n<meta property=\"og:image\" content=\"https:\/\/www.herbertz1925.com\/wp-content\/uploads\/2019\/02\/Luftbild-2019.jpg\" \/>\n\t<meta property=\"og:image:width\" content=\"1920\" \/>\n\t<meta property=\"og:image:height\" content=\"1440\" \/>\n\t<meta property=\"og:image:type\" content=\"image\/jpeg\" \/>\n<meta name=\"twitter:card\" content=\"summary_large_image\" \/>\n<meta name=\"twitter:label1\" content=\"Gesch\u00e4tzte Lesezeit\" \/>\n\t<meta name=\"twitter:data1\" content=\"1\u00a0Minute\" \/>\n<script type=\"application\/ld+json\" class=\"yoast-schema-graph\">{\"@context\":\"https:\\\/\\\/schema.org\",\"@graph\":[{\"@type\":\"WebPage\",\"@id\":\"https:\\\/\\\/www.herbertz1925.com\\\/de\\\/rollscheren\\\/zwischenringe\\\/\",\"url\":\"https:\\\/\\\/www.herbertz1925.com\\\/de\\\/rollscheren\\\/zwischenringe\\\/\",\"name\":\"Zwischenringe in Top Qualit\u00e4t | Herbertz GmbH & Co KG\",\"isPartOf\":{\"@id\":\"https:\\\/\\\/www.herbertz1925.com\\\/de\\\/#website\"},\"datePublished\":\"2020-03-30T09:07:20+00:00\",\"dateModified\":\"2026-03-24T15:47:57+00:00\",\"description\":\"Zwischenringe | Herbertz Zwischenringe bestechen mit hoher Qualit\u00e4t, Standzeit und einem herausragenden Ergebnis. Wir beraten Sie gerne.\",\"breadcrumb\":{\"@id\":\"https:\\\/\\\/www.herbertz1925.com\\\/de\\\/rollscheren\\\/zwischenringe\\\/#breadcrumb\"},\"inLanguage\":\"de\",\"potentialAction\":[{\"@type\":\"ReadAction\",\"target\":[\"https:\\\/\\\/www.herbertz1925.com\\\/de\\\/rollscheren\\\/zwischenringe\\\/\"]}]},{\"@type\":\"BreadcrumbList\",\"@id\":\"https:\\\/\\\/www.herbertz1925.com\\\/de\\\/rollscheren\\\/zwischenringe\\\/#breadcrumb\",\"itemListElement\":[{\"@type\":\"ListItem\",\"position\":1,\"name\":\"Home\",\"item\":\"https:\\\/\\\/www.herbertz1925.com\\\/de\\\/\"},{\"@type\":\"ListItem\",\"position\":2,\"name\":\"Rollscheren\",\"item\":\"https:\\\/\\\/www.herbertz1925.com\\\/de\\\/rollscheren\\\/\"},{\"@type\":\"ListItem\",\"position\":3,\"name\":\"Zwischenringe\"}]},{\"@type\":\"WebSite\",\"@id\":\"https:\\\/\\\/www.herbertz1925.com\\\/de\\\/#website\",\"url\":\"https:\\\/\\\/www.herbertz1925.com\\\/de\\\/\",\"name\":\"Herbertz Maschinenmesserfabrik\",\"description\":\"Hochwertige Werkzeugst\u00e4hle f\u00fcr hochwertige Maschinenmesser\",\"publisher\":{\"@id\":\"https:\\\/\\\/www.herbertz1925.com\\\/de\\\/#organization\"},\"potentialAction\":[{\"@type\":\"SearchAction\",\"target\":{\"@type\":\"EntryPoint\",\"urlTemplate\":\"https:\\\/\\\/www.herbertz1925.com\\\/de\\\/?s={search_term_string}\"},\"query-input\":{\"@type\":\"PropertyValueSpecification\",\"valueRequired\":true,\"valueName\":\"search_term_string\"}}],\"inLanguage\":\"de\"},{\"@type\":\"Organization\",\"@id\":\"https:\\\/\\\/www.herbertz1925.com\\\/de\\\/#organization\",\"name\":\"Herbertz GmbH & Co. KG\",\"url\":\"https:\\\/\\\/www.herbertz1925.com\\\/de\\\/\",\"logo\":{\"@type\":\"ImageObject\",\"inLanguage\":\"de\",\"@id\":\"https:\\\/\\\/www.herbertz1925.com\\\/de\\\/#\\\/schema\\\/logo\\\/image\\\/\",\"url\":\"https:\\\/\\\/www.herbertz1925.com\\\/wp-content\\\/uploads\\\/2020\\\/03\\\/Logo-Herbertz-2020-1.png\",\"contentUrl\":\"https:\\\/\\\/www.herbertz1925.com\\\/wp-content\\\/uploads\\\/2020\\\/03\\\/Logo-Herbertz-2020-1.png\",\"width\":362,\"height\":196,\"caption\":\"Herbertz GmbH & Co. KG\"},\"image\":{\"@id\":\"https:\\\/\\\/www.herbertz1925.com\\\/de\\\/#\\\/schema\\\/logo\\\/image\\\/\"}}]}<\/script>\n<!-- \/ Yoast SEO plugin. -->","yoast_head_json":{"title":"Zwischenringe in Top Qualit\u00e4t | Herbertz GmbH & Co KG","description":"Zwischenringe | Herbertz Zwischenringe bestechen mit hoher Qualit\u00e4t, Standzeit und einem herausragenden Ergebnis. Wir beraten Sie gerne.","robots":{"index":"index","follow":"follow","max-snippet":"max-snippet:-1","max-image-preview":"max-image-preview:large","max-video-preview":"max-video-preview:-1"},"canonical":"https:\/\/www.herbertz1925.com\/de\/rollscheren\/zwischenringe\/","og_locale":"de_DE","og_type":"article","og_title":"Zwischenringe in Top Qualit\u00e4t | Herbertz GmbH & Co KG","og_description":"Zwischenringe | Herbertz Zwischenringe bestechen mit hoher Qualit\u00e4t, Standzeit und einem herausragenden Ergebnis. Wir beraten Sie gerne.","og_url":"https:\/\/www.herbertz1925.com\/de\/rollscheren\/zwischenringe\/","og_site_name":"Herbertz Maschinenmesserfabrik","article_modified_time":"2026-03-24T15:47:57+00:00","og_image":[{"width":1920,"height":1440,"url":"https:\/\/www.herbertz1925.com\/wp-content\/uploads\/2019\/02\/Luftbild-2019.jpg","type":"image\/jpeg"}],"twitter_card":"summary_large_image","twitter_misc":{"Gesch\u00e4tzte Lesezeit":"1\u00a0Minute"},"schema":{"@context":"https:\/\/schema.org","@graph":[{"@type":"WebPage","@id":"https:\/\/www.herbertz1925.com\/de\/rollscheren\/zwischenringe\/","url":"https:\/\/www.herbertz1925.com\/de\/rollscheren\/zwischenringe\/","name":"Zwischenringe in Top Qualit\u00e4t | Herbertz GmbH & Co KG","isPartOf":{"@id":"https:\/\/www.herbertz1925.com\/de\/#website"},"datePublished":"2020-03-30T09:07:20+00:00","dateModified":"2026-03-24T15:47:57+00:00","description":"Zwischenringe | Herbertz Zwischenringe bestechen mit hoher Qualit\u00e4t, Standzeit und einem herausragenden Ergebnis. Wir beraten Sie gerne.","breadcrumb":{"@id":"https:\/\/www.herbertz1925.com\/de\/rollscheren\/zwischenringe\/#breadcrumb"},"inLanguage":"de","potentialAction":[{"@type":"ReadAction","target":["https:\/\/www.herbertz1925.com\/de\/rollscheren\/zwischenringe\/"]}]},{"@type":"BreadcrumbList","@id":"https:\/\/www.herbertz1925.com\/de\/rollscheren\/zwischenringe\/#breadcrumb","itemListElement":[{"@type":"ListItem","position":1,"name":"Home","item":"https:\/\/www.herbertz1925.com\/de\/"},{"@type":"ListItem","position":2,"name":"Rollscheren","item":"https:\/\/www.herbertz1925.com\/de\/rollscheren\/"},{"@type":"ListItem","position":3,"name":"Zwischenringe"}]},{"@type":"WebSite","@id":"https:\/\/www.herbertz1925.com\/de\/#website","url":"https:\/\/www.herbertz1925.com\/de\/","name":"Herbertz Maschinenmesserfabrik","description":"Hochwertige Werkzeugst\u00e4hle f\u00fcr hochwertige Maschinenmesser","publisher":{"@id":"https:\/\/www.herbertz1925.com\/de\/#organization"},"potentialAction":[{"@type":"SearchAction","target":{"@type":"EntryPoint","urlTemplate":"https:\/\/www.herbertz1925.com\/de\/?s={search_term_string}"},"query-input":{"@type":"PropertyValueSpecification","valueRequired":true,"valueName":"search_term_string"}}],"inLanguage":"de"},{"@type":"Organization","@id":"https:\/\/www.herbertz1925.com\/de\/#organization","name":"Herbertz GmbH & Co. KG","url":"https:\/\/www.herbertz1925.com\/de\/","logo":{"@type":"ImageObject","inLanguage":"de","@id":"https:\/\/www.herbertz1925.com\/de\/#\/schema\/logo\/image\/","url":"https:\/\/www.herbertz1925.com\/wp-content\/uploads\/2020\/03\/Logo-Herbertz-2020-1.png","contentUrl":"https:\/\/www.herbertz1925.com\/wp-content\/uploads\/2020\/03\/Logo-Herbertz-2020-1.png","width":362,"height":196,"caption":"Herbertz GmbH & Co. KG"},"image":{"@id":"https:\/\/www.herbertz1925.com\/de\/#\/schema\/logo\/image\/"}}]}},"_links":{"self":[{"href":"https:\/\/www.herbertz1925.com\/de\/wp-json\/wp\/v2\/pages\/856","targetHints":{"allow":["GET"]}}],"collection":[{"href":"https:\/\/www.herbertz1925.com\/de\/wp-json\/wp\/v2\/pages"}],"about":[{"href":"https:\/\/www.herbertz1925.com\/de\/wp-json\/wp\/v2\/types\/page"}],"author":[{"embeddable":true,"href":"https:\/\/www.herbertz1925.com\/de\/wp-json\/wp\/v2\/users\/1"}],"replies":[{"embeddable":true,"href":"https:\/\/www.herbertz1925.com\/de\/wp-json\/wp\/v2\/comments?post=856"}],"version-history":[{"count":16,"href":"https:\/\/www.herbertz1925.com\/de\/wp-json\/wp\/v2\/pages\/856\/revisions"}],"predecessor-version":[{"id":11756,"href":"https:\/\/www.herbertz1925.com\/de\/wp-json\/wp\/v2\/pages\/856\/revisions\/11756"}],"up":[{"embeddable":true,"href":"https:\/\/www.herbertz1925.com\/de\/wp-json\/wp\/v2\/pages\/24"}],"wp:attachment":[{"href":"https:\/\/www.herbertz1925.com\/de\/wp-json\/wp\/v2\/media?parent=856"}],"curies":[{"name":"wp","href":"https:\/\/api.w.org\/{rel}","templated":true}]}}