{"id":895,"date":"2020-03-30T11:12:28","date_gmt":"2020-03-30T11:12:28","guid":{"rendered":"https:\/\/www.herbertz1925.com\/?page_id=895"},"modified":"2026-03-24T16:33:44","modified_gmt":"2026-03-24T15:33:44","slug":"bandmesser-pflegehinweise","status":"publish","type":"page","link":"https:\/\/www.herbertz1925.com\/de\/bandmesser\/bandmesser-pflegehinweise\/","title":{"rendered":"Bandmesser Pflegehinweise"},"content":{"rendered":"\t\t<div data-elementor-type=\"wp-page\" data-elementor-id=\"895\" class=\"elementor elementor-895\" data-elementor-post-type=\"page\">\n\t\t\t\t<div class=\"elementor-element elementor-element-4b8e543 stretch-width e-flex e-con-boxed e-con e-parent\" data-id=\"4b8e543\" data-element_type=\"container\" data-e-type=\"container\" data-settings=\"{&quot;background_background&quot;:&quot;classic&quot;}\">\n\t\t\t\t\t<div class=\"e-con-inner\">\n\t\t\t\t<div class=\"elementor-element elementor-element-e2a85da elementor-widget elementor-widget-heading\" data-id=\"e2a85da\" data-element_type=\"widget\" data-e-type=\"widget\" data-widget_type=\"heading.default\">\n\t\t\t\t<div class=\"elementor-widget-container\">\n\t\t\t\t\t<h2 class=\"elementor-heading-title elementor-size-default\">Bandmesser<\/h2>\t\t\t\t<\/div>\n\t\t\t\t<\/div>\n\t\t\t\t<div class=\"elementor-element elementor-element-a64591d elementor-widget elementor-widget-text-editor\" data-id=\"a64591d\" data-element_type=\"widget\" data-e-type=\"widget\" data-widget_type=\"text-editor.default\">\n\t\t\t\t<div class=\"elementor-widget-container\">\n\t\t\t\t\t\t\t\t\t<p>Pr\u00e4zisionsbandmesser sorgen f\u00fcr effizientes, gleichm\u00e4\u00dfiges Schneiden mit minimalem Verschnitt bei Schaumstoff, Lebensmittelverarbeitung, Holz und speziellen industriellen Anwendungen.<\/p>\t\t\t\t\t\t\t\t<\/div>\n\t\t\t\t<\/div>\n\t\t\t\t\t<\/div>\n\t\t\t\t<\/div>\n\t\t\t\t<section class=\"elementor-section elementor-top-section elementor-element elementor-element-8466d6c elementor-section-boxed elementor-section-height-default elementor-section-height-default\" data-id=\"8466d6c\" data-element_type=\"section\" data-e-type=\"section\">\n\t\t\t\t\t\t<div class=\"elementor-container elementor-column-gap-default\">\n\t\t\t\t\t<div class=\"elementor-column elementor-col-100 elementor-top-column elementor-element elementor-element-1e4320e\" data-id=\"1e4320e\" data-element_type=\"column\" data-e-type=\"column\">\n\t\t\t<div class=\"elementor-widget-wrap elementor-element-populated\">\n\t\t\t\t\t\t<div class=\"elementor-element elementor-element-79245cc elementor-widget elementor-widget-text-editor\" data-id=\"79245cc\" data-element_type=\"widget\" data-e-type=\"widget\" data-widget_type=\"text-editor.default\">\n\t\t\t\t<div class=\"elementor-widget-container\">\n\t\t\t\t\t\t\t\t\t<h1>Bandmesser Pflegeanleitung<\/h1><h3>1. Richtige Blattdicke<\/h3><p>Bei Bandmessern darf die Blattdicke maximal ein Tausendstel des Rollendurchmessers betragen. Zum Beispiel bei 450mm Rollendurchmesser 0,45mm Blattst\u00e4rke.<\/p><h3>2. F\u00fchrung der Bandmesser<\/h3><p>Die F\u00fchrung der Bandmesser muss gew\u00e4hrleisten, dass das Bandmesser sich nicht verwindet oder an Teile der Maschine anschl\u00e4gt. Die R\u00fcckenf\u00fchrung muss entsprechend auf die Laufrollen abgestimmt werden.<\/p><h3>3. Entspannen des Bandmessers<\/h3><p>Bei Stillstand der Maschine muss das Bandmesser entspannt werden, damit beim Erkalten nach dem Arbeitsprozess keine Rissbildung oder Bruch an der Schwei\u00dfstelle entsteht.<\/p><h3>4. Rechtzeitiges Nachsch\u00e4rfen<\/h3><p>Dieses ist besonders wichtig f\u00fcr die Verl\u00e4ngerung der Lebensdauer des Bandmessers. Die Bandmesser m\u00fcssen immer scharf sein. Stumpfe Bandmesser erw\u00e4rmen sich und bauen Spannungen auf, die zur Rissbildung f\u00fchren k\u00f6nnen.<\/p><p>Beim Nachschleifen ist darauf zu achten, dass die Bandmesser nicht zu stark erw\u00e4rmt werden. Die Fasenl\u00e4nge und der Fasenwinkel m\u00fcssen auf beiden Seiten gleich sein, damit gew\u00e4hrleistet ist, dass die Schneide absolut symmetrisch ist.<\/p><h3>5. Verwendung<\/h3><p>Ein neues Messer muss einige Minuten ohne Belastung laufen, damit es sich an die Maschine anpassen kann.<br \/>Der Vorschub richtet sich nach dem Schneidgut. Bei zu starkem Vorschub kann das Bandmesser rei\u00dfen oder erm\u00fcden.<\/p>\t\t\t\t\t\t\t\t<\/div>\n\t\t\t\t<\/div>\n\t\t\t\t<div class=\"elementor-element elementor-element-447dcdd elementor-widget elementor-widget-button\" data-id=\"447dcdd\" data-element_type=\"widget\" data-e-type=\"widget\" data-widget_type=\"button.default\">\n\t\t\t\t<div class=\"elementor-widget-container\">\n\t\t\t\t\t\t\t\t\t<div class=\"elementor-button-wrapper\">\n\t\t\t\t\t<a class=\"elementor-button elementor-button-link elementor-size-sm\" href=\"https:\/\/www.herbertz1925.com\/wp-content\/uploads\/2026\/02\/HCO-Bandmesser-Pflegeanleitung.pdf\" target=\"_blank\">\n\t\t\t\t\t\t<span class=\"elementor-button-content-wrapper\">\n\t\t\t\t\t\t\t\t\t<span class=\"elementor-button-text\">Pflegeanleitung als PDF<\/span>\n\t\t\t\t\t<\/span>\n\t\t\t\t\t<\/a>\n\t\t\t\t<\/div>\n\t\t\t\t\t\t\t\t<\/div>\n\t\t\t\t<\/div>\n\t\t\t\t\t<\/div>\n\t\t<\/div>\n\t\t\t\t\t<\/div>\n\t\t<\/section>\n\t\t\t\t<\/div>\n\t\t","protected":false},"excerpt":{"rendered":"<p>Bandmesser Pr\u00e4zisionsbandmesser sorgen f\u00fcr effizientes, gleichm\u00e4\u00dfiges Schneiden mit minimalem Verschnitt bei Schaumstoff, Lebensmittelverarbeitung, Holz und speziellen industriellen Anwendungen. Bandmesser Pflegeanleitung 1. Richtige Blattdicke Bei Bandmessern darf die Blattdicke maximal ein Tausendstel des Rollendurchmessers betragen. Zum Beispiel bei 450mm Rollendurchmesser 0,45mm Blattst\u00e4rke. 2. F\u00fchrung der Bandmesser Die F\u00fchrung der Bandmesser muss gew\u00e4hrleisten, dass das Bandmesser sich [&hellip;]<\/p>\n","protected":false},"author":1,"featured_media":0,"parent":18,"menu_order":70,"comment_status":"closed","ping_status":"closed","template":"","meta":{"footnotes":""},"class_list":["post-895","page","type-page","status-publish","hentry"],"yoast_head":"<!-- This site is optimized with the Yoast SEO plugin v27.3 - https:\/\/yoast.com\/product\/yoast-seo-wordpress\/ -->\n<title>Bandmesser - Pflegehinweise | Herbertz GmbH &amp; Co KG<\/title>\n<meta name=\"description\" content=\"Bandmesser - Pflegehinweise | Herbertz Bandmesser bestechen mit hoher Qualit\u00e4t, Standzeit und einem herausragenden Ergebnis. Testen Sie uns.\" \/>\n<meta name=\"robots\" content=\"index, follow, max-snippet:-1, max-image-preview:large, max-video-preview:-1\" \/>\n<link rel=\"canonical\" href=\"https:\/\/www.herbertz1925.com\/de\/bandmesser\/bandmesser-pflegehinweise\/\" \/>\n<meta property=\"og:locale\" content=\"de_DE\" \/>\n<meta property=\"og:type\" content=\"article\" \/>\n<meta property=\"og:title\" content=\"Bandmesser - Pflegehinweise | Herbertz GmbH &amp; Co KG\" \/>\n<meta property=\"og:description\" content=\"Bandmesser - Pflegehinweise | Herbertz Bandmesser bestechen mit hoher Qualit\u00e4t, Standzeit und einem herausragenden Ergebnis. Testen Sie uns.\" \/>\n<meta property=\"og:url\" content=\"https:\/\/www.herbertz1925.com\/de\/bandmesser\/bandmesser-pflegehinweise\/\" \/>\n<meta property=\"og:site_name\" content=\"Herbertz Maschinenmesserfabrik\" \/>\n<meta property=\"article:modified_time\" content=\"2026-03-24T15:33:44+00:00\" \/>\n<meta property=\"og:image\" content=\"https:\/\/www.herbertz1925.com\/wp-content\/uploads\/2019\/02\/Luftbild-2019.jpg\" \/>\n\t<meta property=\"og:image:width\" content=\"1920\" \/>\n\t<meta property=\"og:image:height\" content=\"1440\" \/>\n\t<meta property=\"og:image:type\" content=\"image\/jpeg\" \/>\n<meta name=\"twitter:card\" content=\"summary_large_image\" \/>\n<meta name=\"twitter:label1\" content=\"Gesch\u00e4tzte Lesezeit\" \/>\n\t<meta name=\"twitter:data1\" content=\"2\u00a0Minuten\" \/>\n<script type=\"application\/ld+json\" class=\"yoast-schema-graph\">{\"@context\":\"https:\\\/\\\/schema.org\",\"@graph\":[{\"@type\":\"WebPage\",\"@id\":\"https:\\\/\\\/www.herbertz1925.com\\\/de\\\/bandmesser\\\/bandmesser-pflegehinweise\\\/\",\"url\":\"https:\\\/\\\/www.herbertz1925.com\\\/de\\\/bandmesser\\\/bandmesser-pflegehinweise\\\/\",\"name\":\"Bandmesser - Pflegehinweise | Herbertz GmbH & Co KG\",\"isPartOf\":{\"@id\":\"https:\\\/\\\/www.herbertz1925.com\\\/de\\\/#website\"},\"datePublished\":\"2020-03-30T11:12:28+00:00\",\"dateModified\":\"2026-03-24T15:33:44+00:00\",\"description\":\"Bandmesser - Pflegehinweise | Herbertz Bandmesser bestechen mit hoher Qualit\u00e4t, Standzeit und einem herausragenden Ergebnis. Testen Sie uns.\",\"breadcrumb\":{\"@id\":\"https:\\\/\\\/www.herbertz1925.com\\\/de\\\/bandmesser\\\/bandmesser-pflegehinweise\\\/#breadcrumb\"},\"inLanguage\":\"de\",\"potentialAction\":[{\"@type\":\"ReadAction\",\"target\":[\"https:\\\/\\\/www.herbertz1925.com\\\/de\\\/bandmesser\\\/bandmesser-pflegehinweise\\\/\"]}]},{\"@type\":\"BreadcrumbList\",\"@id\":\"https:\\\/\\\/www.herbertz1925.com\\\/de\\\/bandmesser\\\/bandmesser-pflegehinweise\\\/#breadcrumb\",\"itemListElement\":[{\"@type\":\"ListItem\",\"position\":1,\"name\":\"Home\",\"item\":\"https:\\\/\\\/www.herbertz1925.com\\\/de\\\/\"},{\"@type\":\"ListItem\",\"position\":2,\"name\":\"Bandmesser\",\"item\":\"https:\\\/\\\/www.herbertz1925.com\\\/de\\\/band-knives\\\/\"},{\"@type\":\"ListItem\",\"position\":3,\"name\":\"Bandmesser Pflegehinweise\"}]},{\"@type\":\"WebSite\",\"@id\":\"https:\\\/\\\/www.herbertz1925.com\\\/de\\\/#website\",\"url\":\"https:\\\/\\\/www.herbertz1925.com\\\/de\\\/\",\"name\":\"Herbertz Maschinenmesserfabrik\",\"description\":\"Hochwertige Werkzeugst\u00e4hle f\u00fcr hochwertige Maschinenmesser\",\"publisher\":{\"@id\":\"https:\\\/\\\/www.herbertz1925.com\\\/de\\\/#organization\"},\"potentialAction\":[{\"@type\":\"SearchAction\",\"target\":{\"@type\":\"EntryPoint\",\"urlTemplate\":\"https:\\\/\\\/www.herbertz1925.com\\\/de\\\/?s={search_term_string}\"},\"query-input\":{\"@type\":\"PropertyValueSpecification\",\"valueRequired\":true,\"valueName\":\"search_term_string\"}}],\"inLanguage\":\"de\"},{\"@type\":\"Organization\",\"@id\":\"https:\\\/\\\/www.herbertz1925.com\\\/de\\\/#organization\",\"name\":\"Herbertz GmbH & Co. KG\",\"url\":\"https:\\\/\\\/www.herbertz1925.com\\\/de\\\/\",\"logo\":{\"@type\":\"ImageObject\",\"inLanguage\":\"de\",\"@id\":\"https:\\\/\\\/www.herbertz1925.com\\\/de\\\/#\\\/schema\\\/logo\\\/image\\\/\",\"url\":\"https:\\\/\\\/www.herbertz1925.com\\\/wp-content\\\/uploads\\\/2020\\\/03\\\/Logo-Herbertz-2020-1.png\",\"contentUrl\":\"https:\\\/\\\/www.herbertz1925.com\\\/wp-content\\\/uploads\\\/2020\\\/03\\\/Logo-Herbertz-2020-1.png\",\"width\":362,\"height\":196,\"caption\":\"Herbertz GmbH & Co. KG\"},\"image\":{\"@id\":\"https:\\\/\\\/www.herbertz1925.com\\\/de\\\/#\\\/schema\\\/logo\\\/image\\\/\"}}]}<\/script>\n<!-- \/ Yoast SEO plugin. -->","yoast_head_json":{"title":"Bandmesser - Pflegehinweise | Herbertz GmbH & Co KG","description":"Bandmesser - Pflegehinweise | Herbertz Bandmesser bestechen mit hoher Qualit\u00e4t, Standzeit und einem herausragenden Ergebnis. Testen Sie uns.","robots":{"index":"index","follow":"follow","max-snippet":"max-snippet:-1","max-image-preview":"max-image-preview:large","max-video-preview":"max-video-preview:-1"},"canonical":"https:\/\/www.herbertz1925.com\/de\/bandmesser\/bandmesser-pflegehinweise\/","og_locale":"de_DE","og_type":"article","og_title":"Bandmesser - Pflegehinweise | Herbertz GmbH & Co KG","og_description":"Bandmesser - Pflegehinweise | Herbertz Bandmesser bestechen mit hoher Qualit\u00e4t, Standzeit und einem herausragenden Ergebnis. Testen Sie uns.","og_url":"https:\/\/www.herbertz1925.com\/de\/bandmesser\/bandmesser-pflegehinweise\/","og_site_name":"Herbertz Maschinenmesserfabrik","article_modified_time":"2026-03-24T15:33:44+00:00","og_image":[{"width":1920,"height":1440,"url":"https:\/\/www.herbertz1925.com\/wp-content\/uploads\/2019\/02\/Luftbild-2019.jpg","type":"image\/jpeg"}],"twitter_card":"summary_large_image","twitter_misc":{"Gesch\u00e4tzte Lesezeit":"2\u00a0Minuten"},"schema":{"@context":"https:\/\/schema.org","@graph":[{"@type":"WebPage","@id":"https:\/\/www.herbertz1925.com\/de\/bandmesser\/bandmesser-pflegehinweise\/","url":"https:\/\/www.herbertz1925.com\/de\/bandmesser\/bandmesser-pflegehinweise\/","name":"Bandmesser - Pflegehinweise | Herbertz GmbH & Co KG","isPartOf":{"@id":"https:\/\/www.herbertz1925.com\/de\/#website"},"datePublished":"2020-03-30T11:12:28+00:00","dateModified":"2026-03-24T15:33:44+00:00","description":"Bandmesser - Pflegehinweise | Herbertz Bandmesser bestechen mit hoher Qualit\u00e4t, Standzeit und einem herausragenden Ergebnis. Testen Sie uns.","breadcrumb":{"@id":"https:\/\/www.herbertz1925.com\/de\/bandmesser\/bandmesser-pflegehinweise\/#breadcrumb"},"inLanguage":"de","potentialAction":[{"@type":"ReadAction","target":["https:\/\/www.herbertz1925.com\/de\/bandmesser\/bandmesser-pflegehinweise\/"]}]},{"@type":"BreadcrumbList","@id":"https:\/\/www.herbertz1925.com\/de\/bandmesser\/bandmesser-pflegehinweise\/#breadcrumb","itemListElement":[{"@type":"ListItem","position":1,"name":"Home","item":"https:\/\/www.herbertz1925.com\/de\/"},{"@type":"ListItem","position":2,"name":"Bandmesser","item":"https:\/\/www.herbertz1925.com\/de\/band-knives\/"},{"@type":"ListItem","position":3,"name":"Bandmesser Pflegehinweise"}]},{"@type":"WebSite","@id":"https:\/\/www.herbertz1925.com\/de\/#website","url":"https:\/\/www.herbertz1925.com\/de\/","name":"Herbertz Maschinenmesserfabrik","description":"Hochwertige Werkzeugst\u00e4hle f\u00fcr hochwertige Maschinenmesser","publisher":{"@id":"https:\/\/www.herbertz1925.com\/de\/#organization"},"potentialAction":[{"@type":"SearchAction","target":{"@type":"EntryPoint","urlTemplate":"https:\/\/www.herbertz1925.com\/de\/?s={search_term_string}"},"query-input":{"@type":"PropertyValueSpecification","valueRequired":true,"valueName":"search_term_string"}}],"inLanguage":"de"},{"@type":"Organization","@id":"https:\/\/www.herbertz1925.com\/de\/#organization","name":"Herbertz GmbH & Co. KG","url":"https:\/\/www.herbertz1925.com\/de\/","logo":{"@type":"ImageObject","inLanguage":"de","@id":"https:\/\/www.herbertz1925.com\/de\/#\/schema\/logo\/image\/","url":"https:\/\/www.herbertz1925.com\/wp-content\/uploads\/2020\/03\/Logo-Herbertz-2020-1.png","contentUrl":"https:\/\/www.herbertz1925.com\/wp-content\/uploads\/2020\/03\/Logo-Herbertz-2020-1.png","width":362,"height":196,"caption":"Herbertz GmbH & Co. KG"},"image":{"@id":"https:\/\/www.herbertz1925.com\/de\/#\/schema\/logo\/image\/"}}]}},"_links":{"self":[{"href":"https:\/\/www.herbertz1925.com\/de\/wp-json\/wp\/v2\/pages\/895","targetHints":{"allow":["GET"]}}],"collection":[{"href":"https:\/\/www.herbertz1925.com\/de\/wp-json\/wp\/v2\/pages"}],"about":[{"href":"https:\/\/www.herbertz1925.com\/de\/wp-json\/wp\/v2\/types\/page"}],"author":[{"embeddable":true,"href":"https:\/\/www.herbertz1925.com\/de\/wp-json\/wp\/v2\/users\/1"}],"replies":[{"embeddable":true,"href":"https:\/\/www.herbertz1925.com\/de\/wp-json\/wp\/v2\/comments?post=895"}],"version-history":[{"count":21,"href":"https:\/\/www.herbertz1925.com\/de\/wp-json\/wp\/v2\/pages\/895\/revisions"}],"predecessor-version":[{"id":11633,"href":"https:\/\/www.herbertz1925.com\/de\/wp-json\/wp\/v2\/pages\/895\/revisions\/11633"}],"up":[{"embeddable":true,"href":"https:\/\/www.herbertz1925.com\/de\/wp-json\/wp\/v2\/pages\/18"}],"wp:attachment":[{"href":"https:\/\/www.herbertz1925.com\/de\/wp-json\/wp\/v2\/media?parent=895"}],"curies":[{"name":"wp","href":"https:\/\/api.w.org\/{rel}","templated":true}]}}