{"id":899,"date":"2020-03-30T11:19:01","date_gmt":"2020-03-30T11:19:01","guid":{"rendered":"https:\/\/www.herbertz1925.com\/?page_id=899"},"modified":"2026-03-24T16:33:49","modified_gmt":"2026-03-24T15:33:49","slug":"bandmesser-schneidfluessigkeit","status":"publish","type":"page","link":"https:\/\/www.herbertz1925.com\/de\/bandmesser\/bandmesser-schneidfluessigkeit\/","title":{"rendered":"Bandmesser  Schneidfl\u00fcssigkeit"},"content":{"rendered":"\t\t<div data-elementor-type=\"wp-page\" data-elementor-id=\"899\" class=\"elementor elementor-899\" data-elementor-post-type=\"page\">\n\t\t\t\t<div class=\"elementor-element elementor-element-37ad373 stretch-width e-flex e-con-boxed e-con e-parent\" data-id=\"37ad373\" data-element_type=\"container\" data-e-type=\"container\" data-settings=\"{&quot;background_background&quot;:&quot;classic&quot;}\">\n\t\t\t\t\t<div class=\"e-con-inner\">\n\t\t\t\t<div class=\"elementor-element elementor-element-b828127 elementor-widget elementor-widget-heading\" data-id=\"b828127\" data-element_type=\"widget\" data-e-type=\"widget\" data-widget_type=\"heading.default\">\n\t\t\t\t<div class=\"elementor-widget-container\">\n\t\t\t\t\t<h2 class=\"elementor-heading-title elementor-size-default\">Bandmesser<\/h2>\t\t\t\t<\/div>\n\t\t\t\t<\/div>\n\t\t\t\t<div class=\"elementor-element elementor-element-d6aa50b elementor-widget elementor-widget-text-editor\" data-id=\"d6aa50b\" data-element_type=\"widget\" data-e-type=\"widget\" data-widget_type=\"text-editor.default\">\n\t\t\t\t<div class=\"elementor-widget-container\">\n\t\t\t\t\t\t\t\t\t<p>Pr\u00e4zisionsbandmesser sorgen f\u00fcr effizientes, gleichm\u00e4\u00dfiges Schneiden mit minimalem Verschnitt bei Schaumstoff, Lebensmittelverarbeitung, Holz und speziellen industriellen Anwendungen.<\/p>\t\t\t\t\t\t\t\t<\/div>\n\t\t\t\t<\/div>\n\t\t\t\t\t<\/div>\n\t\t\t\t<\/div>\n\t\t\t\t<section class=\"elementor-section elementor-top-section elementor-element elementor-element-6a9f940 elementor-section-boxed elementor-section-height-default elementor-section-height-default\" data-id=\"6a9f940\" data-element_type=\"section\" data-e-type=\"section\">\n\t\t\t\t\t\t<div class=\"elementor-container elementor-column-gap-default\">\n\t\t\t\t\t<div class=\"elementor-column elementor-col-100 elementor-top-column elementor-element elementor-element-f67bfb2\" data-id=\"f67bfb2\" data-element_type=\"column\" data-e-type=\"column\">\n\t\t\t<div class=\"elementor-widget-wrap elementor-element-populated\">\n\t\t\t\t\t\t<div class=\"elementor-element elementor-element-5095115 elementor-widget elementor-widget-text-editor\" data-id=\"5095115\" data-element_type=\"widget\" data-e-type=\"widget\" data-widget_type=\"text-editor.default\">\n\t\t\t\t<div class=\"elementor-widget-container\">\n\t\t\t\t\t\t\t\t\t<h1>Hochwertige Schneidfl\u00fcssigkeiten f\u00fcr ein sauberes Schnittergebnis bei Bandmessern<\/h1>\t\t\t\t\t\t\t\t<\/div>\n\t\t\t\t<\/div>\n\t\t\t\t\t<\/div>\n\t\t<\/div>\n\t\t\t\t\t<\/div>\n\t\t<\/section>\n\t\t\t\t<section class=\"elementor-section elementor-top-section elementor-element elementor-element-75bc817 elementor-section-boxed elementor-section-height-default elementor-section-height-default\" data-id=\"75bc817\" data-element_type=\"section\" data-e-type=\"section\">\n\t\t\t\t\t\t<div class=\"elementor-container elementor-column-gap-default\">\n\t\t\t\t\t<div class=\"elementor-column elementor-col-50 elementor-top-column elementor-element elementor-element-213a1d8\" data-id=\"213a1d8\" data-element_type=\"column\" data-e-type=\"column\">\n\t\t\t<div class=\"elementor-widget-wrap elementor-element-populated\">\n\t\t\t\t\t\t<div class=\"elementor-element elementor-element-7392efe elementor-widget elementor-widget-text-editor\" data-id=\"7392efe\" data-element_type=\"widget\" data-e-type=\"widget\" data-widget_type=\"text-editor.default\">\n\t\t\t\t<div class=\"elementor-widget-container\">\n\t\t\t\t\t\t\t\t\t<p>Mit unseren Schneidfl\u00fcssigkeiten (Herbertz Cutting Liquid) k\u00f6nnen Sie die Schneidleistung erh\u00f6hen bei gleichzeitiger Reduktion des Verschlei\u00dfes an Ihrem Bandmesser.<\/p><p>Unsere Schneidfl\u00fcssigkeit hilft dabei, das Messer w\u00e4hrend des Schneidvorganges zu K\u00fchlen und verringert die entstehende Reibung. Dadurch l\u00e4sst sich der Verschlei\u00df an Ihrem Bandmesser erheblich reduzieren. Dies wirkt sich auf eine bessere Oberfl\u00e4cheng\u00fcte, Ma\u00dfhaltigkeit und h\u00f6here Standzeit Ihres Messers aus.<\/p><p>Gerne k\u00f6nnen Sie uns bei Ihrer Bestellung auf die Schneidfl\u00fcssigkeit von Herbertz ansprechen, damit wir Ihnen ein passendes Angebot machen k\u00f6nnen.<\/p>\t\t\t\t\t\t\t\t<\/div>\n\t\t\t\t<\/div>\n\t\t\t\t\t<\/div>\n\t\t<\/div>\n\t\t\t\t<div class=\"elementor-column elementor-col-50 elementor-top-column elementor-element elementor-element-971f191\" data-id=\"971f191\" data-element_type=\"column\" data-e-type=\"column\">\n\t\t\t<div class=\"elementor-widget-wrap elementor-element-populated\">\n\t\t\t\t\t\t<div class=\"elementor-element elementor-element-a3e3762 elementor-widget elementor-widget-image\" data-id=\"a3e3762\" data-element_type=\"widget\" data-e-type=\"widget\" data-widget_type=\"image.default\">\n\t\t\t\t<div class=\"elementor-widget-container\">\n\t\t\t\t\t\t\t\t\t\t\t\t\t\t\t\t<a href=\"https:\/\/www.herbertz1925.com\/wp-content\/uploads\/2026\/02\/Cutting-Liquid_Industrial_Herbertz_Germany.jpg\" data-elementor-open-lightbox=\"yes\" data-elementor-lightbox-title=\"Cutting-Liquid_Industrial_Herbertz_Germany\" data-e-action-hash=\"#elementor-action%3Aaction%3Dlightbox%26settings%3DeyJpZCI6NzgyOCwidXJsIjoiaHR0cHM6XC9cL3d3dy5oZXJiZXJ0ejE5MjUuY29tXC93cC1jb250ZW50XC91cGxvYWRzXC8yMDI2XC8wMlwvQ3V0dGluZy1MaXF1aWRfSW5kdXN0cmlhbF9IZXJiZXJ0el9HZXJtYW55LmpwZyJ9\">\n\t\t\t\t\t\t\t<img fetchpriority=\"high\" decoding=\"async\" width=\"768\" height=\"579\" src=\"https:\/\/www.herbertz1925.com\/wp-content\/uploads\/2026\/02\/Cutting-Liquid_Industrial_Herbertz_Germany-768x579.jpg\" class=\"attachment-medium_large size-medium_large wp-image-7828\" alt=\"\" srcset=\"https:\/\/www.herbertz1925.com\/wp-content\/uploads\/2026\/02\/Cutting-Liquid_Industrial_Herbertz_Germany-768x579.jpg 768w, https:\/\/www.herbertz1925.com\/wp-content\/uploads\/2026\/02\/Cutting-Liquid_Industrial_Herbertz_Germany-300x226.jpg 300w, https:\/\/www.herbertz1925.com\/wp-content\/uploads\/2026\/02\/Cutting-Liquid_Industrial_Herbertz_Germany-600x452.jpg 600w, https:\/\/www.herbertz1925.com\/wp-content\/uploads\/2026\/02\/Cutting-Liquid_Industrial_Herbertz_Germany.jpg 1019w\" sizes=\"(max-width: 768px) 100vw, 768px\" \/>\t\t\t\t\t\t\t\t<\/a>\n\t\t\t\t\t\t\t\t\t\t\t\t\t\t\t<\/div>\n\t\t\t\t<\/div>\n\t\t\t\t\t<\/div>\n\t\t<\/div>\n\t\t\t\t\t<\/div>\n\t\t<\/section>\n\t\t\t\t<\/div>\n\t\t","protected":false},"excerpt":{"rendered":"<p>Bandmesser Pr\u00e4zisionsbandmesser sorgen f\u00fcr effizientes, gleichm\u00e4\u00dfiges Schneiden mit minimalem Verschnitt bei Schaumstoff, Lebensmittelverarbeitung, Holz und speziellen industriellen Anwendungen. Hochwertige Schneidfl\u00fcssigkeiten f\u00fcr ein sauberes Schnittergebnis bei Bandmessern Mit unseren Schneidfl\u00fcssigkeiten (Herbertz Cutting Liquid) k\u00f6nnen Sie die Schneidleistung erh\u00f6hen bei gleichzeitiger Reduktion des Verschlei\u00dfes an Ihrem Bandmesser. Unsere Schneidfl\u00fcssigkeit hilft dabei, das Messer w\u00e4hrend des Schneidvorganges zu [&hellip;]<\/p>\n","protected":false},"author":1,"featured_media":0,"parent":18,"menu_order":80,"comment_status":"closed","ping_status":"closed","template":"","meta":{"footnotes":""},"class_list":["post-899","page","type-page","status-publish","hentry"],"yoast_head":"<!-- This site is optimized with the Yoast SEO plugin v27.3 - https:\/\/yoast.com\/product\/yoast-seo-wordpress\/ -->\n<title>Bandmesser - Schneidfl\u00fcssigkeit | Herbertz GmbH &amp; Co KG<\/title>\n<meta name=\"description\" content=\"Bandmesser - Schneidfl\u00fcssigkeit | Schneidfl\u00fcssigkeiten von Herbertz GmbH &amp; Co. KG verbessern Ihr Schnittergebnis. Rufen Sie uns an.\" \/>\n<meta name=\"robots\" content=\"index, follow, max-snippet:-1, max-image-preview:large, max-video-preview:-1\" \/>\n<link rel=\"canonical\" href=\"https:\/\/www.herbertz1925.com\/de\/bandmesser\/bandmesser-schneidfluessigkeit\/\" \/>\n<meta property=\"og:locale\" content=\"de_DE\" \/>\n<meta property=\"og:type\" content=\"article\" \/>\n<meta property=\"og:title\" content=\"Bandmesser - Schneidfl\u00fcssigkeit | Herbertz GmbH &amp; Co KG\" \/>\n<meta property=\"og:description\" content=\"Bandmesser - Schneidfl\u00fcssigkeit | Schneidfl\u00fcssigkeiten von Herbertz GmbH &amp; Co. KG verbessern Ihr Schnittergebnis. Rufen Sie uns an.\" \/>\n<meta property=\"og:url\" content=\"https:\/\/www.herbertz1925.com\/de\/bandmesser\/bandmesser-schneidfluessigkeit\/\" \/>\n<meta property=\"og:site_name\" content=\"Herbertz Maschinenmesserfabrik\" \/>\n<meta property=\"article:modified_time\" content=\"2026-03-24T15:33:49+00:00\" \/>\n<meta property=\"og:image\" content=\"https:\/\/www.herbertz1925.com\/wp-content\/uploads\/2026\/02\/Cutting-Liquid_Industrial_Herbertz_Germany-768x579.jpg\" \/>\n<meta name=\"twitter:card\" content=\"summary_large_image\" \/>\n<meta name=\"twitter:label1\" content=\"Gesch\u00e4tzte Lesezeit\" \/>\n\t<meta name=\"twitter:data1\" content=\"1\u00a0Minute\" \/>\n<script type=\"application\/ld+json\" class=\"yoast-schema-graph\">{\"@context\":\"https:\\\/\\\/schema.org\",\"@graph\":[{\"@type\":\"WebPage\",\"@id\":\"https:\\\/\\\/www.herbertz1925.com\\\/de\\\/bandmesser\\\/bandmesser-schneidfluessigkeit\\\/\",\"url\":\"https:\\\/\\\/www.herbertz1925.com\\\/de\\\/bandmesser\\\/bandmesser-schneidfluessigkeit\\\/\",\"name\":\"Bandmesser - Schneidfl\u00fcssigkeit | Herbertz GmbH & Co KG\",\"isPartOf\":{\"@id\":\"https:\\\/\\\/www.herbertz1925.com\\\/de\\\/#website\"},\"primaryImageOfPage\":{\"@id\":\"https:\\\/\\\/www.herbertz1925.com\\\/de\\\/bandmesser\\\/bandmesser-schneidfluessigkeit\\\/#primaryimage\"},\"image\":{\"@id\":\"https:\\\/\\\/www.herbertz1925.com\\\/de\\\/bandmesser\\\/bandmesser-schneidfluessigkeit\\\/#primaryimage\"},\"thumbnailUrl\":\"https:\\\/\\\/www.herbertz1925.com\\\/wp-content\\\/uploads\\\/2026\\\/02\\\/Cutting-Liquid_Industrial_Herbertz_Germany-768x579.jpg\",\"datePublished\":\"2020-03-30T11:19:01+00:00\",\"dateModified\":\"2026-03-24T15:33:49+00:00\",\"description\":\"Bandmesser - Schneidfl\u00fcssigkeit | Schneidfl\u00fcssigkeiten von Herbertz GmbH & Co. KG verbessern Ihr Schnittergebnis. Rufen Sie uns an.\",\"breadcrumb\":{\"@id\":\"https:\\\/\\\/www.herbertz1925.com\\\/de\\\/bandmesser\\\/bandmesser-schneidfluessigkeit\\\/#breadcrumb\"},\"inLanguage\":\"de\",\"potentialAction\":[{\"@type\":\"ReadAction\",\"target\":[\"https:\\\/\\\/www.herbertz1925.com\\\/de\\\/bandmesser\\\/bandmesser-schneidfluessigkeit\\\/\"]}]},{\"@type\":\"ImageObject\",\"inLanguage\":\"de\",\"@id\":\"https:\\\/\\\/www.herbertz1925.com\\\/de\\\/bandmesser\\\/bandmesser-schneidfluessigkeit\\\/#primaryimage\",\"url\":\"https:\\\/\\\/www.herbertz1925.com\\\/wp-content\\\/uploads\\\/2026\\\/02\\\/Cutting-Liquid_Industrial_Herbertz_Germany-768x579.jpg\",\"contentUrl\":\"https:\\\/\\\/www.herbertz1925.com\\\/wp-content\\\/uploads\\\/2026\\\/02\\\/Cutting-Liquid_Industrial_Herbertz_Germany-768x579.jpg\"},{\"@type\":\"BreadcrumbList\",\"@id\":\"https:\\\/\\\/www.herbertz1925.com\\\/de\\\/bandmesser\\\/bandmesser-schneidfluessigkeit\\\/#breadcrumb\",\"itemListElement\":[{\"@type\":\"ListItem\",\"position\":1,\"name\":\"Home\",\"item\":\"https:\\\/\\\/www.herbertz1925.com\\\/de\\\/\"},{\"@type\":\"ListItem\",\"position\":2,\"name\":\"Bandmesser\",\"item\":\"https:\\\/\\\/www.herbertz1925.com\\\/de\\\/band-knives\\\/\"},{\"@type\":\"ListItem\",\"position\":3,\"name\":\"Bandmesser Schneidfl\u00fcssigkeit\"}]},{\"@type\":\"WebSite\",\"@id\":\"https:\\\/\\\/www.herbertz1925.com\\\/de\\\/#website\",\"url\":\"https:\\\/\\\/www.herbertz1925.com\\\/de\\\/\",\"name\":\"Herbertz Maschinenmesserfabrik\",\"description\":\"Hochwertige Werkzeugst\u00e4hle f\u00fcr hochwertige Maschinenmesser\",\"publisher\":{\"@id\":\"https:\\\/\\\/www.herbertz1925.com\\\/de\\\/#organization\"},\"potentialAction\":[{\"@type\":\"SearchAction\",\"target\":{\"@type\":\"EntryPoint\",\"urlTemplate\":\"https:\\\/\\\/www.herbertz1925.com\\\/de\\\/?s={search_term_string}\"},\"query-input\":{\"@type\":\"PropertyValueSpecification\",\"valueRequired\":true,\"valueName\":\"search_term_string\"}}],\"inLanguage\":\"de\"},{\"@type\":\"Organization\",\"@id\":\"https:\\\/\\\/www.herbertz1925.com\\\/de\\\/#organization\",\"name\":\"Herbertz GmbH & Co. KG\",\"url\":\"https:\\\/\\\/www.herbertz1925.com\\\/de\\\/\",\"logo\":{\"@type\":\"ImageObject\",\"inLanguage\":\"de\",\"@id\":\"https:\\\/\\\/www.herbertz1925.com\\\/de\\\/#\\\/schema\\\/logo\\\/image\\\/\",\"url\":\"https:\\\/\\\/www.herbertz1925.com\\\/wp-content\\\/uploads\\\/2020\\\/03\\\/Logo-Herbertz-2020-1.png\",\"contentUrl\":\"https:\\\/\\\/www.herbertz1925.com\\\/wp-content\\\/uploads\\\/2020\\\/03\\\/Logo-Herbertz-2020-1.png\",\"width\":362,\"height\":196,\"caption\":\"Herbertz GmbH & Co. KG\"},\"image\":{\"@id\":\"https:\\\/\\\/www.herbertz1925.com\\\/de\\\/#\\\/schema\\\/logo\\\/image\\\/\"}}]}<\/script>\n<!-- \/ Yoast SEO plugin. -->","yoast_head_json":{"title":"Bandmesser - Schneidfl\u00fcssigkeit | Herbertz GmbH & Co KG","description":"Bandmesser - Schneidfl\u00fcssigkeit | Schneidfl\u00fcssigkeiten von Herbertz GmbH & Co. KG verbessern Ihr Schnittergebnis. Rufen Sie uns an.","robots":{"index":"index","follow":"follow","max-snippet":"max-snippet:-1","max-image-preview":"max-image-preview:large","max-video-preview":"max-video-preview:-1"},"canonical":"https:\/\/www.herbertz1925.com\/de\/bandmesser\/bandmesser-schneidfluessigkeit\/","og_locale":"de_DE","og_type":"article","og_title":"Bandmesser - Schneidfl\u00fcssigkeit | Herbertz GmbH & Co KG","og_description":"Bandmesser - Schneidfl\u00fcssigkeit | Schneidfl\u00fcssigkeiten von Herbertz GmbH & Co. KG verbessern Ihr Schnittergebnis. Rufen Sie uns an.","og_url":"https:\/\/www.herbertz1925.com\/de\/bandmesser\/bandmesser-schneidfluessigkeit\/","og_site_name":"Herbertz Maschinenmesserfabrik","article_modified_time":"2026-03-24T15:33:49+00:00","og_image":[{"url":"https:\/\/www.herbertz1925.com\/wp-content\/uploads\/2026\/02\/Cutting-Liquid_Industrial_Herbertz_Germany-768x579.jpg","type":"","width":"","height":""}],"twitter_card":"summary_large_image","twitter_misc":{"Gesch\u00e4tzte Lesezeit":"1\u00a0Minute"},"schema":{"@context":"https:\/\/schema.org","@graph":[{"@type":"WebPage","@id":"https:\/\/www.herbertz1925.com\/de\/bandmesser\/bandmesser-schneidfluessigkeit\/","url":"https:\/\/www.herbertz1925.com\/de\/bandmesser\/bandmesser-schneidfluessigkeit\/","name":"Bandmesser - Schneidfl\u00fcssigkeit | Herbertz GmbH & Co KG","isPartOf":{"@id":"https:\/\/www.herbertz1925.com\/de\/#website"},"primaryImageOfPage":{"@id":"https:\/\/www.herbertz1925.com\/de\/bandmesser\/bandmesser-schneidfluessigkeit\/#primaryimage"},"image":{"@id":"https:\/\/www.herbertz1925.com\/de\/bandmesser\/bandmesser-schneidfluessigkeit\/#primaryimage"},"thumbnailUrl":"https:\/\/www.herbertz1925.com\/wp-content\/uploads\/2026\/02\/Cutting-Liquid_Industrial_Herbertz_Germany-768x579.jpg","datePublished":"2020-03-30T11:19:01+00:00","dateModified":"2026-03-24T15:33:49+00:00","description":"Bandmesser - Schneidfl\u00fcssigkeit | Schneidfl\u00fcssigkeiten von Herbertz GmbH & Co. KG verbessern Ihr Schnittergebnis. Rufen Sie uns an.","breadcrumb":{"@id":"https:\/\/www.herbertz1925.com\/de\/bandmesser\/bandmesser-schneidfluessigkeit\/#breadcrumb"},"inLanguage":"de","potentialAction":[{"@type":"ReadAction","target":["https:\/\/www.herbertz1925.com\/de\/bandmesser\/bandmesser-schneidfluessigkeit\/"]}]},{"@type":"ImageObject","inLanguage":"de","@id":"https:\/\/www.herbertz1925.com\/de\/bandmesser\/bandmesser-schneidfluessigkeit\/#primaryimage","url":"https:\/\/www.herbertz1925.com\/wp-content\/uploads\/2026\/02\/Cutting-Liquid_Industrial_Herbertz_Germany-768x579.jpg","contentUrl":"https:\/\/www.herbertz1925.com\/wp-content\/uploads\/2026\/02\/Cutting-Liquid_Industrial_Herbertz_Germany-768x579.jpg"},{"@type":"BreadcrumbList","@id":"https:\/\/www.herbertz1925.com\/de\/bandmesser\/bandmesser-schneidfluessigkeit\/#breadcrumb","itemListElement":[{"@type":"ListItem","position":1,"name":"Home","item":"https:\/\/www.herbertz1925.com\/de\/"},{"@type":"ListItem","position":2,"name":"Bandmesser","item":"https:\/\/www.herbertz1925.com\/de\/band-knives\/"},{"@type":"ListItem","position":3,"name":"Bandmesser Schneidfl\u00fcssigkeit"}]},{"@type":"WebSite","@id":"https:\/\/www.herbertz1925.com\/de\/#website","url":"https:\/\/www.herbertz1925.com\/de\/","name":"Herbertz Maschinenmesserfabrik","description":"Hochwertige Werkzeugst\u00e4hle f\u00fcr hochwertige Maschinenmesser","publisher":{"@id":"https:\/\/www.herbertz1925.com\/de\/#organization"},"potentialAction":[{"@type":"SearchAction","target":{"@type":"EntryPoint","urlTemplate":"https:\/\/www.herbertz1925.com\/de\/?s={search_term_string}"},"query-input":{"@type":"PropertyValueSpecification","valueRequired":true,"valueName":"search_term_string"}}],"inLanguage":"de"},{"@type":"Organization","@id":"https:\/\/www.herbertz1925.com\/de\/#organization","name":"Herbertz GmbH & Co. KG","url":"https:\/\/www.herbertz1925.com\/de\/","logo":{"@type":"ImageObject","inLanguage":"de","@id":"https:\/\/www.herbertz1925.com\/de\/#\/schema\/logo\/image\/","url":"https:\/\/www.herbertz1925.com\/wp-content\/uploads\/2020\/03\/Logo-Herbertz-2020-1.png","contentUrl":"https:\/\/www.herbertz1925.com\/wp-content\/uploads\/2020\/03\/Logo-Herbertz-2020-1.png","width":362,"height":196,"caption":"Herbertz GmbH & Co. KG"},"image":{"@id":"https:\/\/www.herbertz1925.com\/de\/#\/schema\/logo\/image\/"}}]}},"_links":{"self":[{"href":"https:\/\/www.herbertz1925.com\/de\/wp-json\/wp\/v2\/pages\/899","targetHints":{"allow":["GET"]}}],"collection":[{"href":"https:\/\/www.herbertz1925.com\/de\/wp-json\/wp\/v2\/pages"}],"about":[{"href":"https:\/\/www.herbertz1925.com\/de\/wp-json\/wp\/v2\/types\/page"}],"author":[{"embeddable":true,"href":"https:\/\/www.herbertz1925.com\/de\/wp-json\/wp\/v2\/users\/1"}],"replies":[{"embeddable":true,"href":"https:\/\/www.herbertz1925.com\/de\/wp-json\/wp\/v2\/comments?post=899"}],"version-history":[{"count":20,"href":"https:\/\/www.herbertz1925.com\/de\/wp-json\/wp\/v2\/pages\/899\/revisions"}],"predecessor-version":[{"id":11636,"href":"https:\/\/www.herbertz1925.com\/de\/wp-json\/wp\/v2\/pages\/899\/revisions\/11636"}],"up":[{"embeddable":true,"href":"https:\/\/www.herbertz1925.com\/de\/wp-json\/wp\/v2\/pages\/18"}],"wp:attachment":[{"href":"https:\/\/www.herbertz1925.com\/de\/wp-json\/wp\/v2\/media?parent=899"}],"curies":[{"name":"wp","href":"https:\/\/api.w.org\/{rel}","templated":true}]}}