{"id":928,"date":"2020-03-30T11:44:12","date_gmt":"2020-03-30T11:44:12","guid":{"rendered":"https:\/\/www.herbertz1925.com\/?page_id=928"},"modified":"2026-03-24T16:37:44","modified_gmt":"2026-03-24T15:37:44","slug":"langmesser-schneidgeometrie","status":"publish","type":"page","link":"https:\/\/www.herbertz1925.com\/de\/langmesser\/langmesser-schneidgeometrie\/","title":{"rendered":"Langmesser Schneidgeometrie"},"content":{"rendered":"\t\t<div data-elementor-type=\"wp-page\" data-elementor-id=\"928\" class=\"elementor elementor-928\" data-elementor-post-type=\"page\">\n\t\t\t\t<div class=\"elementor-element elementor-element-069fdf5 stretch-width e-flex e-con-boxed e-con e-parent\" data-id=\"069fdf5\" data-element_type=\"container\" data-e-type=\"container\" data-settings=\"{&quot;background_background&quot;:&quot;classic&quot;}\">\n\t\t\t\t\t<div class=\"e-con-inner\">\n\t\t\t\t<div class=\"elementor-element elementor-element-fa6b418 elementor-widget elementor-widget-heading\" data-id=\"fa6b418\" data-element_type=\"widget\" data-e-type=\"widget\" data-widget_type=\"heading.default\">\n\t\t\t\t<div class=\"elementor-widget-container\">\n\t\t\t\t\t<h2 class=\"elementor-heading-title elementor-size-default\">Langmesser<\/h2>\t\t\t\t<\/div>\n\t\t\t\t<\/div>\n\t\t\t\t<div class=\"elementor-element elementor-element-c682da6 elementor-widget elementor-widget-text-editor\" data-id=\"c682da6\" data-element_type=\"widget\" data-e-type=\"widget\" data-widget_type=\"text-editor.default\">\n\t\t\t\t<div class=\"elementor-widget-container\">\n\t\t\t\t\t\t\t\t\t<p>Unsere Langmesser werden speziell f\u00fcr Ihre Maschinen entwickelt und hergestellt und gew\u00e4hrleisten saubere, pr\u00e4zise Schnitte mit hoher Haltbarkeit f\u00fcr die Lebensmittelverarbeitung, Textil-, Papier-, Druck-, Recycling-, Verpackungs-, Holz- und Metallindustrie.<\/p>\t\t\t\t\t\t\t\t<\/div>\n\t\t\t\t<\/div>\n\t\t\t\t\t<\/div>\n\t\t\t\t<\/div>\n\t\t\t\t<section class=\"elementor-section elementor-top-section elementor-element elementor-element-a83f756 elementor-section-boxed elementor-section-height-default elementor-section-height-default\" data-id=\"a83f756\" data-element_type=\"section\" data-e-type=\"section\">\n\t\t\t\t\t\t<div class=\"elementor-container elementor-column-gap-default\">\n\t\t\t\t\t<div class=\"elementor-column elementor-col-100 elementor-top-column elementor-element elementor-element-3281795\" data-id=\"3281795\" data-element_type=\"column\" data-e-type=\"column\">\n\t\t\t<div class=\"elementor-widget-wrap elementor-element-populated\">\n\t\t\t\t\t\t<div class=\"elementor-element elementor-element-01af5bd elementor-widget elementor-widget-text-editor\" data-id=\"01af5bd\" data-element_type=\"widget\" data-e-type=\"widget\" data-widget_type=\"text-editor.default\">\n\t\t\t\t<div class=\"elementor-widget-container\">\n\t\t\t\t\t\t\t\t\t<h1>Die richtige Schneidgeometrie <br>f\u00fcr Ihr Langmesser<\/h1>\n<p>Die Schneidgeometrie an einem Langmesser hat erhebliche Einfl\u00fcsse auf das Schnittverhalten des Messers. So beeinflusst man mit der Geometrie der Schneide nicht nur das Schnittergebnis. Auch das Verhalten des Schnittgutes beim schneiden wird dadurch beeinflusst. <br>Es gibt die verschiedensten Schneidgeometrien f\u00fcr jegliche Schnittaufgaben.<\/p>\t\t\t\t\t\t\t\t<\/div>\n\t\t\t\t<\/div>\n\t\t\t\t<div class=\"elementor-element elementor-element-06ddb51 elementor-widget-divider--view-line elementor-widget elementor-widget-divider\" data-id=\"06ddb51\" data-element_type=\"widget\" data-e-type=\"widget\" data-widget_type=\"divider.default\">\n\t\t\t\t<div class=\"elementor-widget-container\">\n\t\t\t\t\t\t\t<div class=\"elementor-divider\">\n\t\t\t<span class=\"elementor-divider-separator\">\n\t\t\t\t\t\t<\/span>\n\t\t<\/div>\n\t\t\t\t\t\t<\/div>\n\t\t\t\t<\/div>\n\t\t\t\t\t<\/div>\n\t\t<\/div>\n\t\t\t\t\t<\/div>\n\t\t<\/section>\n\t\t\t\t<section class=\"elementor-section elementor-top-section elementor-element elementor-element-181daed elementor-section-boxed elementor-section-height-default elementor-section-height-default\" data-id=\"181daed\" data-element_type=\"section\" data-e-type=\"section\">\n\t\t\t\t\t\t<div class=\"elementor-container elementor-column-gap-default\">\n\t\t\t\t\t<div class=\"elementor-column elementor-col-50 elementor-top-column elementor-element elementor-element-8187c02\" data-id=\"8187c02\" data-element_type=\"column\" data-e-type=\"column\">\n\t\t\t<div class=\"elementor-widget-wrap elementor-element-populated\">\n\t\t\t\t\t\t<div class=\"elementor-element elementor-element-51138d5 elementor-widget elementor-widget-text-editor\" data-id=\"51138d5\" data-element_type=\"widget\" data-e-type=\"widget\" data-widget_type=\"text-editor.default\">\n\t\t\t\t<div class=\"elementor-widget-container\">\n\t\t\t\t\t\t\t\t\t<p>So kann ein Langmesser mit einer einfachen Wate, einer doppelten Wate und jeweils zus\u00e4tzlich mit einer Vorwate angeboten werden. Auch Verzahnte Langmesser k\u00f6nnen verschiedene Watengeometrien aufweisen.<\/p><p>Auf dieser Seite verschaffen wir Ihnen einen \u00dcberblick \u00fcber die m\u00f6glichen Schneidgeometrien.<\/p><p>Aufgrund unserer langj\u00e4hrigen Erfahrung k\u00f6nnen wir Ihnen helfen, die richtige Schneidgeometrie f\u00fcr Ihr Messer auszusuchen.<\/p><p>Wir empfehlen Ihnen immer die Geometrie, die Ihren Arbeitsgang optimiert. Gleichzeitig k\u00f6nnen wir mit der richtigen Schneidgeometrie die Standzeit Ihres Messers erh\u00f6hen.<\/p><p>Bei unseren Langmessern profitieren Sie von einem herausragendem Schnittergebnis bei gleichzeitig hoher Standzeit.<\/p><p>Gerne k\u00f6nnen Sie uns eine Anfrage \u00fcbermitteln.<\/p>\t\t\t\t\t\t\t\t<\/div>\n\t\t\t\t<\/div>\n\t\t\t\t\t<\/div>\n\t\t<\/div>\n\t\t\t\t<div class=\"elementor-column elementor-col-50 elementor-top-column elementor-element elementor-element-dfcef3f\" data-id=\"dfcef3f\" data-element_type=\"column\" data-e-type=\"column\">\n\t\t\t<div class=\"elementor-widget-wrap elementor-element-populated\">\n\t\t\t\t\t\t<div class=\"elementor-element elementor-element-6531edf elementor-widget elementor-widget-image\" data-id=\"6531edf\" data-element_type=\"widget\" data-e-type=\"widget\" data-widget_type=\"image.default\">\n\t\t\t\t<div class=\"elementor-widget-container\">\n\t\t\t\t\t\t\t\t\t\t\t\t\t\t\t\t<a href=\"https:\/\/www.herbertz1925.com\/wp-content\/uploads\/2026\/03\/Straight_knives_Recycle_industry-1.jpg\" data-elementor-open-lightbox=\"yes\" data-elementor-lightbox-title=\"Straight_knives_Recycle_industry\" data-e-action-hash=\"#elementor-action%3Aaction%3Dlightbox%26settings%3DeyJpZCI6ODM2NCwidXJsIjoiaHR0cHM6XC9cL3d3dy5oZXJiZXJ0ejE5MjUuY29tXC93cC1jb250ZW50XC91cGxvYWRzXC8yMDI2XC8wM1wvU3RyYWlnaHRfa25pdmVzX1JlY3ljbGVfaW5kdXN0cnktMS5qcGcifQ%3D%3D\">\n\t\t\t\t\t\t\t<img fetchpriority=\"high\" decoding=\"async\" width=\"714\" height=\"1024\" src=\"https:\/\/www.herbertz1925.com\/wp-content\/uploads\/2026\/03\/Straight_knives_Recycle_industry-1-714x1024.jpg\" class=\"attachment-large size-large wp-image-8364\" alt=\"\" srcset=\"https:\/\/www.herbertz1925.com\/wp-content\/uploads\/2026\/03\/Straight_knives_Recycle_industry-1-714x1024.jpg 714w, https:\/\/www.herbertz1925.com\/wp-content\/uploads\/2026\/03\/Straight_knives_Recycle_industry-1-209x300.jpg 209w, https:\/\/www.herbertz1925.com\/wp-content\/uploads\/2026\/03\/Straight_knives_Recycle_industry-1-768x1101.jpg 768w, https:\/\/www.herbertz1925.com\/wp-content\/uploads\/2026\/03\/Straight_knives_Recycle_industry-1-600x860.jpg 600w, https:\/\/www.herbertz1925.com\/wp-content\/uploads\/2026\/03\/Straight_knives_Recycle_industry-1.jpg 848w\" sizes=\"(max-width: 714px) 100vw, 714px\" \/>\t\t\t\t\t\t\t\t<\/a>\n\t\t\t\t\t\t\t\t\t\t\t\t\t\t\t<\/div>\n\t\t\t\t<\/div>\n\t\t\t\t\t<\/div>\n\t\t<\/div>\n\t\t\t\t\t<\/div>\n\t\t<\/section>\n\t\t\t\t<\/div>\n\t\t","protected":false},"excerpt":{"rendered":"<p>Langmesser Unsere Langmesser werden speziell f\u00fcr Ihre Maschinen entwickelt und hergestellt und gew\u00e4hrleisten saubere, pr\u00e4zise Schnitte mit hoher Haltbarkeit f\u00fcr die Lebensmittelverarbeitung, Textil-, Papier-, Druck-, Recycling-, Verpackungs-, Holz- und Metallindustrie. Die richtige Schneidgeometrie f\u00fcr Ihr Langmesser Die Schneidgeometrie an einem Langmesser hat erhebliche Einfl\u00fcsse auf das Schnittverhalten des Messers. So beeinflusst man mit der Geometrie [&hellip;]<\/p>\n","protected":false},"author":1,"featured_media":0,"parent":536,"menu_order":90,"comment_status":"closed","ping_status":"closed","template":"","meta":{"footnotes":""},"class_list":["post-928","page","type-page","status-publish","hentry"],"yoast_head":"<!-- This site is optimized with the Yoast SEO plugin v27.3 - https:\/\/yoast.com\/product\/yoast-seo-wordpress\/ -->\n<title>Langmesser - Schneidgeometrien | Herbertz GmbH &amp; Co KG<\/title>\n<meta name=\"description\" content=\"Langmesser - Schneidgeometrien | Herbertz Langmesser k\u00f6nnen in einer Vielzahl an verschiedenen Schneidgeometrien hergestellt werden.\" \/>\n<meta name=\"robots\" content=\"index, follow, max-snippet:-1, max-image-preview:large, max-video-preview:-1\" \/>\n<link rel=\"canonical\" href=\"https:\/\/www.herbertz1925.com\/de\/langmesser\/langmesser-schneidgeometrie\/\" \/>\n<meta property=\"og:locale\" content=\"de_DE\" \/>\n<meta property=\"og:type\" content=\"article\" \/>\n<meta property=\"og:title\" content=\"Langmesser - Schneidgeometrien | Herbertz GmbH &amp; Co KG\" \/>\n<meta property=\"og:description\" content=\"Langmesser - Schneidgeometrien | Herbertz Langmesser k\u00f6nnen in einer Vielzahl an verschiedenen Schneidgeometrien hergestellt werden.\" \/>\n<meta property=\"og:url\" content=\"https:\/\/www.herbertz1925.com\/de\/langmesser\/langmesser-schneidgeometrie\/\" \/>\n<meta property=\"og:site_name\" content=\"Herbertz Maschinenmesserfabrik\" \/>\n<meta property=\"article:modified_time\" content=\"2026-03-24T15:37:44+00:00\" \/>\n<meta property=\"og:image\" content=\"https:\/\/www.herbertz1925.com\/wp-content\/uploads\/2026\/03\/Straight_knives_Recycle_industry-1-714x1024.jpg\" \/>\n<meta name=\"twitter:card\" content=\"summary_large_image\" \/>\n<meta name=\"twitter:label1\" content=\"Gesch\u00e4tzte Lesezeit\" \/>\n\t<meta name=\"twitter:data1\" content=\"2\u00a0Minuten\" \/>\n<script type=\"application\/ld+json\" class=\"yoast-schema-graph\">{\"@context\":\"https:\\\/\\\/schema.org\",\"@graph\":[{\"@type\":\"WebPage\",\"@id\":\"https:\\\/\\\/www.herbertz1925.com\\\/de\\\/langmesser\\\/langmesser-schneidgeometrie\\\/\",\"url\":\"https:\\\/\\\/www.herbertz1925.com\\\/de\\\/langmesser\\\/langmesser-schneidgeometrie\\\/\",\"name\":\"Langmesser - Schneidgeometrien | Herbertz GmbH & Co KG\",\"isPartOf\":{\"@id\":\"https:\\\/\\\/www.herbertz1925.com\\\/de\\\/#website\"},\"primaryImageOfPage\":{\"@id\":\"https:\\\/\\\/www.herbertz1925.com\\\/de\\\/langmesser\\\/langmesser-schneidgeometrie\\\/#primaryimage\"},\"image\":{\"@id\":\"https:\\\/\\\/www.herbertz1925.com\\\/de\\\/langmesser\\\/langmesser-schneidgeometrie\\\/#primaryimage\"},\"thumbnailUrl\":\"https:\\\/\\\/www.herbertz1925.com\\\/wp-content\\\/uploads\\\/2026\\\/03\\\/Straight_knives_Recycle_industry-1-714x1024.jpg\",\"datePublished\":\"2020-03-30T11:44:12+00:00\",\"dateModified\":\"2026-03-24T15:37:44+00:00\",\"description\":\"Langmesser - Schneidgeometrien | Herbertz Langmesser k\u00f6nnen in einer Vielzahl an verschiedenen Schneidgeometrien hergestellt werden.\",\"breadcrumb\":{\"@id\":\"https:\\\/\\\/www.herbertz1925.com\\\/de\\\/langmesser\\\/langmesser-schneidgeometrie\\\/#breadcrumb\"},\"inLanguage\":\"de\",\"potentialAction\":[{\"@type\":\"ReadAction\",\"target\":[\"https:\\\/\\\/www.herbertz1925.com\\\/de\\\/langmesser\\\/langmesser-schneidgeometrie\\\/\"]}]},{\"@type\":\"ImageObject\",\"inLanguage\":\"de\",\"@id\":\"https:\\\/\\\/www.herbertz1925.com\\\/de\\\/langmesser\\\/langmesser-schneidgeometrie\\\/#primaryimage\",\"url\":\"https:\\\/\\\/www.herbertz1925.com\\\/wp-content\\\/uploads\\\/2026\\\/03\\\/Straight_knives_Recycle_industry-1-714x1024.jpg\",\"contentUrl\":\"https:\\\/\\\/www.herbertz1925.com\\\/wp-content\\\/uploads\\\/2026\\\/03\\\/Straight_knives_Recycle_industry-1-714x1024.jpg\"},{\"@type\":\"BreadcrumbList\",\"@id\":\"https:\\\/\\\/www.herbertz1925.com\\\/de\\\/langmesser\\\/langmesser-schneidgeometrie\\\/#breadcrumb\",\"itemListElement\":[{\"@type\":\"ListItem\",\"position\":1,\"name\":\"Home\",\"item\":\"https:\\\/\\\/www.herbertz1925.com\\\/de\\\/\"},{\"@type\":\"ListItem\",\"position\":2,\"name\":\"Langmesser\",\"item\":\"https:\\\/\\\/www.herbertz1925.com\\\/de\\\/straight-knives\\\/\"},{\"@type\":\"ListItem\",\"position\":3,\"name\":\"Langmesser Schneidgeometrie\"}]},{\"@type\":\"WebSite\",\"@id\":\"https:\\\/\\\/www.herbertz1925.com\\\/de\\\/#website\",\"url\":\"https:\\\/\\\/www.herbertz1925.com\\\/de\\\/\",\"name\":\"Herbertz Maschinenmesserfabrik\",\"description\":\"Hochwertige Werkzeugst\u00e4hle f\u00fcr hochwertige Maschinenmesser\",\"publisher\":{\"@id\":\"https:\\\/\\\/www.herbertz1925.com\\\/de\\\/#organization\"},\"potentialAction\":[{\"@type\":\"SearchAction\",\"target\":{\"@type\":\"EntryPoint\",\"urlTemplate\":\"https:\\\/\\\/www.herbertz1925.com\\\/de\\\/?s={search_term_string}\"},\"query-input\":{\"@type\":\"PropertyValueSpecification\",\"valueRequired\":true,\"valueName\":\"search_term_string\"}}],\"inLanguage\":\"de\"},{\"@type\":\"Organization\",\"@id\":\"https:\\\/\\\/www.herbertz1925.com\\\/de\\\/#organization\",\"name\":\"Herbertz GmbH & Co. KG\",\"url\":\"https:\\\/\\\/www.herbertz1925.com\\\/de\\\/\",\"logo\":{\"@type\":\"ImageObject\",\"inLanguage\":\"de\",\"@id\":\"https:\\\/\\\/www.herbertz1925.com\\\/de\\\/#\\\/schema\\\/logo\\\/image\\\/\",\"url\":\"https:\\\/\\\/www.herbertz1925.com\\\/wp-content\\\/uploads\\\/2020\\\/03\\\/Logo-Herbertz-2020-1.png\",\"contentUrl\":\"https:\\\/\\\/www.herbertz1925.com\\\/wp-content\\\/uploads\\\/2020\\\/03\\\/Logo-Herbertz-2020-1.png\",\"width\":362,\"height\":196,\"caption\":\"Herbertz GmbH & Co. KG\"},\"image\":{\"@id\":\"https:\\\/\\\/www.herbertz1925.com\\\/de\\\/#\\\/schema\\\/logo\\\/image\\\/\"}}]}<\/script>\n<!-- \/ Yoast SEO plugin. -->","yoast_head_json":{"title":"Langmesser - Schneidgeometrien | Herbertz GmbH & Co KG","description":"Langmesser - Schneidgeometrien | Herbertz Langmesser k\u00f6nnen in einer Vielzahl an verschiedenen Schneidgeometrien hergestellt werden.","robots":{"index":"index","follow":"follow","max-snippet":"max-snippet:-1","max-image-preview":"max-image-preview:large","max-video-preview":"max-video-preview:-1"},"canonical":"https:\/\/www.herbertz1925.com\/de\/langmesser\/langmesser-schneidgeometrie\/","og_locale":"de_DE","og_type":"article","og_title":"Langmesser - Schneidgeometrien | Herbertz GmbH & Co KG","og_description":"Langmesser - Schneidgeometrien | Herbertz Langmesser k\u00f6nnen in einer Vielzahl an verschiedenen Schneidgeometrien hergestellt werden.","og_url":"https:\/\/www.herbertz1925.com\/de\/langmesser\/langmesser-schneidgeometrie\/","og_site_name":"Herbertz Maschinenmesserfabrik","article_modified_time":"2026-03-24T15:37:44+00:00","og_image":[{"url":"https:\/\/www.herbertz1925.com\/wp-content\/uploads\/2026\/03\/Straight_knives_Recycle_industry-1-714x1024.jpg","type":"","width":"","height":""}],"twitter_card":"summary_large_image","twitter_misc":{"Gesch\u00e4tzte Lesezeit":"2\u00a0Minuten"},"schema":{"@context":"https:\/\/schema.org","@graph":[{"@type":"WebPage","@id":"https:\/\/www.herbertz1925.com\/de\/langmesser\/langmesser-schneidgeometrie\/","url":"https:\/\/www.herbertz1925.com\/de\/langmesser\/langmesser-schneidgeometrie\/","name":"Langmesser - Schneidgeometrien | Herbertz GmbH & Co KG","isPartOf":{"@id":"https:\/\/www.herbertz1925.com\/de\/#website"},"primaryImageOfPage":{"@id":"https:\/\/www.herbertz1925.com\/de\/langmesser\/langmesser-schneidgeometrie\/#primaryimage"},"image":{"@id":"https:\/\/www.herbertz1925.com\/de\/langmesser\/langmesser-schneidgeometrie\/#primaryimage"},"thumbnailUrl":"https:\/\/www.herbertz1925.com\/wp-content\/uploads\/2026\/03\/Straight_knives_Recycle_industry-1-714x1024.jpg","datePublished":"2020-03-30T11:44:12+00:00","dateModified":"2026-03-24T15:37:44+00:00","description":"Langmesser - Schneidgeometrien | Herbertz Langmesser k\u00f6nnen in einer Vielzahl an verschiedenen Schneidgeometrien hergestellt werden.","breadcrumb":{"@id":"https:\/\/www.herbertz1925.com\/de\/langmesser\/langmesser-schneidgeometrie\/#breadcrumb"},"inLanguage":"de","potentialAction":[{"@type":"ReadAction","target":["https:\/\/www.herbertz1925.com\/de\/langmesser\/langmesser-schneidgeometrie\/"]}]},{"@type":"ImageObject","inLanguage":"de","@id":"https:\/\/www.herbertz1925.com\/de\/langmesser\/langmesser-schneidgeometrie\/#primaryimage","url":"https:\/\/www.herbertz1925.com\/wp-content\/uploads\/2026\/03\/Straight_knives_Recycle_industry-1-714x1024.jpg","contentUrl":"https:\/\/www.herbertz1925.com\/wp-content\/uploads\/2026\/03\/Straight_knives_Recycle_industry-1-714x1024.jpg"},{"@type":"BreadcrumbList","@id":"https:\/\/www.herbertz1925.com\/de\/langmesser\/langmesser-schneidgeometrie\/#breadcrumb","itemListElement":[{"@type":"ListItem","position":1,"name":"Home","item":"https:\/\/www.herbertz1925.com\/de\/"},{"@type":"ListItem","position":2,"name":"Langmesser","item":"https:\/\/www.herbertz1925.com\/de\/straight-knives\/"},{"@type":"ListItem","position":3,"name":"Langmesser Schneidgeometrie"}]},{"@type":"WebSite","@id":"https:\/\/www.herbertz1925.com\/de\/#website","url":"https:\/\/www.herbertz1925.com\/de\/","name":"Herbertz Maschinenmesserfabrik","description":"Hochwertige Werkzeugst\u00e4hle f\u00fcr hochwertige Maschinenmesser","publisher":{"@id":"https:\/\/www.herbertz1925.com\/de\/#organization"},"potentialAction":[{"@type":"SearchAction","target":{"@type":"EntryPoint","urlTemplate":"https:\/\/www.herbertz1925.com\/de\/?s={search_term_string}"},"query-input":{"@type":"PropertyValueSpecification","valueRequired":true,"valueName":"search_term_string"}}],"inLanguage":"de"},{"@type":"Organization","@id":"https:\/\/www.herbertz1925.com\/de\/#organization","name":"Herbertz GmbH & Co. KG","url":"https:\/\/www.herbertz1925.com\/de\/","logo":{"@type":"ImageObject","inLanguage":"de","@id":"https:\/\/www.herbertz1925.com\/de\/#\/schema\/logo\/image\/","url":"https:\/\/www.herbertz1925.com\/wp-content\/uploads\/2020\/03\/Logo-Herbertz-2020-1.png","contentUrl":"https:\/\/www.herbertz1925.com\/wp-content\/uploads\/2020\/03\/Logo-Herbertz-2020-1.png","width":362,"height":196,"caption":"Herbertz GmbH & Co. KG"},"image":{"@id":"https:\/\/www.herbertz1925.com\/de\/#\/schema\/logo\/image\/"}}]}},"_links":{"self":[{"href":"https:\/\/www.herbertz1925.com\/de\/wp-json\/wp\/v2\/pages\/928","targetHints":{"allow":["GET"]}}],"collection":[{"href":"https:\/\/www.herbertz1925.com\/de\/wp-json\/wp\/v2\/pages"}],"about":[{"href":"https:\/\/www.herbertz1925.com\/de\/wp-json\/wp\/v2\/types\/page"}],"author":[{"embeddable":true,"href":"https:\/\/www.herbertz1925.com\/de\/wp-json\/wp\/v2\/users\/1"}],"replies":[{"embeddable":true,"href":"https:\/\/www.herbertz1925.com\/de\/wp-json\/wp\/v2\/comments?post=928"}],"version-history":[{"count":27,"href":"https:\/\/www.herbertz1925.com\/de\/wp-json\/wp\/v2\/pages\/928\/revisions"}],"predecessor-version":[{"id":11678,"href":"https:\/\/www.herbertz1925.com\/de\/wp-json\/wp\/v2\/pages\/928\/revisions\/11678"}],"up":[{"embeddable":true,"href":"https:\/\/www.herbertz1925.com\/de\/wp-json\/wp\/v2\/pages\/536"}],"wp:attachment":[{"href":"https:\/\/www.herbertz1925.com\/de\/wp-json\/wp\/v2\/media?parent=928"}],"curies":[{"name":"wp","href":"https:\/\/api.w.org\/{rel}","templated":true}]}}