{"id":934,"date":"2020-03-30T11:47:14","date_gmt":"2020-03-30T11:47:14","guid":{"rendered":"https:\/\/www.herbertz1925.com\/?page_id=934"},"modified":"2026-03-24T16:38:03","modified_gmt":"2026-03-24T15:38:03","slug":"langmesser-beschichtungen","status":"publish","type":"page","link":"https:\/\/www.herbertz1925.com\/de\/langmesser\/langmesser-beschichtungen\/","title":{"rendered":"Langmesser Beschichtungen"},"content":{"rendered":"\t\t<div data-elementor-type=\"wp-page\" data-elementor-id=\"934\" class=\"elementor elementor-934\" data-elementor-post-type=\"page\">\n\t\t\t\t<div class=\"elementor-element elementor-element-bc8b837 stretch-width e-flex e-con-boxed e-con e-parent\" data-id=\"bc8b837\" data-element_type=\"container\" data-e-type=\"container\" data-settings=\"{&quot;background_background&quot;:&quot;classic&quot;}\">\n\t\t\t\t\t<div class=\"e-con-inner\">\n\t\t\t\t<div class=\"elementor-element elementor-element-4b4d0d8 elementor-widget elementor-widget-heading\" data-id=\"4b4d0d8\" data-element_type=\"widget\" data-e-type=\"widget\" data-widget_type=\"heading.default\">\n\t\t\t\t<div class=\"elementor-widget-container\">\n\t\t\t\t\t<h2 class=\"elementor-heading-title elementor-size-default\">Langmesser<\/h2>\t\t\t\t<\/div>\n\t\t\t\t<\/div>\n\t\t\t\t<div class=\"elementor-element elementor-element-76c2f2c elementor-widget elementor-widget-text-editor\" data-id=\"76c2f2c\" data-element_type=\"widget\" data-e-type=\"widget\" data-widget_type=\"text-editor.default\">\n\t\t\t\t<div class=\"elementor-widget-container\">\n\t\t\t\t\t\t\t\t\t<p>Unsere Langmesser werden speziell f\u00fcr Ihre Maschinen entwickelt und hergestellt und gew\u00e4hrleisten saubere, pr\u00e4zise Schnitte mit hoher Haltbarkeit f\u00fcr die Lebensmittelverarbeitung, Textil-, Papier-, Druck-, Recycling-, Verpackungs-, Holz- und Metallindustrie.<\/p>\t\t\t\t\t\t\t\t<\/div>\n\t\t\t\t<\/div>\n\t\t\t\t\t<\/div>\n\t\t\t\t<\/div>\n\t\t\t\t<section class=\"elementor-section elementor-top-section elementor-element elementor-element-597c70d elementor-section-boxed elementor-section-height-default elementor-section-height-default\" data-id=\"597c70d\" data-element_type=\"section\" data-e-type=\"section\">\n\t\t\t\t\t\t<div class=\"elementor-container elementor-column-gap-default\">\n\t\t\t\t\t<div class=\"elementor-column elementor-col-100 elementor-top-column elementor-element elementor-element-2ced5e2\" data-id=\"2ced5e2\" data-element_type=\"column\" data-e-type=\"column\">\n\t\t\t<div class=\"elementor-widget-wrap elementor-element-populated\">\n\t\t\t\t\t\t<div class=\"elementor-element elementor-element-283a735 elementor-widget elementor-widget-text-editor\" data-id=\"283a735\" data-element_type=\"widget\" data-e-type=\"widget\" data-widget_type=\"text-editor.default\">\n\t\t\t\t<div class=\"elementor-widget-container\">\n\t\t\t\t\t\t\t\t\t<h1>Langmesser mit <br>hochwertigen Beschichtungen<\/h1>\t\t\t\t\t\t\t\t<\/div>\n\t\t\t\t<\/div>\n\t\t\t\t\t<\/div>\n\t\t<\/div>\n\t\t\t\t\t<\/div>\n\t\t<\/section>\n\t\t\t\t<section class=\"elementor-section elementor-top-section elementor-element elementor-element-354635c elementor-section-boxed elementor-section-height-default elementor-section-height-default\" data-id=\"354635c\" data-element_type=\"section\" data-e-type=\"section\">\n\t\t\t\t\t\t<div class=\"elementor-container elementor-column-gap-default\">\n\t\t\t\t\t<div class=\"elementor-column elementor-col-100 elementor-top-column elementor-element elementor-element-b6531f5\" data-id=\"b6531f5\" data-element_type=\"column\" data-e-type=\"column\">\n\t\t\t<div class=\"elementor-widget-wrap elementor-element-populated\">\n\t\t\t\t\t\t<div class=\"elementor-element elementor-element-f436d48 elementor-widget elementor-widget-text-editor\" data-id=\"f436d48\" data-element_type=\"widget\" data-e-type=\"widget\" data-widget_type=\"text-editor.default\">\n\t\t\t\t<div class=\"elementor-widget-container\">\n\t\t\t\t\t\t\t\t\t<p>Mit der passenden Beschichtung k\u00f6nnen Sie die Standzeit und das Schnittverhalten Ihrer Langmesser noch weiter optimieren.<\/p>\t\t\t\t\t\t\t\t<\/div>\n\t\t\t\t<\/div>\n\t\t\t\t<div class=\"elementor-element elementor-element-a4c586b elementor-widget-divider--view-line elementor-widget elementor-widget-divider\" data-id=\"a4c586b\" data-element_type=\"widget\" data-e-type=\"widget\" data-widget_type=\"divider.default\">\n\t\t\t\t<div class=\"elementor-widget-container\">\n\t\t\t\t\t\t\t<div class=\"elementor-divider\">\n\t\t\t<span class=\"elementor-divider-separator\">\n\t\t\t\t\t\t<\/span>\n\t\t<\/div>\n\t\t\t\t\t\t<\/div>\n\t\t\t\t<\/div>\n\t\t\t\t<div class=\"elementor-element elementor-element-ada6551 elementor-widget elementor-widget-text-editor\" data-id=\"ada6551\" data-element_type=\"widget\" data-e-type=\"widget\" data-widget_type=\"text-editor.default\">\n\t\t\t\t<div class=\"elementor-widget-container\">\n\t\t\t\t\t\t\t\t\t<p>Wir die Herbertz GmbH &amp; Co. KG k\u00f6nnen Ihnen ein breites Spektrum an Beschichtungen anbieten. So k\u00f6nnen Sie durch die passende Beschichtung die Oberfl\u00e4che Ihres Langmessers Verg\u00fcten und somit f\u00fcr positivere Eigenschaften sorgen.<\/p><p>Bitte Sprechen Sie uns an, damit wir die f\u00fcr Sie und Ihren Anwendungsfall passende Beschichtung aussuchen k\u00f6nnen.<\/p><p>Gerne K\u00f6nnen Sie sich auf unserer \u00dcbersicht zu den Angebotenen Informieren.<\/p>\t\t\t\t\t\t\t\t<\/div>\n\t\t\t\t<\/div>\n\t\t\t\t\t<\/div>\n\t\t<\/div>\n\t\t\t\t\t<\/div>\n\t\t<\/section>\n\t\t\t\t<section class=\"elementor-section elementor-top-section elementor-element elementor-element-7bb8d4d elementor-section-boxed elementor-section-height-default elementor-section-height-default\" data-id=\"7bb8d4d\" data-element_type=\"section\" data-e-type=\"section\">\n\t\t\t\t\t\t<div class=\"elementor-container elementor-column-gap-default\">\n\t\t\t\t\t<div class=\"elementor-column elementor-col-100 elementor-top-column elementor-element elementor-element-5324d5f\" data-id=\"5324d5f\" data-element_type=\"column\" data-e-type=\"column\">\n\t\t\t<div class=\"elementor-widget-wrap elementor-element-populated\">\n\t\t\t\t\t\t<div class=\"elementor-element elementor-element-7cb7aa1 elementor-widget elementor-widget-image\" data-id=\"7cb7aa1\" data-element_type=\"widget\" data-e-type=\"widget\" data-widget_type=\"image.default\">\n\t\t\t\t<div class=\"elementor-widget-container\">\n\t\t\t\t\t\t\t\t\t\t\t\t\t\t\t<img fetchpriority=\"high\" decoding=\"async\" width=\"1000\" height=\"382\" src=\"https:\/\/www.herbertz1925.com\/wp-content\/uploads\/2020\/04\/Eigenschaften-PVD-Beschichtungen.jpg\" class=\"attachment-large size-large wp-image-1638\" alt=\"Eigenschaften der PVD-Beschichtungen\" srcset=\"https:\/\/www.herbertz1925.com\/wp-content\/uploads\/2020\/04\/Eigenschaften-PVD-Beschichtungen.jpg 1000w, https:\/\/www.herbertz1925.com\/wp-content\/uploads\/2020\/04\/Eigenschaften-PVD-Beschichtungen-300x115.jpg 300w, https:\/\/www.herbertz1925.com\/wp-content\/uploads\/2020\/04\/Eigenschaften-PVD-Beschichtungen-768x293.jpg 768w, https:\/\/www.herbertz1925.com\/wp-content\/uploads\/2020\/04\/Eigenschaften-PVD-Beschichtungen-600x229.jpg 600w\" sizes=\"(max-width: 1000px) 100vw, 1000px\" \/>\t\t\t\t\t\t\t\t\t\t\t\t\t\t\t<\/div>\n\t\t\t\t<\/div>\n\t\t\t\t<div class=\"elementor-element elementor-element-a0759fb elementor-widget elementor-widget-gallery\" data-id=\"a0759fb\" data-element_type=\"widget\" data-e-type=\"widget\" data-settings=\"{&quot;gallery_layout&quot;:&quot;justified&quot;,&quot;ideal_row_height&quot;:{&quot;unit&quot;:&quot;px&quot;,&quot;size&quot;:220,&quot;sizes&quot;:[]},&quot;lazyload&quot;:&quot;yes&quot;,&quot;ideal_row_height_tablet&quot;:{&quot;unit&quot;:&quot;px&quot;,&quot;size&quot;:150,&quot;sizes&quot;:[]},&quot;ideal_row_height_mobile&quot;:{&quot;unit&quot;:&quot;px&quot;,&quot;size&quot;:150,&quot;sizes&quot;:[]},&quot;gap&quot;:{&quot;unit&quot;:&quot;px&quot;,&quot;size&quot;:10,&quot;sizes&quot;:[]},&quot;gap_tablet&quot;:{&quot;unit&quot;:&quot;px&quot;,&quot;size&quot;:10,&quot;sizes&quot;:[]},&quot;gap_mobile&quot;:{&quot;unit&quot;:&quot;px&quot;,&quot;size&quot;:10,&quot;sizes&quot;:[]},&quot;link_to&quot;:&quot;file&quot;,&quot;overlay_background&quot;:&quot;yes&quot;,&quot;content_hover_animation&quot;:&quot;fade-in&quot;}\" data-widget_type=\"gallery.default\">\n\t\t\t\t<div class=\"elementor-widget-container\">\n\t\t\t\t\t\t\t<div class=\"elementor-gallery__container\">\n\t\t\t\t\t\t\t<a class=\"e-gallery-item elementor-gallery-item elementor-animated-content\" href=\"https:\/\/www.herbertz1925.com\/wp-content\/uploads\/2020\/04\/Langmesser-Beschichtungen-01.jpg\" data-elementor-open-lightbox=\"yes\" data-elementor-lightbox-slideshow=\"a0759fb\" data-elementor-lightbox-title=\"Langmesser-Beschichtungen-01\" data-e-action-hash=\"#elementor-action%3Aaction%3Dlightbox%26settings%3DeyJpZCI6MTQyMSwidXJsIjoiaHR0cHM6XC9cL3d3dy5oZXJiZXJ0ejE5MjUuY29tXC93cC1jb250ZW50XC91cGxvYWRzXC8yMDIwXC8wNFwvTGFuZ21lc3Nlci1CZXNjaGljaHR1bmdlbi0wMS5qcGciLCJzbGlkZXNob3ciOiJhMDc1OWZiIn0%3D\">\n\t\t\t\t\t<div class=\"e-gallery-image elementor-gallery-item__image\" data-thumbnail=\"https:\/\/www.herbertz1925.com\/wp-content\/uploads\/2020\/04\/Langmesser-Beschichtungen-01.jpg\" data-width=\"640\" data-height=\"148\" aria-label=\"Langmesser Beschichtungen\" role=\"img\" ><\/div>\n\t\t\t\t\t\t\t\t\t\t\t<div class=\"elementor-gallery-item__overlay\"><\/div>\n\t\t\t\t\t\t\t\t\t\t\t\t\t\t<\/a>\n\t\t\t\t\t\t\t<a class=\"e-gallery-item elementor-gallery-item elementor-animated-content\" href=\"https:\/\/www.herbertz1925.com\/wp-content\/uploads\/2026\/03\/Coating_blade.jpg\" data-elementor-open-lightbox=\"yes\" data-elementor-lightbox-slideshow=\"a0759fb\" data-elementor-lightbox-title=\"Coating_blade\" data-e-action-hash=\"#elementor-action%3Aaction%3Dlightbox%26settings%3DeyJpZCI6ODM2OCwidXJsIjoiaHR0cHM6XC9cL3d3dy5oZXJiZXJ0ejE5MjUuY29tXC93cC1jb250ZW50XC91cGxvYWRzXC8yMDI2XC8wM1wvQ29hdGluZ19ibGFkZS5qcGciLCJzbGlkZXNob3ciOiJhMDc1OWZiIn0%3D\">\n\t\t\t\t\t<div class=\"e-gallery-image elementor-gallery-item__image\" data-thumbnail=\"https:\/\/www.herbertz1925.com\/wp-content\/uploads\/2026\/03\/Coating_blade.jpg\" data-width=\"640\" data-height=\"480\" aria-label=\"\" role=\"img\" ><\/div>\n\t\t\t\t\t\t\t\t\t\t\t<div class=\"elementor-gallery-item__overlay\"><\/div>\n\t\t\t\t\t\t\t\t\t\t\t\t\t\t<\/a>\n\t\t\t\t\t\t\t<a class=\"e-gallery-item elementor-gallery-item elementor-animated-content\" href=\"https:\/\/www.herbertz1925.com\/wp-content\/uploads\/2026\/03\/Herbertz_coating_blade_options.jpg\" data-elementor-open-lightbox=\"yes\" data-elementor-lightbox-slideshow=\"a0759fb\" data-elementor-lightbox-title=\"Herbertz_coating_blade_options\" data-e-action-hash=\"#elementor-action%3Aaction%3Dlightbox%26settings%3DeyJpZCI6ODM3MCwidXJsIjoiaHR0cHM6XC9cL3d3dy5oZXJiZXJ0ejE5MjUuY29tXC93cC1jb250ZW50XC91cGxvYWRzXC8yMDI2XC8wM1wvSGVyYmVydHpfY29hdGluZ19ibGFkZV9vcHRpb25zLmpwZyIsInNsaWRlc2hvdyI6ImEwNzU5ZmIifQ%3D%3D\">\n\t\t\t\t\t<div class=\"e-gallery-image elementor-gallery-item__image\" data-thumbnail=\"https:\/\/www.herbertz1925.com\/wp-content\/uploads\/2026\/03\/Herbertz_coating_blade_options-768x1144.jpg\" data-width=\"768\" data-height=\"1144\" aria-label=\"\" role=\"img\" ><\/div>\n\t\t\t\t\t\t\t\t\t\t\t<div class=\"elementor-gallery-item__overlay\"><\/div>\n\t\t\t\t\t\t\t\t\t\t\t\t\t\t<\/a>\n\t\t\t\t\t\t\t<a class=\"e-gallery-item elementor-gallery-item elementor-animated-content\" href=\"https:\/\/www.herbertz1925.com\/wp-content\/uploads\/2026\/03\/straight_knives_for_food_industry_2.jpg\" data-elementor-open-lightbox=\"yes\" data-elementor-lightbox-slideshow=\"a0759fb\" data-elementor-lightbox-title=\"straight_knives_for_food_industry_2\" data-e-action-hash=\"#elementor-action%3Aaction%3Dlightbox%26settings%3DeyJpZCI6ODIyMiwidXJsIjoiaHR0cHM6XC9cL3d3dy5oZXJiZXJ0ejE5MjUuY29tXC93cC1jb250ZW50XC91cGxvYWRzXC8yMDI2XC8wM1wvc3RyYWlnaHRfa25pdmVzX2Zvcl9mb29kX2luZHVzdHJ5XzIuanBnIiwic2xpZGVzaG93IjoiYTA3NTlmYiJ9\">\n\t\t\t\t\t<div class=\"e-gallery-image elementor-gallery-item__image\" data-thumbnail=\"https:\/\/www.herbertz1925.com\/wp-content\/uploads\/2026\/03\/straight_knives_for_food_industry_2-768x434.jpg\" data-width=\"768\" data-height=\"434\" aria-label=\"\" role=\"img\" ><\/div>\n\t\t\t\t\t\t\t\t\t\t\t<div class=\"elementor-gallery-item__overlay\"><\/div>\n\t\t\t\t\t\t\t\t\t\t\t\t\t\t<\/a>\n\t\t\t\t\t\t\t<a class=\"e-gallery-item elementor-gallery-item elementor-animated-content\" href=\"https:\/\/www.herbertz1925.com\/wp-content\/uploads\/2026\/03\/Staigh_industrial_knive_coated.jpg\" data-elementor-open-lightbox=\"yes\" data-elementor-lightbox-slideshow=\"a0759fb\" data-elementor-lightbox-title=\"Staigh_industrial_knive_coated\" data-e-action-hash=\"#elementor-action%3Aaction%3Dlightbox%26settings%3DeyJpZCI6ODM0MSwidXJsIjoiaHR0cHM6XC9cL3d3dy5oZXJiZXJ0ejE5MjUuY29tXC93cC1jb250ZW50XC91cGxvYWRzXC8yMDI2XC8wM1wvU3RhaWdoX2luZHVzdHJpYWxfa25pdmVfY29hdGVkLmpwZyIsInNsaWRlc2hvdyI6ImEwNzU5ZmIifQ%3D%3D\">\n\t\t\t\t\t<div class=\"e-gallery-image elementor-gallery-item__image\" data-thumbnail=\"https:\/\/www.herbertz1925.com\/wp-content\/uploads\/2026\/03\/Staigh_industrial_knive_coated-768x1019.jpg\" data-width=\"768\" data-height=\"1019\" aria-label=\"\" role=\"img\" ><\/div>\n\t\t\t\t\t\t\t\t\t\t\t<div class=\"elementor-gallery-item__overlay\"><\/div>\n\t\t\t\t\t\t\t\t\t\t\t\t\t\t<\/a>\n\t\t\t\t\t\t\t<a class=\"e-gallery-item elementor-gallery-item elementor-animated-content\" href=\"https:\/\/www.herbertz1925.com\/wp-content\/uploads\/2026\/03\/Straight_Knive_Paper_Industry_Coated.jpg\" data-elementor-open-lightbox=\"yes\" data-elementor-lightbox-slideshow=\"a0759fb\" data-elementor-lightbox-title=\"Straight_Knive_Paper_Industry_Coated\" data-e-action-hash=\"#elementor-action%3Aaction%3Dlightbox%26settings%3DeyJpZCI6ODE3NSwidXJsIjoiaHR0cHM6XC9cL3d3dy5oZXJiZXJ0ejE5MjUuY29tXC93cC1jb250ZW50XC91cGxvYWRzXC8yMDI2XC8wM1wvU3RyYWlnaHRfS25pdmVfUGFwZXJfSW5kdXN0cnlfQ29hdGVkLmpwZyIsInNsaWRlc2hvdyI6ImEwNzU5ZmIifQ%3D%3D\">\n\t\t\t\t\t<div class=\"e-gallery-image elementor-gallery-item__image\" data-thumbnail=\"https:\/\/www.herbertz1925.com\/wp-content\/uploads\/2026\/03\/Straight_Knive_Paper_Industry_Coated-768x579.jpg\" data-width=\"768\" data-height=\"579\" aria-label=\"\" role=\"img\" ><\/div>\n\t\t\t\t\t\t\t\t\t\t\t<div class=\"elementor-gallery-item__overlay\"><\/div>\n\t\t\t\t\t\t\t\t\t\t\t\t\t\t<\/a>\n\t\t\t\t\t<\/div>\n\t\t\t\t\t<\/div>\n\t\t\t\t<\/div>\n\t\t\t\t\t<\/div>\n\t\t<\/div>\n\t\t\t\t\t<\/div>\n\t\t<\/section>\n\t\t\t\t<\/div>\n\t\t","protected":false},"excerpt":{"rendered":"<p>Langmesser Unsere Langmesser werden speziell f\u00fcr Ihre Maschinen entwickelt und hergestellt und gew\u00e4hrleisten saubere, pr\u00e4zise Schnitte mit hoher Haltbarkeit f\u00fcr die Lebensmittelverarbeitung, Textil-, Papier-, Druck-, Recycling-, Verpackungs-, Holz- und Metallindustrie. Langmesser mit hochwertigen Beschichtungen Mit der passenden Beschichtung k\u00f6nnen Sie die Standzeit und das Schnittverhalten Ihrer Langmesser noch weiter optimieren. Wir die Herbertz GmbH &amp; [&hellip;]<\/p>\n","protected":false},"author":1,"featured_media":0,"parent":536,"menu_order":110,"comment_status":"closed","ping_status":"closed","template":"","meta":{"footnotes":""},"class_list":["post-934","page","type-page","status-publish","hentry"],"yoast_head":"<!-- This site is optimized with the Yoast SEO plugin v27.3 - https:\/\/yoast.com\/product\/yoast-seo-wordpress\/ -->\n<title>Langmesser - Beschichtungen | Herbertz GmbH &amp; Co KG<\/title>\n<meta name=\"description\" content=\"Langmesser - Beschichtungen | Die Herbertz GmbH &amp; Co.KG bietet Ihnen immer die richtige Auswahl an Beschichtungen. Jetzt Online Angebot anfordern.\" \/>\n<meta name=\"robots\" content=\"index, follow, max-snippet:-1, max-image-preview:large, max-video-preview:-1\" \/>\n<link rel=\"canonical\" href=\"https:\/\/www.herbertz1925.com\/de\/langmesser\/langmesser-beschichtungen\/\" \/>\n<meta property=\"og:locale\" content=\"de_DE\" \/>\n<meta property=\"og:type\" content=\"article\" \/>\n<meta property=\"og:title\" content=\"Langmesser - Beschichtungen | Herbertz GmbH &amp; Co KG\" \/>\n<meta property=\"og:description\" content=\"Langmesser - Beschichtungen | Die Herbertz GmbH &amp; Co.KG bietet Ihnen immer die richtige Auswahl an Beschichtungen. Jetzt Online Angebot anfordern.\" \/>\n<meta property=\"og:url\" content=\"https:\/\/www.herbertz1925.com\/de\/langmesser\/langmesser-beschichtungen\/\" \/>\n<meta property=\"og:site_name\" content=\"Herbertz Maschinenmesserfabrik\" \/>\n<meta property=\"article:modified_time\" content=\"2026-03-24T15:38:03+00:00\" \/>\n<meta property=\"og:image\" content=\"https:\/\/www.herbertz1925.com\/wp-content\/uploads\/2020\/04\/Eigenschaften-PVD-Beschichtungen.jpg\" \/>\n<meta name=\"twitter:card\" content=\"summary_large_image\" \/>\n<meta name=\"twitter:label1\" content=\"Gesch\u00e4tzte Lesezeit\" \/>\n\t<meta name=\"twitter:data1\" content=\"1\u00a0Minute\" \/>\n<script type=\"application\/ld+json\" class=\"yoast-schema-graph\">{\"@context\":\"https:\\\/\\\/schema.org\",\"@graph\":[{\"@type\":\"WebPage\",\"@id\":\"https:\\\/\\\/www.herbertz1925.com\\\/de\\\/langmesser\\\/langmesser-beschichtungen\\\/\",\"url\":\"https:\\\/\\\/www.herbertz1925.com\\\/de\\\/langmesser\\\/langmesser-beschichtungen\\\/\",\"name\":\"Langmesser - Beschichtungen | Herbertz GmbH & Co KG\",\"isPartOf\":{\"@id\":\"https:\\\/\\\/www.herbertz1925.com\\\/de\\\/#website\"},\"primaryImageOfPage\":{\"@id\":\"https:\\\/\\\/www.herbertz1925.com\\\/de\\\/langmesser\\\/langmesser-beschichtungen\\\/#primaryimage\"},\"image\":{\"@id\":\"https:\\\/\\\/www.herbertz1925.com\\\/de\\\/langmesser\\\/langmesser-beschichtungen\\\/#primaryimage\"},\"thumbnailUrl\":\"https:\\\/\\\/www.herbertz1925.com\\\/wp-content\\\/uploads\\\/2020\\\/04\\\/Eigenschaften-PVD-Beschichtungen.jpg\",\"datePublished\":\"2020-03-30T11:47:14+00:00\",\"dateModified\":\"2026-03-24T15:38:03+00:00\",\"description\":\"Langmesser - Beschichtungen | Die Herbertz GmbH & Co.KG bietet Ihnen immer die richtige Auswahl an Beschichtungen. Jetzt Online Angebot anfordern.\",\"breadcrumb\":{\"@id\":\"https:\\\/\\\/www.herbertz1925.com\\\/de\\\/langmesser\\\/langmesser-beschichtungen\\\/#breadcrumb\"},\"inLanguage\":\"de\",\"potentialAction\":[{\"@type\":\"ReadAction\",\"target\":[\"https:\\\/\\\/www.herbertz1925.com\\\/de\\\/langmesser\\\/langmesser-beschichtungen\\\/\"]}]},{\"@type\":\"ImageObject\",\"inLanguage\":\"de\",\"@id\":\"https:\\\/\\\/www.herbertz1925.com\\\/de\\\/langmesser\\\/langmesser-beschichtungen\\\/#primaryimage\",\"url\":\"https:\\\/\\\/www.herbertz1925.com\\\/wp-content\\\/uploads\\\/2020\\\/04\\\/Eigenschaften-PVD-Beschichtungen.jpg\",\"contentUrl\":\"https:\\\/\\\/www.herbertz1925.com\\\/wp-content\\\/uploads\\\/2020\\\/04\\\/Eigenschaften-PVD-Beschichtungen.jpg\"},{\"@type\":\"BreadcrumbList\",\"@id\":\"https:\\\/\\\/www.herbertz1925.com\\\/de\\\/langmesser\\\/langmesser-beschichtungen\\\/#breadcrumb\",\"itemListElement\":[{\"@type\":\"ListItem\",\"position\":1,\"name\":\"Home\",\"item\":\"https:\\\/\\\/www.herbertz1925.com\\\/de\\\/\"},{\"@type\":\"ListItem\",\"position\":2,\"name\":\"Langmesser\",\"item\":\"https:\\\/\\\/www.herbertz1925.com\\\/de\\\/straight-knives\\\/\"},{\"@type\":\"ListItem\",\"position\":3,\"name\":\"Langmesser Beschichtungen\"}]},{\"@type\":\"WebSite\",\"@id\":\"https:\\\/\\\/www.herbertz1925.com\\\/de\\\/#website\",\"url\":\"https:\\\/\\\/www.herbertz1925.com\\\/de\\\/\",\"name\":\"Herbertz Maschinenmesserfabrik\",\"description\":\"Hochwertige Werkzeugst\u00e4hle f\u00fcr hochwertige Maschinenmesser\",\"publisher\":{\"@id\":\"https:\\\/\\\/www.herbertz1925.com\\\/de\\\/#organization\"},\"potentialAction\":[{\"@type\":\"SearchAction\",\"target\":{\"@type\":\"EntryPoint\",\"urlTemplate\":\"https:\\\/\\\/www.herbertz1925.com\\\/de\\\/?s={search_term_string}\"},\"query-input\":{\"@type\":\"PropertyValueSpecification\",\"valueRequired\":true,\"valueName\":\"search_term_string\"}}],\"inLanguage\":\"de\"},{\"@type\":\"Organization\",\"@id\":\"https:\\\/\\\/www.herbertz1925.com\\\/de\\\/#organization\",\"name\":\"Herbertz GmbH & Co. KG\",\"url\":\"https:\\\/\\\/www.herbertz1925.com\\\/de\\\/\",\"logo\":{\"@type\":\"ImageObject\",\"inLanguage\":\"de\",\"@id\":\"https:\\\/\\\/www.herbertz1925.com\\\/de\\\/#\\\/schema\\\/logo\\\/image\\\/\",\"url\":\"https:\\\/\\\/www.herbertz1925.com\\\/wp-content\\\/uploads\\\/2020\\\/03\\\/Logo-Herbertz-2020-1.png\",\"contentUrl\":\"https:\\\/\\\/www.herbertz1925.com\\\/wp-content\\\/uploads\\\/2020\\\/03\\\/Logo-Herbertz-2020-1.png\",\"width\":362,\"height\":196,\"caption\":\"Herbertz GmbH & Co. KG\"},\"image\":{\"@id\":\"https:\\\/\\\/www.herbertz1925.com\\\/de\\\/#\\\/schema\\\/logo\\\/image\\\/\"}}]}<\/script>\n<!-- \/ Yoast SEO plugin. -->","yoast_head_json":{"title":"Langmesser - Beschichtungen | Herbertz GmbH & Co KG","description":"Langmesser - Beschichtungen | Die Herbertz GmbH & Co.KG bietet Ihnen immer die richtige Auswahl an Beschichtungen. Jetzt Online Angebot anfordern.","robots":{"index":"index","follow":"follow","max-snippet":"max-snippet:-1","max-image-preview":"max-image-preview:large","max-video-preview":"max-video-preview:-1"},"canonical":"https:\/\/www.herbertz1925.com\/de\/langmesser\/langmesser-beschichtungen\/","og_locale":"de_DE","og_type":"article","og_title":"Langmesser - Beschichtungen | Herbertz GmbH & Co KG","og_description":"Langmesser - Beschichtungen | Die Herbertz GmbH & Co.KG bietet Ihnen immer die richtige Auswahl an Beschichtungen. Jetzt Online Angebot anfordern.","og_url":"https:\/\/www.herbertz1925.com\/de\/langmesser\/langmesser-beschichtungen\/","og_site_name":"Herbertz Maschinenmesserfabrik","article_modified_time":"2026-03-24T15:38:03+00:00","og_image":[{"url":"https:\/\/www.herbertz1925.com\/wp-content\/uploads\/2020\/04\/Eigenschaften-PVD-Beschichtungen.jpg","type":"","width":"","height":""}],"twitter_card":"summary_large_image","twitter_misc":{"Gesch\u00e4tzte Lesezeit":"1\u00a0Minute"},"schema":{"@context":"https:\/\/schema.org","@graph":[{"@type":"WebPage","@id":"https:\/\/www.herbertz1925.com\/de\/langmesser\/langmesser-beschichtungen\/","url":"https:\/\/www.herbertz1925.com\/de\/langmesser\/langmesser-beschichtungen\/","name":"Langmesser - Beschichtungen | Herbertz GmbH & Co KG","isPartOf":{"@id":"https:\/\/www.herbertz1925.com\/de\/#website"},"primaryImageOfPage":{"@id":"https:\/\/www.herbertz1925.com\/de\/langmesser\/langmesser-beschichtungen\/#primaryimage"},"image":{"@id":"https:\/\/www.herbertz1925.com\/de\/langmesser\/langmesser-beschichtungen\/#primaryimage"},"thumbnailUrl":"https:\/\/www.herbertz1925.com\/wp-content\/uploads\/2020\/04\/Eigenschaften-PVD-Beschichtungen.jpg","datePublished":"2020-03-30T11:47:14+00:00","dateModified":"2026-03-24T15:38:03+00:00","description":"Langmesser - Beschichtungen | Die Herbertz GmbH & Co.KG bietet Ihnen immer die richtige Auswahl an Beschichtungen. Jetzt Online Angebot anfordern.","breadcrumb":{"@id":"https:\/\/www.herbertz1925.com\/de\/langmesser\/langmesser-beschichtungen\/#breadcrumb"},"inLanguage":"de","potentialAction":[{"@type":"ReadAction","target":["https:\/\/www.herbertz1925.com\/de\/langmesser\/langmesser-beschichtungen\/"]}]},{"@type":"ImageObject","inLanguage":"de","@id":"https:\/\/www.herbertz1925.com\/de\/langmesser\/langmesser-beschichtungen\/#primaryimage","url":"https:\/\/www.herbertz1925.com\/wp-content\/uploads\/2020\/04\/Eigenschaften-PVD-Beschichtungen.jpg","contentUrl":"https:\/\/www.herbertz1925.com\/wp-content\/uploads\/2020\/04\/Eigenschaften-PVD-Beschichtungen.jpg"},{"@type":"BreadcrumbList","@id":"https:\/\/www.herbertz1925.com\/de\/langmesser\/langmesser-beschichtungen\/#breadcrumb","itemListElement":[{"@type":"ListItem","position":1,"name":"Home","item":"https:\/\/www.herbertz1925.com\/de\/"},{"@type":"ListItem","position":2,"name":"Langmesser","item":"https:\/\/www.herbertz1925.com\/de\/straight-knives\/"},{"@type":"ListItem","position":3,"name":"Langmesser Beschichtungen"}]},{"@type":"WebSite","@id":"https:\/\/www.herbertz1925.com\/de\/#website","url":"https:\/\/www.herbertz1925.com\/de\/","name":"Herbertz Maschinenmesserfabrik","description":"Hochwertige Werkzeugst\u00e4hle f\u00fcr hochwertige Maschinenmesser","publisher":{"@id":"https:\/\/www.herbertz1925.com\/de\/#organization"},"potentialAction":[{"@type":"SearchAction","target":{"@type":"EntryPoint","urlTemplate":"https:\/\/www.herbertz1925.com\/de\/?s={search_term_string}"},"query-input":{"@type":"PropertyValueSpecification","valueRequired":true,"valueName":"search_term_string"}}],"inLanguage":"de"},{"@type":"Organization","@id":"https:\/\/www.herbertz1925.com\/de\/#organization","name":"Herbertz GmbH & Co. KG","url":"https:\/\/www.herbertz1925.com\/de\/","logo":{"@type":"ImageObject","inLanguage":"de","@id":"https:\/\/www.herbertz1925.com\/de\/#\/schema\/logo\/image\/","url":"https:\/\/www.herbertz1925.com\/wp-content\/uploads\/2020\/03\/Logo-Herbertz-2020-1.png","contentUrl":"https:\/\/www.herbertz1925.com\/wp-content\/uploads\/2020\/03\/Logo-Herbertz-2020-1.png","width":362,"height":196,"caption":"Herbertz GmbH & Co. KG"},"image":{"@id":"https:\/\/www.herbertz1925.com\/de\/#\/schema\/logo\/image\/"}}]}},"_links":{"self":[{"href":"https:\/\/www.herbertz1925.com\/de\/wp-json\/wp\/v2\/pages\/934","targetHints":{"allow":["GET"]}}],"collection":[{"href":"https:\/\/www.herbertz1925.com\/de\/wp-json\/wp\/v2\/pages"}],"about":[{"href":"https:\/\/www.herbertz1925.com\/de\/wp-json\/wp\/v2\/types\/page"}],"author":[{"embeddable":true,"href":"https:\/\/www.herbertz1925.com\/de\/wp-json\/wp\/v2\/users\/1"}],"replies":[{"embeddable":true,"href":"https:\/\/www.herbertz1925.com\/de\/wp-json\/wp\/v2\/comments?post=934"}],"version-history":[{"count":29,"href":"https:\/\/www.herbertz1925.com\/de\/wp-json\/wp\/v2\/pages\/934\/revisions"}],"predecessor-version":[{"id":11684,"href":"https:\/\/www.herbertz1925.com\/de\/wp-json\/wp\/v2\/pages\/934\/revisions\/11684"}],"up":[{"embeddable":true,"href":"https:\/\/www.herbertz1925.com\/de\/wp-json\/wp\/v2\/pages\/536"}],"wp:attachment":[{"href":"https:\/\/www.herbertz1925.com\/de\/wp-json\/wp\/v2\/media?parent=934"}],"curies":[{"name":"wp","href":"https:\/\/api.w.org\/{rel}","templated":true}]}}