{"id":937,"date":"2020-03-30T11:48:28","date_gmt":"2020-03-30T11:48:28","guid":{"rendered":"https:\/\/www.herbertz1925.com\/?page_id=937"},"modified":"2026-03-24T16:38:41","modified_gmt":"2026-03-24T15:38:41","slug":"langmesser-schneidfluessigkeiten-fuer-ein-sauberes-schnittergebnis","status":"publish","type":"page","link":"https:\/\/www.herbertz1925.com\/de\/langmesser\/langmesser-schneidfluessigkeiten-fuer-ein-sauberes-schnittergebnis\/","title":{"rendered":"Langmesser Schneidfl\u00fcssigkeiten f\u00fcr ein sauberes Schnittergebnis"},"content":{"rendered":"\t\t<div data-elementor-type=\"wp-page\" data-elementor-id=\"937\" class=\"elementor elementor-937\" data-elementor-post-type=\"page\">\n\t\t\t\t<div class=\"elementor-element elementor-element-c50160a stretch-width e-flex e-con-boxed e-con e-parent\" data-id=\"c50160a\" data-element_type=\"container\" data-e-type=\"container\" data-settings=\"{&quot;background_background&quot;:&quot;classic&quot;}\">\n\t\t\t\t\t<div class=\"e-con-inner\">\n\t\t\t\t<div class=\"elementor-element elementor-element-abcdeb6 elementor-widget elementor-widget-heading\" data-id=\"abcdeb6\" data-element_type=\"widget\" data-e-type=\"widget\" data-widget_type=\"heading.default\">\n\t\t\t\t<div class=\"elementor-widget-container\">\n\t\t\t\t\t<h2 class=\"elementor-heading-title elementor-size-default\">Langmesser<\/h2>\t\t\t\t<\/div>\n\t\t\t\t<\/div>\n\t\t\t\t<div class=\"elementor-element elementor-element-0ecb65b elementor-widget elementor-widget-text-editor\" data-id=\"0ecb65b\" data-element_type=\"widget\" data-e-type=\"widget\" data-widget_type=\"text-editor.default\">\n\t\t\t\t<div class=\"elementor-widget-container\">\n\t\t\t\t\t\t\t\t\t<p>Unsere Langmesser werden speziell f\u00fcr Ihre Maschinen entwickelt und hergestellt und gew\u00e4hrleisten saubere, pr\u00e4zise Schnitte mit hoher Haltbarkeit f\u00fcr die Lebensmittelverarbeitung, Textil-, Papier-, Druck-, Recycling-, Verpackungs-, Holz- und Metallindustrie.<\/p>\t\t\t\t\t\t\t\t<\/div>\n\t\t\t\t<\/div>\n\t\t\t\t\t<\/div>\n\t\t\t\t<\/div>\n\t\t\t\t<section class=\"elementor-section elementor-top-section elementor-element elementor-element-7d1be91 elementor-section-boxed elementor-section-height-default elementor-section-height-default\" data-id=\"7d1be91\" data-element_type=\"section\" data-e-type=\"section\">\n\t\t\t\t\t\t<div class=\"elementor-container elementor-column-gap-default\">\n\t\t\t\t\t<div class=\"elementor-column elementor-col-100 elementor-top-column elementor-element elementor-element-8684db4\" data-id=\"8684db4\" data-element_type=\"column\" data-e-type=\"column\">\n\t\t\t<div class=\"elementor-widget-wrap elementor-element-populated\">\n\t\t\t\t\t\t<div class=\"elementor-element elementor-element-0a83bf1 elementor-widget elementor-widget-text-editor\" data-id=\"0a83bf1\" data-element_type=\"widget\" data-e-type=\"widget\" data-widget_type=\"text-editor.default\">\n\t\t\t\t<div class=\"elementor-widget-container\">\n\t\t\t\t\t\t\t\t\t<h1>Hochwertige Schneidfl\u00fcssigkeiten f\u00fcr ein sauberes Schnittergebnis <br \/>bei Langmessern<\/h1>\t\t\t\t\t\t\t\t<\/div>\n\t\t\t\t<\/div>\n\t\t\t\t<div class=\"elementor-element elementor-element-e89cfdc elementor-widget-divider--view-line elementor-widget elementor-widget-divider\" data-id=\"e89cfdc\" data-element_type=\"widget\" data-e-type=\"widget\" data-widget_type=\"divider.default\">\n\t\t\t\t<div class=\"elementor-widget-container\">\n\t\t\t\t\t\t\t<div class=\"elementor-divider\">\n\t\t\t<span class=\"elementor-divider-separator\">\n\t\t\t\t\t\t<\/span>\n\t\t<\/div>\n\t\t\t\t\t\t<\/div>\n\t\t\t\t<\/div>\n\t\t\t\t\t<\/div>\n\t\t<\/div>\n\t\t\t\t\t<\/div>\n\t\t<\/section>\n\t\t\t\t<section class=\"elementor-section elementor-top-section elementor-element elementor-element-c1f3207 elementor-section-boxed elementor-section-height-default elementor-section-height-default\" data-id=\"c1f3207\" data-element_type=\"section\" data-e-type=\"section\">\n\t\t\t\t\t\t<div class=\"elementor-container elementor-column-gap-default\">\n\t\t\t\t\t<div class=\"elementor-column elementor-col-50 elementor-top-column elementor-element elementor-element-de5ea58\" data-id=\"de5ea58\" data-element_type=\"column\" data-e-type=\"column\">\n\t\t\t<div class=\"elementor-widget-wrap elementor-element-populated\">\n\t\t\t\t\t\t<div class=\"elementor-element elementor-element-63f8f77 elementor-widget elementor-widget-text-editor\" data-id=\"63f8f77\" data-element_type=\"widget\" data-e-type=\"widget\" data-widget_type=\"text-editor.default\">\n\t\t\t\t<div class=\"elementor-widget-container\">\n\t\t\t\t\t\t\t\t\t<p>Mit unseren Schneidfl\u00fcssigkeiten (Herbertz Cutting Liquid) k\u00f6nnen Sie die Schneidleistung erh\u00f6hen bei gleichzeitiger Reduktion des Verschlei\u00dfes an Ihrem Langmesser.<\/p><p>Unsere Schneidfl\u00fcssigkeit hilft dabei, das Messer w\u00e4hrend des Schneidvorganges zu K\u00fchlen und verringert die entstehende Reibung. Dadurch l\u00e4sst sich der Verschlei\u00df an Ihrem Kreismesser erheblich reduzieren. Dies wirkt sich auf eine bessere Oberfl\u00e4cheng\u00fcte, Ma\u00dfhaltigkeit und h\u00f6here Standzeit Ihres Messers aus.<\/p><p>Gerne k\u00f6nnen Sie uns bei Ihrer Bestellung auf die Schneidfl\u00fcssigkeit von Herbertz ansprechen, damit wir Ihnen ein passendes Angebot machen k\u00f6nnen.<\/p>\t\t\t\t\t\t\t\t<\/div>\n\t\t\t\t<\/div>\n\t\t\t\t\t<\/div>\n\t\t<\/div>\n\t\t\t\t<div class=\"elementor-column elementor-col-50 elementor-top-column elementor-element elementor-element-4b56091\" data-id=\"4b56091\" data-element_type=\"column\" data-e-type=\"column\">\n\t\t\t<div class=\"elementor-widget-wrap elementor-element-populated\">\n\t\t\t\t\t\t<div class=\"elementor-element elementor-element-e1617b3 elementor-widget elementor-widget-image\" data-id=\"e1617b3\" data-element_type=\"widget\" data-e-type=\"widget\" data-widget_type=\"image.default\">\n\t\t\t\t<div class=\"elementor-widget-container\">\n\t\t\t\t\t\t\t\t\t\t\t\t\t\t\t\t<a href=\"https:\/\/www.herbertz1925.com\/wp-content\/uploads\/2026\/02\/Cutting-Liquid_Industrial_Herbertz_Germany.jpg\" data-elementor-open-lightbox=\"yes\" data-elementor-lightbox-title=\"Cutting-Liquid_Industrial_Herbertz_Germany\" data-e-action-hash=\"#elementor-action%3Aaction%3Dlightbox%26settings%3DeyJpZCI6NzgyOCwidXJsIjoiaHR0cHM6XC9cL3d3dy5oZXJiZXJ0ejE5MjUuY29tXC93cC1jb250ZW50XC91cGxvYWRzXC8yMDI2XC8wMlwvQ3V0dGluZy1MaXF1aWRfSW5kdXN0cmlhbF9IZXJiZXJ0el9HZXJtYW55LmpwZyJ9\">\n\t\t\t\t\t\t\t<img fetchpriority=\"high\" decoding=\"async\" width=\"768\" height=\"579\" src=\"https:\/\/www.herbertz1925.com\/wp-content\/uploads\/2026\/02\/Cutting-Liquid_Industrial_Herbertz_Germany-768x579.jpg\" class=\"attachment-medium_large size-medium_large wp-image-7828\" alt=\"\" srcset=\"https:\/\/www.herbertz1925.com\/wp-content\/uploads\/2026\/02\/Cutting-Liquid_Industrial_Herbertz_Germany-768x579.jpg 768w, https:\/\/www.herbertz1925.com\/wp-content\/uploads\/2026\/02\/Cutting-Liquid_Industrial_Herbertz_Germany-300x226.jpg 300w, https:\/\/www.herbertz1925.com\/wp-content\/uploads\/2026\/02\/Cutting-Liquid_Industrial_Herbertz_Germany-600x452.jpg 600w, https:\/\/www.herbertz1925.com\/wp-content\/uploads\/2026\/02\/Cutting-Liquid_Industrial_Herbertz_Germany.jpg 1019w\" sizes=\"(max-width: 768px) 100vw, 768px\" \/>\t\t\t\t\t\t\t\t<\/a>\n\t\t\t\t\t\t\t\t\t\t\t\t\t\t\t<\/div>\n\t\t\t\t<\/div>\n\t\t\t\t\t<\/div>\n\t\t<\/div>\n\t\t\t\t\t<\/div>\n\t\t<\/section>\n\t\t\t\t<\/div>\n\t\t","protected":false},"excerpt":{"rendered":"<p>Langmesser Unsere Langmesser werden speziell f\u00fcr Ihre Maschinen entwickelt und hergestellt und gew\u00e4hrleisten saubere, pr\u00e4zise Schnitte mit hoher Haltbarkeit f\u00fcr die Lebensmittelverarbeitung, Textil-, Papier-, Druck-, Recycling-, Verpackungs-, Holz- und Metallindustrie. Hochwertige Schneidfl\u00fcssigkeiten f\u00fcr ein sauberes Schnittergebnis bei Langmessern Mit unseren Schneidfl\u00fcssigkeiten (Herbertz Cutting Liquid) k\u00f6nnen Sie die Schneidleistung erh\u00f6hen bei gleichzeitiger Reduktion des Verschlei\u00dfes an [&hellip;]<\/p>\n","protected":false},"author":1,"featured_media":0,"parent":536,"menu_order":120,"comment_status":"closed","ping_status":"closed","template":"","meta":{"footnotes":""},"class_list":["post-937","page","type-page","status-publish","hentry"],"yoast_head":"<!-- This site is optimized with the Yoast SEO plugin v27.3 - https:\/\/yoast.com\/product\/yoast-seo-wordpress\/ -->\n<title>Langmesser - Schneidfl\u00fcssigkeiten | Herbertz<\/title>\n<meta name=\"description\" content=\"Langmesser - Schneidfl\u00fcssigkeiten | Schneidfl\u00fcssigkeiten von Herbertz GmbH &amp; Co.KG verbessern Ihr Schnittergebnis. Testen Sie es aus.\" \/>\n<meta name=\"robots\" content=\"index, follow, max-snippet:-1, max-image-preview:large, max-video-preview:-1\" \/>\n<link rel=\"canonical\" href=\"https:\/\/www.herbertz1925.com\/de\/langmesser\/langmesser-schneidfluessigkeiten-fuer-ein-sauberes-schnittergebnis\/\" \/>\n<meta property=\"og:locale\" content=\"de_DE\" \/>\n<meta property=\"og:type\" content=\"article\" \/>\n<meta property=\"og:title\" content=\"Langmesser - Schneidfl\u00fcssigkeiten | Herbertz\" \/>\n<meta property=\"og:description\" content=\"Langmesser - Schneidfl\u00fcssigkeiten | Schneidfl\u00fcssigkeiten von Herbertz GmbH &amp; Co.KG verbessern Ihr Schnittergebnis. Testen Sie es aus.\" \/>\n<meta property=\"og:url\" content=\"https:\/\/www.herbertz1925.com\/de\/langmesser\/langmesser-schneidfluessigkeiten-fuer-ein-sauberes-schnittergebnis\/\" \/>\n<meta property=\"og:site_name\" content=\"Herbertz Maschinenmesserfabrik\" \/>\n<meta property=\"article:modified_time\" content=\"2026-03-24T15:38:41+00:00\" \/>\n<meta property=\"og:image\" content=\"https:\/\/www.herbertz1925.com\/wp-content\/uploads\/2026\/02\/Cutting-Liquid_Industrial_Herbertz_Germany-768x579.jpg\" \/>\n<meta name=\"twitter:card\" content=\"summary_large_image\" \/>\n<meta name=\"twitter:label1\" content=\"Gesch\u00e4tzte Lesezeit\" \/>\n\t<meta name=\"twitter:data1\" content=\"1\u00a0Minute\" \/>\n<script type=\"application\/ld+json\" class=\"yoast-schema-graph\">{\"@context\":\"https:\\\/\\\/schema.org\",\"@graph\":[{\"@type\":\"WebPage\",\"@id\":\"https:\\\/\\\/www.herbertz1925.com\\\/de\\\/langmesser\\\/langmesser-schneidfluessigkeiten-fuer-ein-sauberes-schnittergebnis\\\/\",\"url\":\"https:\\\/\\\/www.herbertz1925.com\\\/de\\\/langmesser\\\/langmesser-schneidfluessigkeiten-fuer-ein-sauberes-schnittergebnis\\\/\",\"name\":\"Langmesser - Schneidfl\u00fcssigkeiten | Herbertz\",\"isPartOf\":{\"@id\":\"https:\\\/\\\/www.herbertz1925.com\\\/de\\\/#website\"},\"primaryImageOfPage\":{\"@id\":\"https:\\\/\\\/www.herbertz1925.com\\\/de\\\/langmesser\\\/langmesser-schneidfluessigkeiten-fuer-ein-sauberes-schnittergebnis\\\/#primaryimage\"},\"image\":{\"@id\":\"https:\\\/\\\/www.herbertz1925.com\\\/de\\\/langmesser\\\/langmesser-schneidfluessigkeiten-fuer-ein-sauberes-schnittergebnis\\\/#primaryimage\"},\"thumbnailUrl\":\"https:\\\/\\\/www.herbertz1925.com\\\/wp-content\\\/uploads\\\/2026\\\/02\\\/Cutting-Liquid_Industrial_Herbertz_Germany-768x579.jpg\",\"datePublished\":\"2020-03-30T11:48:28+00:00\",\"dateModified\":\"2026-03-24T15:38:41+00:00\",\"description\":\"Langmesser - Schneidfl\u00fcssigkeiten | Schneidfl\u00fcssigkeiten von Herbertz GmbH & Co.KG verbessern Ihr Schnittergebnis. Testen Sie es aus.\",\"breadcrumb\":{\"@id\":\"https:\\\/\\\/www.herbertz1925.com\\\/de\\\/langmesser\\\/langmesser-schneidfluessigkeiten-fuer-ein-sauberes-schnittergebnis\\\/#breadcrumb\"},\"inLanguage\":\"de\",\"potentialAction\":[{\"@type\":\"ReadAction\",\"target\":[\"https:\\\/\\\/www.herbertz1925.com\\\/de\\\/langmesser\\\/langmesser-schneidfluessigkeiten-fuer-ein-sauberes-schnittergebnis\\\/\"]}]},{\"@type\":\"ImageObject\",\"inLanguage\":\"de\",\"@id\":\"https:\\\/\\\/www.herbertz1925.com\\\/de\\\/langmesser\\\/langmesser-schneidfluessigkeiten-fuer-ein-sauberes-schnittergebnis\\\/#primaryimage\",\"url\":\"https:\\\/\\\/www.herbertz1925.com\\\/wp-content\\\/uploads\\\/2026\\\/02\\\/Cutting-Liquid_Industrial_Herbertz_Germany-768x579.jpg\",\"contentUrl\":\"https:\\\/\\\/www.herbertz1925.com\\\/wp-content\\\/uploads\\\/2026\\\/02\\\/Cutting-Liquid_Industrial_Herbertz_Germany-768x579.jpg\"},{\"@type\":\"BreadcrumbList\",\"@id\":\"https:\\\/\\\/www.herbertz1925.com\\\/de\\\/langmesser\\\/langmesser-schneidfluessigkeiten-fuer-ein-sauberes-schnittergebnis\\\/#breadcrumb\",\"itemListElement\":[{\"@type\":\"ListItem\",\"position\":1,\"name\":\"Home\",\"item\":\"https:\\\/\\\/www.herbertz1925.com\\\/de\\\/\"},{\"@type\":\"ListItem\",\"position\":2,\"name\":\"Langmesser\",\"item\":\"https:\\\/\\\/www.herbertz1925.com\\\/de\\\/straight-knives\\\/\"},{\"@type\":\"ListItem\",\"position\":3,\"name\":\"Langmesser Schneidfl\u00fcssigkeiten f\u00fcr ein sauberes Schnittergebnis\"}]},{\"@type\":\"WebSite\",\"@id\":\"https:\\\/\\\/www.herbertz1925.com\\\/de\\\/#website\",\"url\":\"https:\\\/\\\/www.herbertz1925.com\\\/de\\\/\",\"name\":\"Herbertz Maschinenmesserfabrik\",\"description\":\"Hochwertige Werkzeugst\u00e4hle f\u00fcr hochwertige Maschinenmesser\",\"publisher\":{\"@id\":\"https:\\\/\\\/www.herbertz1925.com\\\/de\\\/#organization\"},\"potentialAction\":[{\"@type\":\"SearchAction\",\"target\":{\"@type\":\"EntryPoint\",\"urlTemplate\":\"https:\\\/\\\/www.herbertz1925.com\\\/de\\\/?s={search_term_string}\"},\"query-input\":{\"@type\":\"PropertyValueSpecification\",\"valueRequired\":true,\"valueName\":\"search_term_string\"}}],\"inLanguage\":\"de\"},{\"@type\":\"Organization\",\"@id\":\"https:\\\/\\\/www.herbertz1925.com\\\/de\\\/#organization\",\"name\":\"Herbertz GmbH & Co. KG\",\"url\":\"https:\\\/\\\/www.herbertz1925.com\\\/de\\\/\",\"logo\":{\"@type\":\"ImageObject\",\"inLanguage\":\"de\",\"@id\":\"https:\\\/\\\/www.herbertz1925.com\\\/de\\\/#\\\/schema\\\/logo\\\/image\\\/\",\"url\":\"https:\\\/\\\/www.herbertz1925.com\\\/wp-content\\\/uploads\\\/2020\\\/03\\\/Logo-Herbertz-2020-1.png\",\"contentUrl\":\"https:\\\/\\\/www.herbertz1925.com\\\/wp-content\\\/uploads\\\/2020\\\/03\\\/Logo-Herbertz-2020-1.png\",\"width\":362,\"height\":196,\"caption\":\"Herbertz GmbH & Co. KG\"},\"image\":{\"@id\":\"https:\\\/\\\/www.herbertz1925.com\\\/de\\\/#\\\/schema\\\/logo\\\/image\\\/\"}}]}<\/script>\n<!-- \/ Yoast SEO plugin. -->","yoast_head_json":{"title":"Langmesser - Schneidfl\u00fcssigkeiten | Herbertz","description":"Langmesser - Schneidfl\u00fcssigkeiten | Schneidfl\u00fcssigkeiten von Herbertz GmbH & Co.KG verbessern Ihr Schnittergebnis. Testen Sie es aus.","robots":{"index":"index","follow":"follow","max-snippet":"max-snippet:-1","max-image-preview":"max-image-preview:large","max-video-preview":"max-video-preview:-1"},"canonical":"https:\/\/www.herbertz1925.com\/de\/langmesser\/langmesser-schneidfluessigkeiten-fuer-ein-sauberes-schnittergebnis\/","og_locale":"de_DE","og_type":"article","og_title":"Langmesser - Schneidfl\u00fcssigkeiten | Herbertz","og_description":"Langmesser - Schneidfl\u00fcssigkeiten | Schneidfl\u00fcssigkeiten von Herbertz GmbH & Co.KG verbessern Ihr Schnittergebnis. Testen Sie es aus.","og_url":"https:\/\/www.herbertz1925.com\/de\/langmesser\/langmesser-schneidfluessigkeiten-fuer-ein-sauberes-schnittergebnis\/","og_site_name":"Herbertz Maschinenmesserfabrik","article_modified_time":"2026-03-24T15:38:41+00:00","og_image":[{"url":"https:\/\/www.herbertz1925.com\/wp-content\/uploads\/2026\/02\/Cutting-Liquid_Industrial_Herbertz_Germany-768x579.jpg","type":"","width":"","height":""}],"twitter_card":"summary_large_image","twitter_misc":{"Gesch\u00e4tzte Lesezeit":"1\u00a0Minute"},"schema":{"@context":"https:\/\/schema.org","@graph":[{"@type":"WebPage","@id":"https:\/\/www.herbertz1925.com\/de\/langmesser\/langmesser-schneidfluessigkeiten-fuer-ein-sauberes-schnittergebnis\/","url":"https:\/\/www.herbertz1925.com\/de\/langmesser\/langmesser-schneidfluessigkeiten-fuer-ein-sauberes-schnittergebnis\/","name":"Langmesser - Schneidfl\u00fcssigkeiten | Herbertz","isPartOf":{"@id":"https:\/\/www.herbertz1925.com\/de\/#website"},"primaryImageOfPage":{"@id":"https:\/\/www.herbertz1925.com\/de\/langmesser\/langmesser-schneidfluessigkeiten-fuer-ein-sauberes-schnittergebnis\/#primaryimage"},"image":{"@id":"https:\/\/www.herbertz1925.com\/de\/langmesser\/langmesser-schneidfluessigkeiten-fuer-ein-sauberes-schnittergebnis\/#primaryimage"},"thumbnailUrl":"https:\/\/www.herbertz1925.com\/wp-content\/uploads\/2026\/02\/Cutting-Liquid_Industrial_Herbertz_Germany-768x579.jpg","datePublished":"2020-03-30T11:48:28+00:00","dateModified":"2026-03-24T15:38:41+00:00","description":"Langmesser - Schneidfl\u00fcssigkeiten | Schneidfl\u00fcssigkeiten von Herbertz GmbH & Co.KG verbessern Ihr Schnittergebnis. Testen Sie es aus.","breadcrumb":{"@id":"https:\/\/www.herbertz1925.com\/de\/langmesser\/langmesser-schneidfluessigkeiten-fuer-ein-sauberes-schnittergebnis\/#breadcrumb"},"inLanguage":"de","potentialAction":[{"@type":"ReadAction","target":["https:\/\/www.herbertz1925.com\/de\/langmesser\/langmesser-schneidfluessigkeiten-fuer-ein-sauberes-schnittergebnis\/"]}]},{"@type":"ImageObject","inLanguage":"de","@id":"https:\/\/www.herbertz1925.com\/de\/langmesser\/langmesser-schneidfluessigkeiten-fuer-ein-sauberes-schnittergebnis\/#primaryimage","url":"https:\/\/www.herbertz1925.com\/wp-content\/uploads\/2026\/02\/Cutting-Liquid_Industrial_Herbertz_Germany-768x579.jpg","contentUrl":"https:\/\/www.herbertz1925.com\/wp-content\/uploads\/2026\/02\/Cutting-Liquid_Industrial_Herbertz_Germany-768x579.jpg"},{"@type":"BreadcrumbList","@id":"https:\/\/www.herbertz1925.com\/de\/langmesser\/langmesser-schneidfluessigkeiten-fuer-ein-sauberes-schnittergebnis\/#breadcrumb","itemListElement":[{"@type":"ListItem","position":1,"name":"Home","item":"https:\/\/www.herbertz1925.com\/de\/"},{"@type":"ListItem","position":2,"name":"Langmesser","item":"https:\/\/www.herbertz1925.com\/de\/straight-knives\/"},{"@type":"ListItem","position":3,"name":"Langmesser Schneidfl\u00fcssigkeiten f\u00fcr ein sauberes Schnittergebnis"}]},{"@type":"WebSite","@id":"https:\/\/www.herbertz1925.com\/de\/#website","url":"https:\/\/www.herbertz1925.com\/de\/","name":"Herbertz Maschinenmesserfabrik","description":"Hochwertige Werkzeugst\u00e4hle f\u00fcr hochwertige Maschinenmesser","publisher":{"@id":"https:\/\/www.herbertz1925.com\/de\/#organization"},"potentialAction":[{"@type":"SearchAction","target":{"@type":"EntryPoint","urlTemplate":"https:\/\/www.herbertz1925.com\/de\/?s={search_term_string}"},"query-input":{"@type":"PropertyValueSpecification","valueRequired":true,"valueName":"search_term_string"}}],"inLanguage":"de"},{"@type":"Organization","@id":"https:\/\/www.herbertz1925.com\/de\/#organization","name":"Herbertz GmbH & Co. KG","url":"https:\/\/www.herbertz1925.com\/de\/","logo":{"@type":"ImageObject","inLanguage":"de","@id":"https:\/\/www.herbertz1925.com\/de\/#\/schema\/logo\/image\/","url":"https:\/\/www.herbertz1925.com\/wp-content\/uploads\/2020\/03\/Logo-Herbertz-2020-1.png","contentUrl":"https:\/\/www.herbertz1925.com\/wp-content\/uploads\/2020\/03\/Logo-Herbertz-2020-1.png","width":362,"height":196,"caption":"Herbertz GmbH & Co. KG"},"image":{"@id":"https:\/\/www.herbertz1925.com\/de\/#\/schema\/logo\/image\/"}}]}},"_links":{"self":[{"href":"https:\/\/www.herbertz1925.com\/de\/wp-json\/wp\/v2\/pages\/937","targetHints":{"allow":["GET"]}}],"collection":[{"href":"https:\/\/www.herbertz1925.com\/de\/wp-json\/wp\/v2\/pages"}],"about":[{"href":"https:\/\/www.herbertz1925.com\/de\/wp-json\/wp\/v2\/types\/page"}],"author":[{"embeddable":true,"href":"https:\/\/www.herbertz1925.com\/de\/wp-json\/wp\/v2\/users\/1"}],"replies":[{"embeddable":true,"href":"https:\/\/www.herbertz1925.com\/de\/wp-json\/wp\/v2\/comments?post=937"}],"version-history":[{"count":30,"href":"https:\/\/www.herbertz1925.com\/de\/wp-json\/wp\/v2\/pages\/937\/revisions"}],"predecessor-version":[{"id":11690,"href":"https:\/\/www.herbertz1925.com\/de\/wp-json\/wp\/v2\/pages\/937\/revisions\/11690"}],"up":[{"embeddable":true,"href":"https:\/\/www.herbertz1925.com\/de\/wp-json\/wp\/v2\/pages\/536"}],"wp:attachment":[{"href":"https:\/\/www.herbertz1925.com\/de\/wp-json\/wp\/v2\/media?parent=937"}],"curies":[{"name":"wp","href":"https:\/\/api.w.org\/{rel}","templated":true}]}}