{"id":946,"date":"2020-03-30T12:00:53","date_gmt":"2020-03-30T12:00:53","guid":{"rendered":"https:\/\/www.herbertz1925.com\/?page_id=946"},"modified":"2026-03-24T16:40:25","modified_gmt":"2026-03-24T15:40:25","slug":"zerlegesaegen-fuer-die-metallindustrie","status":"publish","type":"page","link":"https:\/\/www.herbertz1925.com\/de\/zerlegesaegen\/zerlegesaegen-fuer-die-metallindustrie\/","title":{"rendered":"Zerleges\u00e4gen f\u00fcr die Metallindustrie"},"content":{"rendered":"\t\t<div data-elementor-type=\"wp-page\" data-elementor-id=\"946\" class=\"elementor elementor-946\" data-elementor-post-type=\"page\">\n\t\t\t\t<div class=\"elementor-element elementor-element-945f4b2 stretch-width e-flex e-con-boxed e-con e-parent\" data-id=\"945f4b2\" data-element_type=\"container\" data-e-type=\"container\" data-settings=\"{&quot;background_background&quot;:&quot;classic&quot;}\">\n\t\t\t\t\t<div class=\"e-con-inner\">\n\t\t\t\t<div class=\"elementor-element elementor-element-a1c4bd5 elementor-widget elementor-widget-heading\" data-id=\"a1c4bd5\" data-element_type=\"widget\" data-e-type=\"widget\" data-widget_type=\"heading.default\">\n\t\t\t\t<div class=\"elementor-widget-container\">\n\t\t\t\t\t<h2 class=\"elementor-heading-title elementor-size-default\">Kreiss\u00e4gebl\u00e4tter\/Zerleges\u00e4gen<\/h2>\t\t\t\t<\/div>\n\t\t\t\t<\/div>\n\t\t\t\t<div class=\"elementor-element elementor-element-f2f6543 elementor-widget elementor-widget-text-editor\" data-id=\"f2f6543\" data-element_type=\"widget\" data-e-type=\"widget\" data-widget_type=\"text-editor.default\">\n\t\t\t\t<div class=\"elementor-widget-container\">\n\t\t\t\t\t\t\t\t\t<p>Pr\u00e4zise Kreiss\u00e4gebl\u00e4tter sorgen f\u00fcr saubere, effiziente Schnitte in harten und weichen Materialien in der industriellen Verarbeitung. Sie zeichnen sich durch eine langlebige Konstruktion aus Hartmetall oder geh\u00e4rtetem Stahl aus, die maximale Leistung und Langlebigkeit gew\u00e4hrleistet.<\/p>\t\t\t\t\t\t\t\t<\/div>\n\t\t\t\t<\/div>\n\t\t\t\t\t<\/div>\n\t\t\t\t<\/div>\n\t\t<div class=\"elementor-element elementor-element-30c54db e-flex e-con-boxed e-con e-parent\" data-id=\"30c54db\" data-element_type=\"container\" data-e-type=\"container\">\n\t\t\t\t\t<div class=\"e-con-inner\">\n\t\t\t\t<div class=\"elementor-element elementor-element-3934d61 elementor-widget elementor-widget-heading\" data-id=\"3934d61\" data-element_type=\"widget\" data-e-type=\"widget\" data-widget_type=\"heading.default\">\n\t\t\t\t<div class=\"elementor-widget-container\">\n\t\t\t\t\t<h1 class=\"elementor-heading-title elementor-size-default\">Kreiss\u00e4gebl\u00e4tter \u2013 Dry Cutter f\u00fcr die Metallindustrie<\/h1>\t\t\t\t<\/div>\n\t\t\t\t<\/div>\n\t\t\t\t<div class=\"elementor-element elementor-element-f08a0b4 elementor-widget elementor-widget-text-editor\" data-id=\"f08a0b4\" data-element_type=\"widget\" data-e-type=\"widget\" data-widget_type=\"text-editor.default\">\n\t\t\t\t<div class=\"elementor-widget-container\">\n\t\t\t\t\t\t\t\t\t<p><strong>Anwendung:<\/strong> Trennschnitte im Trockenschnitt<br \/><strong>Werkstoff:<\/strong> Stahl (bedingt VA Stahl), Kupfer, Profilblech, Aluminium, Messing, Kabelkanal, Hartkunststoff<br \/><strong>Ausf\u00fchrung:<\/strong> vibrations- und ger\u00e4uscharme Ausf\u00fchrung (silikonfrei), Langzeit-Korrosionsschutz<br \/><strong>Maschinen:<\/strong> Dry-Cutter f\u00fcr Trockenschnitte ohne Schmierung, Kalts\u00e4gen<br \/><strong>Zahnform:<\/strong> FWW (Gruppenzahn)<\/p><p>Wir, die Herbertz GmbH und Co. KG verarbeiten bei unseren S\u00e4gebl\u00e4ttern nur die besten Stahlsorten. Diese werden immer aufgrund der sp\u00e4ter ausge\u00fcbten Aufgabe ausgesucht. Ebenso werden die Hartmetallz\u00e4hne und die Form der eingel\u00f6teten Z\u00e4hne immer dahingehend perfektioniert ein m\u00f6glichst sauberes Ergebnis zu liefern.<\/p><p>Bei unseren Kreiss\u00e4gebl\u00e4ttern profitieren Sie von einem herausragendem Schnittergebnis bei gleichzeitig hoher Standzeit.<\/p><p>Gerne unterst\u00fctzen wir Sie darin das richtige S\u00e4geblatt f\u00fcr Ihren Anwendungszweck zu ermitteln.<\/p>\t\t\t\t\t\t\t\t<\/div>\n\t\t\t\t<\/div>\n\t\t\t\t<div class=\"elementor-element elementor-element-e3fcff5 elementor-widget elementor-widget-gallery\" data-id=\"e3fcff5\" data-element_type=\"widget\" data-e-type=\"widget\" data-settings=\"{&quot;gallery_layout&quot;:&quot;justified&quot;,&quot;gap&quot;:{&quot;unit&quot;:&quot;px&quot;,&quot;size&quot;:15,&quot;sizes&quot;:[]},&quot;ideal_row_height&quot;:{&quot;unit&quot;:&quot;px&quot;,&quot;size&quot;:270,&quot;sizes&quot;:[]},&quot;lazyload&quot;:&quot;yes&quot;,&quot;ideal_row_height_tablet&quot;:{&quot;unit&quot;:&quot;px&quot;,&quot;size&quot;:150,&quot;sizes&quot;:[]},&quot;ideal_row_height_mobile&quot;:{&quot;unit&quot;:&quot;px&quot;,&quot;size&quot;:150,&quot;sizes&quot;:[]},&quot;gap_tablet&quot;:{&quot;unit&quot;:&quot;px&quot;,&quot;size&quot;:10,&quot;sizes&quot;:[]},&quot;gap_mobile&quot;:{&quot;unit&quot;:&quot;px&quot;,&quot;size&quot;:10,&quot;sizes&quot;:[]},&quot;link_to&quot;:&quot;file&quot;,&quot;overlay_background&quot;:&quot;yes&quot;,&quot;content_hover_animation&quot;:&quot;fade-in&quot;}\" data-widget_type=\"gallery.default\">\n\t\t\t\t<div class=\"elementor-widget-container\">\n\t\t\t\t\t\t\t<div class=\"elementor-gallery__container\">\n\t\t\t\t\t\t\t<a class=\"e-gallery-item elementor-gallery-item elementor-animated-content\" href=\"https:\/\/www.herbertz1925.com\/wp-content\/uploads\/2026\/03\/Circular_Sawblade_Metal_cutting_Made_in_Germany_1-1.jpg\" data-elementor-open-lightbox=\"yes\" data-elementor-lightbox-slideshow=\"e3fcff5\" data-elementor-lightbox-title=\"Circular_Sawblade_Metal_cutting_Made_in_Germany_1\" data-e-action-hash=\"#elementor-action%3Aaction%3Dlightbox%26settings%3DeyJpZCI6ODU5OSwidXJsIjoiaHR0cHM6XC9cL3d3dy5oZXJiZXJ0ejE5MjUuY29tXC93cC1jb250ZW50XC91cGxvYWRzXC8yMDI2XC8wM1wvQ2lyY3VsYXJfU2F3YmxhZGVfTWV0YWxfY3V0dGluZ19NYWRlX2luX0dlcm1hbnlfMS0xLmpwZyIsInNsaWRlc2hvdyI6ImUzZmNmZjUifQ%3D%3D\">\n\t\t\t\t\t<div class=\"e-gallery-image elementor-gallery-item__image\" data-thumbnail=\"https:\/\/www.herbertz1925.com\/wp-content\/uploads\/2026\/03\/Circular_Sawblade_Metal_cutting_Made_in_Germany_1-1-768x756.jpg\" data-width=\"768\" data-height=\"756\" aria-label=\"Circular Sawblade for metal\" role=\"img\" ><\/div>\n\t\t\t\t\t\t\t\t\t\t\t<div class=\"elementor-gallery-item__overlay\"><\/div>\n\t\t\t\t\t\t\t\t\t\t\t\t\t\t<\/a>\n\t\t\t\t\t\t\t<a class=\"e-gallery-item elementor-gallery-item elementor-animated-content\" href=\"https:\/\/www.herbertz1925.com\/wp-content\/uploads\/2026\/03\/Circular_Sawblade_Metal_cutting_Made_in_Germany_2-1.jpg\" data-elementor-open-lightbox=\"yes\" data-elementor-lightbox-slideshow=\"e3fcff5\" data-elementor-lightbox-title=\"Segment of circular saws for cutting wood closeup.\" data-e-action-hash=\"#elementor-action%3Aaction%3Dlightbox%26settings%3DeyJpZCI6ODYwMSwidXJsIjoiaHR0cHM6XC9cL3d3dy5oZXJiZXJ0ejE5MjUuY29tXC93cC1jb250ZW50XC91cGxvYWRzXC8yMDI2XC8wM1wvQ2lyY3VsYXJfU2F3YmxhZGVfTWV0YWxfY3V0dGluZ19NYWRlX2luX0dlcm1hbnlfMi0xLmpwZyIsInNsaWRlc2hvdyI6ImUzZmNmZjUifQ%3D%3D\">\n\t\t\t\t\t<div class=\"e-gallery-image elementor-gallery-item__image\" data-thumbnail=\"https:\/\/www.herbertz1925.com\/wp-content\/uploads\/2026\/03\/Circular_Sawblade_Metal_cutting_Made_in_Germany_2-1-768x512.jpg\" data-width=\"768\" data-height=\"512\" aria-label=\"Circular saws for wood\" role=\"img\" ><\/div>\n\t\t\t\t\t\t\t\t\t\t\t<div class=\"elementor-gallery-item__overlay\"><\/div>\n\t\t\t\t\t\t\t\t\t\t\t\t\t\t<\/a>\n\t\t\t\t\t\t\t<a class=\"e-gallery-item elementor-gallery-item elementor-animated-content\" href=\"https:\/\/www.herbertz1925.com\/wp-content\/uploads\/2026\/03\/Circular_Sawblade_Metal_cutting_Made_in_Germany_3-1.jpg\" data-elementor-open-lightbox=\"yes\" data-elementor-lightbox-slideshow=\"e3fcff5\" data-elementor-lightbox-title=\"Circular_Sawblade_Metal_cutting_Made_in_Germany_3\" data-e-action-hash=\"#elementor-action%3Aaction%3Dlightbox%26settings%3DeyJpZCI6ODYwMywidXJsIjoiaHR0cHM6XC9cL3d3dy5oZXJiZXJ0ejE5MjUuY29tXC93cC1jb250ZW50XC91cGxvYWRzXC8yMDI2XC8wM1wvQ2lyY3VsYXJfU2F3YmxhZGVfTWV0YWxfY3V0dGluZ19NYWRlX2luX0dlcm1hbnlfMy0xLmpwZyIsInNsaWRlc2hvdyI6ImUzZmNmZjUifQ%3D%3D\">\n\t\t\t\t\t<div class=\"e-gallery-image elementor-gallery-item__image\" data-thumbnail=\"https:\/\/www.herbertz1925.com\/wp-content\/uploads\/2026\/03\/Circular_Sawblade_Metal_cutting_Made_in_Germany_3-1-768x512.jpg\" data-width=\"768\" data-height=\"512\" aria-label=\"Circular Sawblade for metal\" role=\"img\" ><\/div>\n\t\t\t\t\t\t\t\t\t\t\t<div class=\"elementor-gallery-item__overlay\"><\/div>\n\t\t\t\t\t\t\t\t\t\t\t\t\t\t<\/a>\n\t\t\t\t\t\t\t<a class=\"e-gallery-item elementor-gallery-item elementor-animated-content\" href=\"https:\/\/www.herbertz1925.com\/wp-content\/uploads\/2026\/03\/Circular_Sawblade_Metal_cutting_Made_in_Germany_4.jpg\" data-elementor-open-lightbox=\"yes\" data-elementor-lightbox-slideshow=\"e3fcff5\" data-elementor-lightbox-title=\"craftsman or industrial worker using a miter saw to cut metal\" data-e-action-hash=\"#elementor-action%3Aaction%3Dlightbox%26settings%3DeyJpZCI6ODYwNSwidXJsIjoiaHR0cHM6XC9cL3d3dy5oZXJiZXJ0ejE5MjUuY29tXC93cC1jb250ZW50XC91cGxvYWRzXC8yMDI2XC8wM1wvQ2lyY3VsYXJfU2F3YmxhZGVfTWV0YWxfY3V0dGluZ19NYWRlX2luX0dlcm1hbnlfNC5qcGciLCJzbGlkZXNob3ciOiJlM2ZjZmY1In0%3D\">\n\t\t\t\t\t<div class=\"e-gallery-image elementor-gallery-item__image\" data-thumbnail=\"https:\/\/www.herbertz1925.com\/wp-content\/uploads\/2026\/03\/Circular_Sawblade_Metal_cutting_Made_in_Germany_4-768x1024.jpg\" data-width=\"768\" data-height=\"1024\" aria-label=\"Worker using a miter saw to cut metal\" role=\"img\" ><\/div>\n\t\t\t\t\t\t\t\t\t\t\t<div class=\"elementor-gallery-item__overlay\"><\/div>\n\t\t\t\t\t\t\t\t\t\t\t\t\t\t<\/a>\n\t\t\t\t\t\t\t<a class=\"e-gallery-item elementor-gallery-item elementor-animated-content\" href=\"https:\/\/www.herbertz1925.com\/wp-content\/uploads\/2026\/03\/Circular_Sawblade_Metal_cutting_Made_in_Germany_6-1.jpg\" data-elementor-open-lightbox=\"yes\" data-elementor-lightbox-slideshow=\"e3fcff5\" data-elementor-lightbox-title=\"Circular_Sawblade_Metal_cutting_Made_in_Germany_6\" data-e-action-hash=\"#elementor-action%3Aaction%3Dlightbox%26settings%3DeyJpZCI6ODYwNywidXJsIjoiaHR0cHM6XC9cL3d3dy5oZXJiZXJ0ejE5MjUuY29tXC93cC1jb250ZW50XC91cGxvYWRzXC8yMDI2XC8wM1wvQ2lyY3VsYXJfU2F3YmxhZGVfTWV0YWxfY3V0dGluZ19NYWRlX2luX0dlcm1hbnlfNi0xLmpwZyIsInNsaWRlc2hvdyI6ImUzZmNmZjUifQ%3D%3D\">\n\t\t\t\t\t<div class=\"e-gallery-image elementor-gallery-item__image\" data-thumbnail=\"https:\/\/www.herbertz1925.com\/wp-content\/uploads\/2026\/03\/Circular_Sawblade_Metal_cutting_Made_in_Germany_6-1-768x768.jpg\" data-width=\"768\" data-height=\"768\" aria-label=\"Circular Sawblade for metal\" role=\"img\" ><\/div>\n\t\t\t\t\t\t\t\t\t\t\t<div class=\"elementor-gallery-item__overlay\"><\/div>\n\t\t\t\t\t\t\t\t\t\t\t\t\t\t<\/a>\n\t\t\t\t\t\t\t<a class=\"e-gallery-item elementor-gallery-item elementor-animated-content\" href=\"https:\/\/www.herbertz1925.com\/wp-content\/uploads\/2026\/03\/Circular_Sawblade_Metal_cutting_Made_in_Germany_7.jpg\" data-elementor-open-lightbox=\"yes\" data-elementor-lightbox-slideshow=\"e3fcff5\" data-elementor-lightbox-title=\"buzz saw cutting hdd\" data-e-action-hash=\"#elementor-action%3Aaction%3Dlightbox%26settings%3DeyJpZCI6ODYwOSwidXJsIjoiaHR0cHM6XC9cL3d3dy5oZXJiZXJ0ejE5MjUuY29tXC93cC1jb250ZW50XC91cGxvYWRzXC8yMDI2XC8wM1wvQ2lyY3VsYXJfU2F3YmxhZGVfTWV0YWxfY3V0dGluZ19NYWRlX2luX0dlcm1hbnlfNy5qcGciLCJzbGlkZXNob3ciOiJlM2ZjZmY1In0%3D\">\n\t\t\t\t\t<div class=\"e-gallery-image elementor-gallery-item__image\" data-thumbnail=\"https:\/\/www.herbertz1925.com\/wp-content\/uploads\/2026\/03\/Circular_Sawblade_Metal_cutting_Made_in_Germany_7-768x538.jpg\" data-width=\"768\" data-height=\"538\" aria-label=\"Buzz saw cutting\" role=\"img\" ><\/div>\n\t\t\t\t\t\t\t\t\t\t\t<div class=\"elementor-gallery-item__overlay\"><\/div>\n\t\t\t\t\t\t\t\t\t\t\t\t\t\t<\/a>\n\t\t\t\t\t<\/div>\n\t\t\t\t\t<\/div>\n\t\t\t\t<\/div>\n\t\t\t\t\t<\/div>\n\t\t\t\t<\/div>\n\t\t\t\t<\/div>\n\t\t","protected":false},"excerpt":{"rendered":"<p>Kreiss\u00e4gebl\u00e4tter\/Zerleges\u00e4gen Pr\u00e4zise Kreiss\u00e4gebl\u00e4tter sorgen f\u00fcr saubere, effiziente Schnitte in harten und weichen Materialien in der industriellen Verarbeitung. Sie zeichnen sich durch eine langlebige Konstruktion aus Hartmetall oder geh\u00e4rtetem Stahl aus, die maximale Leistung und Langlebigkeit gew\u00e4hrleistet. Kreiss\u00e4gebl\u00e4tter \u2013 Dry Cutter f\u00fcr die Metallindustrie Anwendung: Trennschnitte im TrockenschnittWerkstoff: Stahl (bedingt VA Stahl), Kupfer, Profilblech, Aluminium, Messing, [&hellip;]<\/p>\n","protected":false},"author":1,"featured_media":0,"parent":6360,"menu_order":30,"comment_status":"closed","ping_status":"closed","template":"","meta":{"footnotes":""},"class_list":["post-946","page","type-page","status-publish","hentry"],"yoast_head":"<!-- This site is optimized with the Yoast SEO plugin v27.3 - https:\/\/yoast.com\/product\/yoast-seo-wordpress\/ -->\n<title>Kreiss\u00e4gebl\u00e4tter f\u00fcr die Metallindustrie | Herbertz<\/title>\n<meta name=\"description\" content=\"Kreiss\u00e4gebl\u00e4tter f\u00fcr die Metallindustrie | Hohe Qualit\u00e4t, Standzeit und herausragende Ergebnisse. Fordern Sie online ein Angebot an.\" \/>\n<meta name=\"robots\" content=\"index, follow, max-snippet:-1, max-image-preview:large, max-video-preview:-1\" \/>\n<link rel=\"canonical\" href=\"https:\/\/www.herbertz1925.com\/de\/zerlegesaegen\/zerlegesaegen-fuer-die-metallindustrie\/\" \/>\n<meta property=\"og:locale\" content=\"de_DE\" \/>\n<meta property=\"og:type\" content=\"article\" \/>\n<meta property=\"og:title\" content=\"Kreiss\u00e4gebl\u00e4tter f\u00fcr die Metallindustrie | Herbertz\" \/>\n<meta property=\"og:description\" content=\"Kreiss\u00e4gebl\u00e4tter f\u00fcr die Metallindustrie | Hohe Qualit\u00e4t, Standzeit und herausragende Ergebnisse. Fordern Sie online ein Angebot an.\" \/>\n<meta property=\"og:url\" content=\"https:\/\/www.herbertz1925.com\/de\/zerlegesaegen\/zerlegesaegen-fuer-die-metallindustrie\/\" \/>\n<meta property=\"og:site_name\" content=\"Herbertz Maschinenmesserfabrik\" \/>\n<meta property=\"article:modified_time\" content=\"2026-03-24T15:40:25+00:00\" \/>\n<meta property=\"og:image\" content=\"https:\/\/www.herbertz1925.com\/wp-content\/uploads\/2019\/02\/Luftbild-2019.jpg\" \/>\n\t<meta property=\"og:image:width\" content=\"1920\" \/>\n\t<meta property=\"og:image:height\" content=\"1440\" \/>\n\t<meta property=\"og:image:type\" content=\"image\/jpeg\" \/>\n<meta name=\"twitter:card\" content=\"summary_large_image\" \/>\n<meta name=\"twitter:label1\" content=\"Gesch\u00e4tzte Lesezeit\" \/>\n\t<meta name=\"twitter:data1\" content=\"1\u00a0Minute\" \/>\n<script type=\"application\/ld+json\" class=\"yoast-schema-graph\">{\"@context\":\"https:\\\/\\\/schema.org\",\"@graph\":[{\"@type\":\"WebPage\",\"@id\":\"https:\\\/\\\/www.herbertz1925.com\\\/de\\\/zerlegesaegen\\\/zerlegesaegen-fuer-die-metallindustrie\\\/\",\"url\":\"https:\\\/\\\/www.herbertz1925.com\\\/de\\\/zerlegesaegen\\\/zerlegesaegen-fuer-die-metallindustrie\\\/\",\"name\":\"Kreiss\u00e4gebl\u00e4tter f\u00fcr die Metallindustrie | Herbertz\",\"isPartOf\":{\"@id\":\"https:\\\/\\\/www.herbertz1925.com\\\/de\\\/#website\"},\"datePublished\":\"2020-03-30T12:00:53+00:00\",\"dateModified\":\"2026-03-24T15:40:25+00:00\",\"description\":\"Kreiss\u00e4gebl\u00e4tter f\u00fcr die Metallindustrie | Hohe Qualit\u00e4t, Standzeit und herausragende Ergebnisse. Fordern Sie online ein Angebot an.\",\"breadcrumb\":{\"@id\":\"https:\\\/\\\/www.herbertz1925.com\\\/de\\\/zerlegesaegen\\\/zerlegesaegen-fuer-die-metallindustrie\\\/#breadcrumb\"},\"inLanguage\":\"de\",\"potentialAction\":[{\"@type\":\"ReadAction\",\"target\":[\"https:\\\/\\\/www.herbertz1925.com\\\/de\\\/zerlegesaegen\\\/zerlegesaegen-fuer-die-metallindustrie\\\/\"]}]},{\"@type\":\"BreadcrumbList\",\"@id\":\"https:\\\/\\\/www.herbertz1925.com\\\/de\\\/zerlegesaegen\\\/zerlegesaegen-fuer-die-metallindustrie\\\/#breadcrumb\",\"itemListElement\":[{\"@type\":\"ListItem\",\"position\":1,\"name\":\"Home\",\"item\":\"https:\\\/\\\/www.herbertz1925.com\\\/de\\\/\"},{\"@type\":\"ListItem\",\"position\":2,\"name\":\"Zerleges\u00e4gen\",\"item\":\"https:\\\/\\\/www.herbertz1925.com\\\/de\\\/zerlegesaegen\\\/\"},{\"@type\":\"ListItem\",\"position\":3,\"name\":\"Zerleges\u00e4gen f\u00fcr die Metallindustrie\"}]},{\"@type\":\"WebSite\",\"@id\":\"https:\\\/\\\/www.herbertz1925.com\\\/de\\\/#website\",\"url\":\"https:\\\/\\\/www.herbertz1925.com\\\/de\\\/\",\"name\":\"Herbertz Maschinenmesserfabrik\",\"description\":\"Hochwertige Werkzeugst\u00e4hle f\u00fcr hochwertige Maschinenmesser\",\"publisher\":{\"@id\":\"https:\\\/\\\/www.herbertz1925.com\\\/de\\\/#organization\"},\"potentialAction\":[{\"@type\":\"SearchAction\",\"target\":{\"@type\":\"EntryPoint\",\"urlTemplate\":\"https:\\\/\\\/www.herbertz1925.com\\\/de\\\/?s={search_term_string}\"},\"query-input\":{\"@type\":\"PropertyValueSpecification\",\"valueRequired\":true,\"valueName\":\"search_term_string\"}}],\"inLanguage\":\"de\"},{\"@type\":\"Organization\",\"@id\":\"https:\\\/\\\/www.herbertz1925.com\\\/de\\\/#organization\",\"name\":\"Herbertz GmbH & Co. KG\",\"url\":\"https:\\\/\\\/www.herbertz1925.com\\\/de\\\/\",\"logo\":{\"@type\":\"ImageObject\",\"inLanguage\":\"de\",\"@id\":\"https:\\\/\\\/www.herbertz1925.com\\\/de\\\/#\\\/schema\\\/logo\\\/image\\\/\",\"url\":\"https:\\\/\\\/www.herbertz1925.com\\\/wp-content\\\/uploads\\\/2020\\\/03\\\/Logo-Herbertz-2020-1.png\",\"contentUrl\":\"https:\\\/\\\/www.herbertz1925.com\\\/wp-content\\\/uploads\\\/2020\\\/03\\\/Logo-Herbertz-2020-1.png\",\"width\":362,\"height\":196,\"caption\":\"Herbertz GmbH & Co. KG\"},\"image\":{\"@id\":\"https:\\\/\\\/www.herbertz1925.com\\\/de\\\/#\\\/schema\\\/logo\\\/image\\\/\"}}]}<\/script>\n<!-- \/ Yoast SEO plugin. -->","yoast_head_json":{"title":"Kreiss\u00e4gebl\u00e4tter f\u00fcr die Metallindustrie | Herbertz","description":"Kreiss\u00e4gebl\u00e4tter f\u00fcr die Metallindustrie | Hohe Qualit\u00e4t, Standzeit und herausragende Ergebnisse. Fordern Sie online ein Angebot an.","robots":{"index":"index","follow":"follow","max-snippet":"max-snippet:-1","max-image-preview":"max-image-preview:large","max-video-preview":"max-video-preview:-1"},"canonical":"https:\/\/www.herbertz1925.com\/de\/zerlegesaegen\/zerlegesaegen-fuer-die-metallindustrie\/","og_locale":"de_DE","og_type":"article","og_title":"Kreiss\u00e4gebl\u00e4tter f\u00fcr die Metallindustrie | Herbertz","og_description":"Kreiss\u00e4gebl\u00e4tter f\u00fcr die Metallindustrie | Hohe Qualit\u00e4t, Standzeit und herausragende Ergebnisse. Fordern Sie online ein Angebot an.","og_url":"https:\/\/www.herbertz1925.com\/de\/zerlegesaegen\/zerlegesaegen-fuer-die-metallindustrie\/","og_site_name":"Herbertz Maschinenmesserfabrik","article_modified_time":"2026-03-24T15:40:25+00:00","og_image":[{"width":1920,"height":1440,"url":"https:\/\/www.herbertz1925.com\/wp-content\/uploads\/2019\/02\/Luftbild-2019.jpg","type":"image\/jpeg"}],"twitter_card":"summary_large_image","twitter_misc":{"Gesch\u00e4tzte Lesezeit":"1\u00a0Minute"},"schema":{"@context":"https:\/\/schema.org","@graph":[{"@type":"WebPage","@id":"https:\/\/www.herbertz1925.com\/de\/zerlegesaegen\/zerlegesaegen-fuer-die-metallindustrie\/","url":"https:\/\/www.herbertz1925.com\/de\/zerlegesaegen\/zerlegesaegen-fuer-die-metallindustrie\/","name":"Kreiss\u00e4gebl\u00e4tter f\u00fcr die Metallindustrie | Herbertz","isPartOf":{"@id":"https:\/\/www.herbertz1925.com\/de\/#website"},"datePublished":"2020-03-30T12:00:53+00:00","dateModified":"2026-03-24T15:40:25+00:00","description":"Kreiss\u00e4gebl\u00e4tter f\u00fcr die Metallindustrie | Hohe Qualit\u00e4t, Standzeit und herausragende Ergebnisse. Fordern Sie online ein Angebot an.","breadcrumb":{"@id":"https:\/\/www.herbertz1925.com\/de\/zerlegesaegen\/zerlegesaegen-fuer-die-metallindustrie\/#breadcrumb"},"inLanguage":"de","potentialAction":[{"@type":"ReadAction","target":["https:\/\/www.herbertz1925.com\/de\/zerlegesaegen\/zerlegesaegen-fuer-die-metallindustrie\/"]}]},{"@type":"BreadcrumbList","@id":"https:\/\/www.herbertz1925.com\/de\/zerlegesaegen\/zerlegesaegen-fuer-die-metallindustrie\/#breadcrumb","itemListElement":[{"@type":"ListItem","position":1,"name":"Home","item":"https:\/\/www.herbertz1925.com\/de\/"},{"@type":"ListItem","position":2,"name":"Zerleges\u00e4gen","item":"https:\/\/www.herbertz1925.com\/de\/zerlegesaegen\/"},{"@type":"ListItem","position":3,"name":"Zerleges\u00e4gen f\u00fcr die Metallindustrie"}]},{"@type":"WebSite","@id":"https:\/\/www.herbertz1925.com\/de\/#website","url":"https:\/\/www.herbertz1925.com\/de\/","name":"Herbertz Maschinenmesserfabrik","description":"Hochwertige Werkzeugst\u00e4hle f\u00fcr hochwertige Maschinenmesser","publisher":{"@id":"https:\/\/www.herbertz1925.com\/de\/#organization"},"potentialAction":[{"@type":"SearchAction","target":{"@type":"EntryPoint","urlTemplate":"https:\/\/www.herbertz1925.com\/de\/?s={search_term_string}"},"query-input":{"@type":"PropertyValueSpecification","valueRequired":true,"valueName":"search_term_string"}}],"inLanguage":"de"},{"@type":"Organization","@id":"https:\/\/www.herbertz1925.com\/de\/#organization","name":"Herbertz GmbH & Co. KG","url":"https:\/\/www.herbertz1925.com\/de\/","logo":{"@type":"ImageObject","inLanguage":"de","@id":"https:\/\/www.herbertz1925.com\/de\/#\/schema\/logo\/image\/","url":"https:\/\/www.herbertz1925.com\/wp-content\/uploads\/2020\/03\/Logo-Herbertz-2020-1.png","contentUrl":"https:\/\/www.herbertz1925.com\/wp-content\/uploads\/2020\/03\/Logo-Herbertz-2020-1.png","width":362,"height":196,"caption":"Herbertz GmbH & Co. KG"},"image":{"@id":"https:\/\/www.herbertz1925.com\/de\/#\/schema\/logo\/image\/"}}]}},"_links":{"self":[{"href":"https:\/\/www.herbertz1925.com\/de\/wp-json\/wp\/v2\/pages\/946","targetHints":{"allow":["GET"]}}],"collection":[{"href":"https:\/\/www.herbertz1925.com\/de\/wp-json\/wp\/v2\/pages"}],"about":[{"href":"https:\/\/www.herbertz1925.com\/de\/wp-json\/wp\/v2\/types\/page"}],"author":[{"embeddable":true,"href":"https:\/\/www.herbertz1925.com\/de\/wp-json\/wp\/v2\/users\/1"}],"replies":[{"embeddable":true,"href":"https:\/\/www.herbertz1925.com\/de\/wp-json\/wp\/v2\/comments?post=946"}],"version-history":[{"count":22,"href":"https:\/\/www.herbertz1925.com\/de\/wp-json\/wp\/v2\/pages\/946\/revisions"}],"predecessor-version":[{"id":11708,"href":"https:\/\/www.herbertz1925.com\/de\/wp-json\/wp\/v2\/pages\/946\/revisions\/11708"}],"up":[{"embeddable":true,"href":"https:\/\/www.herbertz1925.com\/de\/wp-json\/wp\/v2\/pages\/6360"}],"wp:attachment":[{"href":"https:\/\/www.herbertz1925.com\/de\/wp-json\/wp\/v2\/media?parent=946"}],"curies":[{"name":"wp","href":"https:\/\/api.w.org\/{rel}","templated":true}]}}