{"id":952,"date":"2020-03-30T12:29:42","date_gmt":"2020-03-30T12:29:42","guid":{"rendered":"https:\/\/www.herbertz1925.com\/?page_id=952"},"modified":"2026-03-24T16:45:00","modified_gmt":"2026-03-24T15:45:00","slug":"bestueckung-mit-hartmetallzaehnen","status":"publish","type":"page","link":"https:\/\/www.herbertz1925.com\/de\/zerlegesaegen\/bestueckung-mit-hartmetallzaehnen\/","title":{"rendered":"Best\u00fcckung mit Hartmetallz\u00e4hnen"},"content":{"rendered":"\t\t<div data-elementor-type=\"wp-page\" data-elementor-id=\"952\" class=\"elementor elementor-952\" data-elementor-post-type=\"page\">\n\t\t\t\t<div class=\"elementor-element elementor-element-4316d70 stretch-width e-flex e-con-boxed e-con e-parent\" data-id=\"4316d70\" data-element_type=\"container\" data-e-type=\"container\" data-settings=\"{&quot;background_background&quot;:&quot;classic&quot;}\">\n\t\t\t\t\t<div class=\"e-con-inner\">\n\t\t\t\t<div class=\"elementor-element elementor-element-c022bae elementor-widget elementor-widget-heading\" data-id=\"c022bae\" data-element_type=\"widget\" data-e-type=\"widget\" data-widget_type=\"heading.default\">\n\t\t\t\t<div class=\"elementor-widget-container\">\n\t\t\t\t\t<h2 class=\"elementor-heading-title elementor-size-default\">Kreiss\u00e4gebl\u00e4tter\/Zerleges\u00e4gen<\/h2>\t\t\t\t<\/div>\n\t\t\t\t<\/div>\n\t\t\t\t<div class=\"elementor-element elementor-element-814dfbf elementor-widget elementor-widget-text-editor\" data-id=\"814dfbf\" data-element_type=\"widget\" data-e-type=\"widget\" data-widget_type=\"text-editor.default\">\n\t\t\t\t<div class=\"elementor-widget-container\">\n\t\t\t\t\t\t\t\t\t<p>Pr\u00e4zise Kreiss\u00e4gebl\u00e4tter sorgen f\u00fcr saubere, effiziente Schnitte in harten und weichen Materialien in der industriellen Verarbeitung. Sie zeichnen sich durch eine langlebige Konstruktion aus Hartmetall oder geh\u00e4rtetem Stahl aus, die maximale Leistung und Langlebigkeit gew\u00e4hrleistet.<\/p>\t\t\t\t\t\t\t\t<\/div>\n\t\t\t\t<\/div>\n\t\t\t\t\t<\/div>\n\t\t\t\t<\/div>\n\t\t<div class=\"elementor-element elementor-element-e3a3493 e-flex e-con-boxed e-con e-parent\" data-id=\"e3a3493\" data-element_type=\"container\" data-e-type=\"container\">\n\t\t\t\t\t<div class=\"e-con-inner\">\n\t\t\t\t<div class=\"elementor-element elementor-element-9ada4fe elementor-widget elementor-widget-heading\" data-id=\"9ada4fe\" data-element_type=\"widget\" data-e-type=\"widget\" data-widget_type=\"heading.default\">\n\t\t\t\t<div class=\"elementor-widget-container\">\n\t\t\t\t\t<h1 class=\"elementor-heading-title elementor-size-default\">Hartmetallz\u00e4hne f\u00fcr Kreiss\u00e4gen<\/h1>\t\t\t\t<\/div>\n\t\t\t\t<\/div>\n\t\t\t\t<div class=\"elementor-element elementor-element-b622b68 elementor-widget elementor-widget-text-editor\" data-id=\"b622b68\" data-element_type=\"widget\" data-e-type=\"widget\" data-widget_type=\"text-editor.default\">\n\t\t\t\t<div class=\"elementor-widget-container\">\n\t\t\t\t\t\t\t\t\t<p>Unsere Hartmetallbest\u00fcckten Kreiss\u00e4gebl\u00e4tter, werden mit den besten Hartmetallen f\u00fcr Ihre Anwendung best\u00fcckt. Durch unsere Jahrelange Erfahrung mit Hartmetallbest\u00fcckten Kreiss\u00e4gebl\u00e4ttern k\u00f6nnen wir Ihnen eine besonders gute Verarbeitung der Hartmetallz\u00e4hne bieten.<\/p><p>Besonderes Augenmerk legen wir darauf, dass die Hartmetallz\u00e4hne mit m\u00f6glichst geringen Toleranzen und einem sicheren Verbund mit dem Stammblatt eingel\u00f6tet werden.<\/p><p>Unsere Hartmetallz\u00e4hne werden kontinuierlich weiterentwickelt und erm\u00f6glichen Ihnen sehr geringe Schnittbreiten bei einer hohen Festigkeit der Z\u00e4hne.<\/p><p>Wir, die Herbertz GmbH und Co. KG verarbeiten bei unseren HM-Kreiss\u00e4gebl\u00e4ttern nur die besten Stahlsorten. Diese werden immer aufgrund der sp\u00e4ter ausge\u00fcbten Aufgabe ausgesucht. Ebenso werden die Hartmetallz\u00e4hne und die Form der eingel\u00f6teten Z\u00e4hne immer dahingehend perfektioniert ein m\u00f6glichst sauberes Ergebnis zu liefern.<\/p><p>Bei unseren HM-Kreiss\u00e4gebl\u00e4ttern profitieren Sie von einem herausragendem Schnittergebnis bei gleichzeitig hoher Standzeit.<\/p><p>Gerne unterst\u00fctzen wir Sie darin das richtige S\u00e4geblatt f\u00fcr Ihren Anwendungszweck zu ermitteln.<\/p>\t\t\t\t\t\t\t\t<\/div>\n\t\t\t\t<\/div>\n\t\t\t\t<div class=\"elementor-element elementor-element-42d6bd9 elementor-widget elementor-widget-gallery\" data-id=\"42d6bd9\" data-element_type=\"widget\" data-e-type=\"widget\" data-settings=\"{&quot;gallery_layout&quot;:&quot;justified&quot;,&quot;gap&quot;:{&quot;unit&quot;:&quot;px&quot;,&quot;size&quot;:15,&quot;sizes&quot;:[]},&quot;ideal_row_height&quot;:{&quot;unit&quot;:&quot;px&quot;,&quot;size&quot;:220,&quot;sizes&quot;:[]},&quot;lazyload&quot;:&quot;yes&quot;,&quot;ideal_row_height_tablet&quot;:{&quot;unit&quot;:&quot;px&quot;,&quot;size&quot;:150,&quot;sizes&quot;:[]},&quot;ideal_row_height_mobile&quot;:{&quot;unit&quot;:&quot;px&quot;,&quot;size&quot;:150,&quot;sizes&quot;:[]},&quot;gap_tablet&quot;:{&quot;unit&quot;:&quot;px&quot;,&quot;size&quot;:10,&quot;sizes&quot;:[]},&quot;gap_mobile&quot;:{&quot;unit&quot;:&quot;px&quot;,&quot;size&quot;:10,&quot;sizes&quot;:[]},&quot;link_to&quot;:&quot;file&quot;,&quot;overlay_background&quot;:&quot;yes&quot;,&quot;content_hover_animation&quot;:&quot;fade-in&quot;}\" data-widget_type=\"gallery.default\">\n\t\t\t\t<div class=\"elementor-widget-container\">\n\t\t\t\t\t\t\t<div class=\"elementor-gallery__container\">\n\t\t\t\t\t\t\t<a class=\"e-gallery-item elementor-gallery-item elementor-animated-content\" href=\"https:\/\/www.herbertz1925.com\/wp-content\/uploads\/2026\/03\/Carbite_tip_teeth_-Corcular_sawblade_Made_in_Germany_5.jpg\" data-elementor-open-lightbox=\"yes\" data-elementor-lightbox-slideshow=\"42d6bd9\" data-elementor-lightbox-title=\"Carbite_tip_teeth_ Corcular_sawblade_Made_in_Germany_5\" data-e-action-hash=\"#elementor-action%3Aaction%3Dlightbox%26settings%3DeyJpZCI6ODU2NSwidXJsIjoiaHR0cHM6XC9cL3d3dy5oZXJiZXJ0ejE5MjUuY29tXC93cC1jb250ZW50XC91cGxvYWRzXC8yMDI2XC8wM1wvQ2FyYml0ZV90aXBfdGVldGhfLUNvcmN1bGFyX3Nhd2JsYWRlX01hZGVfaW5fR2VybWFueV81LmpwZyIsInNsaWRlc2hvdyI6IjQyZDZiZDkifQ%3D%3D\">\n\t\t\t\t\t<div class=\"e-gallery-image elementor-gallery-item__image\" data-thumbnail=\"https:\/\/www.herbertz1925.com\/wp-content\/uploads\/2026\/03\/Carbite_tip_teeth_-Corcular_sawblade_Made_in_Germany_5-768x579.jpg\" data-width=\"768\" data-height=\"579\" aria-label=\"\" role=\"img\" ><\/div>\n\t\t\t\t\t\t\t\t\t\t\t<div class=\"elementor-gallery-item__overlay\"><\/div>\n\t\t\t\t\t\t\t\t\t\t\t\t\t\t<\/a>\n\t\t\t\t\t\t\t<a class=\"e-gallery-item elementor-gallery-item elementor-animated-content\" href=\"https:\/\/www.herbertz1925.com\/wp-content\/uploads\/2026\/03\/Carbite_tip_teeth_-Corcular_sawblade_Made_in_Germany.jpg\" data-elementor-open-lightbox=\"yes\" data-elementor-lightbox-slideshow=\"42d6bd9\" data-elementor-lightbox-title=\"Carbite_tip_teeth_ Corcular_sawblade_Made_in_Germany\" data-e-action-hash=\"#elementor-action%3Aaction%3Dlightbox%26settings%3DeyJpZCI6ODU2OSwidXJsIjoiaHR0cHM6XC9cL3d3dy5oZXJiZXJ0ejE5MjUuY29tXC93cC1jb250ZW50XC91cGxvYWRzXC8yMDI2XC8wM1wvQ2FyYml0ZV90aXBfdGVldGhfLUNvcmN1bGFyX3Nhd2JsYWRlX01hZGVfaW5fR2VybWFueS5qcGciLCJzbGlkZXNob3ciOiI0MmQ2YmQ5In0%3D\">\n\t\t\t\t\t<div class=\"e-gallery-image elementor-gallery-item__image\" data-thumbnail=\"https:\/\/www.herbertz1925.com\/wp-content\/uploads\/2026\/03\/Carbite_tip_teeth_-Corcular_sawblade_Made_in_Germany-768x196.jpg\" data-width=\"768\" data-height=\"196\" aria-label=\"\" role=\"img\" ><\/div>\n\t\t\t\t\t\t\t\t\t\t\t<div class=\"elementor-gallery-item__overlay\"><\/div>\n\t\t\t\t\t\t\t\t\t\t\t\t\t\t<\/a>\n\t\t\t\t\t\t\t<a class=\"e-gallery-item elementor-gallery-item elementor-animated-content\" href=\"https:\/\/www.herbertz1925.com\/wp-content\/uploads\/2026\/03\/Carbite_tip_teeth_-Corcular_sawblade_Made_in_Germany_2.jpg\" data-elementor-open-lightbox=\"yes\" data-elementor-lightbox-slideshow=\"42d6bd9\" data-elementor-lightbox-title=\"Carbite_tip_teeth_ Corcular_sawblade_Made_in_Germany_2\" data-e-action-hash=\"#elementor-action%3Aaction%3Dlightbox%26settings%3DeyJpZCI6ODU1OSwidXJsIjoiaHR0cHM6XC9cL3d3dy5oZXJiZXJ0ejE5MjUuY29tXC93cC1jb250ZW50XC91cGxvYWRzXC8yMDI2XC8wM1wvQ2FyYml0ZV90aXBfdGVldGhfLUNvcmN1bGFyX3Nhd2JsYWRlX01hZGVfaW5fR2VybWFueV8yLmpwZyIsInNsaWRlc2hvdyI6IjQyZDZiZDkifQ%3D%3D\">\n\t\t\t\t\t<div class=\"e-gallery-image elementor-gallery-item__image\" data-thumbnail=\"https:\/\/www.herbertz1925.com\/wp-content\/uploads\/2026\/03\/Carbite_tip_teeth_-Corcular_sawblade_Made_in_Germany_2-768x579.jpg\" data-width=\"768\" data-height=\"579\" aria-label=\"\" role=\"img\" ><\/div>\n\t\t\t\t\t\t\t\t\t\t\t<div class=\"elementor-gallery-item__overlay\"><\/div>\n\t\t\t\t\t\t\t\t\t\t\t\t\t\t<\/a>\n\t\t\t\t\t\t\t<a class=\"e-gallery-item elementor-gallery-item elementor-animated-content\" href=\"https:\/\/www.herbertz1925.com\/wp-content\/uploads\/2026\/03\/Carbite_tip_teeth_-Corcular_sawblade_Made_in_Germany_3.jpg\" data-elementor-open-lightbox=\"yes\" data-elementor-lightbox-slideshow=\"42d6bd9\" data-elementor-lightbox-title=\"Carbite_tip_teeth_ Corcular_sawblade_Made_in_Germany_3\" data-e-action-hash=\"#elementor-action%3Aaction%3Dlightbox%26settings%3DeyJpZCI6ODU2MSwidXJsIjoiaHR0cHM6XC9cL3d3dy5oZXJiZXJ0ejE5MjUuY29tXC93cC1jb250ZW50XC91cGxvYWRzXC8yMDI2XC8wM1wvQ2FyYml0ZV90aXBfdGVldGhfLUNvcmN1bGFyX3Nhd2JsYWRlX01hZGVfaW5fR2VybWFueV8zLmpwZyIsInNsaWRlc2hvdyI6IjQyZDZiZDkifQ%3D%3D\">\n\t\t\t\t\t<div class=\"e-gallery-image elementor-gallery-item__image\" data-thumbnail=\"https:\/\/www.herbertz1925.com\/wp-content\/uploads\/2026\/03\/Carbite_tip_teeth_-Corcular_sawblade_Made_in_Germany_3-768x579.jpg\" data-width=\"768\" data-height=\"579\" aria-label=\"\" role=\"img\" ><\/div>\n\t\t\t\t\t\t\t\t\t\t\t<div class=\"elementor-gallery-item__overlay\"><\/div>\n\t\t\t\t\t\t\t\t\t\t\t\t\t\t<\/a>\n\t\t\t\t\t\t\t<a class=\"e-gallery-item elementor-gallery-item elementor-animated-content\" href=\"https:\/\/www.herbertz1925.com\/wp-content\/uploads\/2026\/03\/Carbite_tip_teeth_-Corcular_sawblade_Made_in_Germany_4.jpg\" data-elementor-open-lightbox=\"yes\" data-elementor-lightbox-slideshow=\"42d6bd9\" data-elementor-lightbox-title=\"Carbite_tip_teeth_ Corcular_sawblade_Made_in_Germany_4\" data-e-action-hash=\"#elementor-action%3Aaction%3Dlightbox%26settings%3DeyJpZCI6ODU2MywidXJsIjoiaHR0cHM6XC9cL3d3dy5oZXJiZXJ0ejE5MjUuY29tXC93cC1jb250ZW50XC91cGxvYWRzXC8yMDI2XC8wM1wvQ2FyYml0ZV90aXBfdGVldGhfLUNvcmN1bGFyX3Nhd2JsYWRlX01hZGVfaW5fR2VybWFueV80LmpwZyIsInNsaWRlc2hvdyI6IjQyZDZiZDkifQ%3D%3D\">\n\t\t\t\t\t<div class=\"e-gallery-image elementor-gallery-item__image\" data-thumbnail=\"https:\/\/www.herbertz1925.com\/wp-content\/uploads\/2026\/03\/Carbite_tip_teeth_-Corcular_sawblade_Made_in_Germany_4-768x579.jpg\" data-width=\"768\" data-height=\"579\" aria-label=\"\" role=\"img\" ><\/div>\n\t\t\t\t\t\t\t\t\t\t\t<div class=\"elementor-gallery-item__overlay\"><\/div>\n\t\t\t\t\t\t\t\t\t\t\t\t\t\t<\/a>\n\t\t\t\t\t\t\t<a class=\"e-gallery-item elementor-gallery-item elementor-animated-content\" href=\"https:\/\/www.herbertz1925.com\/wp-content\/uploads\/2026\/03\/Carbite_tip_teeth_-Corcular_sawblade_Made_in_Germany_6.jpg\" data-elementor-open-lightbox=\"yes\" data-elementor-lightbox-slideshow=\"42d6bd9\" data-elementor-lightbox-title=\"Carbite_tip_teeth_ Corcular_sawblade_Made_in_Germany_6\" data-e-action-hash=\"#elementor-action%3Aaction%3Dlightbox%26settings%3DeyJpZCI6ODU2NywidXJsIjoiaHR0cHM6XC9cL3d3dy5oZXJiZXJ0ejE5MjUuY29tXC93cC1jb250ZW50XC91cGxvYWRzXC8yMDI2XC8wM1wvQ2FyYml0ZV90aXBfdGVldGhfLUNvcmN1bGFyX3Nhd2JsYWRlX01hZGVfaW5fR2VybWFueV82LmpwZyIsInNsaWRlc2hvdyI6IjQyZDZiZDkifQ%3D%3D\">\n\t\t\t\t\t<div class=\"e-gallery-image elementor-gallery-item__image\" data-thumbnail=\"https:\/\/www.herbertz1925.com\/wp-content\/uploads\/2026\/03\/Carbite_tip_teeth_-Corcular_sawblade_Made_in_Germany_6-768x579.jpg\" data-width=\"768\" data-height=\"579\" aria-label=\"\" role=\"img\" ><\/div>\n\t\t\t\t\t\t\t\t\t\t\t<div class=\"elementor-gallery-item__overlay\"><\/div>\n\t\t\t\t\t\t\t\t\t\t\t\t\t\t<\/a>\n\t\t\t\t\t<\/div>\n\t\t\t\t\t<\/div>\n\t\t\t\t<\/div>\n\t\t\t\t\t<\/div>\n\t\t\t\t<\/div>\n\t\t\t\t<\/div>\n\t\t","protected":false},"excerpt":{"rendered":"<p>Kreiss\u00e4gebl\u00e4tter\/Zerleges\u00e4gen Pr\u00e4zise Kreiss\u00e4gebl\u00e4tter sorgen f\u00fcr saubere, effiziente Schnitte in harten und weichen Materialien in der industriellen Verarbeitung. Sie zeichnen sich durch eine langlebige Konstruktion aus Hartmetall oder geh\u00e4rtetem Stahl aus, die maximale Leistung und Langlebigkeit gew\u00e4hrleistet. Hartmetallz\u00e4hne f\u00fcr Kreiss\u00e4gen Unsere Hartmetallbest\u00fcckten Kreiss\u00e4gebl\u00e4tter, werden mit den besten Hartmetallen f\u00fcr Ihre Anwendung best\u00fcckt. Durch unsere Jahrelange Erfahrung [&hellip;]<\/p>\n","protected":false},"author":1,"featured_media":0,"parent":6360,"menu_order":50,"comment_status":"closed","ping_status":"closed","template":"","meta":{"footnotes":""},"class_list":["post-952","page","type-page","status-publish","hentry"],"yoast_head":"<!-- This site is optimized with the Yoast SEO plugin v27.3 - https:\/\/yoast.com\/product\/yoast-seo-wordpress\/ -->\n<title>Hartmetallz\u00e4hne f\u00fcr Kreiss\u00e4gen | Herbertz GmbH &amp; Co KG<\/title>\n<meta name=\"description\" content=\"Hartmetallz\u00e4hne f\u00fcr Kreiss\u00e4gen | Hohe Qualit\u00e4t, Standzeit und ein herausragendes Ergebnis. Kundenorientierte L\u00f6sungen stehen f\u00fcr uns im Mittelpunkt.\" \/>\n<meta name=\"robots\" content=\"index, follow, max-snippet:-1, max-image-preview:large, max-video-preview:-1\" \/>\n<link rel=\"canonical\" href=\"https:\/\/www.herbertz1925.com\/de\/zerlegesaegen\/bestueckung-mit-hartmetallzaehnen\/\" \/>\n<meta property=\"og:locale\" content=\"de_DE\" \/>\n<meta property=\"og:type\" content=\"article\" \/>\n<meta property=\"og:title\" content=\"Hartmetallz\u00e4hne f\u00fcr Kreiss\u00e4gen | Herbertz GmbH &amp; Co KG\" \/>\n<meta property=\"og:description\" content=\"Hartmetallz\u00e4hne f\u00fcr Kreiss\u00e4gen | Hohe Qualit\u00e4t, Standzeit und ein herausragendes Ergebnis. Kundenorientierte L\u00f6sungen stehen f\u00fcr uns im Mittelpunkt.\" \/>\n<meta property=\"og:url\" content=\"https:\/\/www.herbertz1925.com\/de\/zerlegesaegen\/bestueckung-mit-hartmetallzaehnen\/\" \/>\n<meta property=\"og:site_name\" content=\"Herbertz Maschinenmesserfabrik\" \/>\n<meta property=\"article:modified_time\" content=\"2026-03-24T15:45:00+00:00\" \/>\n<meta property=\"og:image\" content=\"https:\/\/www.herbertz1925.com\/wp-content\/uploads\/2019\/02\/Luftbild-2019.jpg\" \/>\n\t<meta property=\"og:image:width\" content=\"1920\" \/>\n\t<meta property=\"og:image:height\" content=\"1440\" \/>\n\t<meta property=\"og:image:type\" content=\"image\/jpeg\" \/>\n<meta name=\"twitter:card\" content=\"summary_large_image\" \/>\n<meta name=\"twitter:label1\" content=\"Gesch\u00e4tzte Lesezeit\" \/>\n\t<meta name=\"twitter:data1\" content=\"1\u00a0Minute\" \/>\n<script type=\"application\/ld+json\" class=\"yoast-schema-graph\">{\"@context\":\"https:\\\/\\\/schema.org\",\"@graph\":[{\"@type\":\"WebPage\",\"@id\":\"https:\\\/\\\/www.herbertz1925.com\\\/de\\\/zerlegesaegen\\\/bestueckung-mit-hartmetallzaehnen\\\/\",\"url\":\"https:\\\/\\\/www.herbertz1925.com\\\/de\\\/zerlegesaegen\\\/bestueckung-mit-hartmetallzaehnen\\\/\",\"name\":\"Hartmetallz\u00e4hne f\u00fcr Kreiss\u00e4gen | Herbertz GmbH & Co KG\",\"isPartOf\":{\"@id\":\"https:\\\/\\\/www.herbertz1925.com\\\/de\\\/#website\"},\"datePublished\":\"2020-03-30T12:29:42+00:00\",\"dateModified\":\"2026-03-24T15:45:00+00:00\",\"description\":\"Hartmetallz\u00e4hne f\u00fcr Kreiss\u00e4gen | Hohe Qualit\u00e4t, Standzeit und ein herausragendes Ergebnis. Kundenorientierte L\u00f6sungen stehen f\u00fcr uns im Mittelpunkt.\",\"breadcrumb\":{\"@id\":\"https:\\\/\\\/www.herbertz1925.com\\\/de\\\/zerlegesaegen\\\/bestueckung-mit-hartmetallzaehnen\\\/#breadcrumb\"},\"inLanguage\":\"de\",\"potentialAction\":[{\"@type\":\"ReadAction\",\"target\":[\"https:\\\/\\\/www.herbertz1925.com\\\/de\\\/zerlegesaegen\\\/bestueckung-mit-hartmetallzaehnen\\\/\"]}]},{\"@type\":\"BreadcrumbList\",\"@id\":\"https:\\\/\\\/www.herbertz1925.com\\\/de\\\/zerlegesaegen\\\/bestueckung-mit-hartmetallzaehnen\\\/#breadcrumb\",\"itemListElement\":[{\"@type\":\"ListItem\",\"position\":1,\"name\":\"Home\",\"item\":\"https:\\\/\\\/www.herbertz1925.com\\\/de\\\/\"},{\"@type\":\"ListItem\",\"position\":2,\"name\":\"Zerleges\u00e4gen\",\"item\":\"https:\\\/\\\/www.herbertz1925.com\\\/de\\\/zerlegesaegen\\\/\"},{\"@type\":\"ListItem\",\"position\":3,\"name\":\"Best\u00fcckung mit Hartmetallz\u00e4hnen\"}]},{\"@type\":\"WebSite\",\"@id\":\"https:\\\/\\\/www.herbertz1925.com\\\/de\\\/#website\",\"url\":\"https:\\\/\\\/www.herbertz1925.com\\\/de\\\/\",\"name\":\"Herbertz Maschinenmesserfabrik\",\"description\":\"Hochwertige Werkzeugst\u00e4hle f\u00fcr hochwertige Maschinenmesser\",\"publisher\":{\"@id\":\"https:\\\/\\\/www.herbertz1925.com\\\/de\\\/#organization\"},\"potentialAction\":[{\"@type\":\"SearchAction\",\"target\":{\"@type\":\"EntryPoint\",\"urlTemplate\":\"https:\\\/\\\/www.herbertz1925.com\\\/de\\\/?s={search_term_string}\"},\"query-input\":{\"@type\":\"PropertyValueSpecification\",\"valueRequired\":true,\"valueName\":\"search_term_string\"}}],\"inLanguage\":\"de\"},{\"@type\":\"Organization\",\"@id\":\"https:\\\/\\\/www.herbertz1925.com\\\/de\\\/#organization\",\"name\":\"Herbertz GmbH & Co. KG\",\"url\":\"https:\\\/\\\/www.herbertz1925.com\\\/de\\\/\",\"logo\":{\"@type\":\"ImageObject\",\"inLanguage\":\"de\",\"@id\":\"https:\\\/\\\/www.herbertz1925.com\\\/de\\\/#\\\/schema\\\/logo\\\/image\\\/\",\"url\":\"https:\\\/\\\/www.herbertz1925.com\\\/wp-content\\\/uploads\\\/2020\\\/03\\\/Logo-Herbertz-2020-1.png\",\"contentUrl\":\"https:\\\/\\\/www.herbertz1925.com\\\/wp-content\\\/uploads\\\/2020\\\/03\\\/Logo-Herbertz-2020-1.png\",\"width\":362,\"height\":196,\"caption\":\"Herbertz GmbH & Co. KG\"},\"image\":{\"@id\":\"https:\\\/\\\/www.herbertz1925.com\\\/de\\\/#\\\/schema\\\/logo\\\/image\\\/\"}}]}<\/script>\n<!-- \/ Yoast SEO plugin. -->","yoast_head_json":{"title":"Hartmetallz\u00e4hne f\u00fcr Kreiss\u00e4gen | Herbertz GmbH & Co KG","description":"Hartmetallz\u00e4hne f\u00fcr Kreiss\u00e4gen | Hohe Qualit\u00e4t, Standzeit und ein herausragendes Ergebnis. Kundenorientierte L\u00f6sungen stehen f\u00fcr uns im Mittelpunkt.","robots":{"index":"index","follow":"follow","max-snippet":"max-snippet:-1","max-image-preview":"max-image-preview:large","max-video-preview":"max-video-preview:-1"},"canonical":"https:\/\/www.herbertz1925.com\/de\/zerlegesaegen\/bestueckung-mit-hartmetallzaehnen\/","og_locale":"de_DE","og_type":"article","og_title":"Hartmetallz\u00e4hne f\u00fcr Kreiss\u00e4gen | Herbertz GmbH & Co KG","og_description":"Hartmetallz\u00e4hne f\u00fcr Kreiss\u00e4gen | Hohe Qualit\u00e4t, Standzeit und ein herausragendes Ergebnis. Kundenorientierte L\u00f6sungen stehen f\u00fcr uns im Mittelpunkt.","og_url":"https:\/\/www.herbertz1925.com\/de\/zerlegesaegen\/bestueckung-mit-hartmetallzaehnen\/","og_site_name":"Herbertz Maschinenmesserfabrik","article_modified_time":"2026-03-24T15:45:00+00:00","og_image":[{"width":1920,"height":1440,"url":"https:\/\/www.herbertz1925.com\/wp-content\/uploads\/2019\/02\/Luftbild-2019.jpg","type":"image\/jpeg"}],"twitter_card":"summary_large_image","twitter_misc":{"Gesch\u00e4tzte Lesezeit":"1\u00a0Minute"},"schema":{"@context":"https:\/\/schema.org","@graph":[{"@type":"WebPage","@id":"https:\/\/www.herbertz1925.com\/de\/zerlegesaegen\/bestueckung-mit-hartmetallzaehnen\/","url":"https:\/\/www.herbertz1925.com\/de\/zerlegesaegen\/bestueckung-mit-hartmetallzaehnen\/","name":"Hartmetallz\u00e4hne f\u00fcr Kreiss\u00e4gen | Herbertz GmbH & Co KG","isPartOf":{"@id":"https:\/\/www.herbertz1925.com\/de\/#website"},"datePublished":"2020-03-30T12:29:42+00:00","dateModified":"2026-03-24T15:45:00+00:00","description":"Hartmetallz\u00e4hne f\u00fcr Kreiss\u00e4gen | Hohe Qualit\u00e4t, Standzeit und ein herausragendes Ergebnis. Kundenorientierte L\u00f6sungen stehen f\u00fcr uns im Mittelpunkt.","breadcrumb":{"@id":"https:\/\/www.herbertz1925.com\/de\/zerlegesaegen\/bestueckung-mit-hartmetallzaehnen\/#breadcrumb"},"inLanguage":"de","potentialAction":[{"@type":"ReadAction","target":["https:\/\/www.herbertz1925.com\/de\/zerlegesaegen\/bestueckung-mit-hartmetallzaehnen\/"]}]},{"@type":"BreadcrumbList","@id":"https:\/\/www.herbertz1925.com\/de\/zerlegesaegen\/bestueckung-mit-hartmetallzaehnen\/#breadcrumb","itemListElement":[{"@type":"ListItem","position":1,"name":"Home","item":"https:\/\/www.herbertz1925.com\/de\/"},{"@type":"ListItem","position":2,"name":"Zerleges\u00e4gen","item":"https:\/\/www.herbertz1925.com\/de\/zerlegesaegen\/"},{"@type":"ListItem","position":3,"name":"Best\u00fcckung mit Hartmetallz\u00e4hnen"}]},{"@type":"WebSite","@id":"https:\/\/www.herbertz1925.com\/de\/#website","url":"https:\/\/www.herbertz1925.com\/de\/","name":"Herbertz Maschinenmesserfabrik","description":"Hochwertige Werkzeugst\u00e4hle f\u00fcr hochwertige Maschinenmesser","publisher":{"@id":"https:\/\/www.herbertz1925.com\/de\/#organization"},"potentialAction":[{"@type":"SearchAction","target":{"@type":"EntryPoint","urlTemplate":"https:\/\/www.herbertz1925.com\/de\/?s={search_term_string}"},"query-input":{"@type":"PropertyValueSpecification","valueRequired":true,"valueName":"search_term_string"}}],"inLanguage":"de"},{"@type":"Organization","@id":"https:\/\/www.herbertz1925.com\/de\/#organization","name":"Herbertz GmbH & Co. KG","url":"https:\/\/www.herbertz1925.com\/de\/","logo":{"@type":"ImageObject","inLanguage":"de","@id":"https:\/\/www.herbertz1925.com\/de\/#\/schema\/logo\/image\/","url":"https:\/\/www.herbertz1925.com\/wp-content\/uploads\/2020\/03\/Logo-Herbertz-2020-1.png","contentUrl":"https:\/\/www.herbertz1925.com\/wp-content\/uploads\/2020\/03\/Logo-Herbertz-2020-1.png","width":362,"height":196,"caption":"Herbertz GmbH & Co. KG"},"image":{"@id":"https:\/\/www.herbertz1925.com\/de\/#\/schema\/logo\/image\/"}}]}},"_links":{"self":[{"href":"https:\/\/www.herbertz1925.com\/de\/wp-json\/wp\/v2\/pages\/952","targetHints":{"allow":["GET"]}}],"collection":[{"href":"https:\/\/www.herbertz1925.com\/de\/wp-json\/wp\/v2\/pages"}],"about":[{"href":"https:\/\/www.herbertz1925.com\/de\/wp-json\/wp\/v2\/types\/page"}],"author":[{"embeddable":true,"href":"https:\/\/www.herbertz1925.com\/de\/wp-json\/wp\/v2\/users\/1"}],"replies":[{"embeddable":true,"href":"https:\/\/www.herbertz1925.com\/de\/wp-json\/wp\/v2\/comments?post=952"}],"version-history":[{"count":29,"href":"https:\/\/www.herbertz1925.com\/de\/wp-json\/wp\/v2\/pages\/952\/revisions"}],"predecessor-version":[{"id":11711,"href":"https:\/\/www.herbertz1925.com\/de\/wp-json\/wp\/v2\/pages\/952\/revisions\/11711"}],"up":[{"embeddable":true,"href":"https:\/\/www.herbertz1925.com\/de\/wp-json\/wp\/v2\/pages\/6360"}],"wp:attachment":[{"href":"https:\/\/www.herbertz1925.com\/de\/wp-json\/wp\/v2\/media?parent=952"}],"curies":[{"name":"wp","href":"https:\/\/api.w.org\/{rel}","templated":true}]}}