{"id":959,"date":"2020-03-30T12:43:11","date_gmt":"2020-03-30T12:43:11","guid":{"rendered":"https:\/\/www.herbertz1925.com\/?page_id=959"},"modified":"2026-03-24T16:45:07","modified_gmt":"2026-03-24T15:45:07","slug":"bestueckung-mit-hartmetallzaehnen-zahngeometrie","status":"publish","type":"page","link":"https:\/\/www.herbertz1925.com\/de\/zerlegesaegen\/bestueckung-mit-hartmetallzaehnen-zahngeometrie\/","title":{"rendered":"Best\u00fcckung mit Hartmetallz\u00e4hnen &#8211; Zahngeometrie"},"content":{"rendered":"\t\t<div data-elementor-type=\"wp-page\" data-elementor-id=\"959\" class=\"elementor elementor-959\" data-elementor-post-type=\"page\">\n\t\t\t\t<div class=\"elementor-element elementor-element-f588623 stretch-width e-flex e-con-boxed e-con e-parent\" data-id=\"f588623\" data-element_type=\"container\" data-e-type=\"container\" data-settings=\"{&quot;background_background&quot;:&quot;classic&quot;}\">\n\t\t\t\t\t<div class=\"e-con-inner\">\n\t\t\t\t<div class=\"elementor-element elementor-element-2814b4c elementor-widget elementor-widget-heading\" data-id=\"2814b4c\" data-element_type=\"widget\" data-e-type=\"widget\" data-widget_type=\"heading.default\">\n\t\t\t\t<div class=\"elementor-widget-container\">\n\t\t\t\t\t<h2 class=\"elementor-heading-title elementor-size-default\">Kreiss\u00e4gebl\u00e4tter\/Zerleges\u00e4gen<\/h2>\t\t\t\t<\/div>\n\t\t\t\t<\/div>\n\t\t\t\t<div class=\"elementor-element elementor-element-af8f410 elementor-widget elementor-widget-text-editor\" data-id=\"af8f410\" data-element_type=\"widget\" data-e-type=\"widget\" data-widget_type=\"text-editor.default\">\n\t\t\t\t<div class=\"elementor-widget-container\">\n\t\t\t\t\t\t\t\t\t<p>Pr\u00e4zise Kreiss\u00e4gebl\u00e4tter sorgen f\u00fcr saubere, effiziente Schnitte in harten und weichen Materialien in der industriellen Verarbeitung. Sie zeichnen sich durch eine langlebige Konstruktion aus Hartmetall oder geh\u00e4rtetem Stahl aus, die maximale Leistung und Langlebigkeit gew\u00e4hrleistet.<\/p>\t\t\t\t\t\t\t\t<\/div>\n\t\t\t\t<\/div>\n\t\t\t\t\t<\/div>\n\t\t\t\t<\/div>\n\t\t\t\t<section class=\"elementor-section elementor-top-section elementor-element elementor-element-d39bda4 elementor-section-boxed elementor-section-height-default elementor-section-height-default\" data-id=\"d39bda4\" data-element_type=\"section\" data-e-type=\"section\">\n\t\t\t\t\t\t<div class=\"elementor-container elementor-column-gap-default\">\n\t\t\t\t\t<div class=\"elementor-column elementor-col-100 elementor-top-column elementor-element elementor-element-59696e7\" data-id=\"59696e7\" data-element_type=\"column\" data-e-type=\"column\">\n\t\t\t<div class=\"elementor-widget-wrap elementor-element-populated\">\n\t\t\t\t\t\t<div class=\"elementor-element elementor-element-d3ae17c elementor-widget elementor-widget-text-editor\" data-id=\"d3ae17c\" data-element_type=\"widget\" data-e-type=\"widget\" data-widget_type=\"text-editor.default\">\n\t\t\t\t<div class=\"elementor-widget-container\">\n\t\t\t\t\t\t\t\t\t<h1>Best\u00fcckung mit Hartmetallz\u00e4hnen &#8211; Zahngeometrie<\/h1><p>Wir fertigen Kreiss\u00e4gebl\u00e4tter mit den verschiedensten Zahngeometrien.<\/p><p>Wir bieten Ihnen immer individuell Kreiss\u00e4gebl\u00e4tter mit der Zahngeometrie, welche f\u00fcr Ihren Einsatzzweck am besten geeignet ist.<\/p><p>Auch fertigen wir Ihnen Kreiss\u00e4gebl\u00e4tter mit der von Ihnen gew\u00fcnschten Geometrie.<\/p><p>Unsere Hartmetallz\u00e4hne werden kontinuierlich weiterentwickelt und erm\u00f6glichen Ihnen sehr geringe Schnittbreiten bei einer hohen Festigkeit der Z\u00e4hne.<\/p><p>Wir, die Herbertz GmbH und Co. KG verarbeiten bei unseren HM-Kreiss\u00e4gebl\u00e4ttern nur die besten Stahlsorten. Diese werden immer aufgrund der sp\u00e4ter ausge\u00fcbten Aufgabe ausgesucht. Ebenso werden die Hartmetallz\u00e4hne und die Form der eingel\u00f6teten Z\u00e4hne immer dahingehend perfektioniert ein m\u00f6glichst sauberes Ergebnis zu liefern.<\/p><p>Bei unseren HM-Kreiss\u00e4gebl\u00e4ttern profitieren Sie von einem herausragendem Schnittergebnis bei gleichzeitig hoher Standzeit.<\/p><p>Gerne unterst\u00fctzen wir Sie darin das richtige S\u00e4geblatt f\u00fcr Ihren Anwendungszweck zu ermitteln.<\/p>\t\t\t\t\t\t\t\t<\/div>\n\t\t\t\t<\/div>\n\t\t\t\t\t<\/div>\n\t\t<\/div>\n\t\t\t\t\t<\/div>\n\t\t<\/section>\n\t\t\t\t<\/div>\n\t\t","protected":false},"excerpt":{"rendered":"<p>Kreiss\u00e4gebl\u00e4tter\/Zerleges\u00e4gen Pr\u00e4zise Kreiss\u00e4gebl\u00e4tter sorgen f\u00fcr saubere, effiziente Schnitte in harten und weichen Materialien in der industriellen Verarbeitung. Sie zeichnen sich durch eine langlebige Konstruktion aus Hartmetall oder geh\u00e4rtetem Stahl aus, die maximale Leistung und Langlebigkeit gew\u00e4hrleistet. Best\u00fcckung mit Hartmetallz\u00e4hnen &#8211; Zahngeometrie Wir fertigen Kreiss\u00e4gebl\u00e4tter mit den verschiedensten Zahngeometrien. Wir bieten Ihnen immer individuell Kreiss\u00e4gebl\u00e4tter mit [&hellip;]<\/p>\n","protected":false},"author":1,"featured_media":0,"parent":6360,"menu_order":60,"comment_status":"closed","ping_status":"closed","template":"","meta":{"footnotes":""},"class_list":["post-959","page","type-page","status-publish","hentry"],"yoast_head":"<!-- This site is optimized with the Yoast SEO plugin v27.3 - https:\/\/yoast.com\/product\/yoast-seo-wordpress\/ -->\n<title>Hartmetallz\u00e4hnen - Zahngeometrie | Herbertz<\/title>\n<meta name=\"description\" content=\"Hartmetallz\u00e4hnen - Zahngeometrie | Hohe Qualit\u00e4t, Standzeit und ein herausragendes Ergebnis. Kundenorientierte L\u00f6sungen stehen f\u00fcr uns im Mittelpunkt.\" \/>\n<meta name=\"robots\" content=\"index, follow, max-snippet:-1, max-image-preview:large, max-video-preview:-1\" \/>\n<link rel=\"canonical\" href=\"https:\/\/www.herbertz1925.com\/de\/zerlegesaegen\/bestueckung-mit-hartmetallzaehnen-zahngeometrie\/\" \/>\n<meta property=\"og:locale\" content=\"de_DE\" \/>\n<meta property=\"og:type\" content=\"article\" \/>\n<meta property=\"og:title\" content=\"Hartmetallz\u00e4hnen - Zahngeometrie | Herbertz\" \/>\n<meta property=\"og:description\" content=\"Hartmetallz\u00e4hnen - Zahngeometrie | Hohe Qualit\u00e4t, Standzeit und ein herausragendes Ergebnis. Kundenorientierte L\u00f6sungen stehen f\u00fcr uns im Mittelpunkt.\" \/>\n<meta property=\"og:url\" content=\"https:\/\/www.herbertz1925.com\/de\/zerlegesaegen\/bestueckung-mit-hartmetallzaehnen-zahngeometrie\/\" \/>\n<meta property=\"og:site_name\" content=\"Herbertz Maschinenmesserfabrik\" \/>\n<meta property=\"article:modified_time\" content=\"2026-03-24T15:45:07+00:00\" \/>\n<meta property=\"og:image\" content=\"https:\/\/www.herbertz1925.com\/wp-content\/uploads\/2019\/02\/Luftbild-2019.jpg\" \/>\n\t<meta property=\"og:image:width\" content=\"1920\" \/>\n\t<meta property=\"og:image:height\" content=\"1440\" \/>\n\t<meta property=\"og:image:type\" content=\"image\/jpeg\" \/>\n<meta name=\"twitter:card\" content=\"summary_large_image\" \/>\n<meta name=\"twitter:label1\" content=\"Gesch\u00e4tzte Lesezeit\" \/>\n\t<meta name=\"twitter:data1\" content=\"1\u00a0Minute\" \/>\n<script type=\"application\/ld+json\" class=\"yoast-schema-graph\">{\"@context\":\"https:\\\/\\\/schema.org\",\"@graph\":[{\"@type\":\"WebPage\",\"@id\":\"https:\\\/\\\/www.herbertz1925.com\\\/de\\\/zerlegesaegen\\\/bestueckung-mit-hartmetallzaehnen-zahngeometrie\\\/\",\"url\":\"https:\\\/\\\/www.herbertz1925.com\\\/de\\\/zerlegesaegen\\\/bestueckung-mit-hartmetallzaehnen-zahngeometrie\\\/\",\"name\":\"Hartmetallz\u00e4hnen - Zahngeometrie | Herbertz\",\"isPartOf\":{\"@id\":\"https:\\\/\\\/www.herbertz1925.com\\\/de\\\/#website\"},\"datePublished\":\"2020-03-30T12:43:11+00:00\",\"dateModified\":\"2026-03-24T15:45:07+00:00\",\"description\":\"Hartmetallz\u00e4hnen - Zahngeometrie | Hohe Qualit\u00e4t, Standzeit und ein herausragendes Ergebnis. Kundenorientierte L\u00f6sungen stehen f\u00fcr uns im Mittelpunkt.\",\"breadcrumb\":{\"@id\":\"https:\\\/\\\/www.herbertz1925.com\\\/de\\\/zerlegesaegen\\\/bestueckung-mit-hartmetallzaehnen-zahngeometrie\\\/#breadcrumb\"},\"inLanguage\":\"de\",\"potentialAction\":[{\"@type\":\"ReadAction\",\"target\":[\"https:\\\/\\\/www.herbertz1925.com\\\/de\\\/zerlegesaegen\\\/bestueckung-mit-hartmetallzaehnen-zahngeometrie\\\/\"]}]},{\"@type\":\"BreadcrumbList\",\"@id\":\"https:\\\/\\\/www.herbertz1925.com\\\/de\\\/zerlegesaegen\\\/bestueckung-mit-hartmetallzaehnen-zahngeometrie\\\/#breadcrumb\",\"itemListElement\":[{\"@type\":\"ListItem\",\"position\":1,\"name\":\"Home\",\"item\":\"https:\\\/\\\/www.herbertz1925.com\\\/de\\\/\"},{\"@type\":\"ListItem\",\"position\":2,\"name\":\"Zerleges\u00e4gen\",\"item\":\"https:\\\/\\\/www.herbertz1925.com\\\/de\\\/zerlegesaegen\\\/\"},{\"@type\":\"ListItem\",\"position\":3,\"name\":\"Best\u00fcckung mit Hartmetallz\u00e4hnen &#8211; Zahngeometrie\"}]},{\"@type\":\"WebSite\",\"@id\":\"https:\\\/\\\/www.herbertz1925.com\\\/de\\\/#website\",\"url\":\"https:\\\/\\\/www.herbertz1925.com\\\/de\\\/\",\"name\":\"Herbertz Maschinenmesserfabrik\",\"description\":\"Hochwertige Werkzeugst\u00e4hle f\u00fcr hochwertige Maschinenmesser\",\"publisher\":{\"@id\":\"https:\\\/\\\/www.herbertz1925.com\\\/de\\\/#organization\"},\"potentialAction\":[{\"@type\":\"SearchAction\",\"target\":{\"@type\":\"EntryPoint\",\"urlTemplate\":\"https:\\\/\\\/www.herbertz1925.com\\\/de\\\/?s={search_term_string}\"},\"query-input\":{\"@type\":\"PropertyValueSpecification\",\"valueRequired\":true,\"valueName\":\"search_term_string\"}}],\"inLanguage\":\"de\"},{\"@type\":\"Organization\",\"@id\":\"https:\\\/\\\/www.herbertz1925.com\\\/de\\\/#organization\",\"name\":\"Herbertz GmbH & Co. KG\",\"url\":\"https:\\\/\\\/www.herbertz1925.com\\\/de\\\/\",\"logo\":{\"@type\":\"ImageObject\",\"inLanguage\":\"de\",\"@id\":\"https:\\\/\\\/www.herbertz1925.com\\\/de\\\/#\\\/schema\\\/logo\\\/image\\\/\",\"url\":\"https:\\\/\\\/www.herbertz1925.com\\\/wp-content\\\/uploads\\\/2020\\\/03\\\/Logo-Herbertz-2020-1.png\",\"contentUrl\":\"https:\\\/\\\/www.herbertz1925.com\\\/wp-content\\\/uploads\\\/2020\\\/03\\\/Logo-Herbertz-2020-1.png\",\"width\":362,\"height\":196,\"caption\":\"Herbertz GmbH & Co. KG\"},\"image\":{\"@id\":\"https:\\\/\\\/www.herbertz1925.com\\\/de\\\/#\\\/schema\\\/logo\\\/image\\\/\"}}]}<\/script>\n<!-- \/ Yoast SEO plugin. -->","yoast_head_json":{"title":"Hartmetallz\u00e4hnen - Zahngeometrie | Herbertz","description":"Hartmetallz\u00e4hnen - Zahngeometrie | Hohe Qualit\u00e4t, Standzeit und ein herausragendes Ergebnis. Kundenorientierte L\u00f6sungen stehen f\u00fcr uns im Mittelpunkt.","robots":{"index":"index","follow":"follow","max-snippet":"max-snippet:-1","max-image-preview":"max-image-preview:large","max-video-preview":"max-video-preview:-1"},"canonical":"https:\/\/www.herbertz1925.com\/de\/zerlegesaegen\/bestueckung-mit-hartmetallzaehnen-zahngeometrie\/","og_locale":"de_DE","og_type":"article","og_title":"Hartmetallz\u00e4hnen - Zahngeometrie | Herbertz","og_description":"Hartmetallz\u00e4hnen - Zahngeometrie | Hohe Qualit\u00e4t, Standzeit und ein herausragendes Ergebnis. Kundenorientierte L\u00f6sungen stehen f\u00fcr uns im Mittelpunkt.","og_url":"https:\/\/www.herbertz1925.com\/de\/zerlegesaegen\/bestueckung-mit-hartmetallzaehnen-zahngeometrie\/","og_site_name":"Herbertz Maschinenmesserfabrik","article_modified_time":"2026-03-24T15:45:07+00:00","og_image":[{"width":1920,"height":1440,"url":"https:\/\/www.herbertz1925.com\/wp-content\/uploads\/2019\/02\/Luftbild-2019.jpg","type":"image\/jpeg"}],"twitter_card":"summary_large_image","twitter_misc":{"Gesch\u00e4tzte Lesezeit":"1\u00a0Minute"},"schema":{"@context":"https:\/\/schema.org","@graph":[{"@type":"WebPage","@id":"https:\/\/www.herbertz1925.com\/de\/zerlegesaegen\/bestueckung-mit-hartmetallzaehnen-zahngeometrie\/","url":"https:\/\/www.herbertz1925.com\/de\/zerlegesaegen\/bestueckung-mit-hartmetallzaehnen-zahngeometrie\/","name":"Hartmetallz\u00e4hnen - Zahngeometrie | Herbertz","isPartOf":{"@id":"https:\/\/www.herbertz1925.com\/de\/#website"},"datePublished":"2020-03-30T12:43:11+00:00","dateModified":"2026-03-24T15:45:07+00:00","description":"Hartmetallz\u00e4hnen - Zahngeometrie | Hohe Qualit\u00e4t, Standzeit und ein herausragendes Ergebnis. Kundenorientierte L\u00f6sungen stehen f\u00fcr uns im Mittelpunkt.","breadcrumb":{"@id":"https:\/\/www.herbertz1925.com\/de\/zerlegesaegen\/bestueckung-mit-hartmetallzaehnen-zahngeometrie\/#breadcrumb"},"inLanguage":"de","potentialAction":[{"@type":"ReadAction","target":["https:\/\/www.herbertz1925.com\/de\/zerlegesaegen\/bestueckung-mit-hartmetallzaehnen-zahngeometrie\/"]}]},{"@type":"BreadcrumbList","@id":"https:\/\/www.herbertz1925.com\/de\/zerlegesaegen\/bestueckung-mit-hartmetallzaehnen-zahngeometrie\/#breadcrumb","itemListElement":[{"@type":"ListItem","position":1,"name":"Home","item":"https:\/\/www.herbertz1925.com\/de\/"},{"@type":"ListItem","position":2,"name":"Zerleges\u00e4gen","item":"https:\/\/www.herbertz1925.com\/de\/zerlegesaegen\/"},{"@type":"ListItem","position":3,"name":"Best\u00fcckung mit Hartmetallz\u00e4hnen &#8211; Zahngeometrie"}]},{"@type":"WebSite","@id":"https:\/\/www.herbertz1925.com\/de\/#website","url":"https:\/\/www.herbertz1925.com\/de\/","name":"Herbertz Maschinenmesserfabrik","description":"Hochwertige Werkzeugst\u00e4hle f\u00fcr hochwertige Maschinenmesser","publisher":{"@id":"https:\/\/www.herbertz1925.com\/de\/#organization"},"potentialAction":[{"@type":"SearchAction","target":{"@type":"EntryPoint","urlTemplate":"https:\/\/www.herbertz1925.com\/de\/?s={search_term_string}"},"query-input":{"@type":"PropertyValueSpecification","valueRequired":true,"valueName":"search_term_string"}}],"inLanguage":"de"},{"@type":"Organization","@id":"https:\/\/www.herbertz1925.com\/de\/#organization","name":"Herbertz GmbH & Co. KG","url":"https:\/\/www.herbertz1925.com\/de\/","logo":{"@type":"ImageObject","inLanguage":"de","@id":"https:\/\/www.herbertz1925.com\/de\/#\/schema\/logo\/image\/","url":"https:\/\/www.herbertz1925.com\/wp-content\/uploads\/2020\/03\/Logo-Herbertz-2020-1.png","contentUrl":"https:\/\/www.herbertz1925.com\/wp-content\/uploads\/2020\/03\/Logo-Herbertz-2020-1.png","width":362,"height":196,"caption":"Herbertz GmbH & Co. KG"},"image":{"@id":"https:\/\/www.herbertz1925.com\/de\/#\/schema\/logo\/image\/"}}]}},"_links":{"self":[{"href":"https:\/\/www.herbertz1925.com\/de\/wp-json\/wp\/v2\/pages\/959","targetHints":{"allow":["GET"]}}],"collection":[{"href":"https:\/\/www.herbertz1925.com\/de\/wp-json\/wp\/v2\/pages"}],"about":[{"href":"https:\/\/www.herbertz1925.com\/de\/wp-json\/wp\/v2\/types\/page"}],"author":[{"embeddable":true,"href":"https:\/\/www.herbertz1925.com\/de\/wp-json\/wp\/v2\/users\/1"}],"replies":[{"embeddable":true,"href":"https:\/\/www.herbertz1925.com\/de\/wp-json\/wp\/v2\/comments?post=959"}],"version-history":[{"count":19,"href":"https:\/\/www.herbertz1925.com\/de\/wp-json\/wp\/v2\/pages\/959\/revisions"}],"predecessor-version":[{"id":11714,"href":"https:\/\/www.herbertz1925.com\/de\/wp-json\/wp\/v2\/pages\/959\/revisions\/11714"}],"up":[{"embeddable":true,"href":"https:\/\/www.herbertz1925.com\/de\/wp-json\/wp\/v2\/pages\/6360"}],"wp:attachment":[{"href":"https:\/\/www.herbertz1925.com\/de\/wp-json\/wp\/v2\/media?parent=959"}],"curies":[{"name":"wp","href":"https:\/\/api.w.org\/{rel}","templated":true}]}}