{"id":962,"date":"2020-03-30T12:50:42","date_gmt":"2020-03-30T12:50:42","guid":{"rendered":"https:\/\/www.herbertz1925.com\/?page_id=962"},"modified":"2026-03-24T16:45:16","modified_gmt":"2026-03-24T15:45:16","slug":"zerlegesaegen-werkstoffe","status":"publish","type":"page","link":"https:\/\/www.herbertz1925.com\/de\/zerlegesaegen\/zerlegesaegen-werkstoffe\/","title":{"rendered":"Zerleges\u00e4gen Werkstoffe"},"content":{"rendered":"\t\t<div data-elementor-type=\"wp-page\" data-elementor-id=\"962\" class=\"elementor elementor-962\" data-elementor-post-type=\"page\">\n\t\t\t\t<div class=\"elementor-element elementor-element-3f568d9 stretch-width e-flex e-con-boxed e-con e-parent\" data-id=\"3f568d9\" data-element_type=\"container\" data-e-type=\"container\" data-settings=\"{&quot;background_background&quot;:&quot;classic&quot;}\">\n\t\t\t\t\t<div class=\"e-con-inner\">\n\t\t\t\t<div class=\"elementor-element elementor-element-c782994 elementor-widget elementor-widget-heading\" data-id=\"c782994\" data-element_type=\"widget\" data-e-type=\"widget\" data-widget_type=\"heading.default\">\n\t\t\t\t<div class=\"elementor-widget-container\">\n\t\t\t\t\t<h2 class=\"elementor-heading-title elementor-size-default\">Kreiss\u00e4gebl\u00e4tter\/Zerleges\u00e4gen<\/h2>\t\t\t\t<\/div>\n\t\t\t\t<\/div>\n\t\t\t\t<div class=\"elementor-element elementor-element-16dc18a elementor-widget elementor-widget-text-editor\" data-id=\"16dc18a\" data-element_type=\"widget\" data-e-type=\"widget\" data-widget_type=\"text-editor.default\">\n\t\t\t\t<div class=\"elementor-widget-container\">\n\t\t\t\t\t\t\t\t\t<p>Pr\u00e4zise Kreiss\u00e4gebl\u00e4tter sorgen f\u00fcr saubere, effiziente Schnitte in harten und weichen Materialien in der industriellen Verarbeitung. Sie zeichnen sich durch eine langlebige Konstruktion aus Hartmetall oder geh\u00e4rtetem Stahl aus, die maximale Leistung und Langlebigkeit gew\u00e4hrleistet.<\/p>\t\t\t\t\t\t\t\t<\/div>\n\t\t\t\t<\/div>\n\t\t\t\t\t<\/div>\n\t\t\t\t<\/div>\n\t\t\t\t<section class=\"elementor-section elementor-top-section elementor-element elementor-element-38cf2ef elementor-section-boxed elementor-section-height-default elementor-section-height-default\" data-id=\"38cf2ef\" data-element_type=\"section\" data-e-type=\"section\">\n\t\t\t\t\t\t<div class=\"elementor-container elementor-column-gap-default\">\n\t\t\t\t\t<div class=\"elementor-column elementor-col-100 elementor-top-column elementor-element elementor-element-e1f20a6\" data-id=\"e1f20a6\" data-element_type=\"column\" data-e-type=\"column\">\n\t\t\t<div class=\"elementor-widget-wrap elementor-element-populated\">\n\t\t\t\t\t\t<div class=\"elementor-element elementor-element-c7dc1d4 elementor-widget elementor-widget-text-editor\" data-id=\"c7dc1d4\" data-element_type=\"widget\" data-e-type=\"widget\" data-widget_type=\"text-editor.default\">\n\t\t\t\t<div class=\"elementor-widget-container\">\n\t\t\t\t\t\t\t\t\t<h1>Kreiss\u00e4gebl\u00e4tter aus hochwertigen Werkstoffen<\/h1><p>Wir, die Herbertz GmbH und Co. KG verarbeiten bei unseren S\u00e4gebl\u00e4ttern nur die best<br \/>en Stahlsorten. Diese werden immer aufgrund der sp\u00e4ter ausge\u00fcbten Aufgabe ausgesucht.<br \/>Der passende Werkstoff kann in Ihrem Anwendungsfall \u00fcber Standzeit und Qualit\u00e4t des Schnittergebnisses entscheiden.<\/p><p>Wir beraten Sie gerne bei der Auswahl des richtigen Werkstoffes f\u00fcr Ihren Einsatzzweck.<\/p><p>Mit der richtigen Auswahl des Werkstoffes optimieren Sie die Standzeit Ihres Kreiss\u00e4geblattes.<\/p><p>Unserer Werkstoff\u00fcbersicht k\u00f6nnen Sie die meist genutzten Werkstoffe entnehmen und sich einen Eindruck \u00fcber die Vielfalt der verschiedenen Werkstoffe machen.<\/p>\t\t\t\t\t\t\t\t<\/div>\n\t\t\t\t<\/div>\n\t\t\t\t\t<\/div>\n\t\t<\/div>\n\t\t\t\t\t<\/div>\n\t\t<\/section>\n\t\t\t\t<section class=\"elementor-section elementor-top-section elementor-element elementor-element-55eb2f43 elementor-section-boxed elementor-section-height-default elementor-section-height-default\" data-id=\"55eb2f43\" data-element_type=\"section\" data-e-type=\"section\">\n\t\t\t\t\t\t<div class=\"elementor-container elementor-column-gap-default\">\n\t\t\t\t\t<div class=\"elementor-column elementor-col-33 elementor-top-column elementor-element elementor-element-289205ff\" data-id=\"289205ff\" data-element_type=\"column\" data-e-type=\"column\">\n\t\t\t<div class=\"elementor-widget-wrap elementor-element-populated\">\n\t\t\t\t\t\t<div class=\"elementor-element elementor-element-762a7ef9 elementor-widget elementor-widget-text-editor\" data-id=\"762a7ef9\" data-element_type=\"widget\" data-e-type=\"widget\" data-widget_type=\"text-editor.default\">\n\t\t\t\t<div class=\"elementor-widget-container\">\n\t\t\t\t\t\t\t\t\t<h3>Legierter Werkzeugstahl <br \/>(z.B.: 1.2067 &#8211; 1.2235)<\/h3><ul><li>gute Z\u00e4higkeit<\/li><li>durchschnittliche Verschlei\u00dffestigkeit<\/li><li>f\u00fcr einfache Anwendungen geeignet<\/li><\/ul>\t\t\t\t\t\t\t\t<\/div>\n\t\t\t\t<\/div>\n\t\t\t\t\t<\/div>\n\t\t<\/div>\n\t\t\t\t<div class=\"elementor-column elementor-col-33 elementor-top-column elementor-element elementor-element-6dd050dc\" data-id=\"6dd050dc\" data-element_type=\"column\" data-e-type=\"column\">\n\t\t\t<div class=\"elementor-widget-wrap elementor-element-populated\">\n\t\t\t\t\t\t<div class=\"elementor-element elementor-element-4311e992 elementor-widget elementor-widget-text-editor\" data-id=\"4311e992\" data-element_type=\"widget\" data-e-type=\"widget\" data-widget_type=\"text-editor.default\">\n\t\t\t\t<div class=\"elementor-widget-container\">\n\t\t\t\t\t\t\t\t\t<h3>Hochchrom &#8211; Werkzeugstahl <br \/>(z.B.: 1.2379 &#8211; 1.2436)<\/h3><ul><li>hochlegierter Chromstahl (mindestens 12% Chrom)<\/li><li>gute Z\u00e4higkeit<\/li><li>hohe Verschlei\u00dffestigkeit<\/li><li>f\u00fcr vielseitige Schneidaufgaben mit gehobenen Anforderungen geeignet<\/li><\/ul>\t\t\t\t\t\t\t\t<\/div>\n\t\t\t\t<\/div>\n\t\t\t\t\t<\/div>\n\t\t<\/div>\n\t\t\t\t<div class=\"elementor-column elementor-col-33 elementor-top-column elementor-element elementor-element-59939309\" data-id=\"59939309\" data-element_type=\"column\" data-e-type=\"column\">\n\t\t\t<div class=\"elementor-widget-wrap elementor-element-populated\">\n\t\t\t\t\t\t<div class=\"elementor-element elementor-element-6f9ae15c elementor-widget elementor-widget-text-editor\" data-id=\"6f9ae15c\" data-element_type=\"widget\" data-e-type=\"widget\" data-widget_type=\"text-editor.default\">\n\t\t\t\t<div class=\"elementor-widget-container\">\n\t\t\t\t\t\t\t\t\t<h3>Hochleistungs-Schnell-Stahl <br \/>(z.B.: 1.3333 &#8211; 1.3343 &#8211; 1.3355)<\/h3><ul><li>hochverschlei\u00dffester Stahl<\/li><li>hohe H\u00e4rte<\/li><li>hoher Wolframgehalt<\/li><li>hohe Schnittgeschwindigkeiten<\/li><li>f\u00fcr Schneidaufgaben, die eine gute Schnitthaltigkeit erfordern<\/li><\/ul>\t\t\t\t\t\t\t\t<\/div>\n\t\t\t\t<\/div>\n\t\t\t\t\t<\/div>\n\t\t<\/div>\n\t\t\t\t\t<\/div>\n\t\t<\/section>\n\t\t\t\t<section class=\"elementor-section elementor-top-section elementor-element elementor-element-1a40a2dc elementor-section-boxed elementor-section-height-default elementor-section-height-default\" data-id=\"1a40a2dc\" data-element_type=\"section\" data-e-type=\"section\">\n\t\t\t\t\t\t<div class=\"elementor-container elementor-column-gap-default\">\n\t\t\t\t\t<div class=\"elementor-column elementor-col-33 elementor-top-column elementor-element elementor-element-6402fdad\" data-id=\"6402fdad\" data-element_type=\"column\" data-e-type=\"column\">\n\t\t\t<div class=\"elementor-widget-wrap elementor-element-populated\">\n\t\t\t\t\t\t<div class=\"elementor-element elementor-element-bc8ee14 elementor-widget elementor-widget-text-editor\" data-id=\"bc8ee14\" data-element_type=\"widget\" data-e-type=\"widget\" data-widget_type=\"text-editor.default\">\n\t\t\t\t<div class=\"elementor-widget-container\">\n\t\t\t\t\t\t\t\t\t<h3>HSS-pulvermetallurgisch <br \/>(ASP CPM)<\/h3><ul><li>hohe Z\u00e4higkeit<\/li><li>gute Verschlei\u00dffestigkeit<\/li><li>erreicht bei speziellen Schneidaufgaben bessere Schnittleistungen als HSS<\/li><\/ul>\t\t\t\t\t\t\t\t<\/div>\n\t\t\t\t<\/div>\n\t\t\t\t\t<\/div>\n\t\t<\/div>\n\t\t\t\t<div class=\"elementor-column elementor-col-33 elementor-top-column elementor-element elementor-element-6d0d1a79\" data-id=\"6d0d1a79\" data-element_type=\"column\" data-e-type=\"column\">\n\t\t\t<div class=\"elementor-widget-wrap elementor-element-populated\">\n\t\t\t\t\t\t<div class=\"elementor-element elementor-element-3940c9d5 elementor-widget elementor-widget-text-editor\" data-id=\"3940c9d5\" data-element_type=\"widget\" data-e-type=\"widget\" data-widget_type=\"text-editor.default\">\n\t\t\t\t<div class=\"elementor-widget-container\">\n\t\t\t\t\t\t\t\t\t<h3>Rostbest\u00e4ndiger Stahl <br \/>(1.4034 &#8211; 1.4021)<\/h3><ul><li>hoher Chromanteil, rostbest\u00e4ndig<\/li><li>ausreichende Verschlei\u00dffestigkeit<\/li><li>f\u00fcr Schneidaufgaben, die Rostbest\u00e4ndigkeit (Lebensmittel) erfordern<\/li><\/ul>\t\t\t\t\t\t\t\t<\/div>\n\t\t\t\t<\/div>\n\t\t\t\t\t<\/div>\n\t\t<\/div>\n\t\t\t\t<div class=\"elementor-column elementor-col-33 elementor-top-column elementor-element elementor-element-179a44c4\" data-id=\"179a44c4\" data-element_type=\"column\" data-e-type=\"column\">\n\t\t\t<div class=\"elementor-widget-wrap elementor-element-populated\">\n\t\t\t\t\t\t<div class=\"elementor-element elementor-element-3eae0458 elementor-widget elementor-widget-text-editor\" data-id=\"3eae0458\" data-element_type=\"widget\" data-e-type=\"widget\" data-widget_type=\"text-editor.default\">\n\t\t\t\t<div class=\"elementor-widget-container\">\n\t\t\t\t\t\t\t\t\t<h3>Hartmetall<\/h3><ul><li>Nachverdichteter Werkstoff<\/li><li>erfordert fachm\u00e4nnische Handhabung<\/li><li>Schneidaufgaben mit sehr hoher Standzeit und Verschlei\u00dffestigkeit<\/li><\/ul>\t\t\t\t\t\t\t\t<\/div>\n\t\t\t\t<\/div>\n\t\t\t\t\t<\/div>\n\t\t<\/div>\n\t\t\t\t\t<\/div>\n\t\t<\/section>\n\t\t<div class=\"elementor-element elementor-element-38f46cc e-flex e-con-boxed e-con e-parent\" data-id=\"38f46cc\" data-element_type=\"container\" data-e-type=\"container\">\n\t\t\t\t\t<div class=\"e-con-inner\">\n\t\t\t\t<div class=\"elementor-element elementor-element-34da442 elementor-widget elementor-widget-gallery\" data-id=\"34da442\" data-element_type=\"widget\" data-e-type=\"widget\" data-settings=\"{&quot;gallery_layout&quot;:&quot;justified&quot;,&quot;gap&quot;:{&quot;unit&quot;:&quot;px&quot;,&quot;size&quot;:15,&quot;sizes&quot;:[]},&quot;lazyload&quot;:&quot;yes&quot;,&quot;ideal_row_height&quot;:{&quot;unit&quot;:&quot;px&quot;,&quot;size&quot;:200,&quot;sizes&quot;:[]},&quot;ideal_row_height_tablet&quot;:{&quot;unit&quot;:&quot;px&quot;,&quot;size&quot;:150,&quot;sizes&quot;:[]},&quot;ideal_row_height_mobile&quot;:{&quot;unit&quot;:&quot;px&quot;,&quot;size&quot;:150,&quot;sizes&quot;:[]},&quot;gap_tablet&quot;:{&quot;unit&quot;:&quot;px&quot;,&quot;size&quot;:10,&quot;sizes&quot;:[]},&quot;gap_mobile&quot;:{&quot;unit&quot;:&quot;px&quot;,&quot;size&quot;:10,&quot;sizes&quot;:[]},&quot;link_to&quot;:&quot;file&quot;,&quot;overlay_background&quot;:&quot;yes&quot;,&quot;content_hover_animation&quot;:&quot;fade-in&quot;}\" data-widget_type=\"gallery.default\">\n\t\t\t\t<div class=\"elementor-widget-container\">\n\t\t\t\t\t\t\t<div class=\"elementor-gallery__container\">\n\t\t\t\t\t\t\t<a class=\"e-gallery-item elementor-gallery-item elementor-animated-content\" href=\"https:\/\/www.herbertz1925.com\/wp-content\/uploads\/2026\/03\/Blade_Materials_made_in_Germany_Herbertz_1.jpg\" data-elementor-open-lightbox=\"yes\" data-elementor-lightbox-slideshow=\"34da442\" data-elementor-lightbox-title=\"Blade_Materials_made_in_Germany_Herbertz_1\" data-e-action-hash=\"#elementor-action%3Aaction%3Dlightbox%26settings%3DeyJpZCI6ODUxOCwidXJsIjoiaHR0cHM6XC9cL3d3dy5oZXJiZXJ0ejE5MjUuY29tXC93cC1jb250ZW50XC91cGxvYWRzXC8yMDI2XC8wM1wvQmxhZGVfTWF0ZXJpYWxzX21hZGVfaW5fR2VybWFueV9IZXJiZXJ0el8xLmpwZyIsInNsaWRlc2hvdyI6IjM0ZGE0NDIifQ%3D%3D\">\n\t\t\t\t\t<div class=\"e-gallery-image elementor-gallery-item__image\" data-thumbnail=\"https:\/\/www.herbertz1925.com\/wp-content\/uploads\/2026\/03\/Blade_Materials_made_in_Germany_Herbertz_1-768x1152.jpg\" data-width=\"768\" data-height=\"1152\" aria-label=\"\" role=\"img\" ><\/div>\n\t\t\t\t\t\t\t\t\t\t\t<div class=\"elementor-gallery-item__overlay\"><\/div>\n\t\t\t\t\t\t\t\t\t\t\t\t\t\t<\/a>\n\t\t\t\t\t\t\t<a class=\"e-gallery-item elementor-gallery-item elementor-animated-content\" href=\"https:\/\/www.herbertz1925.com\/wp-content\/uploads\/2026\/03\/Blade_Materials_made_in_Germany_Herbertz_2.jpg\" data-elementor-open-lightbox=\"yes\" data-elementor-lightbox-slideshow=\"34da442\" data-elementor-lightbox-title=\"Blade_Materials_made_in_Germany_Herbertz_2\" data-e-action-hash=\"#elementor-action%3Aaction%3Dlightbox%26settings%3DeyJpZCI6ODUyMCwidXJsIjoiaHR0cHM6XC9cL3d3dy5oZXJiZXJ0ejE5MjUuY29tXC93cC1jb250ZW50XC91cGxvYWRzXC8yMDI2XC8wM1wvQmxhZGVfTWF0ZXJpYWxzX21hZGVfaW5fR2VybWFueV9IZXJiZXJ0el8yLmpwZyIsInNsaWRlc2hvdyI6IjM0ZGE0NDIifQ%3D%3D\">\n\t\t\t\t\t<div class=\"e-gallery-image elementor-gallery-item__image\" data-thumbnail=\"https:\/\/www.herbertz1925.com\/wp-content\/uploads\/2026\/03\/Blade_Materials_made_in_Germany_Herbertz_2-768x1144.jpg\" data-width=\"768\" data-height=\"1144\" aria-label=\"\" role=\"img\" ><\/div>\n\t\t\t\t\t\t\t\t\t\t\t<div class=\"elementor-gallery-item__overlay\"><\/div>\n\t\t\t\t\t\t\t\t\t\t\t\t\t\t<\/a>\n\t\t\t\t\t\t\t<a class=\"e-gallery-item elementor-gallery-item elementor-animated-content\" href=\"https:\/\/www.herbertz1925.com\/wp-content\/uploads\/2026\/03\/Blade_Materials_made_in_Germany_Herbertz_3.jpg\" data-elementor-open-lightbox=\"yes\" data-elementor-lightbox-slideshow=\"34da442\" data-elementor-lightbox-title=\"Blade_Materials_made_in_Germany_Herbertz_3\" data-e-action-hash=\"#elementor-action%3Aaction%3Dlightbox%26settings%3DeyJpZCI6ODUyMiwidXJsIjoiaHR0cHM6XC9cL3d3dy5oZXJiZXJ0ejE5MjUuY29tXC93cC1jb250ZW50XC91cGxvYWRzXC8yMDI2XC8wM1wvQmxhZGVfTWF0ZXJpYWxzX21hZGVfaW5fR2VybWFueV9IZXJiZXJ0el8zLmpwZyIsInNsaWRlc2hvdyI6IjM0ZGE0NDIifQ%3D%3D\">\n\t\t\t\t\t<div class=\"e-gallery-image elementor-gallery-item__image\" data-thumbnail=\"https:\/\/www.herbertz1925.com\/wp-content\/uploads\/2026\/03\/Blade_Materials_made_in_Germany_Herbertz_3-768x1152.jpg\" data-width=\"768\" data-height=\"1152\" aria-label=\"\" role=\"img\" ><\/div>\n\t\t\t\t\t\t\t\t\t\t\t<div class=\"elementor-gallery-item__overlay\"><\/div>\n\t\t\t\t\t\t\t\t\t\t\t\t\t\t<\/a>\n\t\t\t\t\t\t\t<a class=\"e-gallery-item elementor-gallery-item elementor-animated-content\" href=\"https:\/\/www.herbertz1925.com\/wp-content\/uploads\/2026\/03\/Blade_Materials_made_in_Germany_Herbertz_4.jpg\" data-elementor-open-lightbox=\"yes\" data-elementor-lightbox-slideshow=\"34da442\" data-elementor-lightbox-title=\"iron plate laser cut\" data-e-action-hash=\"#elementor-action%3Aaction%3Dlightbox%26settings%3DeyJpZCI6ODUyNCwidXJsIjoiaHR0cHM6XC9cL3d3dy5oZXJiZXJ0ejE5MjUuY29tXC93cC1jb250ZW50XC91cGxvYWRzXC8yMDI2XC8wM1wvQmxhZGVfTWF0ZXJpYWxzX21hZGVfaW5fR2VybWFueV9IZXJiZXJ0el80LmpwZyIsInNsaWRlc2hvdyI6IjM0ZGE0NDIifQ%3D%3D\">\n\t\t\t\t\t<div class=\"e-gallery-image elementor-gallery-item__image\" data-thumbnail=\"https:\/\/www.herbertz1925.com\/wp-content\/uploads\/2026\/03\/Blade_Materials_made_in_Germany_Herbertz_4-768x512.jpg\" data-width=\"768\" data-height=\"512\" aria-label=\"\" role=\"img\" ><\/div>\n\t\t\t\t\t\t\t\t\t\t\t<div class=\"elementor-gallery-item__overlay\"><\/div>\n\t\t\t\t\t\t\t\t\t\t\t\t\t\t<\/a>\n\t\t\t\t\t\t\t<a class=\"e-gallery-item elementor-gallery-item elementor-animated-content\" href=\"https:\/\/www.herbertz1925.com\/wp-content\/uploads\/2026\/03\/Forged-in-fire.jpg\" data-elementor-open-lightbox=\"yes\" data-elementor-lightbox-slideshow=\"34da442\" data-elementor-lightbox-title=\"Forged in fire\" data-e-action-hash=\"#elementor-action%3Aaction%3Dlightbox%26settings%3DeyJpZCI6ODUyNiwidXJsIjoiaHR0cHM6XC9cL3d3dy5oZXJiZXJ0ejE5MjUuY29tXC93cC1jb250ZW50XC91cGxvYWRzXC8yMDI2XC8wM1wvRm9yZ2VkLWluLWZpcmUuanBnIiwic2xpZGVzaG93IjoiMzRkYTQ0MiJ9\">\n\t\t\t\t\t<div class=\"e-gallery-image elementor-gallery-item__image\" data-thumbnail=\"https:\/\/www.herbertz1925.com\/wp-content\/uploads\/2026\/03\/Forged-in-fire-768x512.jpg\" data-width=\"768\" data-height=\"512\" aria-label=\"\" role=\"img\" ><\/div>\n\t\t\t\t\t\t\t\t\t\t\t<div class=\"elementor-gallery-item__overlay\"><\/div>\n\t\t\t\t\t\t\t\t\t\t\t\t\t\t<\/a>\n\t\t\t\t\t<\/div>\n\t\t\t\t\t<\/div>\n\t\t\t\t<\/div>\n\t\t\t\t\t<\/div>\n\t\t\t\t<\/div>\n\t\t\t\t<\/div>\n\t\t","protected":false},"excerpt":{"rendered":"<p>Kreiss\u00e4gebl\u00e4tter\/Zerleges\u00e4gen Pr\u00e4zise Kreiss\u00e4gebl\u00e4tter sorgen f\u00fcr saubere, effiziente Schnitte in harten und weichen Materialien in der industriellen Verarbeitung. Sie zeichnen sich durch eine langlebige Konstruktion aus Hartmetall oder geh\u00e4rtetem Stahl aus, die maximale Leistung und Langlebigkeit gew\u00e4hrleistet. Kreiss\u00e4gebl\u00e4tter aus hochwertigen Werkstoffen Wir, die Herbertz GmbH und Co. KG verarbeiten bei unseren S\u00e4gebl\u00e4ttern nur die besten Stahlsorten. [&hellip;]<\/p>\n","protected":false},"author":1,"featured_media":0,"parent":6360,"menu_order":60,"comment_status":"closed","ping_status":"closed","template":"","meta":{"footnotes":""},"class_list":["post-962","page","type-page","status-publish","hentry"],"yoast_head":"<!-- This site is optimized with the Yoast SEO plugin v27.3 - https:\/\/yoast.com\/product\/yoast-seo-wordpress\/ -->\n<title>Kreiss\u00e4gebl\u00e4tter - Werkstoffe | Herbertz GmbH &amp; Co KG<\/title>\n<meta name=\"description\" content=\"Kreiss\u00e4gebl\u00e4tter - Werkstoffe | Die Herbertz GmbH &amp; Co. KG bietet Ihnen immer die richtige Auswahl an Werkstoffen. Rufen Sie uns an.\" \/>\n<meta name=\"robots\" content=\"index, follow, max-snippet:-1, max-image-preview:large, max-video-preview:-1\" \/>\n<link rel=\"canonical\" href=\"https:\/\/www.herbertz1925.com\/de\/zerlegesaegen\/zerlegesaegen-werkstoffe\/\" \/>\n<meta property=\"og:locale\" content=\"de_DE\" \/>\n<meta property=\"og:type\" content=\"article\" \/>\n<meta property=\"og:title\" content=\"Kreiss\u00e4gebl\u00e4tter - Werkstoffe | Herbertz GmbH &amp; Co KG\" \/>\n<meta property=\"og:description\" content=\"Kreiss\u00e4gebl\u00e4tter - Werkstoffe | Die Herbertz GmbH &amp; Co. KG bietet Ihnen immer die richtige Auswahl an Werkstoffen. Rufen Sie uns an.\" \/>\n<meta property=\"og:url\" content=\"https:\/\/www.herbertz1925.com\/de\/zerlegesaegen\/zerlegesaegen-werkstoffe\/\" \/>\n<meta property=\"og:site_name\" content=\"Herbertz Maschinenmesserfabrik\" \/>\n<meta property=\"article:modified_time\" content=\"2026-03-24T15:45:16+00:00\" \/>\n<meta property=\"og:image\" content=\"https:\/\/www.herbertz1925.com\/wp-content\/uploads\/2019\/02\/Luftbild-2019.jpg\" \/>\n\t<meta property=\"og:image:width\" content=\"1920\" \/>\n\t<meta property=\"og:image:height\" content=\"1440\" \/>\n\t<meta property=\"og:image:type\" content=\"image\/jpeg\" \/>\n<meta name=\"twitter:card\" content=\"summary_large_image\" \/>\n<meta name=\"twitter:label1\" content=\"Gesch\u00e4tzte Lesezeit\" \/>\n\t<meta name=\"twitter:data1\" content=\"2\u00a0Minuten\" \/>\n<script type=\"application\/ld+json\" class=\"yoast-schema-graph\">{\"@context\":\"https:\\\/\\\/schema.org\",\"@graph\":[{\"@type\":\"WebPage\",\"@id\":\"https:\\\/\\\/www.herbertz1925.com\\\/de\\\/zerlegesaegen\\\/zerlegesaegen-werkstoffe\\\/\",\"url\":\"https:\\\/\\\/www.herbertz1925.com\\\/de\\\/zerlegesaegen\\\/zerlegesaegen-werkstoffe\\\/\",\"name\":\"Kreiss\u00e4gebl\u00e4tter - Werkstoffe | Herbertz GmbH & Co KG\",\"isPartOf\":{\"@id\":\"https:\\\/\\\/www.herbertz1925.com\\\/de\\\/#website\"},\"datePublished\":\"2020-03-30T12:50:42+00:00\",\"dateModified\":\"2026-03-24T15:45:16+00:00\",\"description\":\"Kreiss\u00e4gebl\u00e4tter - Werkstoffe | Die Herbertz GmbH & Co. KG bietet Ihnen immer die richtige Auswahl an Werkstoffen. Rufen Sie uns an.\",\"breadcrumb\":{\"@id\":\"https:\\\/\\\/www.herbertz1925.com\\\/de\\\/zerlegesaegen\\\/zerlegesaegen-werkstoffe\\\/#breadcrumb\"},\"inLanguage\":\"de\",\"potentialAction\":[{\"@type\":\"ReadAction\",\"target\":[\"https:\\\/\\\/www.herbertz1925.com\\\/de\\\/zerlegesaegen\\\/zerlegesaegen-werkstoffe\\\/\"]}]},{\"@type\":\"BreadcrumbList\",\"@id\":\"https:\\\/\\\/www.herbertz1925.com\\\/de\\\/zerlegesaegen\\\/zerlegesaegen-werkstoffe\\\/#breadcrumb\",\"itemListElement\":[{\"@type\":\"ListItem\",\"position\":1,\"name\":\"Home\",\"item\":\"https:\\\/\\\/www.herbertz1925.com\\\/de\\\/\"},{\"@type\":\"ListItem\",\"position\":2,\"name\":\"Zerleges\u00e4gen\",\"item\":\"https:\\\/\\\/www.herbertz1925.com\\\/de\\\/zerlegesaegen\\\/\"},{\"@type\":\"ListItem\",\"position\":3,\"name\":\"Zerleges\u00e4gen Werkstoffe\"}]},{\"@type\":\"WebSite\",\"@id\":\"https:\\\/\\\/www.herbertz1925.com\\\/de\\\/#website\",\"url\":\"https:\\\/\\\/www.herbertz1925.com\\\/de\\\/\",\"name\":\"Herbertz Maschinenmesserfabrik\",\"description\":\"Hochwertige Werkzeugst\u00e4hle f\u00fcr hochwertige Maschinenmesser\",\"publisher\":{\"@id\":\"https:\\\/\\\/www.herbertz1925.com\\\/de\\\/#organization\"},\"potentialAction\":[{\"@type\":\"SearchAction\",\"target\":{\"@type\":\"EntryPoint\",\"urlTemplate\":\"https:\\\/\\\/www.herbertz1925.com\\\/de\\\/?s={search_term_string}\"},\"query-input\":{\"@type\":\"PropertyValueSpecification\",\"valueRequired\":true,\"valueName\":\"search_term_string\"}}],\"inLanguage\":\"de\"},{\"@type\":\"Organization\",\"@id\":\"https:\\\/\\\/www.herbertz1925.com\\\/de\\\/#organization\",\"name\":\"Herbertz GmbH & Co. KG\",\"url\":\"https:\\\/\\\/www.herbertz1925.com\\\/de\\\/\",\"logo\":{\"@type\":\"ImageObject\",\"inLanguage\":\"de\",\"@id\":\"https:\\\/\\\/www.herbertz1925.com\\\/de\\\/#\\\/schema\\\/logo\\\/image\\\/\",\"url\":\"https:\\\/\\\/www.herbertz1925.com\\\/wp-content\\\/uploads\\\/2020\\\/03\\\/Logo-Herbertz-2020-1.png\",\"contentUrl\":\"https:\\\/\\\/www.herbertz1925.com\\\/wp-content\\\/uploads\\\/2020\\\/03\\\/Logo-Herbertz-2020-1.png\",\"width\":362,\"height\":196,\"caption\":\"Herbertz GmbH & Co. KG\"},\"image\":{\"@id\":\"https:\\\/\\\/www.herbertz1925.com\\\/de\\\/#\\\/schema\\\/logo\\\/image\\\/\"}}]}<\/script>\n<!-- \/ Yoast SEO plugin. -->","yoast_head_json":{"title":"Kreiss\u00e4gebl\u00e4tter - Werkstoffe | Herbertz GmbH & Co KG","description":"Kreiss\u00e4gebl\u00e4tter - Werkstoffe | Die Herbertz GmbH & Co. KG bietet Ihnen immer die richtige Auswahl an Werkstoffen. Rufen Sie uns an.","robots":{"index":"index","follow":"follow","max-snippet":"max-snippet:-1","max-image-preview":"max-image-preview:large","max-video-preview":"max-video-preview:-1"},"canonical":"https:\/\/www.herbertz1925.com\/de\/zerlegesaegen\/zerlegesaegen-werkstoffe\/","og_locale":"de_DE","og_type":"article","og_title":"Kreiss\u00e4gebl\u00e4tter - Werkstoffe | Herbertz GmbH & Co KG","og_description":"Kreiss\u00e4gebl\u00e4tter - Werkstoffe | Die Herbertz GmbH & Co. KG bietet Ihnen immer die richtige Auswahl an Werkstoffen. Rufen Sie uns an.","og_url":"https:\/\/www.herbertz1925.com\/de\/zerlegesaegen\/zerlegesaegen-werkstoffe\/","og_site_name":"Herbertz Maschinenmesserfabrik","article_modified_time":"2026-03-24T15:45:16+00:00","og_image":[{"width":1920,"height":1440,"url":"https:\/\/www.herbertz1925.com\/wp-content\/uploads\/2019\/02\/Luftbild-2019.jpg","type":"image\/jpeg"}],"twitter_card":"summary_large_image","twitter_misc":{"Gesch\u00e4tzte Lesezeit":"2\u00a0Minuten"},"schema":{"@context":"https:\/\/schema.org","@graph":[{"@type":"WebPage","@id":"https:\/\/www.herbertz1925.com\/de\/zerlegesaegen\/zerlegesaegen-werkstoffe\/","url":"https:\/\/www.herbertz1925.com\/de\/zerlegesaegen\/zerlegesaegen-werkstoffe\/","name":"Kreiss\u00e4gebl\u00e4tter - Werkstoffe | Herbertz GmbH & Co KG","isPartOf":{"@id":"https:\/\/www.herbertz1925.com\/de\/#website"},"datePublished":"2020-03-30T12:50:42+00:00","dateModified":"2026-03-24T15:45:16+00:00","description":"Kreiss\u00e4gebl\u00e4tter - Werkstoffe | Die Herbertz GmbH & Co. KG bietet Ihnen immer die richtige Auswahl an Werkstoffen. Rufen Sie uns an.","breadcrumb":{"@id":"https:\/\/www.herbertz1925.com\/de\/zerlegesaegen\/zerlegesaegen-werkstoffe\/#breadcrumb"},"inLanguage":"de","potentialAction":[{"@type":"ReadAction","target":["https:\/\/www.herbertz1925.com\/de\/zerlegesaegen\/zerlegesaegen-werkstoffe\/"]}]},{"@type":"BreadcrumbList","@id":"https:\/\/www.herbertz1925.com\/de\/zerlegesaegen\/zerlegesaegen-werkstoffe\/#breadcrumb","itemListElement":[{"@type":"ListItem","position":1,"name":"Home","item":"https:\/\/www.herbertz1925.com\/de\/"},{"@type":"ListItem","position":2,"name":"Zerleges\u00e4gen","item":"https:\/\/www.herbertz1925.com\/de\/zerlegesaegen\/"},{"@type":"ListItem","position":3,"name":"Zerleges\u00e4gen Werkstoffe"}]},{"@type":"WebSite","@id":"https:\/\/www.herbertz1925.com\/de\/#website","url":"https:\/\/www.herbertz1925.com\/de\/","name":"Herbertz Maschinenmesserfabrik","description":"Hochwertige Werkzeugst\u00e4hle f\u00fcr hochwertige Maschinenmesser","publisher":{"@id":"https:\/\/www.herbertz1925.com\/de\/#organization"},"potentialAction":[{"@type":"SearchAction","target":{"@type":"EntryPoint","urlTemplate":"https:\/\/www.herbertz1925.com\/de\/?s={search_term_string}"},"query-input":{"@type":"PropertyValueSpecification","valueRequired":true,"valueName":"search_term_string"}}],"inLanguage":"de"},{"@type":"Organization","@id":"https:\/\/www.herbertz1925.com\/de\/#organization","name":"Herbertz GmbH & Co. KG","url":"https:\/\/www.herbertz1925.com\/de\/","logo":{"@type":"ImageObject","inLanguage":"de","@id":"https:\/\/www.herbertz1925.com\/de\/#\/schema\/logo\/image\/","url":"https:\/\/www.herbertz1925.com\/wp-content\/uploads\/2020\/03\/Logo-Herbertz-2020-1.png","contentUrl":"https:\/\/www.herbertz1925.com\/wp-content\/uploads\/2020\/03\/Logo-Herbertz-2020-1.png","width":362,"height":196,"caption":"Herbertz GmbH & Co. KG"},"image":{"@id":"https:\/\/www.herbertz1925.com\/de\/#\/schema\/logo\/image\/"}}]}},"_links":{"self":[{"href":"https:\/\/www.herbertz1925.com\/de\/wp-json\/wp\/v2\/pages\/962","targetHints":{"allow":["GET"]}}],"collection":[{"href":"https:\/\/www.herbertz1925.com\/de\/wp-json\/wp\/v2\/pages"}],"about":[{"href":"https:\/\/www.herbertz1925.com\/de\/wp-json\/wp\/v2\/types\/page"}],"author":[{"embeddable":true,"href":"https:\/\/www.herbertz1925.com\/de\/wp-json\/wp\/v2\/users\/1"}],"replies":[{"embeddable":true,"href":"https:\/\/www.herbertz1925.com\/de\/wp-json\/wp\/v2\/comments?post=962"}],"version-history":[{"count":26,"href":"https:\/\/www.herbertz1925.com\/de\/wp-json\/wp\/v2\/pages\/962\/revisions"}],"predecessor-version":[{"id":11717,"href":"https:\/\/www.herbertz1925.com\/de\/wp-json\/wp\/v2\/pages\/962\/revisions\/11717"}],"up":[{"embeddable":true,"href":"https:\/\/www.herbertz1925.com\/de\/wp-json\/wp\/v2\/pages\/6360"}],"wp:attachment":[{"href":"https:\/\/www.herbertz1925.com\/de\/wp-json\/wp\/v2\/media?parent=962"}],"curies":[{"name":"wp","href":"https:\/\/api.w.org\/{rel}","templated":true}]}}