{"id":965,"date":"2020-03-30T12:51:52","date_gmt":"2020-03-30T12:51:52","guid":{"rendered":"https:\/\/www.herbertz1925.com\/?page_id=965"},"modified":"2026-03-24T16:45:33","modified_gmt":"2026-03-24T15:45:33","slug":"zerlegesaegen-mit-hochwertigen-beschichtungen","status":"publish","type":"page","link":"https:\/\/www.herbertz1925.com\/de\/zerlegesaegen\/zerlegesaegen-mit-hochwertigen-beschichtungen\/","title":{"rendered":"Zerleges\u00e4gen mit hochwertigen Beschichtungen"},"content":{"rendered":"\t\t<div data-elementor-type=\"wp-page\" data-elementor-id=\"965\" class=\"elementor elementor-965\" data-elementor-post-type=\"page\">\n\t\t\t\t<div class=\"elementor-element elementor-element-ff7ce76 stretch-width e-flex e-con-boxed e-con e-parent\" data-id=\"ff7ce76\" data-element_type=\"container\" data-e-type=\"container\" data-settings=\"{&quot;background_background&quot;:&quot;classic&quot;}\">\n\t\t\t\t\t<div class=\"e-con-inner\">\n\t\t\t\t<div class=\"elementor-element elementor-element-7ef9b0f elementor-widget elementor-widget-heading\" data-id=\"7ef9b0f\" data-element_type=\"widget\" data-e-type=\"widget\" data-widget_type=\"heading.default\">\n\t\t\t\t<div class=\"elementor-widget-container\">\n\t\t\t\t\t<h2 class=\"elementor-heading-title elementor-size-default\">Kreiss\u00e4gebl\u00e4tter\/Zerleges\u00e4gen<\/h2>\t\t\t\t<\/div>\n\t\t\t\t<\/div>\n\t\t\t\t<div class=\"elementor-element elementor-element-62b3a9c elementor-widget elementor-widget-text-editor\" data-id=\"62b3a9c\" data-element_type=\"widget\" data-e-type=\"widget\" data-widget_type=\"text-editor.default\">\n\t\t\t\t<div class=\"elementor-widget-container\">\n\t\t\t\t\t\t\t\t\t<p>Pr\u00e4zise Kreiss\u00e4gebl\u00e4tter sorgen f\u00fcr saubere, effiziente Schnitte in harten und weichen Materialien in der industriellen Verarbeitung. Sie zeichnen sich durch eine langlebige Konstruktion aus Hartmetall oder geh\u00e4rtetem Stahl aus, die maximale Leistung und Langlebigkeit gew\u00e4hrleistet.<\/p>\t\t\t\t\t\t\t\t<\/div>\n\t\t\t\t<\/div>\n\t\t\t\t\t<\/div>\n\t\t\t\t<\/div>\n\t\t<div class=\"elementor-element elementor-element-202037c e-flex e-con-boxed e-con e-parent\" data-id=\"202037c\" data-element_type=\"container\" data-e-type=\"container\">\n\t\t\t\t\t<div class=\"e-con-inner\">\n\t\t\t\t<div class=\"elementor-element elementor-element-c06d9b3 elementor-widget elementor-widget-text-editor\" data-id=\"c06d9b3\" data-element_type=\"widget\" data-e-type=\"widget\" data-widget_type=\"text-editor.default\">\n\t\t\t\t<div class=\"elementor-widget-container\">\n\t\t\t\t\t\t\t\t\t<h1>Kreiss\u00e4gebl\u00e4tter mit hochwertigen Beschichtungen<\/h1>\t\t\t\t\t\t\t\t<\/div>\n\t\t\t\t<\/div>\n\t\t\t\t<div class=\"elementor-element elementor-element-31a1d06 elementor-widget elementor-widget-text-editor\" data-id=\"31a1d06\" data-element_type=\"widget\" data-e-type=\"widget\" data-widget_type=\"text-editor.default\">\n\t\t\t\t<div class=\"elementor-widget-container\">\n\t\t\t\t\t\t\t\t\t<p>Mit der passenden Beschichtung k\u00f6nnen Sie die Standzeit und das Schnittverhalten Ihrer Kreiss\u00e4gen noch weiter optimieren.<\/p><p>Wir die Herbertz GmbH &amp; Co. KG k\u00f6nnen Ihnen ein breites Spektrum an Beschichtungen anbieten. So k\u00f6nnen Sie durch die passende Beschichtung die Oberfl\u00e4che Ihrer Kreiss\u00e4gebl\u00e4tter Verg\u00fcten und somit f\u00fcr positivere Eigenschaften sorgen.<\/p><p>Bitte Sprechen Sie uns an, damit wir die f\u00fcr Sie und Ihren Anwendungsfall passende Beschichtung aussuchen k\u00f6nnen.<\/p><p>Gerne K\u00f6nnen Sie sich auf unserer \u00dcbersicht zu den Angebotenen Informieren.<\/p>\t\t\t\t\t\t\t\t<\/div>\n\t\t\t\t<\/div>\n\t\t\t\t<div class=\"elementor-element elementor-element-4031f05 elementor-widget elementor-widget-image\" data-id=\"4031f05\" data-element_type=\"widget\" data-e-type=\"widget\" data-widget_type=\"image.default\">\n\t\t\t\t<div class=\"elementor-widget-container\">\n\t\t\t\t\t\t\t\t\t\t\t\t\t\t\t<img fetchpriority=\"high\" decoding=\"async\" width=\"1000\" height=\"382\" src=\"https:\/\/www.herbertz1925.com\/wp-content\/uploads\/2020\/04\/Eigenschaften-PVD-Beschichtungen.jpg\" class=\"attachment-large size-large wp-image-1638\" alt=\"Eigenschaften der PVD-Beschichtungen\" srcset=\"https:\/\/www.herbertz1925.com\/wp-content\/uploads\/2020\/04\/Eigenschaften-PVD-Beschichtungen.jpg 1000w, https:\/\/www.herbertz1925.com\/wp-content\/uploads\/2020\/04\/Eigenschaften-PVD-Beschichtungen-300x115.jpg 300w, https:\/\/www.herbertz1925.com\/wp-content\/uploads\/2020\/04\/Eigenschaften-PVD-Beschichtungen-768x293.jpg 768w, https:\/\/www.herbertz1925.com\/wp-content\/uploads\/2020\/04\/Eigenschaften-PVD-Beschichtungen-600x229.jpg 600w\" sizes=\"(max-width: 1000px) 100vw, 1000px\" \/>\t\t\t\t\t\t\t\t\t\t\t\t\t\t\t<\/div>\n\t\t\t\t<\/div>\n\t\t\t\t<div class=\"elementor-element elementor-element-ee1c73c elementor-widget elementor-widget-gallery\" data-id=\"ee1c73c\" data-element_type=\"widget\" data-e-type=\"widget\" data-settings=\"{&quot;gallery_layout&quot;:&quot;justified&quot;,&quot;gap&quot;:{&quot;unit&quot;:&quot;px&quot;,&quot;size&quot;:15,&quot;sizes&quot;:[]},&quot;ideal_row_height&quot;:{&quot;unit&quot;:&quot;px&quot;,&quot;size&quot;:250,&quot;sizes&quot;:[]},&quot;lazyload&quot;:&quot;yes&quot;,&quot;ideal_row_height_tablet&quot;:{&quot;unit&quot;:&quot;px&quot;,&quot;size&quot;:150,&quot;sizes&quot;:[]},&quot;ideal_row_height_mobile&quot;:{&quot;unit&quot;:&quot;px&quot;,&quot;size&quot;:150,&quot;sizes&quot;:[]},&quot;gap_tablet&quot;:{&quot;unit&quot;:&quot;px&quot;,&quot;size&quot;:10,&quot;sizes&quot;:[]},&quot;gap_mobile&quot;:{&quot;unit&quot;:&quot;px&quot;,&quot;size&quot;:10,&quot;sizes&quot;:[]},&quot;link_to&quot;:&quot;file&quot;,&quot;overlay_background&quot;:&quot;yes&quot;,&quot;content_hover_animation&quot;:&quot;fade-in&quot;}\" data-widget_type=\"gallery.default\">\n\t\t\t\t<div class=\"elementor-widget-container\">\n\t\t\t\t\t\t\t<div class=\"elementor-gallery__container\">\n\t\t\t\t\t\t\t<a class=\"e-gallery-item elementor-gallery-item elementor-animated-content\" href=\"https:\/\/www.herbertz1925.com\/wp-content\/uploads\/2026\/03\/Circular_cutting_construction_material_Herbertz_Germany_2_coated.png\" data-elementor-open-lightbox=\"yes\" data-elementor-lightbox-slideshow=\"ee1c73c\" data-elementor-lightbox-title=\"Circular_cutting_construction_material_Herbertz_Germany_2_coated\" data-e-action-hash=\"#elementor-action%3Aaction%3Dlightbox%26settings%3DeyJpZCI6ODU3NCwidXJsIjoiaHR0cHM6XC9cL3d3dy5oZXJiZXJ0ejE5MjUuY29tXC93cC1jb250ZW50XC91cGxvYWRzXC8yMDI2XC8wM1wvQ2lyY3VsYXJfY3V0dGluZ19jb25zdHJ1Y3Rpb25fbWF0ZXJpYWxfSGVyYmVydHpfR2VybWFueV8yX2NvYXRlZC5wbmciLCJzbGlkZXNob3ciOiJlZTFjNzNjIn0%3D\">\n\t\t\t\t\t<div class=\"e-gallery-image elementor-gallery-item__image\" data-thumbnail=\"https:\/\/www.herbertz1925.com\/wp-content\/uploads\/2026\/03\/Circular_cutting_construction_material_Herbertz_Germany_2_coated-768x636.png\" data-width=\"768\" data-height=\"636\" aria-label=\"Circular cutting construction\" role=\"img\" ><\/div>\n\t\t\t\t\t\t\t\t\t\t\t<div class=\"elementor-gallery-item__overlay\"><\/div>\n\t\t\t\t\t\t\t\t\t\t\t\t\t\t<\/a>\n\t\t\t\t\t\t\t<a class=\"e-gallery-item elementor-gallery-item elementor-animated-content\" href=\"https:\/\/www.herbertz1925.com\/wp-content\/uploads\/2026\/03\/Circular_cutting_construction_material_Herbertz_Germany_3_coated.jpg\" data-elementor-open-lightbox=\"yes\" data-elementor-lightbox-slideshow=\"ee1c73c\" data-elementor-lightbox-title=\"Circular_cutting_construction_material_Herbertz_Germany_3_coated\" data-e-action-hash=\"#elementor-action%3Aaction%3Dlightbox%26settings%3DeyJpZCI6ODU3NiwidXJsIjoiaHR0cHM6XC9cL3d3dy5oZXJiZXJ0ejE5MjUuY29tXC93cC1jb250ZW50XC91cGxvYWRzXC8yMDI2XC8wM1wvQ2lyY3VsYXJfY3V0dGluZ19jb25zdHJ1Y3Rpb25fbWF0ZXJpYWxfSGVyYmVydHpfR2VybWFueV8zX2NvYXRlZC5qcGciLCJzbGlkZXNob3ciOiJlZTFjNzNjIn0%3D\">\n\t\t\t\t\t<div class=\"e-gallery-image elementor-gallery-item__image\" data-thumbnail=\"https:\/\/www.herbertz1925.com\/wp-content\/uploads\/2026\/03\/Circular_cutting_construction_material_Herbertz_Germany_3_coated-768x579.jpg\" data-width=\"768\" data-height=\"579\" aria-label=\"Circular cutting construction\" role=\"img\" ><\/div>\n\t\t\t\t\t\t\t\t\t\t\t<div class=\"elementor-gallery-item__overlay\"><\/div>\n\t\t\t\t\t\t\t\t\t\t\t\t\t\t<\/a>\n\t\t\t\t\t\t\t<a class=\"e-gallery-item elementor-gallery-item elementor-animated-content\" href=\"https:\/\/www.herbertz1925.com\/wp-content\/uploads\/2026\/03\/Circular_cutting_construction_material_Herbertz_Germany_4_coated.jpg\" data-elementor-open-lightbox=\"yes\" data-elementor-lightbox-slideshow=\"ee1c73c\" data-elementor-lightbox-title=\"Circular_cutting_construction_material_Herbertz_Germany_4_coated\" data-e-action-hash=\"#elementor-action%3Aaction%3Dlightbox%26settings%3DeyJpZCI6ODU3OCwidXJsIjoiaHR0cHM6XC9cL3d3dy5oZXJiZXJ0ejE5MjUuY29tXC93cC1jb250ZW50XC91cGxvYWRzXC8yMDI2XC8wM1wvQ2lyY3VsYXJfY3V0dGluZ19jb25zdHJ1Y3Rpb25fbWF0ZXJpYWxfSGVyYmVydHpfR2VybWFueV80X2NvYXRlZC5qcGciLCJzbGlkZXNob3ciOiJlZTFjNzNjIn0%3D\">\n\t\t\t\t\t<div class=\"e-gallery-image elementor-gallery-item__image\" data-thumbnail=\"https:\/\/www.herbertz1925.com\/wp-content\/uploads\/2026\/03\/Circular_cutting_construction_material_Herbertz_Germany_4_coated-768x579.jpg\" data-width=\"768\" data-height=\"579\" aria-label=\"Circular cutting construction\" role=\"img\" ><\/div>\n\t\t\t\t\t\t\t\t\t\t\t<div class=\"elementor-gallery-item__overlay\"><\/div>\n\t\t\t\t\t\t\t\t\t\t\t\t\t\t<\/a>\n\t\t\t\t\t\t\t<a class=\"e-gallery-item elementor-gallery-item elementor-animated-content\" href=\"https:\/\/www.herbertz1925.com\/wp-content\/uploads\/2026\/03\/Circular_cutting_construction_material_Herbertz_Germany_5_coated.jpg\" data-elementor-open-lightbox=\"yes\" data-elementor-lightbox-slideshow=\"ee1c73c\" data-elementor-lightbox-title=\"Circular_cutting_construction_material_Herbertz_Germany_5_coated\" data-e-action-hash=\"#elementor-action%3Aaction%3Dlightbox%26settings%3DeyJpZCI6ODU4MCwidXJsIjoiaHR0cHM6XC9cL3d3dy5oZXJiZXJ0ejE5MjUuY29tXC93cC1jb250ZW50XC91cGxvYWRzXC8yMDI2XC8wM1wvQ2lyY3VsYXJfY3V0dGluZ19jb25zdHJ1Y3Rpb25fbWF0ZXJpYWxfSGVyYmVydHpfR2VybWFueV81X2NvYXRlZC5qcGciLCJzbGlkZXNob3ciOiJlZTFjNzNjIn0%3D\">\n\t\t\t\t\t<div class=\"e-gallery-image elementor-gallery-item__image\" data-thumbnail=\"https:\/\/www.herbertz1925.com\/wp-content\/uploads\/2026\/03\/Circular_cutting_construction_material_Herbertz_Germany_5_coated.jpg\" data-width=\"700\" data-height=\"525\" aria-label=\"Circular cutting construction\" role=\"img\" ><\/div>\n\t\t\t\t\t\t\t\t\t\t\t<div class=\"elementor-gallery-item__overlay\"><\/div>\n\t\t\t\t\t\t\t\t\t\t\t\t\t\t<\/a>\n\t\t\t\t\t\t\t<a class=\"e-gallery-item elementor-gallery-item elementor-animated-content\" href=\"https:\/\/www.herbertz1925.com\/wp-content\/uploads\/2026\/03\/Circular_cutting_construction_material_Herbertz_Germany_6_coated.jpg\" data-elementor-open-lightbox=\"yes\" data-elementor-lightbox-slideshow=\"ee1c73c\" data-elementor-lightbox-title=\"Circular_cutting_construction_material_Herbertz_Germany_6_coated\" data-e-action-hash=\"#elementor-action%3Aaction%3Dlightbox%26settings%3DeyJpZCI6ODU4MiwidXJsIjoiaHR0cHM6XC9cL3d3dy5oZXJiZXJ0ejE5MjUuY29tXC93cC1jb250ZW50XC91cGxvYWRzXC8yMDI2XC8wM1wvQ2lyY3VsYXJfY3V0dGluZ19jb25zdHJ1Y3Rpb25fbWF0ZXJpYWxfSGVyYmVydHpfR2VybWFueV82X2NvYXRlZC5qcGciLCJzbGlkZXNob3ciOiJlZTFjNzNjIn0%3D\">\n\t\t\t\t\t<div class=\"e-gallery-image elementor-gallery-item__image\" data-thumbnail=\"https:\/\/www.herbertz1925.com\/wp-content\/uploads\/2026\/03\/Circular_cutting_construction_material_Herbertz_Germany_6_coated-768x420.jpg\" data-width=\"768\" data-height=\"420\" aria-label=\"Circular cutting construction\" role=\"img\" ><\/div>\n\t\t\t\t\t\t\t\t\t\t\t<div class=\"elementor-gallery-item__overlay\"><\/div>\n\t\t\t\t\t\t\t\t\t\t\t\t\t\t<\/a>\n\t\t\t\t\t\t\t<a class=\"e-gallery-item elementor-gallery-item elementor-animated-content\" href=\"https:\/\/www.herbertz1925.com\/wp-content\/uploads\/2026\/03\/Herbertz_Coating_Knife.jpg\" data-elementor-open-lightbox=\"yes\" data-elementor-lightbox-slideshow=\"ee1c73c\" data-elementor-lightbox-title=\"Herbertz_Coating_Knife\" data-e-action-hash=\"#elementor-action%3Aaction%3Dlightbox%26settings%3DeyJpZCI6ODU4NCwidXJsIjoiaHR0cHM6XC9cL3d3dy5oZXJiZXJ0ejE5MjUuY29tXC93cC1jb250ZW50XC91cGxvYWRzXC8yMDI2XC8wM1wvSGVyYmVydHpfQ29hdGluZ19LbmlmZS5qcGciLCJzbGlkZXNob3ciOiJlZTFjNzNjIn0%3D\">\n\t\t\t\t\t<div class=\"e-gallery-image elementor-gallery-item__image\" data-thumbnail=\"https:\/\/www.herbertz1925.com\/wp-content\/uploads\/2026\/03\/Herbertz_Coating_Knife-768x1144.jpg\" data-width=\"768\" data-height=\"1144\" aria-label=\"\" role=\"img\" ><\/div>\n\t\t\t\t\t\t\t\t\t\t\t<div class=\"elementor-gallery-item__overlay\"><\/div>\n\t\t\t\t\t\t\t\t\t\t\t\t\t\t<\/a>\n\t\t\t\t\t<\/div>\n\t\t\t\t\t<\/div>\n\t\t\t\t<\/div>\n\t\t\t\t\t<\/div>\n\t\t\t\t<\/div>\n\t\t\t\t<\/div>\n\t\t","protected":false},"excerpt":{"rendered":"<p>Kreiss\u00e4gebl\u00e4tter\/Zerleges\u00e4gen Pr\u00e4zise Kreiss\u00e4gebl\u00e4tter sorgen f\u00fcr saubere, effiziente Schnitte in harten und weichen Materialien in der industriellen Verarbeitung. Sie zeichnen sich durch eine langlebige Konstruktion aus Hartmetall oder geh\u00e4rtetem Stahl aus, die maximale Leistung und Langlebigkeit gew\u00e4hrleistet. Kreiss\u00e4gebl\u00e4tter mit hochwertigen Beschichtungen Mit der passenden Beschichtung k\u00f6nnen Sie die Standzeit und das Schnittverhalten Ihrer Kreiss\u00e4gen noch weiter [&hellip;]<\/p>\n","protected":false},"author":1,"featured_media":0,"parent":6360,"menu_order":70,"comment_status":"closed","ping_status":"closed","template":"","meta":{"footnotes":""},"class_list":["post-965","page","type-page","status-publish","hentry"],"yoast_head":"<!-- This site is optimized with the Yoast SEO plugin v27.3 - https:\/\/yoast.com\/product\/yoast-seo-wordpress\/ -->\n<title>Kreiss\u00e4gebl\u00e4tter - Beschichtungen | Herbertz GmbH &amp; Co KG<\/title>\n<meta name=\"description\" content=\"Kreiss\u00e4gebl\u00e4tter - Beschichtungen | Die Herbertz GmbH &amp; Co. KG bietet Ihnen immer die richtige Auswahl an Beschichtungen.\" \/>\n<meta name=\"robots\" content=\"index, follow, max-snippet:-1, max-image-preview:large, max-video-preview:-1\" \/>\n<link rel=\"canonical\" href=\"https:\/\/www.herbertz1925.com\/de\/zerlegesaegen\/zerlegesaegen-mit-hochwertigen-beschichtungen\/\" \/>\n<meta property=\"og:locale\" content=\"de_DE\" \/>\n<meta property=\"og:type\" content=\"article\" \/>\n<meta property=\"og:title\" content=\"Kreiss\u00e4gebl\u00e4tter - Beschichtungen | Herbertz GmbH &amp; Co KG\" \/>\n<meta property=\"og:description\" content=\"Kreiss\u00e4gebl\u00e4tter - Beschichtungen | Die Herbertz GmbH &amp; Co. KG bietet Ihnen immer die richtige Auswahl an Beschichtungen.\" \/>\n<meta property=\"og:url\" content=\"https:\/\/www.herbertz1925.com\/de\/zerlegesaegen\/zerlegesaegen-mit-hochwertigen-beschichtungen\/\" \/>\n<meta property=\"og:site_name\" content=\"Herbertz Maschinenmesserfabrik\" \/>\n<meta property=\"article:modified_time\" content=\"2026-03-24T15:45:33+00:00\" \/>\n<meta property=\"og:image\" content=\"https:\/\/www.herbertz1925.com\/wp-content\/uploads\/2020\/04\/Eigenschaften-PVD-Beschichtungen.jpg\" \/>\n<meta name=\"twitter:card\" content=\"summary_large_image\" \/>\n<meta name=\"twitter:label1\" content=\"Gesch\u00e4tzte Lesezeit\" \/>\n\t<meta name=\"twitter:data1\" content=\"1\u00a0Minute\" \/>\n<script type=\"application\/ld+json\" class=\"yoast-schema-graph\">{\"@context\":\"https:\\\/\\\/schema.org\",\"@graph\":[{\"@type\":\"WebPage\",\"@id\":\"https:\\\/\\\/www.herbertz1925.com\\\/de\\\/zerlegesaegen\\\/zerlegesaegen-mit-hochwertigen-beschichtungen\\\/\",\"url\":\"https:\\\/\\\/www.herbertz1925.com\\\/de\\\/zerlegesaegen\\\/zerlegesaegen-mit-hochwertigen-beschichtungen\\\/\",\"name\":\"Kreiss\u00e4gebl\u00e4tter - Beschichtungen | Herbertz GmbH & Co KG\",\"isPartOf\":{\"@id\":\"https:\\\/\\\/www.herbertz1925.com\\\/de\\\/#website\"},\"primaryImageOfPage\":{\"@id\":\"https:\\\/\\\/www.herbertz1925.com\\\/de\\\/zerlegesaegen\\\/zerlegesaegen-mit-hochwertigen-beschichtungen\\\/#primaryimage\"},\"image\":{\"@id\":\"https:\\\/\\\/www.herbertz1925.com\\\/de\\\/zerlegesaegen\\\/zerlegesaegen-mit-hochwertigen-beschichtungen\\\/#primaryimage\"},\"thumbnailUrl\":\"https:\\\/\\\/www.herbertz1925.com\\\/wp-content\\\/uploads\\\/2020\\\/04\\\/Eigenschaften-PVD-Beschichtungen.jpg\",\"datePublished\":\"2020-03-30T12:51:52+00:00\",\"dateModified\":\"2026-03-24T15:45:33+00:00\",\"description\":\"Kreiss\u00e4gebl\u00e4tter - Beschichtungen | Die Herbertz GmbH & Co. KG bietet Ihnen immer die richtige Auswahl an Beschichtungen.\",\"breadcrumb\":{\"@id\":\"https:\\\/\\\/www.herbertz1925.com\\\/de\\\/zerlegesaegen\\\/zerlegesaegen-mit-hochwertigen-beschichtungen\\\/#breadcrumb\"},\"inLanguage\":\"de\",\"potentialAction\":[{\"@type\":\"ReadAction\",\"target\":[\"https:\\\/\\\/www.herbertz1925.com\\\/de\\\/zerlegesaegen\\\/zerlegesaegen-mit-hochwertigen-beschichtungen\\\/\"]}]},{\"@type\":\"ImageObject\",\"inLanguage\":\"de\",\"@id\":\"https:\\\/\\\/www.herbertz1925.com\\\/de\\\/zerlegesaegen\\\/zerlegesaegen-mit-hochwertigen-beschichtungen\\\/#primaryimage\",\"url\":\"https:\\\/\\\/www.herbertz1925.com\\\/wp-content\\\/uploads\\\/2020\\\/04\\\/Eigenschaften-PVD-Beschichtungen.jpg\",\"contentUrl\":\"https:\\\/\\\/www.herbertz1925.com\\\/wp-content\\\/uploads\\\/2020\\\/04\\\/Eigenschaften-PVD-Beschichtungen.jpg\"},{\"@type\":\"BreadcrumbList\",\"@id\":\"https:\\\/\\\/www.herbertz1925.com\\\/de\\\/zerlegesaegen\\\/zerlegesaegen-mit-hochwertigen-beschichtungen\\\/#breadcrumb\",\"itemListElement\":[{\"@type\":\"ListItem\",\"position\":1,\"name\":\"Home\",\"item\":\"https:\\\/\\\/www.herbertz1925.com\\\/de\\\/\"},{\"@type\":\"ListItem\",\"position\":2,\"name\":\"Zerleges\u00e4gen\",\"item\":\"https:\\\/\\\/www.herbertz1925.com\\\/de\\\/zerlegesaegen\\\/\"},{\"@type\":\"ListItem\",\"position\":3,\"name\":\"Zerleges\u00e4gen mit hochwertigen Beschichtungen\"}]},{\"@type\":\"WebSite\",\"@id\":\"https:\\\/\\\/www.herbertz1925.com\\\/de\\\/#website\",\"url\":\"https:\\\/\\\/www.herbertz1925.com\\\/de\\\/\",\"name\":\"Herbertz Maschinenmesserfabrik\",\"description\":\"Hochwertige Werkzeugst\u00e4hle f\u00fcr hochwertige Maschinenmesser\",\"publisher\":{\"@id\":\"https:\\\/\\\/www.herbertz1925.com\\\/de\\\/#organization\"},\"potentialAction\":[{\"@type\":\"SearchAction\",\"target\":{\"@type\":\"EntryPoint\",\"urlTemplate\":\"https:\\\/\\\/www.herbertz1925.com\\\/de\\\/?s={search_term_string}\"},\"query-input\":{\"@type\":\"PropertyValueSpecification\",\"valueRequired\":true,\"valueName\":\"search_term_string\"}}],\"inLanguage\":\"de\"},{\"@type\":\"Organization\",\"@id\":\"https:\\\/\\\/www.herbertz1925.com\\\/de\\\/#organization\",\"name\":\"Herbertz GmbH & Co. KG\",\"url\":\"https:\\\/\\\/www.herbertz1925.com\\\/de\\\/\",\"logo\":{\"@type\":\"ImageObject\",\"inLanguage\":\"de\",\"@id\":\"https:\\\/\\\/www.herbertz1925.com\\\/de\\\/#\\\/schema\\\/logo\\\/image\\\/\",\"url\":\"https:\\\/\\\/www.herbertz1925.com\\\/wp-content\\\/uploads\\\/2020\\\/03\\\/Logo-Herbertz-2020-1.png\",\"contentUrl\":\"https:\\\/\\\/www.herbertz1925.com\\\/wp-content\\\/uploads\\\/2020\\\/03\\\/Logo-Herbertz-2020-1.png\",\"width\":362,\"height\":196,\"caption\":\"Herbertz GmbH & Co. KG\"},\"image\":{\"@id\":\"https:\\\/\\\/www.herbertz1925.com\\\/de\\\/#\\\/schema\\\/logo\\\/image\\\/\"}}]}<\/script>\n<!-- \/ Yoast SEO plugin. -->","yoast_head_json":{"title":"Kreiss\u00e4gebl\u00e4tter - Beschichtungen | Herbertz GmbH & Co KG","description":"Kreiss\u00e4gebl\u00e4tter - Beschichtungen | Die Herbertz GmbH & Co. KG bietet Ihnen immer die richtige Auswahl an Beschichtungen.","robots":{"index":"index","follow":"follow","max-snippet":"max-snippet:-1","max-image-preview":"max-image-preview:large","max-video-preview":"max-video-preview:-1"},"canonical":"https:\/\/www.herbertz1925.com\/de\/zerlegesaegen\/zerlegesaegen-mit-hochwertigen-beschichtungen\/","og_locale":"de_DE","og_type":"article","og_title":"Kreiss\u00e4gebl\u00e4tter - Beschichtungen | Herbertz GmbH & Co KG","og_description":"Kreiss\u00e4gebl\u00e4tter - Beschichtungen | Die Herbertz GmbH & Co. KG bietet Ihnen immer die richtige Auswahl an Beschichtungen.","og_url":"https:\/\/www.herbertz1925.com\/de\/zerlegesaegen\/zerlegesaegen-mit-hochwertigen-beschichtungen\/","og_site_name":"Herbertz Maschinenmesserfabrik","article_modified_time":"2026-03-24T15:45:33+00:00","og_image":[{"url":"https:\/\/www.herbertz1925.com\/wp-content\/uploads\/2020\/04\/Eigenschaften-PVD-Beschichtungen.jpg","type":"","width":"","height":""}],"twitter_card":"summary_large_image","twitter_misc":{"Gesch\u00e4tzte Lesezeit":"1\u00a0Minute"},"schema":{"@context":"https:\/\/schema.org","@graph":[{"@type":"WebPage","@id":"https:\/\/www.herbertz1925.com\/de\/zerlegesaegen\/zerlegesaegen-mit-hochwertigen-beschichtungen\/","url":"https:\/\/www.herbertz1925.com\/de\/zerlegesaegen\/zerlegesaegen-mit-hochwertigen-beschichtungen\/","name":"Kreiss\u00e4gebl\u00e4tter - Beschichtungen | Herbertz GmbH & Co KG","isPartOf":{"@id":"https:\/\/www.herbertz1925.com\/de\/#website"},"primaryImageOfPage":{"@id":"https:\/\/www.herbertz1925.com\/de\/zerlegesaegen\/zerlegesaegen-mit-hochwertigen-beschichtungen\/#primaryimage"},"image":{"@id":"https:\/\/www.herbertz1925.com\/de\/zerlegesaegen\/zerlegesaegen-mit-hochwertigen-beschichtungen\/#primaryimage"},"thumbnailUrl":"https:\/\/www.herbertz1925.com\/wp-content\/uploads\/2020\/04\/Eigenschaften-PVD-Beschichtungen.jpg","datePublished":"2020-03-30T12:51:52+00:00","dateModified":"2026-03-24T15:45:33+00:00","description":"Kreiss\u00e4gebl\u00e4tter - Beschichtungen | Die Herbertz GmbH & Co. KG bietet Ihnen immer die richtige Auswahl an Beschichtungen.","breadcrumb":{"@id":"https:\/\/www.herbertz1925.com\/de\/zerlegesaegen\/zerlegesaegen-mit-hochwertigen-beschichtungen\/#breadcrumb"},"inLanguage":"de","potentialAction":[{"@type":"ReadAction","target":["https:\/\/www.herbertz1925.com\/de\/zerlegesaegen\/zerlegesaegen-mit-hochwertigen-beschichtungen\/"]}]},{"@type":"ImageObject","inLanguage":"de","@id":"https:\/\/www.herbertz1925.com\/de\/zerlegesaegen\/zerlegesaegen-mit-hochwertigen-beschichtungen\/#primaryimage","url":"https:\/\/www.herbertz1925.com\/wp-content\/uploads\/2020\/04\/Eigenschaften-PVD-Beschichtungen.jpg","contentUrl":"https:\/\/www.herbertz1925.com\/wp-content\/uploads\/2020\/04\/Eigenschaften-PVD-Beschichtungen.jpg"},{"@type":"BreadcrumbList","@id":"https:\/\/www.herbertz1925.com\/de\/zerlegesaegen\/zerlegesaegen-mit-hochwertigen-beschichtungen\/#breadcrumb","itemListElement":[{"@type":"ListItem","position":1,"name":"Home","item":"https:\/\/www.herbertz1925.com\/de\/"},{"@type":"ListItem","position":2,"name":"Zerleges\u00e4gen","item":"https:\/\/www.herbertz1925.com\/de\/zerlegesaegen\/"},{"@type":"ListItem","position":3,"name":"Zerleges\u00e4gen mit hochwertigen Beschichtungen"}]},{"@type":"WebSite","@id":"https:\/\/www.herbertz1925.com\/de\/#website","url":"https:\/\/www.herbertz1925.com\/de\/","name":"Herbertz Maschinenmesserfabrik","description":"Hochwertige Werkzeugst\u00e4hle f\u00fcr hochwertige Maschinenmesser","publisher":{"@id":"https:\/\/www.herbertz1925.com\/de\/#organization"},"potentialAction":[{"@type":"SearchAction","target":{"@type":"EntryPoint","urlTemplate":"https:\/\/www.herbertz1925.com\/de\/?s={search_term_string}"},"query-input":{"@type":"PropertyValueSpecification","valueRequired":true,"valueName":"search_term_string"}}],"inLanguage":"de"},{"@type":"Organization","@id":"https:\/\/www.herbertz1925.com\/de\/#organization","name":"Herbertz GmbH & Co. KG","url":"https:\/\/www.herbertz1925.com\/de\/","logo":{"@type":"ImageObject","inLanguage":"de","@id":"https:\/\/www.herbertz1925.com\/de\/#\/schema\/logo\/image\/","url":"https:\/\/www.herbertz1925.com\/wp-content\/uploads\/2020\/03\/Logo-Herbertz-2020-1.png","contentUrl":"https:\/\/www.herbertz1925.com\/wp-content\/uploads\/2020\/03\/Logo-Herbertz-2020-1.png","width":362,"height":196,"caption":"Herbertz GmbH & Co. KG"},"image":{"@id":"https:\/\/www.herbertz1925.com\/de\/#\/schema\/logo\/image\/"}}]}},"_links":{"self":[{"href":"https:\/\/www.herbertz1925.com\/de\/wp-json\/wp\/v2\/pages\/965","targetHints":{"allow":["GET"]}}],"collection":[{"href":"https:\/\/www.herbertz1925.com\/de\/wp-json\/wp\/v2\/pages"}],"about":[{"href":"https:\/\/www.herbertz1925.com\/de\/wp-json\/wp\/v2\/types\/page"}],"author":[{"embeddable":true,"href":"https:\/\/www.herbertz1925.com\/de\/wp-json\/wp\/v2\/users\/1"}],"replies":[{"embeddable":true,"href":"https:\/\/www.herbertz1925.com\/de\/wp-json\/wp\/v2\/comments?post=965"}],"version-history":[{"count":26,"href":"https:\/\/www.herbertz1925.com\/de\/wp-json\/wp\/v2\/pages\/965\/revisions"}],"predecessor-version":[{"id":11720,"href":"https:\/\/www.herbertz1925.com\/de\/wp-json\/wp\/v2\/pages\/965\/revisions\/11720"}],"up":[{"embeddable":true,"href":"https:\/\/www.herbertz1925.com\/de\/wp-json\/wp\/v2\/pages\/6360"}],"wp:attachment":[{"href":"https:\/\/www.herbertz1925.com\/de\/wp-json\/wp\/v2\/media?parent=965"}],"curies":[{"name":"wp","href":"https:\/\/api.w.org\/{rel}","templated":true}]}}