{"id":972,"date":"2020-03-30T13:04:50","date_gmt":"2020-03-30T13:04:50","guid":{"rendered":"https:\/\/www.herbertz1925.com\/?page_id=972"},"modified":"2026-03-24T16:46:44","modified_gmt":"2026-03-24T15:46:44","slug":"nachschleifservice-fuer-schneidbuechsen","status":"publish","type":"page","link":"https:\/\/www.herbertz1925.com\/de\/schneidbuechsen\/nachschleifservice-fuer-schneidbuechsen\/","title":{"rendered":"Nachschleifservice f\u00fcr Schneidb\u00fcchsen"},"content":{"rendered":"\t\t<div data-elementor-type=\"wp-page\" data-elementor-id=\"972\" class=\"elementor elementor-972\" data-elementor-post-type=\"page\">\n\t\t\t\t<div class=\"elementor-element elementor-element-fdb911b stretch-width e-flex e-con-boxed e-con e-parent\" data-id=\"fdb911b\" data-element_type=\"container\" data-e-type=\"container\" data-settings=\"{&quot;background_background&quot;:&quot;classic&quot;}\">\n\t\t\t\t\t<div class=\"e-con-inner\">\n\t\t\t\t<div class=\"elementor-element elementor-element-2bcc3fe elementor-widget elementor-widget-heading\" data-id=\"2bcc3fe\" data-element_type=\"widget\" data-e-type=\"widget\" data-widget_type=\"heading.default\">\n\t\t\t\t<div class=\"elementor-widget-container\">\n\t\t\t\t\t<h2 class=\"elementor-heading-title elementor-size-default\">Schneidb\u00fcchsen<br>\nRollenschneidsysteme<\/h2>\t\t\t\t<\/div>\n\t\t\t\t<\/div>\n\t\t\t\t<div class=\"elementor-element elementor-element-1b407b6 elementor-widget elementor-widget-text-editor\" data-id=\"1b407b6\" data-element_type=\"widget\" data-e-type=\"widget\" data-widget_type=\"text-editor.default\">\n\t\t\t\t<div class=\"elementor-widget-container\">\n\t\t\t\t\t\t\t\t\t<p>Schnelles, sauberes Schneiden von Folien, Kabeln, Papier, Kunststoff, Etiketten und Verpackungen \u2013 mit au\u00dfergew\u00f6hnlicher Langlebigkeit. Wenden Sie sich an unser Team, um die optimale L\u00f6sung f\u00fcr Ihre Maschinen zu finden.<\/p>\t\t\t\t\t\t\t\t<\/div>\n\t\t\t\t<\/div>\n\t\t\t\t\t<\/div>\n\t\t\t\t<\/div>\n\t\t\t\t<section class=\"elementor-section elementor-top-section elementor-element elementor-element-50ca139 elementor-section-boxed elementor-section-height-default elementor-section-height-default\" data-id=\"50ca139\" data-element_type=\"section\" data-e-type=\"section\">\n\t\t\t\t\t\t<div class=\"elementor-container elementor-column-gap-default\">\n\t\t\t\t\t<div class=\"elementor-column elementor-col-100 elementor-top-column elementor-element elementor-element-3849882\" data-id=\"3849882\" data-element_type=\"column\" data-e-type=\"column\">\n\t\t\t<div class=\"elementor-widget-wrap elementor-element-populated\">\n\t\t\t\t\t\t<div class=\"elementor-element elementor-element-b36eac4 elementor-widget elementor-widget-text-editor\" data-id=\"b36eac4\" data-element_type=\"widget\" data-e-type=\"widget\" data-widget_type=\"text-editor.default\">\n\t\t\t\t<div class=\"elementor-widget-container\">\n\t\t\t\t\t\t\t\t\t<h1>Unser Nachschleifservice f\u00fcr Schneidb\u00fcchsen<\/h1>\t\t\t\t\t\t\t\t<\/div>\n\t\t\t\t<\/div>\n\t\t\t\t\t<\/div>\n\t\t<\/div>\n\t\t\t\t\t<\/div>\n\t\t<\/section>\n\t\t\t\t<section class=\"elementor-section elementor-top-section elementor-element elementor-element-543842c elementor-section-boxed elementor-section-height-default elementor-section-height-default\" data-id=\"543842c\" data-element_type=\"section\" data-e-type=\"section\">\n\t\t\t\t\t\t<div class=\"elementor-container elementor-column-gap-default\">\n\t\t\t\t\t<div class=\"elementor-column elementor-col-50 elementor-top-column elementor-element elementor-element-0621c32\" data-id=\"0621c32\" data-element_type=\"column\" data-e-type=\"column\">\n\t\t\t<div class=\"elementor-widget-wrap elementor-element-populated\">\n\t\t\t\t\t\t<div class=\"elementor-element elementor-element-9c39a9b elementor-widget elementor-widget-text-editor\" data-id=\"9c39a9b\" data-element_type=\"widget\" data-e-type=\"widget\" data-widget_type=\"text-editor.default\">\n\t\t\t\t<div class=\"elementor-widget-container\">\n\t\t\t\t\t\t\t\t\t<p>Mit unserem Maschinenpark sind wir in der Lage auch gebrauchte Schneidb\u00fcchsen f\u00fcr Sie nachzuschleifen, um wieder ein Optimales Schnittergebnis zu erreichen.<\/p><p>Das Nachschleifen von einseitigen, oder beidseitigen Nuten ist ein Service, den wir Ihnen gerne anbieten.<\/p><p>In vielen F\u00e4llen ist das Nachschleifen einer Schneidb\u00fcchse m\u00f6glich und verringert somit Ihre Kosten.<\/p><p>Aufgrund unserer langj\u00e4hrigen Erfahrung k\u00f6nnen wir die meisten Schneidb\u00fcchsen nachschleifen. Sie erhalten dadurch Ihre Schneidb\u00fcchse wieder mit einer qualitativ hochwertigen Nute. Profitieren Sie von unserer Erfahrung im Bereich des Nachschleifens.<\/p><p>Wir schleifen Ihre Schneidb\u00fcchsen nach Ihren Vorgaben. Dabei streben wir immer an die Nute wieder in den perfekten Zustand f\u00fcr Ihre Anwendung zu bringen.<\/p><p>Bei von uns nachgeschliffenen Schneidb\u00fcchsen profitieren Sie von einem herausragendem Schnittergebnis bei gleichzeitig hoher Standzeit.<\/p><p>Gerne k\u00f6nnen Sie uns eine Anfrage \u00fcbermitteln.<\/p>\t\t\t\t\t\t\t\t<\/div>\n\t\t\t\t<\/div>\n\t\t\t\t\t<\/div>\n\t\t<\/div>\n\t\t\t\t<div class=\"elementor-column elementor-col-50 elementor-top-column elementor-element elementor-element-53f0eec\" data-id=\"53f0eec\" data-element_type=\"column\" data-e-type=\"column\">\n\t\t\t<div class=\"elementor-widget-wrap elementor-element-populated\">\n\t\t\t\t\t\t<div class=\"elementor-element elementor-element-af4d232 elementor-widget elementor-widget-image\" data-id=\"af4d232\" data-element_type=\"widget\" data-e-type=\"widget\" data-widget_type=\"image.default\">\n\t\t\t\t<div class=\"elementor-widget-container\">\n\t\t\t\t\t\t\t\t\t\t\t\t\t\t\t\t<a href=\"https:\/\/www.herbertz1925.com\/wp-content\/uploads\/2026\/02\/Grooved_Knife_Brushes_Cutting_bushes_Herbertz_5.jpg\" data-elementor-open-lightbox=\"yes\" data-elementor-lightbox-title=\"Grooved_Knife_Brushes_Cutting_bushes_Herbertz_5\" data-e-action-hash=\"#elementor-action%3Aaction%3Dlightbox%26settings%3DeyJpZCI6NzcxNywidXJsIjoiaHR0cHM6XC9cL3d3dy5oZXJiZXJ0ejE5MjUuY29tXC93cC1jb250ZW50XC91cGxvYWRzXC8yMDI2XC8wMlwvR3Jvb3ZlZF9LbmlmZV9CcnVzaGVzX0N1dHRpbmdfYnVzaGVzX0hlcmJlcnR6XzUuanBnIn0%3D\">\n\t\t\t\t\t\t\t<img fetchpriority=\"high\" decoding=\"async\" width=\"768\" height=\"1024\" src=\"https:\/\/www.herbertz1925.com\/wp-content\/uploads\/2026\/02\/Grooved_Knife_Brushes_Cutting_bushes_Herbertz_5.jpg\" class=\"attachment-large size-large wp-image-7717\" alt=\"Grooved Knife Bushes\" srcset=\"https:\/\/www.herbertz1925.com\/wp-content\/uploads\/2026\/02\/Grooved_Knife_Brushes_Cutting_bushes_Herbertz_5.jpg 768w, https:\/\/www.herbertz1925.com\/wp-content\/uploads\/2026\/02\/Grooved_Knife_Brushes_Cutting_bushes_Herbertz_5-225x300.jpg 225w, https:\/\/www.herbertz1925.com\/wp-content\/uploads\/2026\/02\/Grooved_Knife_Brushes_Cutting_bushes_Herbertz_5-600x800.jpg 600w\" sizes=\"(max-width: 768px) 100vw, 768px\" \/>\t\t\t\t\t\t\t\t<\/a>\n\t\t\t\t\t\t\t\t\t\t\t\t\t\t\t<\/div>\n\t\t\t\t<\/div>\n\t\t\t\t\t<\/div>\n\t\t<\/div>\n\t\t\t\t\t<\/div>\n\t\t<\/section>\n\t\t\t\t<\/div>\n\t\t","protected":false},"excerpt":{"rendered":"<p>Schneidb\u00fcchsen Rollenschneidsysteme Schnelles, sauberes Schneiden von Folien, Kabeln, Papier, Kunststoff, Etiketten und Verpackungen \u2013 mit au\u00dfergew\u00f6hnlicher Langlebigkeit. Wenden Sie sich an unser Team, um die optimale L\u00f6sung f\u00fcr Ihre Maschinen zu finden. Unser Nachschleifservice f\u00fcr Schneidb\u00fcchsen Mit unserem Maschinenpark sind wir in der Lage auch gebrauchte Schneidb\u00fcchsen f\u00fcr Sie nachzuschleifen, um wieder ein Optimales Schnittergebnis [&hellip;]<\/p>\n","protected":false},"author":1,"featured_media":0,"parent":542,"menu_order":10,"comment_status":"closed","ping_status":"closed","template":"","meta":{"footnotes":""},"class_list":["post-972","page","type-page","status-publish","hentry"],"yoast_head":"<!-- This site is optimized with the Yoast SEO plugin v27.3 - https:\/\/yoast.com\/product\/yoast-seo-wordpress\/ -->\n<title>Schneidb\u00fcchsen - Nachschleifservice | Herbertz Messer<\/title>\n<meta name=\"description\" content=\"Schneidb\u00fcchsen - Nachschleifservice | Der Herbertz Nachschleifservice steht f\u00fcr Qualit\u00e4t und perfekte Schnittergebnisse. Online Angebot anfordern.\" \/>\n<meta name=\"robots\" content=\"index, follow, max-snippet:-1, max-image-preview:large, max-video-preview:-1\" \/>\n<link rel=\"canonical\" href=\"https:\/\/www.herbertz1925.com\/de\/schneidbuechsen\/nachschleifservice-fuer-schneidbuechsen\/\" \/>\n<meta property=\"og:locale\" content=\"de_DE\" \/>\n<meta property=\"og:type\" content=\"article\" \/>\n<meta property=\"og:title\" content=\"Schneidb\u00fcchsen - Nachschleifservice | Herbertz Messer\" \/>\n<meta property=\"og:description\" content=\"Schneidb\u00fcchsen - Nachschleifservice | Der Herbertz Nachschleifservice steht f\u00fcr Qualit\u00e4t und perfekte Schnittergebnisse. Online Angebot anfordern.\" \/>\n<meta property=\"og:url\" content=\"https:\/\/www.herbertz1925.com\/de\/schneidbuechsen\/nachschleifservice-fuer-schneidbuechsen\/\" \/>\n<meta property=\"og:site_name\" content=\"Herbertz Maschinenmesserfabrik\" \/>\n<meta property=\"article:modified_time\" content=\"2026-03-24T15:46:44+00:00\" \/>\n<meta property=\"og:image\" content=\"https:\/\/www.herbertz1925.com\/wp-content\/uploads\/2026\/02\/Grooved_Knife_Brushes_Cutting_bushes_Herbertz_5.jpg\" \/>\n<meta name=\"twitter:card\" content=\"summary_large_image\" \/>\n<meta name=\"twitter:label1\" content=\"Gesch\u00e4tzte Lesezeit\" \/>\n\t<meta name=\"twitter:data1\" content=\"2\u00a0Minuten\" \/>\n<script type=\"application\/ld+json\" class=\"yoast-schema-graph\">{\"@context\":\"https:\\\/\\\/schema.org\",\"@graph\":[{\"@type\":\"WebPage\",\"@id\":\"https:\\\/\\\/www.herbertz1925.com\\\/de\\\/schneidbuechsen\\\/nachschleifservice-fuer-schneidbuechsen\\\/\",\"url\":\"https:\\\/\\\/www.herbertz1925.com\\\/de\\\/schneidbuechsen\\\/nachschleifservice-fuer-schneidbuechsen\\\/\",\"name\":\"Schneidb\u00fcchsen - Nachschleifservice | Herbertz Messer\",\"isPartOf\":{\"@id\":\"https:\\\/\\\/www.herbertz1925.com\\\/de\\\/#website\"},\"primaryImageOfPage\":{\"@id\":\"https:\\\/\\\/www.herbertz1925.com\\\/de\\\/schneidbuechsen\\\/nachschleifservice-fuer-schneidbuechsen\\\/#primaryimage\"},\"image\":{\"@id\":\"https:\\\/\\\/www.herbertz1925.com\\\/de\\\/schneidbuechsen\\\/nachschleifservice-fuer-schneidbuechsen\\\/#primaryimage\"},\"thumbnailUrl\":\"https:\\\/\\\/www.herbertz1925.com\\\/wp-content\\\/uploads\\\/2026\\\/02\\\/Grooved_Knife_Brushes_Cutting_bushes_Herbertz_5.jpg\",\"datePublished\":\"2020-03-30T13:04:50+00:00\",\"dateModified\":\"2026-03-24T15:46:44+00:00\",\"description\":\"Schneidb\u00fcchsen - Nachschleifservice | Der Herbertz Nachschleifservice steht f\u00fcr Qualit\u00e4t und perfekte Schnittergebnisse. Online Angebot anfordern.\",\"breadcrumb\":{\"@id\":\"https:\\\/\\\/www.herbertz1925.com\\\/de\\\/schneidbuechsen\\\/nachschleifservice-fuer-schneidbuechsen\\\/#breadcrumb\"},\"inLanguage\":\"de\",\"potentialAction\":[{\"@type\":\"ReadAction\",\"target\":[\"https:\\\/\\\/www.herbertz1925.com\\\/de\\\/schneidbuechsen\\\/nachschleifservice-fuer-schneidbuechsen\\\/\"]}]},{\"@type\":\"ImageObject\",\"inLanguage\":\"de\",\"@id\":\"https:\\\/\\\/www.herbertz1925.com\\\/de\\\/schneidbuechsen\\\/nachschleifservice-fuer-schneidbuechsen\\\/#primaryimage\",\"url\":\"https:\\\/\\\/www.herbertz1925.com\\\/wp-content\\\/uploads\\\/2026\\\/02\\\/Grooved_Knife_Brushes_Cutting_bushes_Herbertz_5.jpg\",\"contentUrl\":\"https:\\\/\\\/www.herbertz1925.com\\\/wp-content\\\/uploads\\\/2026\\\/02\\\/Grooved_Knife_Brushes_Cutting_bushes_Herbertz_5.jpg\"},{\"@type\":\"BreadcrumbList\",\"@id\":\"https:\\\/\\\/www.herbertz1925.com\\\/de\\\/schneidbuechsen\\\/nachschleifservice-fuer-schneidbuechsen\\\/#breadcrumb\",\"itemListElement\":[{\"@type\":\"ListItem\",\"position\":1,\"name\":\"Home\",\"item\":\"https:\\\/\\\/www.herbertz1925.com\\\/de\\\/\"},{\"@type\":\"ListItem\",\"position\":2,\"name\":\"Schneidb\u00fcchsen\",\"item\":\"https:\\\/\\\/www.herbertz1925.com\\\/de\\\/grooved-knife-bushes\\\/\"},{\"@type\":\"ListItem\",\"position\":3,\"name\":\"Nachschleifservice f\u00fcr Schneidb\u00fcchsen\"}]},{\"@type\":\"WebSite\",\"@id\":\"https:\\\/\\\/www.herbertz1925.com\\\/de\\\/#website\",\"url\":\"https:\\\/\\\/www.herbertz1925.com\\\/de\\\/\",\"name\":\"Herbertz Maschinenmesserfabrik\",\"description\":\"Hochwertige Werkzeugst\u00e4hle f\u00fcr hochwertige Maschinenmesser\",\"publisher\":{\"@id\":\"https:\\\/\\\/www.herbertz1925.com\\\/de\\\/#organization\"},\"potentialAction\":[{\"@type\":\"SearchAction\",\"target\":{\"@type\":\"EntryPoint\",\"urlTemplate\":\"https:\\\/\\\/www.herbertz1925.com\\\/de\\\/?s={search_term_string}\"},\"query-input\":{\"@type\":\"PropertyValueSpecification\",\"valueRequired\":true,\"valueName\":\"search_term_string\"}}],\"inLanguage\":\"de\"},{\"@type\":\"Organization\",\"@id\":\"https:\\\/\\\/www.herbertz1925.com\\\/de\\\/#organization\",\"name\":\"Herbertz GmbH & Co. KG\",\"url\":\"https:\\\/\\\/www.herbertz1925.com\\\/de\\\/\",\"logo\":{\"@type\":\"ImageObject\",\"inLanguage\":\"de\",\"@id\":\"https:\\\/\\\/www.herbertz1925.com\\\/de\\\/#\\\/schema\\\/logo\\\/image\\\/\",\"url\":\"https:\\\/\\\/www.herbertz1925.com\\\/wp-content\\\/uploads\\\/2020\\\/03\\\/Logo-Herbertz-2020-1.png\",\"contentUrl\":\"https:\\\/\\\/www.herbertz1925.com\\\/wp-content\\\/uploads\\\/2020\\\/03\\\/Logo-Herbertz-2020-1.png\",\"width\":362,\"height\":196,\"caption\":\"Herbertz GmbH & Co. KG\"},\"image\":{\"@id\":\"https:\\\/\\\/www.herbertz1925.com\\\/de\\\/#\\\/schema\\\/logo\\\/image\\\/\"}}]}<\/script>\n<!-- \/ Yoast SEO plugin. -->","yoast_head_json":{"title":"Schneidb\u00fcchsen - Nachschleifservice | Herbertz Messer","description":"Schneidb\u00fcchsen - Nachschleifservice | Der Herbertz Nachschleifservice steht f\u00fcr Qualit\u00e4t und perfekte Schnittergebnisse. Online Angebot anfordern.","robots":{"index":"index","follow":"follow","max-snippet":"max-snippet:-1","max-image-preview":"max-image-preview:large","max-video-preview":"max-video-preview:-1"},"canonical":"https:\/\/www.herbertz1925.com\/de\/schneidbuechsen\/nachschleifservice-fuer-schneidbuechsen\/","og_locale":"de_DE","og_type":"article","og_title":"Schneidb\u00fcchsen - Nachschleifservice | Herbertz Messer","og_description":"Schneidb\u00fcchsen - Nachschleifservice | Der Herbertz Nachschleifservice steht f\u00fcr Qualit\u00e4t und perfekte Schnittergebnisse. Online Angebot anfordern.","og_url":"https:\/\/www.herbertz1925.com\/de\/schneidbuechsen\/nachschleifservice-fuer-schneidbuechsen\/","og_site_name":"Herbertz Maschinenmesserfabrik","article_modified_time":"2026-03-24T15:46:44+00:00","og_image":[{"url":"https:\/\/www.herbertz1925.com\/wp-content\/uploads\/2026\/02\/Grooved_Knife_Brushes_Cutting_bushes_Herbertz_5.jpg","type":"","width":"","height":""}],"twitter_card":"summary_large_image","twitter_misc":{"Gesch\u00e4tzte Lesezeit":"2\u00a0Minuten"},"schema":{"@context":"https:\/\/schema.org","@graph":[{"@type":"WebPage","@id":"https:\/\/www.herbertz1925.com\/de\/schneidbuechsen\/nachschleifservice-fuer-schneidbuechsen\/","url":"https:\/\/www.herbertz1925.com\/de\/schneidbuechsen\/nachschleifservice-fuer-schneidbuechsen\/","name":"Schneidb\u00fcchsen - Nachschleifservice | Herbertz Messer","isPartOf":{"@id":"https:\/\/www.herbertz1925.com\/de\/#website"},"primaryImageOfPage":{"@id":"https:\/\/www.herbertz1925.com\/de\/schneidbuechsen\/nachschleifservice-fuer-schneidbuechsen\/#primaryimage"},"image":{"@id":"https:\/\/www.herbertz1925.com\/de\/schneidbuechsen\/nachschleifservice-fuer-schneidbuechsen\/#primaryimage"},"thumbnailUrl":"https:\/\/www.herbertz1925.com\/wp-content\/uploads\/2026\/02\/Grooved_Knife_Brushes_Cutting_bushes_Herbertz_5.jpg","datePublished":"2020-03-30T13:04:50+00:00","dateModified":"2026-03-24T15:46:44+00:00","description":"Schneidb\u00fcchsen - Nachschleifservice | Der Herbertz Nachschleifservice steht f\u00fcr Qualit\u00e4t und perfekte Schnittergebnisse. Online Angebot anfordern.","breadcrumb":{"@id":"https:\/\/www.herbertz1925.com\/de\/schneidbuechsen\/nachschleifservice-fuer-schneidbuechsen\/#breadcrumb"},"inLanguage":"de","potentialAction":[{"@type":"ReadAction","target":["https:\/\/www.herbertz1925.com\/de\/schneidbuechsen\/nachschleifservice-fuer-schneidbuechsen\/"]}]},{"@type":"ImageObject","inLanguage":"de","@id":"https:\/\/www.herbertz1925.com\/de\/schneidbuechsen\/nachschleifservice-fuer-schneidbuechsen\/#primaryimage","url":"https:\/\/www.herbertz1925.com\/wp-content\/uploads\/2026\/02\/Grooved_Knife_Brushes_Cutting_bushes_Herbertz_5.jpg","contentUrl":"https:\/\/www.herbertz1925.com\/wp-content\/uploads\/2026\/02\/Grooved_Knife_Brushes_Cutting_bushes_Herbertz_5.jpg"},{"@type":"BreadcrumbList","@id":"https:\/\/www.herbertz1925.com\/de\/schneidbuechsen\/nachschleifservice-fuer-schneidbuechsen\/#breadcrumb","itemListElement":[{"@type":"ListItem","position":1,"name":"Home","item":"https:\/\/www.herbertz1925.com\/de\/"},{"@type":"ListItem","position":2,"name":"Schneidb\u00fcchsen","item":"https:\/\/www.herbertz1925.com\/de\/grooved-knife-bushes\/"},{"@type":"ListItem","position":3,"name":"Nachschleifservice f\u00fcr Schneidb\u00fcchsen"}]},{"@type":"WebSite","@id":"https:\/\/www.herbertz1925.com\/de\/#website","url":"https:\/\/www.herbertz1925.com\/de\/","name":"Herbertz Maschinenmesserfabrik","description":"Hochwertige Werkzeugst\u00e4hle f\u00fcr hochwertige Maschinenmesser","publisher":{"@id":"https:\/\/www.herbertz1925.com\/de\/#organization"},"potentialAction":[{"@type":"SearchAction","target":{"@type":"EntryPoint","urlTemplate":"https:\/\/www.herbertz1925.com\/de\/?s={search_term_string}"},"query-input":{"@type":"PropertyValueSpecification","valueRequired":true,"valueName":"search_term_string"}}],"inLanguage":"de"},{"@type":"Organization","@id":"https:\/\/www.herbertz1925.com\/de\/#organization","name":"Herbertz GmbH & Co. KG","url":"https:\/\/www.herbertz1925.com\/de\/","logo":{"@type":"ImageObject","inLanguage":"de","@id":"https:\/\/www.herbertz1925.com\/de\/#\/schema\/logo\/image\/","url":"https:\/\/www.herbertz1925.com\/wp-content\/uploads\/2020\/03\/Logo-Herbertz-2020-1.png","contentUrl":"https:\/\/www.herbertz1925.com\/wp-content\/uploads\/2020\/03\/Logo-Herbertz-2020-1.png","width":362,"height":196,"caption":"Herbertz GmbH & Co. KG"},"image":{"@id":"https:\/\/www.herbertz1925.com\/de\/#\/schema\/logo\/image\/"}}]}},"_links":{"self":[{"href":"https:\/\/www.herbertz1925.com\/de\/wp-json\/wp\/v2\/pages\/972","targetHints":{"allow":["GET"]}}],"collection":[{"href":"https:\/\/www.herbertz1925.com\/de\/wp-json\/wp\/v2\/pages"}],"about":[{"href":"https:\/\/www.herbertz1925.com\/de\/wp-json\/wp\/v2\/types\/page"}],"author":[{"embeddable":true,"href":"https:\/\/www.herbertz1925.com\/de\/wp-json\/wp\/v2\/users\/1"}],"replies":[{"embeddable":true,"href":"https:\/\/www.herbertz1925.com\/de\/wp-json\/wp\/v2\/comments?post=972"}],"version-history":[{"count":20,"href":"https:\/\/www.herbertz1925.com\/de\/wp-json\/wp\/v2\/pages\/972\/revisions"}],"predecessor-version":[{"id":11738,"href":"https:\/\/www.herbertz1925.com\/de\/wp-json\/wp\/v2\/pages\/972\/revisions\/11738"}],"up":[{"embeddable":true,"href":"https:\/\/www.herbertz1925.com\/de\/wp-json\/wp\/v2\/pages\/542"}],"wp:attachment":[{"href":"https:\/\/www.herbertz1925.com\/de\/wp-json\/wp\/v2\/media?parent=972"}],"curies":[{"name":"wp","href":"https:\/\/api.w.org\/{rel}","templated":true}]}}