{"id":976,"date":"2020-03-30T13:12:23","date_gmt":"2020-03-30T13:12:23","guid":{"rendered":"https:\/\/www.herbertz1925.com\/?page_id=976"},"modified":"2026-03-24T16:46:49","modified_gmt":"2026-03-24T15:46:49","slug":"schneidbuechsen-schneidgeometrie","status":"publish","type":"page","link":"https:\/\/www.herbertz1925.com\/de\/schneidbuechsen\/schneidbuechsen-schneidgeometrie\/","title":{"rendered":"Schneidb\u00fcchsen Schneidgeometrie"},"content":{"rendered":"\t\t<div data-elementor-type=\"wp-page\" data-elementor-id=\"976\" class=\"elementor elementor-976\" data-elementor-post-type=\"page\">\n\t\t\t\t<div class=\"elementor-element elementor-element-9372356 stretch-width e-flex e-con-boxed e-con e-parent\" data-id=\"9372356\" data-element_type=\"container\" data-e-type=\"container\" data-settings=\"{&quot;background_background&quot;:&quot;classic&quot;}\">\n\t\t\t\t\t<div class=\"e-con-inner\">\n\t\t\t\t<div class=\"elementor-element elementor-element-872c559 elementor-widget elementor-widget-heading\" data-id=\"872c559\" data-element_type=\"widget\" data-e-type=\"widget\" data-widget_type=\"heading.default\">\n\t\t\t\t<div class=\"elementor-widget-container\">\n\t\t\t\t\t<h2 class=\"elementor-heading-title elementor-size-default\">Schneidb\u00fcchsen<br>\nRollenschneidsysteme<\/h2>\t\t\t\t<\/div>\n\t\t\t\t<\/div>\n\t\t\t\t<div class=\"elementor-element elementor-element-72fe4d0 elementor-widget elementor-widget-text-editor\" data-id=\"72fe4d0\" data-element_type=\"widget\" data-e-type=\"widget\" data-widget_type=\"text-editor.default\">\n\t\t\t\t<div class=\"elementor-widget-container\">\n\t\t\t\t\t\t\t\t\t<p>Schnelles, sauberes Schneiden von Folien, Kabeln, Papier, Kunststoff, Etiketten und Verpackungen \u2013 mit au\u00dfergew\u00f6hnlicher Langlebigkeit. Wenden Sie sich an unser Team, um die optimale L\u00f6sung f\u00fcr Ihre Maschinen zu finden.<\/p>\t\t\t\t\t\t\t\t<\/div>\n\t\t\t\t<\/div>\n\t\t\t\t\t<\/div>\n\t\t\t\t<\/div>\n\t\t\t\t<section class=\"elementor-section elementor-top-section elementor-element elementor-element-c461fd4 elementor-section-boxed elementor-section-height-default elementor-section-height-default\" data-id=\"c461fd4\" data-element_type=\"section\" data-e-type=\"section\">\n\t\t\t\t\t\t<div class=\"elementor-container elementor-column-gap-default\">\n\t\t\t\t\t<div class=\"elementor-column elementor-col-100 elementor-top-column elementor-element elementor-element-260c2f9\" data-id=\"260c2f9\" data-element_type=\"column\" data-e-type=\"column\">\n\t\t\t<div class=\"elementor-widget-wrap elementor-element-populated\">\n\t\t\t\t\t\t<div class=\"elementor-element elementor-element-8deffe0 elementor-widget elementor-widget-text-editor\" data-id=\"8deffe0\" data-element_type=\"widget\" data-e-type=\"widget\" data-widget_type=\"text-editor.default\">\n\t\t\t\t<div class=\"elementor-widget-container\">\n\t\t\t\t\t\t\t\t\t<h1>Die richtige Schneidgeometrie f\u00fcr Ihre Schneidb\u00fcchse<\/h1><p>Die Schneidgeometrie an einer Schneidb\u00fcchse hat erhebliche Einfl\u00fcsse auf das Schnittverhalten des Messers.<\/p><p>Wir fertigen verschiedene Formen der Nuten, jeweils gepaart mit der von Ihnen gew\u00fcnschten Nutbreite.<\/p><p>Auf dieser Seite verschaffen wir Ihnen einen \u00dcberblick \u00fcber die m\u00f6glichen Schneidgeometrien.<\/p><p>Aufgrund unserer langj\u00e4hrigen Erfahrung k\u00f6nnen wir Ihnen helfen, die richtige Schneidgeometrie f\u00fcr Ihre Schneidb\u00fcchse auszusuchen.<\/p><p>Bei unseren Schneidb\u00fcchsen profitieren Sie von einem herausragendem Schnittergebnis bei gleichzeitig hoher Standzeit.<\/p><p>Gerne k\u00f6nnen Sie uns eine Anfrage \u00fcbermitteln.<\/p>\t\t\t\t\t\t\t\t<\/div>\n\t\t\t\t<\/div>\n\t\t\t\t\t<\/div>\n\t\t<\/div>\n\t\t\t\t\t<\/div>\n\t\t<\/section>\n\t\t\t\t<\/div>\n\t\t","protected":false},"excerpt":{"rendered":"<p>Schneidb\u00fcchsen Rollenschneidsysteme Schnelles, sauberes Schneiden von Folien, Kabeln, Papier, Kunststoff, Etiketten und Verpackungen \u2013 mit au\u00dfergew\u00f6hnlicher Langlebigkeit. Wenden Sie sich an unser Team, um die optimale L\u00f6sung f\u00fcr Ihre Maschinen zu finden. Die richtige Schneidgeometrie f\u00fcr Ihre Schneidb\u00fcchse Die Schneidgeometrie an einer Schneidb\u00fcchse hat erhebliche Einfl\u00fcsse auf das Schnittverhalten des Messers. Wir fertigen verschiedene Formen [&hellip;]<\/p>\n","protected":false},"author":1,"featured_media":0,"parent":542,"menu_order":20,"comment_status":"closed","ping_status":"closed","template":"","meta":{"footnotes":""},"class_list":["post-976","page","type-page","status-publish","hentry"],"yoast_head":"<!-- This site is optimized with the Yoast SEO plugin v27.3 - https:\/\/yoast.com\/product\/yoast-seo-wordpress\/ -->\n<title>Schneidb\u00fcchsen - Schneidgeometrien | Herbertz Messer<\/title>\n<meta name=\"description\" content=\"Schneidb\u00fcchsen - Schneidgeometrien | Herbertz Schneidb\u00fcchsen k\u00f6nnen in einer Vielzahl an verschiedenen Schneidgeometrien hergestellt werden.\" \/>\n<meta name=\"robots\" content=\"index, follow, max-snippet:-1, max-image-preview:large, max-video-preview:-1\" \/>\n<link rel=\"canonical\" href=\"https:\/\/www.herbertz1925.com\/de\/schneidbuechsen\/schneidbuechsen-schneidgeometrie\/\" \/>\n<meta property=\"og:locale\" content=\"de_DE\" \/>\n<meta property=\"og:type\" content=\"article\" \/>\n<meta property=\"og:title\" content=\"Schneidb\u00fcchsen - Schneidgeometrien | Herbertz Messer\" \/>\n<meta property=\"og:description\" content=\"Schneidb\u00fcchsen - Schneidgeometrien | Herbertz Schneidb\u00fcchsen k\u00f6nnen in einer Vielzahl an verschiedenen Schneidgeometrien hergestellt werden.\" \/>\n<meta property=\"og:url\" content=\"https:\/\/www.herbertz1925.com\/de\/schneidbuechsen\/schneidbuechsen-schneidgeometrie\/\" \/>\n<meta property=\"og:site_name\" content=\"Herbertz Maschinenmesserfabrik\" \/>\n<meta property=\"article:modified_time\" content=\"2026-03-24T15:46:49+00:00\" \/>\n<meta property=\"og:image\" content=\"https:\/\/www.herbertz1925.com\/wp-content\/uploads\/2019\/02\/Luftbild-2019.jpg\" \/>\n\t<meta property=\"og:image:width\" content=\"1920\" \/>\n\t<meta property=\"og:image:height\" content=\"1440\" \/>\n\t<meta property=\"og:image:type\" content=\"image\/jpeg\" \/>\n<meta name=\"twitter:card\" content=\"summary_large_image\" \/>\n<meta name=\"twitter:label1\" content=\"Gesch\u00e4tzte Lesezeit\" \/>\n\t<meta name=\"twitter:data1\" content=\"1\u00a0Minute\" \/>\n<script type=\"application\/ld+json\" class=\"yoast-schema-graph\">{\"@context\":\"https:\\\/\\\/schema.org\",\"@graph\":[{\"@type\":\"WebPage\",\"@id\":\"https:\\\/\\\/www.herbertz1925.com\\\/de\\\/schneidbuechsen\\\/schneidbuechsen-schneidgeometrie\\\/\",\"url\":\"https:\\\/\\\/www.herbertz1925.com\\\/de\\\/schneidbuechsen\\\/schneidbuechsen-schneidgeometrie\\\/\",\"name\":\"Schneidb\u00fcchsen - Schneidgeometrien | Herbertz Messer\",\"isPartOf\":{\"@id\":\"https:\\\/\\\/www.herbertz1925.com\\\/de\\\/#website\"},\"datePublished\":\"2020-03-30T13:12:23+00:00\",\"dateModified\":\"2026-03-24T15:46:49+00:00\",\"description\":\"Schneidb\u00fcchsen - Schneidgeometrien | Herbertz Schneidb\u00fcchsen k\u00f6nnen in einer Vielzahl an verschiedenen Schneidgeometrien hergestellt werden.\",\"breadcrumb\":{\"@id\":\"https:\\\/\\\/www.herbertz1925.com\\\/de\\\/schneidbuechsen\\\/schneidbuechsen-schneidgeometrie\\\/#breadcrumb\"},\"inLanguage\":\"de\",\"potentialAction\":[{\"@type\":\"ReadAction\",\"target\":[\"https:\\\/\\\/www.herbertz1925.com\\\/de\\\/schneidbuechsen\\\/schneidbuechsen-schneidgeometrie\\\/\"]}]},{\"@type\":\"BreadcrumbList\",\"@id\":\"https:\\\/\\\/www.herbertz1925.com\\\/de\\\/schneidbuechsen\\\/schneidbuechsen-schneidgeometrie\\\/#breadcrumb\",\"itemListElement\":[{\"@type\":\"ListItem\",\"position\":1,\"name\":\"Home\",\"item\":\"https:\\\/\\\/www.herbertz1925.com\\\/de\\\/\"},{\"@type\":\"ListItem\",\"position\":2,\"name\":\"Schneidb\u00fcchsen\",\"item\":\"https:\\\/\\\/www.herbertz1925.com\\\/de\\\/grooved-knife-bushes\\\/\"},{\"@type\":\"ListItem\",\"position\":3,\"name\":\"Schneidb\u00fcchsen Schneidgeometrie\"}]},{\"@type\":\"WebSite\",\"@id\":\"https:\\\/\\\/www.herbertz1925.com\\\/de\\\/#website\",\"url\":\"https:\\\/\\\/www.herbertz1925.com\\\/de\\\/\",\"name\":\"Herbertz Maschinenmesserfabrik\",\"description\":\"Hochwertige Werkzeugst\u00e4hle f\u00fcr hochwertige Maschinenmesser\",\"publisher\":{\"@id\":\"https:\\\/\\\/www.herbertz1925.com\\\/de\\\/#organization\"},\"potentialAction\":[{\"@type\":\"SearchAction\",\"target\":{\"@type\":\"EntryPoint\",\"urlTemplate\":\"https:\\\/\\\/www.herbertz1925.com\\\/de\\\/?s={search_term_string}\"},\"query-input\":{\"@type\":\"PropertyValueSpecification\",\"valueRequired\":true,\"valueName\":\"search_term_string\"}}],\"inLanguage\":\"de\"},{\"@type\":\"Organization\",\"@id\":\"https:\\\/\\\/www.herbertz1925.com\\\/de\\\/#organization\",\"name\":\"Herbertz GmbH & Co. KG\",\"url\":\"https:\\\/\\\/www.herbertz1925.com\\\/de\\\/\",\"logo\":{\"@type\":\"ImageObject\",\"inLanguage\":\"de\",\"@id\":\"https:\\\/\\\/www.herbertz1925.com\\\/de\\\/#\\\/schema\\\/logo\\\/image\\\/\",\"url\":\"https:\\\/\\\/www.herbertz1925.com\\\/wp-content\\\/uploads\\\/2020\\\/03\\\/Logo-Herbertz-2020-1.png\",\"contentUrl\":\"https:\\\/\\\/www.herbertz1925.com\\\/wp-content\\\/uploads\\\/2020\\\/03\\\/Logo-Herbertz-2020-1.png\",\"width\":362,\"height\":196,\"caption\":\"Herbertz GmbH & Co. KG\"},\"image\":{\"@id\":\"https:\\\/\\\/www.herbertz1925.com\\\/de\\\/#\\\/schema\\\/logo\\\/image\\\/\"}}]}<\/script>\n<!-- \/ Yoast SEO plugin. -->","yoast_head_json":{"title":"Schneidb\u00fcchsen - Schneidgeometrien | Herbertz Messer","description":"Schneidb\u00fcchsen - Schneidgeometrien | Herbertz Schneidb\u00fcchsen k\u00f6nnen in einer Vielzahl an verschiedenen Schneidgeometrien hergestellt werden.","robots":{"index":"index","follow":"follow","max-snippet":"max-snippet:-1","max-image-preview":"max-image-preview:large","max-video-preview":"max-video-preview:-1"},"canonical":"https:\/\/www.herbertz1925.com\/de\/schneidbuechsen\/schneidbuechsen-schneidgeometrie\/","og_locale":"de_DE","og_type":"article","og_title":"Schneidb\u00fcchsen - Schneidgeometrien | Herbertz Messer","og_description":"Schneidb\u00fcchsen - Schneidgeometrien | Herbertz Schneidb\u00fcchsen k\u00f6nnen in einer Vielzahl an verschiedenen Schneidgeometrien hergestellt werden.","og_url":"https:\/\/www.herbertz1925.com\/de\/schneidbuechsen\/schneidbuechsen-schneidgeometrie\/","og_site_name":"Herbertz Maschinenmesserfabrik","article_modified_time":"2026-03-24T15:46:49+00:00","og_image":[{"width":1920,"height":1440,"url":"https:\/\/www.herbertz1925.com\/wp-content\/uploads\/2019\/02\/Luftbild-2019.jpg","type":"image\/jpeg"}],"twitter_card":"summary_large_image","twitter_misc":{"Gesch\u00e4tzte Lesezeit":"1\u00a0Minute"},"schema":{"@context":"https:\/\/schema.org","@graph":[{"@type":"WebPage","@id":"https:\/\/www.herbertz1925.com\/de\/schneidbuechsen\/schneidbuechsen-schneidgeometrie\/","url":"https:\/\/www.herbertz1925.com\/de\/schneidbuechsen\/schneidbuechsen-schneidgeometrie\/","name":"Schneidb\u00fcchsen - Schneidgeometrien | Herbertz Messer","isPartOf":{"@id":"https:\/\/www.herbertz1925.com\/de\/#website"},"datePublished":"2020-03-30T13:12:23+00:00","dateModified":"2026-03-24T15:46:49+00:00","description":"Schneidb\u00fcchsen - Schneidgeometrien | Herbertz Schneidb\u00fcchsen k\u00f6nnen in einer Vielzahl an verschiedenen Schneidgeometrien hergestellt werden.","breadcrumb":{"@id":"https:\/\/www.herbertz1925.com\/de\/schneidbuechsen\/schneidbuechsen-schneidgeometrie\/#breadcrumb"},"inLanguage":"de","potentialAction":[{"@type":"ReadAction","target":["https:\/\/www.herbertz1925.com\/de\/schneidbuechsen\/schneidbuechsen-schneidgeometrie\/"]}]},{"@type":"BreadcrumbList","@id":"https:\/\/www.herbertz1925.com\/de\/schneidbuechsen\/schneidbuechsen-schneidgeometrie\/#breadcrumb","itemListElement":[{"@type":"ListItem","position":1,"name":"Home","item":"https:\/\/www.herbertz1925.com\/de\/"},{"@type":"ListItem","position":2,"name":"Schneidb\u00fcchsen","item":"https:\/\/www.herbertz1925.com\/de\/grooved-knife-bushes\/"},{"@type":"ListItem","position":3,"name":"Schneidb\u00fcchsen Schneidgeometrie"}]},{"@type":"WebSite","@id":"https:\/\/www.herbertz1925.com\/de\/#website","url":"https:\/\/www.herbertz1925.com\/de\/","name":"Herbertz Maschinenmesserfabrik","description":"Hochwertige Werkzeugst\u00e4hle f\u00fcr hochwertige Maschinenmesser","publisher":{"@id":"https:\/\/www.herbertz1925.com\/de\/#organization"},"potentialAction":[{"@type":"SearchAction","target":{"@type":"EntryPoint","urlTemplate":"https:\/\/www.herbertz1925.com\/de\/?s={search_term_string}"},"query-input":{"@type":"PropertyValueSpecification","valueRequired":true,"valueName":"search_term_string"}}],"inLanguage":"de"},{"@type":"Organization","@id":"https:\/\/www.herbertz1925.com\/de\/#organization","name":"Herbertz GmbH & Co. KG","url":"https:\/\/www.herbertz1925.com\/de\/","logo":{"@type":"ImageObject","inLanguage":"de","@id":"https:\/\/www.herbertz1925.com\/de\/#\/schema\/logo\/image\/","url":"https:\/\/www.herbertz1925.com\/wp-content\/uploads\/2020\/03\/Logo-Herbertz-2020-1.png","contentUrl":"https:\/\/www.herbertz1925.com\/wp-content\/uploads\/2020\/03\/Logo-Herbertz-2020-1.png","width":362,"height":196,"caption":"Herbertz GmbH & Co. KG"},"image":{"@id":"https:\/\/www.herbertz1925.com\/de\/#\/schema\/logo\/image\/"}}]}},"_links":{"self":[{"href":"https:\/\/www.herbertz1925.com\/de\/wp-json\/wp\/v2\/pages\/976","targetHints":{"allow":["GET"]}}],"collection":[{"href":"https:\/\/www.herbertz1925.com\/de\/wp-json\/wp\/v2\/pages"}],"about":[{"href":"https:\/\/www.herbertz1925.com\/de\/wp-json\/wp\/v2\/types\/page"}],"author":[{"embeddable":true,"href":"https:\/\/www.herbertz1925.com\/de\/wp-json\/wp\/v2\/users\/1"}],"replies":[{"embeddable":true,"href":"https:\/\/www.herbertz1925.com\/de\/wp-json\/wp\/v2\/comments?post=976"}],"version-history":[{"count":16,"href":"https:\/\/www.herbertz1925.com\/de\/wp-json\/wp\/v2\/pages\/976\/revisions"}],"predecessor-version":[{"id":11741,"href":"https:\/\/www.herbertz1925.com\/de\/wp-json\/wp\/v2\/pages\/976\/revisions\/11741"}],"up":[{"embeddable":true,"href":"https:\/\/www.herbertz1925.com\/de\/wp-json\/wp\/v2\/pages\/542"}],"wp:attachment":[{"href":"https:\/\/www.herbertz1925.com\/de\/wp-json\/wp\/v2\/media?parent=976"}],"curies":[{"name":"wp","href":"https:\/\/api.w.org\/{rel}","templated":true}]}}