{"id":981,"date":"2020-03-30T13:25:40","date_gmt":"2020-03-30T13:25:40","guid":{"rendered":"https:\/\/www.herbertz1925.com\/?page_id=981"},"modified":"2026-03-24T16:46:53","modified_gmt":"2026-03-24T15:46:53","slug":"schneidbuechsen-werkstoffe","status":"publish","type":"page","link":"https:\/\/www.herbertz1925.com\/de\/schneidbuechsen\/schneidbuechsen-werkstoffe\/","title":{"rendered":"Schneidb\u00fcchsen Werkstoffe"},"content":{"rendered":"\t\t<div data-elementor-type=\"wp-page\" data-elementor-id=\"981\" class=\"elementor elementor-981\" data-elementor-post-type=\"page\">\n\t\t\t\t<div class=\"elementor-element elementor-element-7f66b24 stretch-width e-flex e-con-boxed e-con e-parent\" data-id=\"7f66b24\" data-element_type=\"container\" data-e-type=\"container\" data-settings=\"{&quot;background_background&quot;:&quot;classic&quot;}\">\n\t\t\t\t\t<div class=\"e-con-inner\">\n\t\t\t\t<div class=\"elementor-element elementor-element-92fb22d elementor-widget elementor-widget-heading\" data-id=\"92fb22d\" data-element_type=\"widget\" data-e-type=\"widget\" data-widget_type=\"heading.default\">\n\t\t\t\t<div class=\"elementor-widget-container\">\n\t\t\t\t\t<h2 class=\"elementor-heading-title elementor-size-default\">Schneidb\u00fcchsen<br>\nRollenschneidsysteme<\/h2>\t\t\t\t<\/div>\n\t\t\t\t<\/div>\n\t\t\t\t<div class=\"elementor-element elementor-element-731c50c elementor-widget elementor-widget-text-editor\" data-id=\"731c50c\" data-element_type=\"widget\" data-e-type=\"widget\" data-widget_type=\"text-editor.default\">\n\t\t\t\t<div class=\"elementor-widget-container\">\n\t\t\t\t\t\t\t\t\t<p>Schnelles, sauberes Schneiden von Folien, Kabeln, Papier, Kunststoff, Etiketten und Verpackungen \u2013 mit au\u00dfergew\u00f6hnlicher Langlebigkeit. Wenden Sie sich an unser Team, um die optimale L\u00f6sung f\u00fcr Ihre Maschinen zu finden.<\/p>\t\t\t\t\t\t\t\t<\/div>\n\t\t\t\t<\/div>\n\t\t\t\t\t<\/div>\n\t\t\t\t<\/div>\n\t\t\t\t<section class=\"elementor-section elementor-top-section elementor-element elementor-element-e8ee546 elementor-section-boxed elementor-section-height-default elementor-section-height-default\" data-id=\"e8ee546\" data-element_type=\"section\" data-e-type=\"section\">\n\t\t\t\t\t\t<div class=\"elementor-container elementor-column-gap-default\">\n\t\t\t\t\t<div class=\"elementor-column elementor-col-100 elementor-top-column elementor-element elementor-element-da025c7\" data-id=\"da025c7\" data-element_type=\"column\" data-e-type=\"column\">\n\t\t\t<div class=\"elementor-widget-wrap elementor-element-populated\">\n\t\t\t\t\t\t<div class=\"elementor-element elementor-element-3f0a473 elementor-widget elementor-widget-text-editor\" data-id=\"3f0a473\" data-element_type=\"widget\" data-e-type=\"widget\" data-widget_type=\"text-editor.default\">\n\t\t\t\t<div class=\"elementor-widget-container\">\n\t\t\t\t\t\t\t\t\t<h1>Schneidb\u00fcchsen aus hochwertigen Werkstoffen<\/h1><p>Wir, die Herbertz GmbH und Co. KG verarbeiten bei unseren Schneidb\u00fcchsen nur die besten Stahlsorten. Diese werden immer aufgrund der sp\u00e4ter ausge\u00fcbten Aufgabe ausgesucht.<\/p><p>Der passende Werkstoff kann in Ihrem Anwendungsfall \u00fcber Standzeit und Qualit\u00e4t des Schnittergebnisses entscheiden.<\/p><p>Wir beraten Sie gerne bei der Auswahl des richtigen Werkstoffes f\u00fcr Ihren Einsatzzweck.<\/p><p>Mit der richtigen Auswahl des Werkstoffes optimieren Sie die Standzeit Ihrer Schneidb\u00fcchse.<\/p><p>Unserer Werkstoff\u00fcbersicht k\u00f6nnen Sie die meist genutzten Werkstoffe entnehmen und sich einen Eindruck \u00fcber die Vielfalt der verschiedenen Werkstoffe machen.<\/p>\t\t\t\t\t\t\t\t<\/div>\n\t\t\t\t<\/div>\n\t\t\t\t\t<\/div>\n\t\t<\/div>\n\t\t\t\t\t<\/div>\n\t\t<\/section>\n\t\t\t\t<section class=\"elementor-section elementor-top-section elementor-element elementor-element-66e4522e elementor-section-boxed elementor-section-height-default elementor-section-height-default\" data-id=\"66e4522e\" data-element_type=\"section\" data-e-type=\"section\">\n\t\t\t\t\t\t<div class=\"elementor-container elementor-column-gap-default\">\n\t\t\t\t\t<div class=\"elementor-column elementor-col-33 elementor-top-column elementor-element elementor-element-2b4b5a24\" data-id=\"2b4b5a24\" data-element_type=\"column\" data-e-type=\"column\">\n\t\t\t<div class=\"elementor-widget-wrap elementor-element-populated\">\n\t\t\t\t\t\t<div class=\"elementor-element elementor-element-29ac350a elementor-widget elementor-widget-text-editor\" data-id=\"29ac350a\" data-element_type=\"widget\" data-e-type=\"widget\" data-widget_type=\"text-editor.default\">\n\t\t\t\t<div class=\"elementor-widget-container\">\n\t\t\t\t\t\t\t\t\t<h3>Legierter Werkzeugstahl <br \/>(z.B.: 1.2067 &#8211; 1.2235)<\/h3><ul><li>gute Z\u00e4higkeit<\/li><li>durchschnittliche Verschlei\u00dffestigkeit<\/li><li>f\u00fcr einfache Anwendungen geeignet<\/li><\/ul>\t\t\t\t\t\t\t\t<\/div>\n\t\t\t\t<\/div>\n\t\t\t\t\t<\/div>\n\t\t<\/div>\n\t\t\t\t<div class=\"elementor-column elementor-col-33 elementor-top-column elementor-element elementor-element-6651ef0c\" data-id=\"6651ef0c\" data-element_type=\"column\" data-e-type=\"column\">\n\t\t\t<div class=\"elementor-widget-wrap elementor-element-populated\">\n\t\t\t\t\t\t<div class=\"elementor-element elementor-element-171c747d elementor-widget elementor-widget-text-editor\" data-id=\"171c747d\" data-element_type=\"widget\" data-e-type=\"widget\" data-widget_type=\"text-editor.default\">\n\t\t\t\t<div class=\"elementor-widget-container\">\n\t\t\t\t\t\t\t\t\t<h3>Hochchrom &#8211; Werkzeugstahl <br \/>(z.B.: 1.2379 &#8211; 1.2436)<\/h3><ul><li>hochlegierter Chromstahl (mindestens 12% Chrom)<\/li><li>gute Z\u00e4higkeit<\/li><li>hohe Verschlei\u00dffestigkeit<\/li><li>f\u00fcr vielseitige Schneidaufgaben mit gehobenen Anforderungen geeignet<\/li><\/ul>\t\t\t\t\t\t\t\t<\/div>\n\t\t\t\t<\/div>\n\t\t\t\t\t<\/div>\n\t\t<\/div>\n\t\t\t\t<div class=\"elementor-column elementor-col-33 elementor-top-column elementor-element elementor-element-5bcfc2ff\" data-id=\"5bcfc2ff\" data-element_type=\"column\" data-e-type=\"column\">\n\t\t\t<div class=\"elementor-widget-wrap elementor-element-populated\">\n\t\t\t\t\t\t<div class=\"elementor-element elementor-element-2a5884e8 elementor-widget elementor-widget-text-editor\" data-id=\"2a5884e8\" data-element_type=\"widget\" data-e-type=\"widget\" data-widget_type=\"text-editor.default\">\n\t\t\t\t<div class=\"elementor-widget-container\">\n\t\t\t\t\t\t\t\t\t<h3>Hochleistungs-Schnell-Stahl <br \/>(z.B.: 1.3333 &#8211; 1.3343 &#8211; 1.3355)<\/h3><ul><li>hochverschlei\u00dffester Stahl<\/li><li>hohe H\u00e4rte<\/li><li>hoher Wolframgehalt<\/li><li>hohe Schnittgeschwindigkeiten<\/li><li>f\u00fcr Schneidaufgaben, die eine gute Schnitthaltigkeit erfordern<\/li><\/ul>\t\t\t\t\t\t\t\t<\/div>\n\t\t\t\t<\/div>\n\t\t\t\t\t<\/div>\n\t\t<\/div>\n\t\t\t\t\t<\/div>\n\t\t<\/section>\n\t\t\t\t<section class=\"elementor-section elementor-top-section elementor-element elementor-element-6fd25a39 elementor-section-boxed elementor-section-height-default elementor-section-height-default\" data-id=\"6fd25a39\" data-element_type=\"section\" data-e-type=\"section\">\n\t\t\t\t\t\t<div class=\"elementor-container elementor-column-gap-default\">\n\t\t\t\t\t<div class=\"elementor-column elementor-col-33 elementor-top-column elementor-element elementor-element-4b55c6d3\" data-id=\"4b55c6d3\" data-element_type=\"column\" data-e-type=\"column\">\n\t\t\t<div class=\"elementor-widget-wrap elementor-element-populated\">\n\t\t\t\t\t\t<div class=\"elementor-element elementor-element-5952733f elementor-widget elementor-widget-text-editor\" data-id=\"5952733f\" data-element_type=\"widget\" data-e-type=\"widget\" data-widget_type=\"text-editor.default\">\n\t\t\t\t<div class=\"elementor-widget-container\">\n\t\t\t\t\t\t\t\t\t<h3>HSS-pulvermetallurgisch <br \/>(ASP CPM)<\/h3><ul><li>hohe Z\u00e4higkeit<\/li><li>gute Verschlei\u00dffestigkeit<\/li><li>erreicht bei speziellen Schneidaufgaben bessere Schnittleistungen als HSS<\/li><\/ul>\t\t\t\t\t\t\t\t<\/div>\n\t\t\t\t<\/div>\n\t\t\t\t\t<\/div>\n\t\t<\/div>\n\t\t\t\t<div class=\"elementor-column elementor-col-33 elementor-top-column elementor-element elementor-element-1d27b11e\" data-id=\"1d27b11e\" data-element_type=\"column\" data-e-type=\"column\">\n\t\t\t<div class=\"elementor-widget-wrap elementor-element-populated\">\n\t\t\t\t\t\t<div class=\"elementor-element elementor-element-542ba351 elementor-widget elementor-widget-text-editor\" data-id=\"542ba351\" data-element_type=\"widget\" data-e-type=\"widget\" data-widget_type=\"text-editor.default\">\n\t\t\t\t<div class=\"elementor-widget-container\">\n\t\t\t\t\t\t\t\t\t<h3>Rostbest\u00e4ndiger Stahl <br \/>(1.4034 &#8211; 1.4021)<\/h3><ul><li>hoher Chromanteil, rostbest\u00e4ndig<\/li><li>ausreichende Verschlei\u00dffestigkeit<\/li><li>f\u00fcr Schneidaufgaben, die Rostbest\u00e4ndigkeit (Lebensmittel) erfordern<\/li><\/ul>\t\t\t\t\t\t\t\t<\/div>\n\t\t\t\t<\/div>\n\t\t\t\t\t<\/div>\n\t\t<\/div>\n\t\t\t\t<div class=\"elementor-column elementor-col-33 elementor-top-column elementor-element elementor-element-d9da90a\" data-id=\"d9da90a\" data-element_type=\"column\" data-e-type=\"column\">\n\t\t\t<div class=\"elementor-widget-wrap elementor-element-populated\">\n\t\t\t\t\t\t<div class=\"elementor-element elementor-element-145370b6 elementor-widget elementor-widget-text-editor\" data-id=\"145370b6\" data-element_type=\"widget\" data-e-type=\"widget\" data-widget_type=\"text-editor.default\">\n\t\t\t\t<div class=\"elementor-widget-container\">\n\t\t\t\t\t\t\t\t\t<h3>Hartmetall<\/h3><ul><li>Nachverdichteter Werkstoff<\/li><li>erfordert fachm\u00e4nnische Handhabung<\/li><li>Schneidaufgaben mit sehr hoher Standzeit und Verschlei\u00dffestigkeit<\/li><\/ul>\t\t\t\t\t\t\t\t<\/div>\n\t\t\t\t<\/div>\n\t\t\t\t\t<\/div>\n\t\t<\/div>\n\t\t\t\t\t<\/div>\n\t\t<\/section>\n\t\t<div class=\"elementor-element elementor-element-c0d014d e-flex e-con-boxed e-con e-parent\" data-id=\"c0d014d\" data-element_type=\"container\" data-e-type=\"container\">\n\t\t\t\t\t<div class=\"e-con-inner\">\n\t\t\t\t<div class=\"elementor-element elementor-element-6ee33b1 elementor-widget elementor-widget-gallery\" data-id=\"6ee33b1\" data-element_type=\"widget\" data-e-type=\"widget\" data-settings=\"{&quot;gallery_layout&quot;:&quot;justified&quot;,&quot;gap&quot;:{&quot;unit&quot;:&quot;px&quot;,&quot;size&quot;:15,&quot;sizes&quot;:[]},&quot;lazyload&quot;:&quot;yes&quot;,&quot;ideal_row_height&quot;:{&quot;unit&quot;:&quot;px&quot;,&quot;size&quot;:200,&quot;sizes&quot;:[]},&quot;ideal_row_height_tablet&quot;:{&quot;unit&quot;:&quot;px&quot;,&quot;size&quot;:150,&quot;sizes&quot;:[]},&quot;ideal_row_height_mobile&quot;:{&quot;unit&quot;:&quot;px&quot;,&quot;size&quot;:150,&quot;sizes&quot;:[]},&quot;gap_tablet&quot;:{&quot;unit&quot;:&quot;px&quot;,&quot;size&quot;:10,&quot;sizes&quot;:[]},&quot;gap_mobile&quot;:{&quot;unit&quot;:&quot;px&quot;,&quot;size&quot;:10,&quot;sizes&quot;:[]},&quot;link_to&quot;:&quot;file&quot;,&quot;overlay_background&quot;:&quot;yes&quot;,&quot;content_hover_animation&quot;:&quot;fade-in&quot;}\" data-widget_type=\"gallery.default\">\n\t\t\t\t<div class=\"elementor-widget-container\">\n\t\t\t\t\t\t\t<div class=\"elementor-gallery__container\">\n\t\t\t\t\t\t\t<a class=\"e-gallery-item elementor-gallery-item elementor-animated-content\" href=\"https:\/\/www.herbertz1925.com\/wp-content\/uploads\/2026\/03\/Blade_Materials_made_in_Germany_Herbertz_1.jpg\" data-elementor-open-lightbox=\"yes\" data-elementor-lightbox-slideshow=\"6ee33b1\" data-elementor-lightbox-title=\"Blade_Materials_made_in_Germany_Herbertz_1\" data-e-action-hash=\"#elementor-action%3Aaction%3Dlightbox%26settings%3DeyJpZCI6ODUxOCwidXJsIjoiaHR0cHM6XC9cL3d3dy5oZXJiZXJ0ejE5MjUuY29tXC93cC1jb250ZW50XC91cGxvYWRzXC8yMDI2XC8wM1wvQmxhZGVfTWF0ZXJpYWxzX21hZGVfaW5fR2VybWFueV9IZXJiZXJ0el8xLmpwZyIsInNsaWRlc2hvdyI6IjZlZTMzYjEifQ%3D%3D\">\n\t\t\t\t\t<div class=\"e-gallery-image elementor-gallery-item__image\" data-thumbnail=\"https:\/\/www.herbertz1925.com\/wp-content\/uploads\/2026\/03\/Blade_Materials_made_in_Germany_Herbertz_1-768x1152.jpg\" data-width=\"768\" data-height=\"1152\" aria-label=\"\" role=\"img\" ><\/div>\n\t\t\t\t\t\t\t\t\t\t\t<div class=\"elementor-gallery-item__overlay\"><\/div>\n\t\t\t\t\t\t\t\t\t\t\t\t\t\t<\/a>\n\t\t\t\t\t\t\t<a class=\"e-gallery-item elementor-gallery-item elementor-animated-content\" href=\"https:\/\/www.herbertz1925.com\/wp-content\/uploads\/2026\/03\/Blade_Materials_made_in_Germany_Herbertz_2.jpg\" data-elementor-open-lightbox=\"yes\" data-elementor-lightbox-slideshow=\"6ee33b1\" data-elementor-lightbox-title=\"Blade_Materials_made_in_Germany_Herbertz_2\" data-e-action-hash=\"#elementor-action%3Aaction%3Dlightbox%26settings%3DeyJpZCI6ODUyMCwidXJsIjoiaHR0cHM6XC9cL3d3dy5oZXJiZXJ0ejE5MjUuY29tXC93cC1jb250ZW50XC91cGxvYWRzXC8yMDI2XC8wM1wvQmxhZGVfTWF0ZXJpYWxzX21hZGVfaW5fR2VybWFueV9IZXJiZXJ0el8yLmpwZyIsInNsaWRlc2hvdyI6IjZlZTMzYjEifQ%3D%3D\">\n\t\t\t\t\t<div class=\"e-gallery-image elementor-gallery-item__image\" data-thumbnail=\"https:\/\/www.herbertz1925.com\/wp-content\/uploads\/2026\/03\/Blade_Materials_made_in_Germany_Herbertz_2-768x1144.jpg\" data-width=\"768\" data-height=\"1144\" aria-label=\"\" role=\"img\" ><\/div>\n\t\t\t\t\t\t\t\t\t\t\t<div class=\"elementor-gallery-item__overlay\"><\/div>\n\t\t\t\t\t\t\t\t\t\t\t\t\t\t<\/a>\n\t\t\t\t\t\t\t<a class=\"e-gallery-item elementor-gallery-item elementor-animated-content\" href=\"https:\/\/www.herbertz1925.com\/wp-content\/uploads\/2026\/03\/Blade_Materials_made_in_Germany_Herbertz_3.jpg\" data-elementor-open-lightbox=\"yes\" data-elementor-lightbox-slideshow=\"6ee33b1\" data-elementor-lightbox-title=\"Blade_Materials_made_in_Germany_Herbertz_3\" data-e-action-hash=\"#elementor-action%3Aaction%3Dlightbox%26settings%3DeyJpZCI6ODUyMiwidXJsIjoiaHR0cHM6XC9cL3d3dy5oZXJiZXJ0ejE5MjUuY29tXC93cC1jb250ZW50XC91cGxvYWRzXC8yMDI2XC8wM1wvQmxhZGVfTWF0ZXJpYWxzX21hZGVfaW5fR2VybWFueV9IZXJiZXJ0el8zLmpwZyIsInNsaWRlc2hvdyI6IjZlZTMzYjEifQ%3D%3D\">\n\t\t\t\t\t<div class=\"e-gallery-image elementor-gallery-item__image\" data-thumbnail=\"https:\/\/www.herbertz1925.com\/wp-content\/uploads\/2026\/03\/Blade_Materials_made_in_Germany_Herbertz_3-768x1152.jpg\" data-width=\"768\" data-height=\"1152\" aria-label=\"\" role=\"img\" ><\/div>\n\t\t\t\t\t\t\t\t\t\t\t<div class=\"elementor-gallery-item__overlay\"><\/div>\n\t\t\t\t\t\t\t\t\t\t\t\t\t\t<\/a>\n\t\t\t\t\t\t\t<a class=\"e-gallery-item elementor-gallery-item elementor-animated-content\" href=\"https:\/\/www.herbertz1925.com\/wp-content\/uploads\/2026\/03\/Blade_Materials_made_in_Germany_Herbertz_4.jpg\" data-elementor-open-lightbox=\"yes\" data-elementor-lightbox-slideshow=\"6ee33b1\" data-elementor-lightbox-title=\"iron plate laser cut\" data-e-action-hash=\"#elementor-action%3Aaction%3Dlightbox%26settings%3DeyJpZCI6ODUyNCwidXJsIjoiaHR0cHM6XC9cL3d3dy5oZXJiZXJ0ejE5MjUuY29tXC93cC1jb250ZW50XC91cGxvYWRzXC8yMDI2XC8wM1wvQmxhZGVfTWF0ZXJpYWxzX21hZGVfaW5fR2VybWFueV9IZXJiZXJ0el80LmpwZyIsInNsaWRlc2hvdyI6IjZlZTMzYjEifQ%3D%3D\">\n\t\t\t\t\t<div class=\"e-gallery-image elementor-gallery-item__image\" data-thumbnail=\"https:\/\/www.herbertz1925.com\/wp-content\/uploads\/2026\/03\/Blade_Materials_made_in_Germany_Herbertz_4-768x512.jpg\" data-width=\"768\" data-height=\"512\" aria-label=\"\" role=\"img\" ><\/div>\n\t\t\t\t\t\t\t\t\t\t\t<div class=\"elementor-gallery-item__overlay\"><\/div>\n\t\t\t\t\t\t\t\t\t\t\t\t\t\t<\/a>\n\t\t\t\t\t\t\t<a class=\"e-gallery-item elementor-gallery-item elementor-animated-content\" href=\"https:\/\/www.herbertz1925.com\/wp-content\/uploads\/2026\/03\/Forged-in-fire.jpg\" data-elementor-open-lightbox=\"yes\" data-elementor-lightbox-slideshow=\"6ee33b1\" data-elementor-lightbox-title=\"Forged in fire\" data-e-action-hash=\"#elementor-action%3Aaction%3Dlightbox%26settings%3DeyJpZCI6ODUyNiwidXJsIjoiaHR0cHM6XC9cL3d3dy5oZXJiZXJ0ejE5MjUuY29tXC93cC1jb250ZW50XC91cGxvYWRzXC8yMDI2XC8wM1wvRm9yZ2VkLWluLWZpcmUuanBnIiwic2xpZGVzaG93IjoiNmVlMzNiMSJ9\">\n\t\t\t\t\t<div class=\"e-gallery-image elementor-gallery-item__image\" data-thumbnail=\"https:\/\/www.herbertz1925.com\/wp-content\/uploads\/2026\/03\/Forged-in-fire-768x512.jpg\" data-width=\"768\" data-height=\"512\" aria-label=\"\" role=\"img\" ><\/div>\n\t\t\t\t\t\t\t\t\t\t\t<div class=\"elementor-gallery-item__overlay\"><\/div>\n\t\t\t\t\t\t\t\t\t\t\t\t\t\t<\/a>\n\t\t\t\t\t<\/div>\n\t\t\t\t\t<\/div>\n\t\t\t\t<\/div>\n\t\t\t\t\t<\/div>\n\t\t\t\t<\/div>\n\t\t\t\t<\/div>\n\t\t","protected":false},"excerpt":{"rendered":"<p>Schneidb\u00fcchsen Rollenschneidsysteme Schnelles, sauberes Schneiden von Folien, Kabeln, Papier, Kunststoff, Etiketten und Verpackungen \u2013 mit au\u00dfergew\u00f6hnlicher Langlebigkeit. Wenden Sie sich an unser Team, um die optimale L\u00f6sung f\u00fcr Ihre Maschinen zu finden. Schneidb\u00fcchsen aus hochwertigen Werkstoffen Wir, die Herbertz GmbH und Co. KG verarbeiten bei unseren Schneidb\u00fcchsen nur die besten Stahlsorten. Diese werden immer aufgrund [&hellip;]<\/p>\n","protected":false},"author":1,"featured_media":0,"parent":542,"menu_order":30,"comment_status":"closed","ping_status":"closed","template":"","meta":{"footnotes":""},"class_list":["post-981","page","type-page","status-publish","hentry"],"yoast_head":"<!-- This site is optimized with the Yoast SEO plugin v27.3 - https:\/\/yoast.com\/product\/yoast-seo-wordpress\/ -->\n<title>Schneidb\u00fcchsen - Werkstoffe | Herbertz GmbH &amp; Co KG<\/title>\n<meta name=\"description\" content=\"Schneidb\u00fcchsen - Werkstoffe | Die Herbertz GmbH &amp; Co. KG bietet Ihnen immer die richtige Auswahl an Werkstoffen.Rufen Sie uns an.\" \/>\n<meta name=\"robots\" content=\"index, follow, max-snippet:-1, max-image-preview:large, max-video-preview:-1\" \/>\n<link rel=\"canonical\" href=\"https:\/\/www.herbertz1925.com\/de\/schneidbuechsen\/schneidbuechsen-werkstoffe\/\" \/>\n<meta property=\"og:locale\" content=\"de_DE\" \/>\n<meta property=\"og:type\" content=\"article\" \/>\n<meta property=\"og:title\" content=\"Schneidb\u00fcchsen - Werkstoffe | Herbertz GmbH &amp; Co KG\" \/>\n<meta property=\"og:description\" content=\"Schneidb\u00fcchsen - Werkstoffe | Die Herbertz GmbH &amp; Co. KG bietet Ihnen immer die richtige Auswahl an Werkstoffen.Rufen Sie uns an.\" \/>\n<meta property=\"og:url\" content=\"https:\/\/www.herbertz1925.com\/de\/schneidbuechsen\/schneidbuechsen-werkstoffe\/\" \/>\n<meta property=\"og:site_name\" content=\"Herbertz Maschinenmesserfabrik\" \/>\n<meta property=\"article:modified_time\" content=\"2026-03-24T15:46:53+00:00\" \/>\n<meta property=\"og:image\" content=\"https:\/\/www.herbertz1925.com\/wp-content\/uploads\/2019\/02\/Luftbild-2019.jpg\" \/>\n\t<meta property=\"og:image:width\" content=\"1920\" \/>\n\t<meta property=\"og:image:height\" content=\"1440\" \/>\n\t<meta property=\"og:image:type\" content=\"image\/jpeg\" \/>\n<meta name=\"twitter:card\" content=\"summary_large_image\" \/>\n<meta name=\"twitter:label1\" content=\"Gesch\u00e4tzte Lesezeit\" \/>\n\t<meta name=\"twitter:data1\" content=\"2\u00a0Minuten\" \/>\n<script type=\"application\/ld+json\" class=\"yoast-schema-graph\">{\"@context\":\"https:\\\/\\\/schema.org\",\"@graph\":[{\"@type\":\"WebPage\",\"@id\":\"https:\\\/\\\/www.herbertz1925.com\\\/de\\\/schneidbuechsen\\\/schneidbuechsen-werkstoffe\\\/\",\"url\":\"https:\\\/\\\/www.herbertz1925.com\\\/de\\\/schneidbuechsen\\\/schneidbuechsen-werkstoffe\\\/\",\"name\":\"Schneidb\u00fcchsen - Werkstoffe | Herbertz GmbH & Co KG\",\"isPartOf\":{\"@id\":\"https:\\\/\\\/www.herbertz1925.com\\\/de\\\/#website\"},\"datePublished\":\"2020-03-30T13:25:40+00:00\",\"dateModified\":\"2026-03-24T15:46:53+00:00\",\"description\":\"Schneidb\u00fcchsen - Werkstoffe | Die Herbertz GmbH & Co. KG bietet Ihnen immer die richtige Auswahl an Werkstoffen.Rufen Sie uns an.\",\"breadcrumb\":{\"@id\":\"https:\\\/\\\/www.herbertz1925.com\\\/de\\\/schneidbuechsen\\\/schneidbuechsen-werkstoffe\\\/#breadcrumb\"},\"inLanguage\":\"de\",\"potentialAction\":[{\"@type\":\"ReadAction\",\"target\":[\"https:\\\/\\\/www.herbertz1925.com\\\/de\\\/schneidbuechsen\\\/schneidbuechsen-werkstoffe\\\/\"]}]},{\"@type\":\"BreadcrumbList\",\"@id\":\"https:\\\/\\\/www.herbertz1925.com\\\/de\\\/schneidbuechsen\\\/schneidbuechsen-werkstoffe\\\/#breadcrumb\",\"itemListElement\":[{\"@type\":\"ListItem\",\"position\":1,\"name\":\"Home\",\"item\":\"https:\\\/\\\/www.herbertz1925.com\\\/de\\\/\"},{\"@type\":\"ListItem\",\"position\":2,\"name\":\"Schneidb\u00fcchsen\",\"item\":\"https:\\\/\\\/www.herbertz1925.com\\\/de\\\/grooved-knife-bushes\\\/\"},{\"@type\":\"ListItem\",\"position\":3,\"name\":\"Schneidb\u00fcchsen Werkstoffe\"}]},{\"@type\":\"WebSite\",\"@id\":\"https:\\\/\\\/www.herbertz1925.com\\\/de\\\/#website\",\"url\":\"https:\\\/\\\/www.herbertz1925.com\\\/de\\\/\",\"name\":\"Herbertz Maschinenmesserfabrik\",\"description\":\"Hochwertige Werkzeugst\u00e4hle f\u00fcr hochwertige Maschinenmesser\",\"publisher\":{\"@id\":\"https:\\\/\\\/www.herbertz1925.com\\\/de\\\/#organization\"},\"potentialAction\":[{\"@type\":\"SearchAction\",\"target\":{\"@type\":\"EntryPoint\",\"urlTemplate\":\"https:\\\/\\\/www.herbertz1925.com\\\/de\\\/?s={search_term_string}\"},\"query-input\":{\"@type\":\"PropertyValueSpecification\",\"valueRequired\":true,\"valueName\":\"search_term_string\"}}],\"inLanguage\":\"de\"},{\"@type\":\"Organization\",\"@id\":\"https:\\\/\\\/www.herbertz1925.com\\\/de\\\/#organization\",\"name\":\"Herbertz GmbH & Co. KG\",\"url\":\"https:\\\/\\\/www.herbertz1925.com\\\/de\\\/\",\"logo\":{\"@type\":\"ImageObject\",\"inLanguage\":\"de\",\"@id\":\"https:\\\/\\\/www.herbertz1925.com\\\/de\\\/#\\\/schema\\\/logo\\\/image\\\/\",\"url\":\"https:\\\/\\\/www.herbertz1925.com\\\/wp-content\\\/uploads\\\/2020\\\/03\\\/Logo-Herbertz-2020-1.png\",\"contentUrl\":\"https:\\\/\\\/www.herbertz1925.com\\\/wp-content\\\/uploads\\\/2020\\\/03\\\/Logo-Herbertz-2020-1.png\",\"width\":362,\"height\":196,\"caption\":\"Herbertz GmbH & Co. KG\"},\"image\":{\"@id\":\"https:\\\/\\\/www.herbertz1925.com\\\/de\\\/#\\\/schema\\\/logo\\\/image\\\/\"}}]}<\/script>\n<!-- \/ Yoast SEO plugin. -->","yoast_head_json":{"title":"Schneidb\u00fcchsen - Werkstoffe | Herbertz GmbH & Co KG","description":"Schneidb\u00fcchsen - Werkstoffe | Die Herbertz GmbH & Co. KG bietet Ihnen immer die richtige Auswahl an Werkstoffen.Rufen Sie uns an.","robots":{"index":"index","follow":"follow","max-snippet":"max-snippet:-1","max-image-preview":"max-image-preview:large","max-video-preview":"max-video-preview:-1"},"canonical":"https:\/\/www.herbertz1925.com\/de\/schneidbuechsen\/schneidbuechsen-werkstoffe\/","og_locale":"de_DE","og_type":"article","og_title":"Schneidb\u00fcchsen - Werkstoffe | Herbertz GmbH & Co KG","og_description":"Schneidb\u00fcchsen - Werkstoffe | Die Herbertz GmbH & Co. KG bietet Ihnen immer die richtige Auswahl an Werkstoffen.Rufen Sie uns an.","og_url":"https:\/\/www.herbertz1925.com\/de\/schneidbuechsen\/schneidbuechsen-werkstoffe\/","og_site_name":"Herbertz Maschinenmesserfabrik","article_modified_time":"2026-03-24T15:46:53+00:00","og_image":[{"width":1920,"height":1440,"url":"https:\/\/www.herbertz1925.com\/wp-content\/uploads\/2019\/02\/Luftbild-2019.jpg","type":"image\/jpeg"}],"twitter_card":"summary_large_image","twitter_misc":{"Gesch\u00e4tzte Lesezeit":"2\u00a0Minuten"},"schema":{"@context":"https:\/\/schema.org","@graph":[{"@type":"WebPage","@id":"https:\/\/www.herbertz1925.com\/de\/schneidbuechsen\/schneidbuechsen-werkstoffe\/","url":"https:\/\/www.herbertz1925.com\/de\/schneidbuechsen\/schneidbuechsen-werkstoffe\/","name":"Schneidb\u00fcchsen - Werkstoffe | Herbertz GmbH & Co KG","isPartOf":{"@id":"https:\/\/www.herbertz1925.com\/de\/#website"},"datePublished":"2020-03-30T13:25:40+00:00","dateModified":"2026-03-24T15:46:53+00:00","description":"Schneidb\u00fcchsen - Werkstoffe | Die Herbertz GmbH & Co. KG bietet Ihnen immer die richtige Auswahl an Werkstoffen.Rufen Sie uns an.","breadcrumb":{"@id":"https:\/\/www.herbertz1925.com\/de\/schneidbuechsen\/schneidbuechsen-werkstoffe\/#breadcrumb"},"inLanguage":"de","potentialAction":[{"@type":"ReadAction","target":["https:\/\/www.herbertz1925.com\/de\/schneidbuechsen\/schneidbuechsen-werkstoffe\/"]}]},{"@type":"BreadcrumbList","@id":"https:\/\/www.herbertz1925.com\/de\/schneidbuechsen\/schneidbuechsen-werkstoffe\/#breadcrumb","itemListElement":[{"@type":"ListItem","position":1,"name":"Home","item":"https:\/\/www.herbertz1925.com\/de\/"},{"@type":"ListItem","position":2,"name":"Schneidb\u00fcchsen","item":"https:\/\/www.herbertz1925.com\/de\/grooved-knife-bushes\/"},{"@type":"ListItem","position":3,"name":"Schneidb\u00fcchsen Werkstoffe"}]},{"@type":"WebSite","@id":"https:\/\/www.herbertz1925.com\/de\/#website","url":"https:\/\/www.herbertz1925.com\/de\/","name":"Herbertz Maschinenmesserfabrik","description":"Hochwertige Werkzeugst\u00e4hle f\u00fcr hochwertige Maschinenmesser","publisher":{"@id":"https:\/\/www.herbertz1925.com\/de\/#organization"},"potentialAction":[{"@type":"SearchAction","target":{"@type":"EntryPoint","urlTemplate":"https:\/\/www.herbertz1925.com\/de\/?s={search_term_string}"},"query-input":{"@type":"PropertyValueSpecification","valueRequired":true,"valueName":"search_term_string"}}],"inLanguage":"de"},{"@type":"Organization","@id":"https:\/\/www.herbertz1925.com\/de\/#organization","name":"Herbertz GmbH & Co. KG","url":"https:\/\/www.herbertz1925.com\/de\/","logo":{"@type":"ImageObject","inLanguage":"de","@id":"https:\/\/www.herbertz1925.com\/de\/#\/schema\/logo\/image\/","url":"https:\/\/www.herbertz1925.com\/wp-content\/uploads\/2020\/03\/Logo-Herbertz-2020-1.png","contentUrl":"https:\/\/www.herbertz1925.com\/wp-content\/uploads\/2020\/03\/Logo-Herbertz-2020-1.png","width":362,"height":196,"caption":"Herbertz GmbH & Co. KG"},"image":{"@id":"https:\/\/www.herbertz1925.com\/de\/#\/schema\/logo\/image\/"}}]}},"_links":{"self":[{"href":"https:\/\/www.herbertz1925.com\/de\/wp-json\/wp\/v2\/pages\/981","targetHints":{"allow":["GET"]}}],"collection":[{"href":"https:\/\/www.herbertz1925.com\/de\/wp-json\/wp\/v2\/pages"}],"about":[{"href":"https:\/\/www.herbertz1925.com\/de\/wp-json\/wp\/v2\/types\/page"}],"author":[{"embeddable":true,"href":"https:\/\/www.herbertz1925.com\/de\/wp-json\/wp\/v2\/users\/1"}],"replies":[{"embeddable":true,"href":"https:\/\/www.herbertz1925.com\/de\/wp-json\/wp\/v2\/comments?post=981"}],"version-history":[{"count":21,"href":"https:\/\/www.herbertz1925.com\/de\/wp-json\/wp\/v2\/pages\/981\/revisions"}],"predecessor-version":[{"id":11744,"href":"https:\/\/www.herbertz1925.com\/de\/wp-json\/wp\/v2\/pages\/981\/revisions\/11744"}],"up":[{"embeddable":true,"href":"https:\/\/www.herbertz1925.com\/de\/wp-json\/wp\/v2\/pages\/542"}],"wp:attachment":[{"href":"https:\/\/www.herbertz1925.com\/de\/wp-json\/wp\/v2\/media?parent=981"}],"curies":[{"name":"wp","href":"https:\/\/api.w.org\/{rel}","templated":true}]}}