{"id":988,"date":"2020-03-30T13:40:28","date_gmt":"2020-03-30T13:40:28","guid":{"rendered":"https:\/\/www.herbertz1925.com\/?page_id=988"},"modified":"2026-03-24T16:48:23","modified_gmt":"2026-03-24T15:48:23","slug":"nachschleifservice-fuer-rollscheren","status":"publish","type":"page","link":"https:\/\/www.herbertz1925.com\/de\/rollscheren\/nachschleifservice-fuer-rollscheren\/","title":{"rendered":"Nachschleifservice f\u00fcr Rollscheren"},"content":{"rendered":"\t\t<div data-elementor-type=\"wp-page\" data-elementor-id=\"988\" class=\"elementor elementor-988\" data-elementor-post-type=\"page\">\n\t\t\t\t<div class=\"elementor-element elementor-element-556e842 stretch-width e-flex e-con-boxed e-con e-parent\" data-id=\"556e842\" data-element_type=\"container\" data-e-type=\"container\" data-settings=\"{&quot;background_background&quot;:&quot;classic&quot;}\">\n\t\t\t\t\t<div class=\"e-con-inner\">\n\t\t\t\t<div class=\"elementor-element elementor-element-8b35a4d elementor-widget elementor-widget-heading\" data-id=\"8b35a4d\" data-element_type=\"widget\" data-e-type=\"widget\" data-widget_type=\"heading.default\">\n\t\t\t\t<div class=\"elementor-widget-container\">\n\t\t\t\t\t<h2 class=\"elementor-heading-title elementor-size-default\">Rollscherenmesser<\/h2>\t\t\t\t<\/div>\n\t\t\t\t<\/div>\n\t\t\t\t<div class=\"elementor-element elementor-element-22537c2 elementor-widget elementor-widget-text-editor\" data-id=\"22537c2\" data-element_type=\"widget\" data-e-type=\"widget\" data-widget_type=\"text-editor.default\">\n\t\t\t\t<div class=\"elementor-widget-container\">\n\t\t\t\t\t\t\t\t\t<p>Vielseitige Schneidmesser sorgen f\u00fcr pr\u00e4zises, schnelles Schneiden in der Verpackungs-, Textil-, Papier- und Fertigungsindustrie und liefern saubere Kanten, minimalen Abfall und gesteigerte Produktivit\u00e4t.<\/p>\t\t\t\t\t\t\t\t<\/div>\n\t\t\t\t<\/div>\n\t\t\t\t\t<\/div>\n\t\t\t\t<\/div>\n\t\t\t\t<section class=\"elementor-section elementor-top-section elementor-element elementor-element-28540a4 elementor-section-boxed elementor-section-height-default elementor-section-height-default\" data-id=\"28540a4\" data-element_type=\"section\" data-e-type=\"section\">\n\t\t\t\t\t\t<div class=\"elementor-container elementor-column-gap-default\">\n\t\t\t\t\t<div class=\"elementor-column elementor-col-100 elementor-top-column elementor-element elementor-element-34c6a37\" data-id=\"34c6a37\" data-element_type=\"column\" data-e-type=\"column\">\n\t\t\t<div class=\"elementor-widget-wrap elementor-element-populated\">\n\t\t\t\t\t\t<div class=\"elementor-element elementor-element-6ebeaaf elementor-widget elementor-widget-heading\" data-id=\"6ebeaaf\" data-element_type=\"widget\" data-e-type=\"widget\" data-widget_type=\"heading.default\">\n\t\t\t\t<div class=\"elementor-widget-container\">\n\t\t\t\t\t<h1 class=\"elementor-heading-title elementor-size-default\">Unser Nachschleifservice<br>\nf\u00fcr Rollscheren<\/h1>\t\t\t\t<\/div>\n\t\t\t\t<\/div>\n\t\t\t\t\t<\/div>\n\t\t<\/div>\n\t\t\t\t\t<\/div>\n\t\t<\/section>\n\t\t\t\t<section class=\"elementor-section elementor-top-section elementor-element elementor-element-78410d5 elementor-section-boxed elementor-section-height-default elementor-section-height-default\" data-id=\"78410d5\" data-element_type=\"section\" data-e-type=\"section\">\n\t\t\t\t\t\t<div class=\"elementor-container elementor-column-gap-default\">\n\t\t\t\t\t<div class=\"elementor-column elementor-col-50 elementor-top-column elementor-element elementor-element-958d5e8\" data-id=\"958d5e8\" data-element_type=\"column\" data-e-type=\"column\">\n\t\t\t<div class=\"elementor-widget-wrap elementor-element-populated\">\n\t\t\t\t\t\t<div class=\"elementor-element elementor-element-ee10aae elementor-widget elementor-widget-text-editor\" data-id=\"ee10aae\" data-element_type=\"widget\" data-e-type=\"widget\" data-widget_type=\"text-editor.default\">\n\t\t\t\t<div class=\"elementor-widget-container\">\n\t\t\t\t\t\t\t\t\t<p>Mit unserem Maschinenpark sind wir in der Lage auch gebrauchte Rollscheren f\u00fcr Sie nachzuschleifen, um wieder ein Optimales Schnittergebnis zu erreichen.<\/p><p>In vielen F\u00e4llen ist das Nachschleifen einer Rollschere m\u00f6glich und verringert somit Ihre Kosten.<\/p><p>Aufgrund unserer langj\u00e4hrigen Erfahrung k\u00f6nnen wir die meisten Rollscheren nachschleifen. Sie erhalten dadurch Ihre Rollscheren wieder mit einer qualitativ hochwertigen Schneidkante. Profitieren Sie von unserer Erfahrung im Bereich des Nachschleifens.<\/p><p>Wir schleifen IhreRollscheren nach Ihren Vorgaben. Dabei streben wir immer an die Schneidkante wieder in den perfekten Zustand f\u00fcr Ihre Anwendung zu bringen.<\/p><p>Bei von uns nachgeschliffenen Rollscheren profitieren Sie von einem herausragendem Schnittergebnis bei gleichzeitig hoher Standzeit.<\/p><p>Gerne k\u00f6nnen Sie uns eine Anfrage \u00fcbermitteln.<\/p>\t\t\t\t\t\t\t\t<\/div>\n\t\t\t\t<\/div>\n\t\t\t\t\t<\/div>\n\t\t<\/div>\n\t\t\t\t<div class=\"elementor-column elementor-col-50 elementor-top-column elementor-element elementor-element-57396f2\" data-id=\"57396f2\" data-element_type=\"column\" data-e-type=\"column\">\n\t\t\t<div class=\"elementor-widget-wrap elementor-element-populated\">\n\t\t\t\t\t\t<div class=\"elementor-element elementor-element-9dee6c3 elementor-widget elementor-widget-image\" data-id=\"9dee6c3\" data-element_type=\"widget\" data-e-type=\"widget\" data-widget_type=\"image.default\">\n\t\t\t\t<div class=\"elementor-widget-container\">\n\t\t\t\t\t\t\t\t\t\t\t\t\t\t\t\t<a href=\"https:\/\/www.herbertz1925.com\/wp-content\/uploads\/2020\/04\/Rollscheren-Nachschleifservice-01.jpg\" data-elementor-open-lightbox=\"yes\" data-elementor-lightbox-title=\"Rollscheren-Nachschleifservice-01\" data-e-action-hash=\"#elementor-action%3Aaction%3Dlightbox%26settings%3DeyJpZCI6MTQ3NywidXJsIjoiaHR0cHM6XC9cL3d3dy5oZXJiZXJ0ejE5MjUuY29tXC93cC1jb250ZW50XC91cGxvYWRzXC8yMDIwXC8wNFwvUm9sbHNjaGVyZW4tTmFjaHNjaGxlaWZzZXJ2aWNlLTAxLmpwZyJ9\">\n\t\t\t\t\t\t\t<img fetchpriority=\"high\" decoding=\"async\" width=\"597\" height=\"730\" src=\"https:\/\/www.herbertz1925.com\/wp-content\/uploads\/2020\/04\/Rollscheren-Nachschleifservice-01.jpg\" class=\"attachment-large size-large wp-image-1477\" alt=\"Rollscheren Nachschleifservice\" srcset=\"https:\/\/www.herbertz1925.com\/wp-content\/uploads\/2020\/04\/Rollscheren-Nachschleifservice-01.jpg 597w, https:\/\/www.herbertz1925.com\/wp-content\/uploads\/2020\/04\/Rollscheren-Nachschleifservice-01-245x300.jpg 245w\" sizes=\"(max-width: 597px) 100vw, 597px\" \/>\t\t\t\t\t\t\t\t<\/a>\n\t\t\t\t\t\t\t\t\t\t\t\t\t\t\t<\/div>\n\t\t\t\t<\/div>\n\t\t\t\t\t<\/div>\n\t\t<\/div>\n\t\t\t\t\t<\/div>\n\t\t<\/section>\n\t\t\t\t<\/div>\n\t\t","protected":false},"excerpt":{"rendered":"<p>Rollscherenmesser Vielseitige Schneidmesser sorgen f\u00fcr pr\u00e4zises, schnelles Schneiden in der Verpackungs-, Textil-, Papier- und Fertigungsindustrie und liefern saubere Kanten, minimalen Abfall und gesteigerte Produktivit\u00e4t. Unser Nachschleifservice f\u00fcr Rollscheren Mit unserem Maschinenpark sind wir in der Lage auch gebrauchte Rollscheren f\u00fcr Sie nachzuschleifen, um wieder ein Optimales Schnittergebnis zu erreichen. In vielen F\u00e4llen ist das Nachschleifen [&hellip;]<\/p>\n","protected":false},"author":1,"featured_media":0,"parent":24,"menu_order":30,"comment_status":"closed","ping_status":"closed","template":"","meta":{"footnotes":""},"class_list":["post-988","page","type-page","status-publish","hentry"],"yoast_head":"<!-- This site is optimized with the Yoast SEO plugin v27.3 - https:\/\/yoast.com\/product\/yoast-seo-wordpress\/ -->\n<title>Rollscheren - Nachschleifservice | Herbertz GmbH &amp; Co KG<\/title>\n<meta name=\"description\" content=\"Rollscheren - Nachschleifservice | Der Herbertz Nachschleifservice steht f\u00fcr Qualit\u00e4t und perfekte Schnittergebnisse. Rufen Sie uns an.\" \/>\n<meta name=\"robots\" content=\"index, follow, max-snippet:-1, max-image-preview:large, max-video-preview:-1\" \/>\n<link rel=\"canonical\" href=\"https:\/\/www.herbertz1925.com\/de\/rollscheren\/nachschleifservice-fuer-rollscheren\/\" \/>\n<meta property=\"og:locale\" content=\"de_DE\" \/>\n<meta property=\"og:type\" content=\"article\" \/>\n<meta property=\"og:title\" content=\"Rollscheren - Nachschleifservice | Herbertz GmbH &amp; Co KG\" \/>\n<meta property=\"og:description\" content=\"Rollscheren - Nachschleifservice | Der Herbertz Nachschleifservice steht f\u00fcr Qualit\u00e4t und perfekte Schnittergebnisse. Rufen Sie uns an.\" \/>\n<meta property=\"og:url\" content=\"https:\/\/www.herbertz1925.com\/de\/rollscheren\/nachschleifservice-fuer-rollscheren\/\" \/>\n<meta property=\"og:site_name\" content=\"Herbertz Maschinenmesserfabrik\" \/>\n<meta property=\"article:modified_time\" content=\"2026-03-24T15:48:23+00:00\" \/>\n<meta property=\"og:image\" content=\"https:\/\/www.herbertz1925.com\/wp-content\/uploads\/2020\/04\/Rollscheren-Nachschleifservice-01.jpg\" \/>\n<meta name=\"twitter:card\" content=\"summary_large_image\" \/>\n<meta name=\"twitter:label1\" content=\"Gesch\u00e4tzte Lesezeit\" \/>\n\t<meta name=\"twitter:data1\" content=\"1\u00a0Minute\" \/>\n<script type=\"application\/ld+json\" class=\"yoast-schema-graph\">{\"@context\":\"https:\\\/\\\/schema.org\",\"@graph\":[{\"@type\":\"WebPage\",\"@id\":\"https:\\\/\\\/www.herbertz1925.com\\\/de\\\/rollscheren\\\/nachschleifservice-fuer-rollscheren\\\/\",\"url\":\"https:\\\/\\\/www.herbertz1925.com\\\/de\\\/rollscheren\\\/nachschleifservice-fuer-rollscheren\\\/\",\"name\":\"Rollscheren - Nachschleifservice | Herbertz GmbH & Co KG\",\"isPartOf\":{\"@id\":\"https:\\\/\\\/www.herbertz1925.com\\\/de\\\/#website\"},\"primaryImageOfPage\":{\"@id\":\"https:\\\/\\\/www.herbertz1925.com\\\/de\\\/rollscheren\\\/nachschleifservice-fuer-rollscheren\\\/#primaryimage\"},\"image\":{\"@id\":\"https:\\\/\\\/www.herbertz1925.com\\\/de\\\/rollscheren\\\/nachschleifservice-fuer-rollscheren\\\/#primaryimage\"},\"thumbnailUrl\":\"https:\\\/\\\/www.herbertz1925.com\\\/wp-content\\\/uploads\\\/2020\\\/04\\\/Rollscheren-Nachschleifservice-01.jpg\",\"datePublished\":\"2020-03-30T13:40:28+00:00\",\"dateModified\":\"2026-03-24T15:48:23+00:00\",\"description\":\"Rollscheren - Nachschleifservice | Der Herbertz Nachschleifservice steht f\u00fcr Qualit\u00e4t und perfekte Schnittergebnisse. Rufen Sie uns an.\",\"breadcrumb\":{\"@id\":\"https:\\\/\\\/www.herbertz1925.com\\\/de\\\/rollscheren\\\/nachschleifservice-fuer-rollscheren\\\/#breadcrumb\"},\"inLanguage\":\"de\",\"potentialAction\":[{\"@type\":\"ReadAction\",\"target\":[\"https:\\\/\\\/www.herbertz1925.com\\\/de\\\/rollscheren\\\/nachschleifservice-fuer-rollscheren\\\/\"]}]},{\"@type\":\"ImageObject\",\"inLanguage\":\"de\",\"@id\":\"https:\\\/\\\/www.herbertz1925.com\\\/de\\\/rollscheren\\\/nachschleifservice-fuer-rollscheren\\\/#primaryimage\",\"url\":\"https:\\\/\\\/www.herbertz1925.com\\\/wp-content\\\/uploads\\\/2020\\\/04\\\/Rollscheren-Nachschleifservice-01.jpg\",\"contentUrl\":\"https:\\\/\\\/www.herbertz1925.com\\\/wp-content\\\/uploads\\\/2020\\\/04\\\/Rollscheren-Nachschleifservice-01.jpg\"},{\"@type\":\"BreadcrumbList\",\"@id\":\"https:\\\/\\\/www.herbertz1925.com\\\/de\\\/rollscheren\\\/nachschleifservice-fuer-rollscheren\\\/#breadcrumb\",\"itemListElement\":[{\"@type\":\"ListItem\",\"position\":1,\"name\":\"Home\",\"item\":\"https:\\\/\\\/www.herbertz1925.com\\\/de\\\/\"},{\"@type\":\"ListItem\",\"position\":2,\"name\":\"Rollscheren\",\"item\":\"https:\\\/\\\/www.herbertz1925.com\\\/de\\\/rollscheren\\\/\"},{\"@type\":\"ListItem\",\"position\":3,\"name\":\"Nachschleifservice f\u00fcr Rollscheren\"}]},{\"@type\":\"WebSite\",\"@id\":\"https:\\\/\\\/www.herbertz1925.com\\\/de\\\/#website\",\"url\":\"https:\\\/\\\/www.herbertz1925.com\\\/de\\\/\",\"name\":\"Herbertz Maschinenmesserfabrik\",\"description\":\"Hochwertige Werkzeugst\u00e4hle f\u00fcr hochwertige Maschinenmesser\",\"publisher\":{\"@id\":\"https:\\\/\\\/www.herbertz1925.com\\\/de\\\/#organization\"},\"potentialAction\":[{\"@type\":\"SearchAction\",\"target\":{\"@type\":\"EntryPoint\",\"urlTemplate\":\"https:\\\/\\\/www.herbertz1925.com\\\/de\\\/?s={search_term_string}\"},\"query-input\":{\"@type\":\"PropertyValueSpecification\",\"valueRequired\":true,\"valueName\":\"search_term_string\"}}],\"inLanguage\":\"de\"},{\"@type\":\"Organization\",\"@id\":\"https:\\\/\\\/www.herbertz1925.com\\\/de\\\/#organization\",\"name\":\"Herbertz GmbH & Co. KG\",\"url\":\"https:\\\/\\\/www.herbertz1925.com\\\/de\\\/\",\"logo\":{\"@type\":\"ImageObject\",\"inLanguage\":\"de\",\"@id\":\"https:\\\/\\\/www.herbertz1925.com\\\/de\\\/#\\\/schema\\\/logo\\\/image\\\/\",\"url\":\"https:\\\/\\\/www.herbertz1925.com\\\/wp-content\\\/uploads\\\/2020\\\/03\\\/Logo-Herbertz-2020-1.png\",\"contentUrl\":\"https:\\\/\\\/www.herbertz1925.com\\\/wp-content\\\/uploads\\\/2020\\\/03\\\/Logo-Herbertz-2020-1.png\",\"width\":362,\"height\":196,\"caption\":\"Herbertz GmbH & Co. KG\"},\"image\":{\"@id\":\"https:\\\/\\\/www.herbertz1925.com\\\/de\\\/#\\\/schema\\\/logo\\\/image\\\/\"}}]}<\/script>\n<!-- \/ Yoast SEO plugin. -->","yoast_head_json":{"title":"Rollscheren - Nachschleifservice | Herbertz GmbH & Co KG","description":"Rollscheren - Nachschleifservice | Der Herbertz Nachschleifservice steht f\u00fcr Qualit\u00e4t und perfekte Schnittergebnisse. Rufen Sie uns an.","robots":{"index":"index","follow":"follow","max-snippet":"max-snippet:-1","max-image-preview":"max-image-preview:large","max-video-preview":"max-video-preview:-1"},"canonical":"https:\/\/www.herbertz1925.com\/de\/rollscheren\/nachschleifservice-fuer-rollscheren\/","og_locale":"de_DE","og_type":"article","og_title":"Rollscheren - Nachschleifservice | Herbertz GmbH & Co KG","og_description":"Rollscheren - Nachschleifservice | Der Herbertz Nachschleifservice steht f\u00fcr Qualit\u00e4t und perfekte Schnittergebnisse. Rufen Sie uns an.","og_url":"https:\/\/www.herbertz1925.com\/de\/rollscheren\/nachschleifservice-fuer-rollscheren\/","og_site_name":"Herbertz Maschinenmesserfabrik","article_modified_time":"2026-03-24T15:48:23+00:00","og_image":[{"url":"https:\/\/www.herbertz1925.com\/wp-content\/uploads\/2020\/04\/Rollscheren-Nachschleifservice-01.jpg","type":"","width":"","height":""}],"twitter_card":"summary_large_image","twitter_misc":{"Gesch\u00e4tzte Lesezeit":"1\u00a0Minute"},"schema":{"@context":"https:\/\/schema.org","@graph":[{"@type":"WebPage","@id":"https:\/\/www.herbertz1925.com\/de\/rollscheren\/nachschleifservice-fuer-rollscheren\/","url":"https:\/\/www.herbertz1925.com\/de\/rollscheren\/nachschleifservice-fuer-rollscheren\/","name":"Rollscheren - Nachschleifservice | Herbertz GmbH & Co KG","isPartOf":{"@id":"https:\/\/www.herbertz1925.com\/de\/#website"},"primaryImageOfPage":{"@id":"https:\/\/www.herbertz1925.com\/de\/rollscheren\/nachschleifservice-fuer-rollscheren\/#primaryimage"},"image":{"@id":"https:\/\/www.herbertz1925.com\/de\/rollscheren\/nachschleifservice-fuer-rollscheren\/#primaryimage"},"thumbnailUrl":"https:\/\/www.herbertz1925.com\/wp-content\/uploads\/2020\/04\/Rollscheren-Nachschleifservice-01.jpg","datePublished":"2020-03-30T13:40:28+00:00","dateModified":"2026-03-24T15:48:23+00:00","description":"Rollscheren - Nachschleifservice | Der Herbertz Nachschleifservice steht f\u00fcr Qualit\u00e4t und perfekte Schnittergebnisse. Rufen Sie uns an.","breadcrumb":{"@id":"https:\/\/www.herbertz1925.com\/de\/rollscheren\/nachschleifservice-fuer-rollscheren\/#breadcrumb"},"inLanguage":"de","potentialAction":[{"@type":"ReadAction","target":["https:\/\/www.herbertz1925.com\/de\/rollscheren\/nachschleifservice-fuer-rollscheren\/"]}]},{"@type":"ImageObject","inLanguage":"de","@id":"https:\/\/www.herbertz1925.com\/de\/rollscheren\/nachschleifservice-fuer-rollscheren\/#primaryimage","url":"https:\/\/www.herbertz1925.com\/wp-content\/uploads\/2020\/04\/Rollscheren-Nachschleifservice-01.jpg","contentUrl":"https:\/\/www.herbertz1925.com\/wp-content\/uploads\/2020\/04\/Rollscheren-Nachschleifservice-01.jpg"},{"@type":"BreadcrumbList","@id":"https:\/\/www.herbertz1925.com\/de\/rollscheren\/nachschleifservice-fuer-rollscheren\/#breadcrumb","itemListElement":[{"@type":"ListItem","position":1,"name":"Home","item":"https:\/\/www.herbertz1925.com\/de\/"},{"@type":"ListItem","position":2,"name":"Rollscheren","item":"https:\/\/www.herbertz1925.com\/de\/rollscheren\/"},{"@type":"ListItem","position":3,"name":"Nachschleifservice f\u00fcr Rollscheren"}]},{"@type":"WebSite","@id":"https:\/\/www.herbertz1925.com\/de\/#website","url":"https:\/\/www.herbertz1925.com\/de\/","name":"Herbertz Maschinenmesserfabrik","description":"Hochwertige Werkzeugst\u00e4hle f\u00fcr hochwertige Maschinenmesser","publisher":{"@id":"https:\/\/www.herbertz1925.com\/de\/#organization"},"potentialAction":[{"@type":"SearchAction","target":{"@type":"EntryPoint","urlTemplate":"https:\/\/www.herbertz1925.com\/de\/?s={search_term_string}"},"query-input":{"@type":"PropertyValueSpecification","valueRequired":true,"valueName":"search_term_string"}}],"inLanguage":"de"},{"@type":"Organization","@id":"https:\/\/www.herbertz1925.com\/de\/#organization","name":"Herbertz GmbH & Co. KG","url":"https:\/\/www.herbertz1925.com\/de\/","logo":{"@type":"ImageObject","inLanguage":"de","@id":"https:\/\/www.herbertz1925.com\/de\/#\/schema\/logo\/image\/","url":"https:\/\/www.herbertz1925.com\/wp-content\/uploads\/2020\/03\/Logo-Herbertz-2020-1.png","contentUrl":"https:\/\/www.herbertz1925.com\/wp-content\/uploads\/2020\/03\/Logo-Herbertz-2020-1.png","width":362,"height":196,"caption":"Herbertz GmbH & Co. KG"},"image":{"@id":"https:\/\/www.herbertz1925.com\/de\/#\/schema\/logo\/image\/"}}]}},"_links":{"self":[{"href":"https:\/\/www.herbertz1925.com\/de\/wp-json\/wp\/v2\/pages\/988","targetHints":{"allow":["GET"]}}],"collection":[{"href":"https:\/\/www.herbertz1925.com\/de\/wp-json\/wp\/v2\/pages"}],"about":[{"href":"https:\/\/www.herbertz1925.com\/de\/wp-json\/wp\/v2\/types\/page"}],"author":[{"embeddable":true,"href":"https:\/\/www.herbertz1925.com\/de\/wp-json\/wp\/v2\/users\/1"}],"replies":[{"embeddable":true,"href":"https:\/\/www.herbertz1925.com\/de\/wp-json\/wp\/v2\/comments?post=988"}],"version-history":[{"count":22,"href":"https:\/\/www.herbertz1925.com\/de\/wp-json\/wp\/v2\/pages\/988\/revisions"}],"predecessor-version":[{"id":11765,"href":"https:\/\/www.herbertz1925.com\/de\/wp-json\/wp\/v2\/pages\/988\/revisions\/11765"}],"up":[{"embeddable":true,"href":"https:\/\/www.herbertz1925.com\/de\/wp-json\/wp\/v2\/pages\/24"}],"wp:attachment":[{"href":"https:\/\/www.herbertz1925.com\/de\/wp-json\/wp\/v2\/media?parent=988"}],"curies":[{"name":"wp","href":"https:\/\/api.w.org\/{rel}","templated":true}]}}