{"id":991,"date":"2020-03-30T13:41:58","date_gmt":"2020-03-30T13:41:58","guid":{"rendered":"https:\/\/www.herbertz1925.com\/?page_id=991"},"modified":"2026-03-24T16:48:50","modified_gmt":"2026-03-24T15:48:50","slug":"rollscheren-mit-hochwertigen-beschichtungen","status":"publish","type":"page","link":"https:\/\/www.herbertz1925.com\/de\/rollscheren\/rollscheren-mit-hochwertigen-beschichtungen\/","title":{"rendered":"Rollscheren mit hochwertigen Beschichtungen"},"content":{"rendered":"\t\t<div data-elementor-type=\"wp-page\" data-elementor-id=\"991\" class=\"elementor elementor-991\" data-elementor-post-type=\"page\">\n\t\t\t\t<div class=\"elementor-element elementor-element-3ca4e07 stretch-width e-flex e-con-boxed e-con e-parent\" data-id=\"3ca4e07\" data-element_type=\"container\" data-e-type=\"container\" data-settings=\"{&quot;background_background&quot;:&quot;classic&quot;}\">\n\t\t\t\t\t<div class=\"e-con-inner\">\n\t\t\t\t<div class=\"elementor-element elementor-element-c01455c elementor-widget elementor-widget-heading\" data-id=\"c01455c\" data-element_type=\"widget\" data-e-type=\"widget\" data-widget_type=\"heading.default\">\n\t\t\t\t<div class=\"elementor-widget-container\">\n\t\t\t\t\t<h2 class=\"elementor-heading-title elementor-size-default\">Rollscherenmesser<\/h2>\t\t\t\t<\/div>\n\t\t\t\t<\/div>\n\t\t\t\t<div class=\"elementor-element elementor-element-6feb732 elementor-widget elementor-widget-text-editor\" data-id=\"6feb732\" data-element_type=\"widget\" data-e-type=\"widget\" data-widget_type=\"text-editor.default\">\n\t\t\t\t<div class=\"elementor-widget-container\">\n\t\t\t\t\t\t\t\t\t<p>Vielseitige Schneidmesser sorgen f\u00fcr pr\u00e4zises, schnelles Schneiden in der Verpackungs-, Textil-, Papier- und Fertigungsindustrie und liefern saubere Kanten, minimalen Abfall und gesteigerte Produktivit\u00e4t.<\/p>\t\t\t\t\t\t\t\t<\/div>\n\t\t\t\t<\/div>\n\t\t\t\t\t<\/div>\n\t\t\t\t<\/div>\n\t\t\t\t<section class=\"elementor-section elementor-top-section elementor-element elementor-element-199c352 elementor-section-boxed elementor-section-height-default elementor-section-height-default\" data-id=\"199c352\" data-element_type=\"section\" data-e-type=\"section\">\n\t\t\t\t\t\t<div class=\"elementor-container elementor-column-gap-default\">\n\t\t\t\t\t<div class=\"elementor-column elementor-col-100 elementor-top-column elementor-element elementor-element-24f944c\" data-id=\"24f944c\" data-element_type=\"column\" data-e-type=\"column\">\n\t\t\t<div class=\"elementor-widget-wrap elementor-element-populated\">\n\t\t\t\t\t\t<div class=\"elementor-element elementor-element-d0b5fe8 elementor-widget elementor-widget-text-editor\" data-id=\"d0b5fe8\" data-element_type=\"widget\" data-e-type=\"widget\" data-widget_type=\"text-editor.default\">\n\t\t\t\t<div class=\"elementor-widget-container\">\n\t\t\t\t\t\t\t\t\t<h1>Rollscheren mit hochwertigen Beschichtungen<\/h1><p>Mit der passenden Beschichtung k\u00f6nnen Sie die Standzeit und das Schnittverhalten Ihrer Rollscheren noch weiter optimieren.<\/p><p>Wir die Herbertz GmbH &amp; Co. KG k\u00f6nnen Ihnen ein breites Spektrum an Beschichtungen anbieten. So k\u00f6nnen Sie durch die passende Beschichtung die Oberfl\u00e4che Ihrer Rollscheren verg\u00fcten und somit f\u00fcr positivere Eigenschaften sorgen.<\/p><p>Bitte Sprechen Sie uns an, damit wir die f\u00fcr Sie und Ihren Anwendungsfall passende Beschichtung aussuchen k\u00f6nnen.<\/p><p>Gerne K\u00f6nnen Sie sich auf unserer \u00dcbersicht zu den Angebotenen Informieren.<\/p>\t\t\t\t\t\t\t\t<\/div>\n\t\t\t\t<\/div>\n\t\t\t\t<div class=\"elementor-element elementor-element-e1e27a5 elementor-widget elementor-widget-image\" data-id=\"e1e27a5\" data-element_type=\"widget\" data-e-type=\"widget\" data-widget_type=\"image.default\">\n\t\t\t\t<div class=\"elementor-widget-container\">\n\t\t\t\t\t\t\t\t\t\t\t\t\t\t\t<img fetchpriority=\"high\" decoding=\"async\" width=\"1000\" height=\"382\" src=\"https:\/\/www.herbertz1925.com\/wp-content\/uploads\/2020\/04\/Eigenschaften-PVD-Beschichtungen.jpg\" class=\"attachment-large size-large wp-image-1638\" alt=\"Eigenschaften der PVD-Beschichtungen\" srcset=\"https:\/\/www.herbertz1925.com\/wp-content\/uploads\/2020\/04\/Eigenschaften-PVD-Beschichtungen.jpg 1000w, https:\/\/www.herbertz1925.com\/wp-content\/uploads\/2020\/04\/Eigenschaften-PVD-Beschichtungen-300x115.jpg 300w, https:\/\/www.herbertz1925.com\/wp-content\/uploads\/2020\/04\/Eigenschaften-PVD-Beschichtungen-768x293.jpg 768w, https:\/\/www.herbertz1925.com\/wp-content\/uploads\/2020\/04\/Eigenschaften-PVD-Beschichtungen-600x229.jpg 600w\" sizes=\"(max-width: 1000px) 100vw, 1000px\" \/>\t\t\t\t\t\t\t\t\t\t\t\t\t\t\t<\/div>\n\t\t\t\t<\/div>\n\t\t\t\t\t<\/div>\n\t\t<\/div>\n\t\t\t\t\t<\/div>\n\t\t<\/section>\n\t\t\t\t<\/div>\n\t\t","protected":false},"excerpt":{"rendered":"<p>Rollscherenmesser Vielseitige Schneidmesser sorgen f\u00fcr pr\u00e4zises, schnelles Schneiden in der Verpackungs-, Textil-, Papier- und Fertigungsindustrie und liefern saubere Kanten, minimalen Abfall und gesteigerte Produktivit\u00e4t. Rollscheren mit hochwertigen Beschichtungen Mit der passenden Beschichtung k\u00f6nnen Sie die Standzeit und das Schnittverhalten Ihrer Rollscheren noch weiter optimieren. Wir die Herbertz GmbH &amp; Co. KG k\u00f6nnen Ihnen ein breites [&hellip;]<\/p>\n","protected":false},"author":1,"featured_media":0,"parent":24,"menu_order":50,"comment_status":"closed","ping_status":"closed","template":"","meta":{"footnotes":""},"class_list":["post-991","page","type-page","status-publish","hentry"],"yoast_head":"<!-- This site is optimized with the Yoast SEO plugin v27.3 - https:\/\/yoast.com\/product\/yoast-seo-wordpress\/ -->\n<title>Rollscheren - Beschichtungen | Herbertz GmbH &amp; Co KG<\/title>\n<meta name=\"description\" content=\"Rollscheren - Beschichtungen | Die Herbertz GmbH &amp; Co. KG bietet Ihnen immer die richtige Auswahl an Beschichtungen. Online Angebot anfordern.\" \/>\n<meta name=\"robots\" content=\"index, follow, max-snippet:-1, max-image-preview:large, max-video-preview:-1\" \/>\n<link rel=\"canonical\" href=\"https:\/\/www.herbertz1925.com\/de\/rollscheren\/rollscheren-mit-hochwertigen-beschichtungen\/\" \/>\n<meta property=\"og:locale\" content=\"de_DE\" \/>\n<meta property=\"og:type\" content=\"article\" \/>\n<meta property=\"og:title\" content=\"Rollscheren - Beschichtungen | Herbertz GmbH &amp; Co KG\" \/>\n<meta property=\"og:description\" content=\"Rollscheren - Beschichtungen | Die Herbertz GmbH &amp; Co. KG bietet Ihnen immer die richtige Auswahl an Beschichtungen. Online Angebot anfordern.\" \/>\n<meta property=\"og:url\" content=\"https:\/\/www.herbertz1925.com\/de\/rollscheren\/rollscheren-mit-hochwertigen-beschichtungen\/\" \/>\n<meta property=\"og:site_name\" content=\"Herbertz Maschinenmesserfabrik\" \/>\n<meta property=\"article:modified_time\" content=\"2026-03-24T15:48:50+00:00\" \/>\n<meta property=\"og:image\" content=\"https:\/\/www.herbertz1925.com\/wp-content\/uploads\/2020\/04\/Eigenschaften-PVD-Beschichtungen.jpg\" \/>\n<meta name=\"twitter:card\" content=\"summary_large_image\" \/>\n<meta name=\"twitter:label1\" content=\"Gesch\u00e4tzte Lesezeit\" \/>\n\t<meta name=\"twitter:data1\" content=\"1\u00a0Minute\" \/>\n<script type=\"application\/ld+json\" class=\"yoast-schema-graph\">{\"@context\":\"https:\\\/\\\/schema.org\",\"@graph\":[{\"@type\":\"WebPage\",\"@id\":\"https:\\\/\\\/www.herbertz1925.com\\\/de\\\/rollscheren\\\/rollscheren-mit-hochwertigen-beschichtungen\\\/\",\"url\":\"https:\\\/\\\/www.herbertz1925.com\\\/de\\\/rollscheren\\\/rollscheren-mit-hochwertigen-beschichtungen\\\/\",\"name\":\"Rollscheren - Beschichtungen | Herbertz GmbH & Co KG\",\"isPartOf\":{\"@id\":\"https:\\\/\\\/www.herbertz1925.com\\\/de\\\/#website\"},\"primaryImageOfPage\":{\"@id\":\"https:\\\/\\\/www.herbertz1925.com\\\/de\\\/rollscheren\\\/rollscheren-mit-hochwertigen-beschichtungen\\\/#primaryimage\"},\"image\":{\"@id\":\"https:\\\/\\\/www.herbertz1925.com\\\/de\\\/rollscheren\\\/rollscheren-mit-hochwertigen-beschichtungen\\\/#primaryimage\"},\"thumbnailUrl\":\"https:\\\/\\\/www.herbertz1925.com\\\/wp-content\\\/uploads\\\/2020\\\/04\\\/Eigenschaften-PVD-Beschichtungen.jpg\",\"datePublished\":\"2020-03-30T13:41:58+00:00\",\"dateModified\":\"2026-03-24T15:48:50+00:00\",\"description\":\"Rollscheren - Beschichtungen | Die Herbertz GmbH & Co. KG bietet Ihnen immer die richtige Auswahl an Beschichtungen. Online Angebot anfordern.\",\"breadcrumb\":{\"@id\":\"https:\\\/\\\/www.herbertz1925.com\\\/de\\\/rollscheren\\\/rollscheren-mit-hochwertigen-beschichtungen\\\/#breadcrumb\"},\"inLanguage\":\"de\",\"potentialAction\":[{\"@type\":\"ReadAction\",\"target\":[\"https:\\\/\\\/www.herbertz1925.com\\\/de\\\/rollscheren\\\/rollscheren-mit-hochwertigen-beschichtungen\\\/\"]}]},{\"@type\":\"ImageObject\",\"inLanguage\":\"de\",\"@id\":\"https:\\\/\\\/www.herbertz1925.com\\\/de\\\/rollscheren\\\/rollscheren-mit-hochwertigen-beschichtungen\\\/#primaryimage\",\"url\":\"https:\\\/\\\/www.herbertz1925.com\\\/wp-content\\\/uploads\\\/2020\\\/04\\\/Eigenschaften-PVD-Beschichtungen.jpg\",\"contentUrl\":\"https:\\\/\\\/www.herbertz1925.com\\\/wp-content\\\/uploads\\\/2020\\\/04\\\/Eigenschaften-PVD-Beschichtungen.jpg\"},{\"@type\":\"BreadcrumbList\",\"@id\":\"https:\\\/\\\/www.herbertz1925.com\\\/de\\\/rollscheren\\\/rollscheren-mit-hochwertigen-beschichtungen\\\/#breadcrumb\",\"itemListElement\":[{\"@type\":\"ListItem\",\"position\":1,\"name\":\"Home\",\"item\":\"https:\\\/\\\/www.herbertz1925.com\\\/de\\\/\"},{\"@type\":\"ListItem\",\"position\":2,\"name\":\"Rollscheren\",\"item\":\"https:\\\/\\\/www.herbertz1925.com\\\/de\\\/rollscheren\\\/\"},{\"@type\":\"ListItem\",\"position\":3,\"name\":\"Rollscheren mit hochwertigen Beschichtungen\"}]},{\"@type\":\"WebSite\",\"@id\":\"https:\\\/\\\/www.herbertz1925.com\\\/de\\\/#website\",\"url\":\"https:\\\/\\\/www.herbertz1925.com\\\/de\\\/\",\"name\":\"Herbertz Maschinenmesserfabrik\",\"description\":\"Hochwertige Werkzeugst\u00e4hle f\u00fcr hochwertige Maschinenmesser\",\"publisher\":{\"@id\":\"https:\\\/\\\/www.herbertz1925.com\\\/de\\\/#organization\"},\"potentialAction\":[{\"@type\":\"SearchAction\",\"target\":{\"@type\":\"EntryPoint\",\"urlTemplate\":\"https:\\\/\\\/www.herbertz1925.com\\\/de\\\/?s={search_term_string}\"},\"query-input\":{\"@type\":\"PropertyValueSpecification\",\"valueRequired\":true,\"valueName\":\"search_term_string\"}}],\"inLanguage\":\"de\"},{\"@type\":\"Organization\",\"@id\":\"https:\\\/\\\/www.herbertz1925.com\\\/de\\\/#organization\",\"name\":\"Herbertz GmbH & Co. KG\",\"url\":\"https:\\\/\\\/www.herbertz1925.com\\\/de\\\/\",\"logo\":{\"@type\":\"ImageObject\",\"inLanguage\":\"de\",\"@id\":\"https:\\\/\\\/www.herbertz1925.com\\\/de\\\/#\\\/schema\\\/logo\\\/image\\\/\",\"url\":\"https:\\\/\\\/www.herbertz1925.com\\\/wp-content\\\/uploads\\\/2020\\\/03\\\/Logo-Herbertz-2020-1.png\",\"contentUrl\":\"https:\\\/\\\/www.herbertz1925.com\\\/wp-content\\\/uploads\\\/2020\\\/03\\\/Logo-Herbertz-2020-1.png\",\"width\":362,\"height\":196,\"caption\":\"Herbertz GmbH & Co. KG\"},\"image\":{\"@id\":\"https:\\\/\\\/www.herbertz1925.com\\\/de\\\/#\\\/schema\\\/logo\\\/image\\\/\"}}]}<\/script>\n<!-- \/ Yoast SEO plugin. -->","yoast_head_json":{"title":"Rollscheren - Beschichtungen | Herbertz GmbH & Co KG","description":"Rollscheren - Beschichtungen | Die Herbertz GmbH & Co. KG bietet Ihnen immer die richtige Auswahl an Beschichtungen. Online Angebot anfordern.","robots":{"index":"index","follow":"follow","max-snippet":"max-snippet:-1","max-image-preview":"max-image-preview:large","max-video-preview":"max-video-preview:-1"},"canonical":"https:\/\/www.herbertz1925.com\/de\/rollscheren\/rollscheren-mit-hochwertigen-beschichtungen\/","og_locale":"de_DE","og_type":"article","og_title":"Rollscheren - Beschichtungen | Herbertz GmbH & Co KG","og_description":"Rollscheren - Beschichtungen | Die Herbertz GmbH & Co. KG bietet Ihnen immer die richtige Auswahl an Beschichtungen. Online Angebot anfordern.","og_url":"https:\/\/www.herbertz1925.com\/de\/rollscheren\/rollscheren-mit-hochwertigen-beschichtungen\/","og_site_name":"Herbertz Maschinenmesserfabrik","article_modified_time":"2026-03-24T15:48:50+00:00","og_image":[{"url":"https:\/\/www.herbertz1925.com\/wp-content\/uploads\/2020\/04\/Eigenschaften-PVD-Beschichtungen.jpg","type":"","width":"","height":""}],"twitter_card":"summary_large_image","twitter_misc":{"Gesch\u00e4tzte Lesezeit":"1\u00a0Minute"},"schema":{"@context":"https:\/\/schema.org","@graph":[{"@type":"WebPage","@id":"https:\/\/www.herbertz1925.com\/de\/rollscheren\/rollscheren-mit-hochwertigen-beschichtungen\/","url":"https:\/\/www.herbertz1925.com\/de\/rollscheren\/rollscheren-mit-hochwertigen-beschichtungen\/","name":"Rollscheren - Beschichtungen | Herbertz GmbH & Co KG","isPartOf":{"@id":"https:\/\/www.herbertz1925.com\/de\/#website"},"primaryImageOfPage":{"@id":"https:\/\/www.herbertz1925.com\/de\/rollscheren\/rollscheren-mit-hochwertigen-beschichtungen\/#primaryimage"},"image":{"@id":"https:\/\/www.herbertz1925.com\/de\/rollscheren\/rollscheren-mit-hochwertigen-beschichtungen\/#primaryimage"},"thumbnailUrl":"https:\/\/www.herbertz1925.com\/wp-content\/uploads\/2020\/04\/Eigenschaften-PVD-Beschichtungen.jpg","datePublished":"2020-03-30T13:41:58+00:00","dateModified":"2026-03-24T15:48:50+00:00","description":"Rollscheren - Beschichtungen | Die Herbertz GmbH & Co. KG bietet Ihnen immer die richtige Auswahl an Beschichtungen. Online Angebot anfordern.","breadcrumb":{"@id":"https:\/\/www.herbertz1925.com\/de\/rollscheren\/rollscheren-mit-hochwertigen-beschichtungen\/#breadcrumb"},"inLanguage":"de","potentialAction":[{"@type":"ReadAction","target":["https:\/\/www.herbertz1925.com\/de\/rollscheren\/rollscheren-mit-hochwertigen-beschichtungen\/"]}]},{"@type":"ImageObject","inLanguage":"de","@id":"https:\/\/www.herbertz1925.com\/de\/rollscheren\/rollscheren-mit-hochwertigen-beschichtungen\/#primaryimage","url":"https:\/\/www.herbertz1925.com\/wp-content\/uploads\/2020\/04\/Eigenschaften-PVD-Beschichtungen.jpg","contentUrl":"https:\/\/www.herbertz1925.com\/wp-content\/uploads\/2020\/04\/Eigenschaften-PVD-Beschichtungen.jpg"},{"@type":"BreadcrumbList","@id":"https:\/\/www.herbertz1925.com\/de\/rollscheren\/rollscheren-mit-hochwertigen-beschichtungen\/#breadcrumb","itemListElement":[{"@type":"ListItem","position":1,"name":"Home","item":"https:\/\/www.herbertz1925.com\/de\/"},{"@type":"ListItem","position":2,"name":"Rollscheren","item":"https:\/\/www.herbertz1925.com\/de\/rollscheren\/"},{"@type":"ListItem","position":3,"name":"Rollscheren mit hochwertigen Beschichtungen"}]},{"@type":"WebSite","@id":"https:\/\/www.herbertz1925.com\/de\/#website","url":"https:\/\/www.herbertz1925.com\/de\/","name":"Herbertz Maschinenmesserfabrik","description":"Hochwertige Werkzeugst\u00e4hle f\u00fcr hochwertige Maschinenmesser","publisher":{"@id":"https:\/\/www.herbertz1925.com\/de\/#organization"},"potentialAction":[{"@type":"SearchAction","target":{"@type":"EntryPoint","urlTemplate":"https:\/\/www.herbertz1925.com\/de\/?s={search_term_string}"},"query-input":{"@type":"PropertyValueSpecification","valueRequired":true,"valueName":"search_term_string"}}],"inLanguage":"de"},{"@type":"Organization","@id":"https:\/\/www.herbertz1925.com\/de\/#organization","name":"Herbertz GmbH & Co. KG","url":"https:\/\/www.herbertz1925.com\/de\/","logo":{"@type":"ImageObject","inLanguage":"de","@id":"https:\/\/www.herbertz1925.com\/de\/#\/schema\/logo\/image\/","url":"https:\/\/www.herbertz1925.com\/wp-content\/uploads\/2020\/03\/Logo-Herbertz-2020-1.png","contentUrl":"https:\/\/www.herbertz1925.com\/wp-content\/uploads\/2020\/03\/Logo-Herbertz-2020-1.png","width":362,"height":196,"caption":"Herbertz GmbH & Co. KG"},"image":{"@id":"https:\/\/www.herbertz1925.com\/de\/#\/schema\/logo\/image\/"}}]}},"_links":{"self":[{"href":"https:\/\/www.herbertz1925.com\/de\/wp-json\/wp\/v2\/pages\/991","targetHints":{"allow":["GET"]}}],"collection":[{"href":"https:\/\/www.herbertz1925.com\/de\/wp-json\/wp\/v2\/pages"}],"about":[{"href":"https:\/\/www.herbertz1925.com\/de\/wp-json\/wp\/v2\/types\/page"}],"author":[{"embeddable":true,"href":"https:\/\/www.herbertz1925.com\/de\/wp-json\/wp\/v2\/users\/1"}],"replies":[{"embeddable":true,"href":"https:\/\/www.herbertz1925.com\/de\/wp-json\/wp\/v2\/comments?post=991"}],"version-history":[{"count":17,"href":"https:\/\/www.herbertz1925.com\/de\/wp-json\/wp\/v2\/pages\/991\/revisions"}],"predecessor-version":[{"id":11771,"href":"https:\/\/www.herbertz1925.com\/de\/wp-json\/wp\/v2\/pages\/991\/revisions\/11771"}],"up":[{"embeddable":true,"href":"https:\/\/www.herbertz1925.com\/de\/wp-json\/wp\/v2\/pages\/24"}],"wp:attachment":[{"href":"https:\/\/www.herbertz1925.com\/de\/wp-json\/wp\/v2\/media?parent=991"}],"curies":[{"name":"wp","href":"https:\/\/api.w.org\/{rel}","templated":true}]}}